{"id":34959,"date":"2025-09-20T13:26:35","date_gmt":"2025-09-20T13:26:35","guid":{"rendered":"https:\/\/www.momengames.com\/index.php\/product\/souris-de-jeu-sans-fil-ultra-legere-razer-viper-ultimate-et-station-de-charge-rvb-technologie-sans-fil-hyperspeed-rose-quartz-reconditionnee\/"},"modified":"2025-09-20T13:26:35","modified_gmt":"2025-09-20T13:26:35","slug":"souris-de-jeu-sans-fil-ultra-legere-razer-viper-ultimate-et-station-de-charge-rvb-technologie-sans-fil-hyperspeed-rose-quartz-reconditionnee","status":"publish","type":"product","link":"https:\/\/www.momengames.com\/index.php\/product\/souris-de-jeu-sans-fil-ultra-legere-razer-viper-ultimate-et-station-de-charge-rvb-technologie-sans-fil-hyperspeed-rose-quartz-reconditionnee\/?lang=fr","title":{"rendered":"Souris de jeu sans fil ultra-l\u00e9g\u00e8re Razer Viper Ultimate et station de charge RVB\u00a0: technologie sans fil HyperSpeed\u00a0\u2013 Rose quartz (reconditionn\u00e9e)"},"content":{"rendered":"<p>TECHNOLOGIE SANS FIL RAZER HYPERSPEED \u2014 Allie latence extr\u00eamement faible et r\u00e9duction des interf\u00e9rences pour une v\u00e9ritable libert\u00e9 sans fil.<br \/>\nLA SOURIS DE JEU ESPORT SANS FIL LA PLUS L\u00c9G\u00c8RE ET SANS COMPROMIS (74 G) \u2014 La Razer Viper Ultimate est \u00e9quip\u00e9e d&#8217;un capteur optique 20\u00a0000 DPI, id\u00e9al pour les joueurs les plus exigeants, sans per\u00e7age.<br \/>\nINTERRUPTEURS DE SOURIS OPTIQUES \u2014 Les interrupteurs de souris optiques Razer utilisent un faisceau lumineux pour enregistrer les pressions de bouton \u00e0 la vitesse de la lumi\u00e8re.<br \/>\nCONCEPTION AMBIDEXTRE \u2014 Con\u00e7ue pour les gauchers et les droitiers, avec des boutons accessibles et programmables des deux c\u00f4t\u00e9s.<br \/>\nJUSQU&#8217;\u00c0 70 HEURES D&#8217;AUTONOMIE DE LA BATTERIE \u2014 Pour des parties sans interruption.<\/p>\n","protected":false},"excerpt":{"rendered":"<p>TECHNOLOGIE SANS FIL RAZER HYPERSPEED \u2014 Allie latence extr\u00eamement faible et r\u00e9duction des interf\u00e9rences pour une v\u00e9ritable libert\u00e9 sans fil.<br \/>\nLA SOURIS DE JEU ESPORT SANS FIL LA PLUS L\u00c9G\u00c8RE ET SANS COMPROMIS (74 G) \u2014 La Razer Viper Ultimate est \u00e9quip\u00e9e d&#8217;un capteur optique 20\u00a0000 DPI, id\u00e9al pour les joueurs les plus exigeants, sans per\u00e7age.<br \/>\nINTERRUPTEURS DE SOURIS OPTIQUES \u2014 Les interrupteurs de souris optiques Razer utilisent un faisceau lumineux pour enregistrer les pressions de bouton \u00e0 la vitesse de la lumi\u00e8re.<br \/>\nCONCEPTION AMBIDEXTRE \u2014 Con\u00e7ue pour les gauchers et les droitiers, avec des boutons accessibles et programmables des deux c\u00f4t\u00e9s.<br \/>\nJUSQU&#8217;\u00c0 70 HEURES D&#8217;AUTONOMIE DE LA BATTERIE \u2014 Pour des parties sans interruption.<\/p>\n","protected":false},"featured_media":34826,"comment_status":"open","ping_status":"closed","template":"","meta":{"iawp_total_views":65},"product_brand":[],"product_cat":[40],"product_tag":[],"class_list":{"0":"post-34959","1":"product","2":"type-product","3":"status-publish","4":"has-post-thumbnail","6":"product_cat-pc-gamepads-standard-controllers-fr","8":"first","9":"instock","10":"sale","11":"taxable","12":"shipping-taxable","13":"purchasable","14":"product-type-simple"},"jetpack_sharing_enabled":true,"_links":{"self":[{"href":"https:\/\/www.momengames.com\/index.php\/wp-json\/wp\/v2\/product\/34959","targetHints":{"allow":["GET"]}}],"collection":[{"href":"https:\/\/www.momengames.com\/index.php\/wp-json\/wp\/v2\/product"}],"about":[{"href":"https:\/\/www.momengames.com\/index.php\/wp-json\/wp\/v2\/types\/product"}],"replies":[{"embeddable":true,"href":"https:\/\/www.momengames.com\/index.php\/wp-json\/wp\/v2\/comments?post=34959"}],"wp:featuredmedia":[{"embeddable":true,"href":"https:\/\/www.momengames.com\/index.php\/wp-json\/wp\/v2\/media\/34826"}],"wp:attachment":[{"href":"https:\/\/www.momengames.com\/index.php\/wp-json\/wp\/v2\/media?parent=34959"}],"wp:term":[{"taxonomy":"product_brand","embeddable":true,"href":"https:\/\/www.momengames.com\/index.php\/wp-json\/wp\/v2\/product_brand?post=34959"},{"taxonomy":"product_cat","embeddable":true,"href":"https:\/\/www.momengames.com\/index.php\/wp-json\/wp\/v2\/product_cat?post=34959"},{"taxonomy":"product_tag","embeddable":true,"href":"https:\/\/www.momengames.com\/index.php\/wp-json\/wp\/v2\/product_tag?post=34959"}],"curies":[{"name":"wp","href":"https:\/\/api.w.org\/{rel}","templated":true}]}}