{"id":34957,"date":"2025-09-20T13:07:21","date_gmt":"2025-09-20T13:07:21","guid":{"rendered":"https:\/\/www.momengames.com\/index.php\/product\/casque-de-jeu-et-mobile-sans-fil-razer-barracuda-x-pc-playstation-switch-2-android-ios-24-ghz-sans-fil-bluetooth-leger-transducteurs-de-40-mm-micro-amovi\/"},"modified":"2025-09-20T13:07:21","modified_gmt":"2025-09-20T13:07:21","slug":"casque-de-jeu-et-mobile-sans-fil-razer-barracuda-x-pc-playstation-switch-2-android-ios-24-ghz-sans-fil-bluetooth-leger-transducteurs-de-40-mm-micro-amovi","status":"publish","type":"product","link":"https:\/\/www.momengames.com\/index.php\/product\/casque-de-jeu-et-mobile-sans-fil-razer-barracuda-x-pc-playstation-switch-2-android-ios-24-ghz-sans-fil-bluetooth-leger-transducteurs-de-40-mm-micro-amovi\/?lang=fr","title":{"rendered":"Casque de jeu et mobile sans fil Razer Barracuda X (PC, PlayStation, Switch 2, Android, iOS)\u00a0: 2,4\u00a0GHz sans fil + Bluetooth\u00a0&#8211; L\u00e9ger\u00a0&#8211; Transducteurs de 40\u00a0mm\u00a0&#8211; Micro amovible\u00a0&#8211; Autonomie de 50\u00a0h\u00a0&#8211; Noir"},"content":{"rendered":"<p>50 HEURES D&#8217;AUTONOMIE AVEC CHARGEMENT TYPE-C \u2014 Avec suffisamment d&#8217;autonomie pour une journ\u00e9e compl\u00e8te de jeu et de trajets, le Razer Barracuda X est con\u00e7u pour une endurance \u00e0 la hauteur de sa polyvalence.<\/p>\n<p>MARQUE DE P\u00c9RIPH\u00c9RIQUES DE JEU PC N\u00b0 1 AUX \u00c9TATS-UNIS \u2014 Source \u2014 Circana, Retail Tracking Service, ventes en dollars aux \u00c9tats-Unis, souris, claviers et casques PC con\u00e7us pour le jeu, janvier 2019 \u00e0 d\u00e9cembre 2023.<\/p>\n<p>TRANSPARENTS TRIFORCE 40 MM \u2014 Leur conception brevet\u00e9e en 3 parties produit des aigus, des m\u00e9diums et des graves exceptionnels pour une immersion de jeu plus profonde et une exp\u00e9rience d&#8217;\u00e9coute plus dynamique.<br \/>\nMICRO CARDIO\u00cfDE HYPERCLEAR AMOVIBLE \u2014 Con\u00e7u pour supprimer les bruits de fond et am\u00e9liorer la capture vocale pendant le jeu, il est \u00e9galement facilement amovible pour une utilisation mobile plus pratique.<br \/>\nCOMMANDES SUR LE CASQUE \u2014 Contr\u00f4lez facilement votre musique, vos vid\u00e9os et vos appels gr\u00e2ce aux boutons facilement accessibles situ\u00e9s sous les \u00e9couteurs.<br \/>\nSMARTSWITCH DUAL WIRELESS \u2014 Basculez instantan\u00e9ment entre le mode haut d\u00e9bit 2,4 GHz et le Bluetooth sur le casque pour un son fluide lorsque vous passez du PC\/console au t\u00e9l\u00e9phone.<br \/>\nCONCEPTION ERGONOMIQUE 250G \u2014 Con\u00e7u pour les marathons de jeu, mais suffisamment confortable et portable pour les trajets quotidiens, sa conception l\u00e9g\u00e8re est compl\u00e9t\u00e9e par des coussinets d&#8217;oreille en mousse \u00e0 m\u00e9moire de forme respirante et des \u00e9couteurs pivotants.<\/p>\n","protected":false},"excerpt":{"rendered":"<p>50 HEURES D&#8217;AUTONOMIE AVEC CHARGEMENT TYPE-C \u2014 Avec suffisamment d&#8217;autonomie pour une journ\u00e9e compl\u00e8te de jeu et de trajets, le Razer Barracuda X est con\u00e7u pour une endurance \u00e0 la hauteur de sa polyvalence.<\/p>\n<p>MARQUE DE P\u00c9RIPH\u00c9RIQUES DE JEU PC N\u00b0 1 AUX \u00c9TATS-UNIS \u2014 Source \u2014 Circana, Retail Tracking Service, ventes en dollars aux \u00c9tats-Unis, souris, claviers et casques PC con\u00e7us pour le jeu, janvier 2019 \u00e0 d\u00e9cembre 2023.<\/p>\n<p>TRANSPARENTS TRIFORCE 40 MM \u2014 Leur conception brevet\u00e9e en 3 parties produit des aigus, des m\u00e9diums et des graves exceptionnels pour une immersion de jeu plus profonde et une exp\u00e9rience d&#8217;\u00e9coute plus dynamique.<br \/>\nMICRO CARDIO\u00cfDE HYPERCLEAR AMOVIBLE \u2014 Con\u00e7u pour supprimer les bruits de fond et am\u00e9liorer la capture vocale pendant le jeu, il est \u00e9galement facilement amovible pour une utilisation mobile plus pratique.<br \/>\nCOMMANDES SUR LE CASQUE \u2014 Contr\u00f4lez facilement votre musique, vos vid\u00e9os et vos appels gr\u00e2ce aux boutons facilement accessibles situ\u00e9s sous les \u00e9couteurs.<br \/>\nSMARTSWITCH DUAL WIRELESS \u2014 Basculez instantan\u00e9ment entre le mode haut d\u00e9bit 2,4 GHz et le Bluetooth sur le casque pour un son fluide lorsque vous passez du PC\/console au t\u00e9l\u00e9phone.<br \/>\nCONCEPTION ERGONOMIQUE 250G \u2014 Con\u00e7u pour les marathons de jeu, mais suffisamment confortable et portable pour les trajets quotidiens, sa conception l\u00e9g\u00e8re est compl\u00e9t\u00e9e par des coussinets d&#8217;oreille en mousse \u00e0 m\u00e9moire de forme respirante et des \u00e9couteurs pivotants.<\/p>\n","protected":false},"featured_media":34815,"comment_status":"open","ping_status":"closed","template":"","meta":{"iawp_total_views":20},"product_brand":[],"product_cat":[39],"product_tag":[],"class_list":{"0":"post-34957","1":"product","2":"type-product","3":"status-publish","4":"has-post-thumbnail","6":"product_cat-electronics-accessories-fr","8":"first","9":"instock","10":"sale","11":"taxable","12":"shipping-taxable","13":"purchasable","14":"product-type-simple"},"jetpack_sharing_enabled":true,"_links":{"self":[{"href":"https:\/\/www.momengames.com\/index.php\/wp-json\/wp\/v2\/product\/34957","targetHints":{"allow":["GET"]}}],"collection":[{"href":"https:\/\/www.momengames.com\/index.php\/wp-json\/wp\/v2\/product"}],"about":[{"href":"https:\/\/www.momengames.com\/index.php\/wp-json\/wp\/v2\/types\/product"}],"replies":[{"embeddable":true,"href":"https:\/\/www.momengames.com\/index.php\/wp-json\/wp\/v2\/comments?post=34957"}],"wp:featuredmedia":[{"embeddable":true,"href":"https:\/\/www.momengames.com\/index.php\/wp-json\/wp\/v2\/media\/34815"}],"wp:attachment":[{"href":"https:\/\/www.momengames.com\/index.php\/wp-json\/wp\/v2\/media?parent=34957"}],"wp:term":[{"taxonomy":"product_brand","embeddable":true,"href":"https:\/\/www.momengames.com\/index.php\/wp-json\/wp\/v2\/product_brand?post=34957"},{"taxonomy":"product_cat","embeddable":true,"href":"https:\/\/www.momengames.com\/index.php\/wp-json\/wp\/v2\/product_cat?post=34957"},{"taxonomy":"product_tag","embeddable":true,"href":"https:\/\/www.momengames.com\/index.php\/wp-json\/wp\/v2\/product_tag?post=34957"}],"curies":[{"name":"wp","href":"https:\/\/api.w.org\/{rel}","templated":true}]}}