{"id":34956,"date":"2025-09-17T16:10:53","date_gmt":"2025-09-17T16:10:53","guid":{"rendered":"https:\/\/www.momengames.com\/index.php\/product\/clavier-de-jeu-sans-fil-razer-blackwidow-v4-pro-75-ecran-oled-veritable-technologie-sans-fil-4k-hz-bluetooth-echangeable-a-chaud-commutateurs-tactiles-orange-molette-de-commande-sna\/"},"modified":"2025-09-17T16:10:53","modified_gmt":"2025-09-17T16:10:53","slug":"clavier-de-jeu-sans-fil-razer-blackwidow-v4-pro-75-ecran-oled-veritable-technologie-sans-fil-4k-hz-bluetooth-echangeable-a-chaud-commutateurs-tactiles-orange-molette-de-commande-sna","status":"publish","type":"product","link":"https:\/\/www.momengames.com\/index.php\/product\/clavier-de-jeu-sans-fil-razer-blackwidow-v4-pro-75-ecran-oled-veritable-technologie-sans-fil-4k-hz-bluetooth-echangeable-a-chaud-commutateurs-tactiles-orange-molette-de-commande-sna\/?lang=fr","title":{"rendered":"Clavier de jeu sans fil Razer BlackWidow V4 Pro 75 %\u00a0: \u00e9cran OLED, v\u00e9ritable technologie sans fil 4K\u00a0Hz, Bluetooth, \u00e9changeable \u00e0 chaud, commutateurs tactiles orange, molette de commande, Snap Tap, Chroma RGB, repose-poignet"},"content":{"rendered":"<p>VRAI SANS FIL 4K Hz ET BLUETOOTH 5.1 \u2014 B\u00e9n\u00e9ficiez d&#8217;une r\u00e9activit\u00e9 de jeu sup\u00e9rieure gr\u00e2ce aux technologies Razer HyperSpeed \u200b\u200bet Razer HyperPolling, et d&#8217;un contr\u00f4le \u00e9tendu en connectant et en alternant entre 3 appareils Bluetooth.<br \/>\nCONCEPTION REMPLA\u00c7ABLE \u00c0 CHAUD \u2014 Compatible avec les switchs \u00e0 3 ou 5 broches, le circuit imprim\u00e9 int\u00e9gr\u00e9 du clavier permet de remplacer facilement les switchs pr\u00e9charg\u00e9s par des switchs personnalis\u00e9s pour obtenir la sensation de frappe souhait\u00e9e.<br \/>\n\u00c9CRAN OLED AVEC MOLETTE DE COMMANDE \u2014 Consultez les statistiques du syst\u00e8me en un coup d&#8217;\u0153il, affichez des GIF personnalis\u00e9s \u00e0 l&#8217;\u00e9cran et profitez d&#8217;un contr\u00f4le \u00e9tendu avec jusqu&#8217;\u00e0 100 modes personnalisables gr\u00e2ce \u00e0 la molette de commande Razer.<br \/>\nEXP\u00c9RIENCE DE FRAPPE OPTIMIS\u00c9E \u2014 Gr\u00e2ce \u00e0 une plaque FR4 mont\u00e9e sur joint, un circuit imprim\u00e9 renforc\u00e9 par bande adh\u00e9sive, des stabilisateurs viss\u00e9s lubrifi\u00e9s et deux couches de mousse insonorisante, profitez d&#8217;une frappe nette et agr\u00e9able, avec un minimum de cliquetis et de vibrations.<br \/>\n\u00c9CLAIRAGE SOUS LES 2 C\u00d4T\u00c9S AVEC \u00c9CLAIRAGE PAR TOUCHE \u2014 Dot\u00e9 d&#8217;un \u00e9clairage par touche et d&#8217;un \u00e9clairage sous les 2 c\u00f4t\u00e9s saisissant, synchronisez le clavier avec votre station de combat et profitez d&#8217;une plus grande immersion pour des centaines de jeux int\u00e9gr\u00e9s.<\/p>\n","protected":false},"excerpt":{"rendered":"<p>VRAI SANS FIL 4K Hz ET BLUETOOTH 5.1 \u2014 B\u00e9n\u00e9ficiez d&#8217;une r\u00e9activit\u00e9 de jeu sup\u00e9rieure gr\u00e2ce aux technologies Razer HyperSpeed \u200b\u200bet Razer HyperPolling, et d&#8217;un contr\u00f4le \u00e9tendu en connectant et en alternant entre 3 appareils Bluetooth.<br \/>\nCONCEPTION REMPLA\u00c7ABLE \u00c0 CHAUD \u2014 Compatible avec les switchs \u00e0 3 ou 5 broches, le circuit imprim\u00e9 int\u00e9gr\u00e9 du clavier permet de remplacer facilement les switchs pr\u00e9charg\u00e9s par des switchs personnalis\u00e9s pour obtenir la sensation de frappe souhait\u00e9e.<br \/>\n\u00c9CRAN OLED AVEC MOLETTE DE COMMANDE \u2014 Consultez les statistiques du syst\u00e8me en un coup d&#8217;\u0153il, affichez des GIF personnalis\u00e9s \u00e0 l&#8217;\u00e9cran et profitez d&#8217;un contr\u00f4le \u00e9tendu avec jusqu&#8217;\u00e0 100 modes personnalisables gr\u00e2ce \u00e0 la molette de commande Razer.<br \/>\nEXP\u00c9RIENCE DE FRAPPE OPTIMIS\u00c9E \u2014 Gr\u00e2ce \u00e0 une plaque FR4 mont\u00e9e sur joint, un circuit imprim\u00e9 renforc\u00e9 par bande adh\u00e9sive, des stabilisateurs viss\u00e9s lubrifi\u00e9s et deux couches de mousse insonorisante, profitez d&#8217;une frappe nette et agr\u00e9able, avec un minimum de cliquetis et de vibrations.<br \/>\n\u00c9CLAIRAGE SOUS LES 2 C\u00d4T\u00c9S AVEC \u00c9CLAIRAGE PAR TOUCHE \u2014 Dot\u00e9 d&#8217;un \u00e9clairage par touche et d&#8217;un \u00e9clairage sous les 2 c\u00f4t\u00e9s saisissant, synchronisez le clavier avec votre station de combat et profitez d&#8217;une plus grande immersion pour des centaines de jeux int\u00e9gr\u00e9s.<\/p>\n","protected":false},"featured_media":34778,"comment_status":"open","ping_status":"closed","template":"","meta":{"iawp_total_views":6},"product_brand":[],"product_cat":[40],"product_tag":[],"class_list":{"0":"post-34956","1":"product","2":"type-product","3":"status-publish","4":"has-post-thumbnail","6":"product_cat-pc-gamepads-standard-controllers-fr","8":"first","9":"instock","10":"sale","11":"taxable","12":"shipping-taxable","13":"purchasable","14":"product-type-simple"},"jetpack_sharing_enabled":true,"_links":{"self":[{"href":"https:\/\/www.momengames.com\/index.php\/wp-json\/wp\/v2\/product\/34956","targetHints":{"allow":["GET"]}}],"collection":[{"href":"https:\/\/www.momengames.com\/index.php\/wp-json\/wp\/v2\/product"}],"about":[{"href":"https:\/\/www.momengames.com\/index.php\/wp-json\/wp\/v2\/types\/product"}],"replies":[{"embeddable":true,"href":"https:\/\/www.momengames.com\/index.php\/wp-json\/wp\/v2\/comments?post=34956"}],"wp:featuredmedia":[{"embeddable":true,"href":"https:\/\/www.momengames.com\/index.php\/wp-json\/wp\/v2\/media\/34778"}],"wp:attachment":[{"href":"https:\/\/www.momengames.com\/index.php\/wp-json\/wp\/v2\/media?parent=34956"}],"wp:term":[{"taxonomy":"product_brand","embeddable":true,"href":"https:\/\/www.momengames.com\/index.php\/wp-json\/wp\/v2\/product_brand?post=34956"},{"taxonomy":"product_cat","embeddable":true,"href":"https:\/\/www.momengames.com\/index.php\/wp-json\/wp\/v2\/product_cat?post=34956"},{"taxonomy":"product_tag","embeddable":true,"href":"https:\/\/www.momengames.com\/index.php\/wp-json\/wp\/v2\/product_tag?post=34956"}],"curies":[{"name":"wp","href":"https:\/\/api.w.org\/{rel}","templated":true}]}}