{"id":34955,"date":"2025-09-17T16:10:40","date_gmt":"2025-09-17T16:10:40","guid":{"rendered":"https:\/\/www.momengames.com\/index.php\/product\/clavier-de-jeu-mecanique-filaire-razer-blackwidow-v4-pro-commutateurs-orange-tactiles-et-silencieux-touches-abs-double-injection-molette-de-commande-chroma-rgb-repos\/"},"modified":"2025-09-17T16:10:40","modified_gmt":"2025-09-17T16:10:40","slug":"clavier-de-jeu-mecanique-filaire-razer-blackwidow-v4-pro-commutateurs-orange-tactiles-et-silencieux-touches-abs-double-injection-molette-de-commande-chroma-rgb-repos","status":"publish","type":"product","link":"https:\/\/www.momengames.com\/index.php\/product\/clavier-de-jeu-mecanique-filaire-razer-blackwidow-v4-pro-commutateurs-orange-tactiles-et-silencieux-touches-abs-double-injection-molette-de-commande-chroma-rgb-repos\/?lang=fr","title":{"rendered":"Clavier de jeu m\u00e9canique filaire Razer BlackWidow V4 Pro\u00a0: commutateurs orange tactiles et silencieux\u00a0; touches ABS double injection\u00a0; molette de commande\u00a0; Chroma RGB\u00a0; repose-poignet magn\u00e9tique\u00a0; pression instantan\u00e9e"},"content":{"rendered":"<p>SWITCHES TACTILES M\u00c9CANIQUES ORANGE \u2014 Un actionnement plus silencieux et une sensation tactile agr\u00e9able \u00e0 chaque frappe, ce qui en fait le choix id\u00e9al pour ceux qui recherchent une tactilit\u00e9 sans clics.<br \/>\n\u00c9CLAIRAGE IMMERSIF PAR TOUCHE ET SOUS-LUMI\u00c8RE \u2014 Gr\u00e2ce \u00e0 l&#8217;\u00e9clairage par touche et \u00e0 un sous-lueur saisissant sur trois c\u00f4t\u00e9s lorsqu&#8217;il est associ\u00e9 au repose-poignet, synchronisez le clavier avec votre poste de combat et profitez d&#8217;une immersion totale en jeu.<br \/>\nMODULE DE COMMANDE ET 8 TOUCHES MACRO D\u00c9DI\u00c9ES \u2014 Attribuez une fonction personnalis\u00e9e \u00e0 la molette programmable du clavier et jouez avec une ma\u00eetrise accrue gr\u00e2ce \u00e0 un ensemble de touches macro pour les raccourcis clavier essentiels.<br \/>\nREPOSE-POIGNET MAGN\u00c9TIQUE EN CUIR M\u00c9LANG\u00c9 AVEC SOUS-LUMI\u00c8RE \u2014 Con\u00e7u pour offrir un maintien s\u00fbr pendant de longues heures de jeu, ce repose-poignet doux et rembourr\u00e9 est \u00e9galement dot\u00e9 d&#8217;un \u00e9clairage Razer Chroma RGB.<br \/>\nTOUCHES ABS DOUBLESHOT \u2014 Gr\u00e2ce \u00e0 un processus de moulage double injection pour garantir que l&#8217;\u00e9tiquetage ne s&#8217;efface jamais, les touches ont \u00e9galement des parois extra-\u00e9paisses qui les rendent extr\u00eamement r\u00e9sistantes \u00e0 une utilisation prolong\u00e9e et r\u00e9p\u00e9t\u00e9e.<\/p>\n","protected":false},"excerpt":{"rendered":"<p>SWITCHES TACTILES M\u00c9CANIQUES ORANGE \u2014 Un actionnement plus silencieux et une sensation tactile agr\u00e9able \u00e0 chaque frappe, ce qui en fait le choix id\u00e9al pour ceux qui recherchent une tactilit\u00e9 sans clics.<br \/>\n\u00c9CLAIRAGE IMMERSIF PAR TOUCHE ET SOUS-LUMI\u00c8RE \u2014 Gr\u00e2ce \u00e0 l&#8217;\u00e9clairage par touche et \u00e0 un sous-lueur saisissant sur trois c\u00f4t\u00e9s lorsqu&#8217;il est associ\u00e9 au repose-poignet, synchronisez le clavier avec votre poste de combat et profitez d&#8217;une immersion totale en jeu.<br \/>\nMODULE DE COMMANDE ET 8 TOUCHES MACRO D\u00c9DI\u00c9ES \u2014 Attribuez une fonction personnalis\u00e9e \u00e0 la molette programmable du clavier et jouez avec une ma\u00eetrise accrue gr\u00e2ce \u00e0 un ensemble de touches macro pour les raccourcis clavier essentiels.<br \/>\nREPOSE-POIGNET MAGN\u00c9TIQUE EN CUIR M\u00c9LANG\u00c9 AVEC SOUS-LUMI\u00c8RE \u2014 Con\u00e7u pour offrir un maintien s\u00fbr pendant de longues heures de jeu, ce repose-poignet doux et rembourr\u00e9 est \u00e9galement dot\u00e9 d&#8217;un \u00e9clairage Razer Chroma RGB.<br \/>\nTOUCHES ABS DOUBLESHOT \u2014 Gr\u00e2ce \u00e0 un processus de moulage double injection pour garantir que l&#8217;\u00e9tiquetage ne s&#8217;efface jamais, les touches ont \u00e9galement des parois extra-\u00e9paisses qui les rendent extr\u00eamement r\u00e9sistantes \u00e0 une utilisation prolong\u00e9e et r\u00e9p\u00e9t\u00e9e.<\/p>\n","protected":false},"featured_media":34775,"comment_status":"open","ping_status":"closed","template":"","meta":{"iawp_total_views":1},"product_brand":[],"product_cat":[40],"product_tag":[],"class_list":{"0":"post-34955","1":"product","2":"type-product","3":"status-publish","4":"has-post-thumbnail","6":"product_cat-pc-gamepads-standard-controllers-fr","8":"first","9":"instock","10":"sale","11":"taxable","12":"shipping-taxable","13":"purchasable","14":"product-type-simple"},"jetpack_sharing_enabled":true,"_links":{"self":[{"href":"https:\/\/www.momengames.com\/index.php\/wp-json\/wp\/v2\/product\/34955","targetHints":{"allow":["GET"]}}],"collection":[{"href":"https:\/\/www.momengames.com\/index.php\/wp-json\/wp\/v2\/product"}],"about":[{"href":"https:\/\/www.momengames.com\/index.php\/wp-json\/wp\/v2\/types\/product"}],"replies":[{"embeddable":true,"href":"https:\/\/www.momengames.com\/index.php\/wp-json\/wp\/v2\/comments?post=34955"}],"wp:featuredmedia":[{"embeddable":true,"href":"https:\/\/www.momengames.com\/index.php\/wp-json\/wp\/v2\/media\/34775"}],"wp:attachment":[{"href":"https:\/\/www.momengames.com\/index.php\/wp-json\/wp\/v2\/media?parent=34955"}],"wp:term":[{"taxonomy":"product_brand","embeddable":true,"href":"https:\/\/www.momengames.com\/index.php\/wp-json\/wp\/v2\/product_brand?post=34955"},{"taxonomy":"product_cat","embeddable":true,"href":"https:\/\/www.momengames.com\/index.php\/wp-json\/wp\/v2\/product_cat?post=34955"},{"taxonomy":"product_tag","embeddable":true,"href":"https:\/\/www.momengames.com\/index.php\/wp-json\/wp\/v2\/product_tag?post=34955"}],"curies":[{"name":"wp","href":"https:\/\/api.w.org\/{rel}","templated":true}]}}