{"id":34954,"date":"2025-09-17T16:05:17","date_gmt":"2025-09-17T16:05:17","guid":{"rendered":"https:\/\/www.momengames.com\/index.php\/product\/clavier-de-jeu-razer-huntsman-mini-60-commutateurs-optiques-cliquables-mode-de-declenchement-rapide-eclairage-chroma-rgb-touches-pbt-memoire-integree-pression-instantanee-noir-classique\/"},"modified":"2025-09-17T16:05:17","modified_gmt":"2025-09-17T16:05:17","slug":"clavier-de-jeu-razer-huntsman-mini-60-commutateurs-optiques-cliquables-mode-de-declenchement-rapide-eclairage-chroma-rgb-touches-pbt-memoire-integree-pression-instantanee-noir-classique","status":"publish","type":"product","link":"https:\/\/www.momengames.com\/index.php\/product\/clavier-de-jeu-razer-huntsman-mini-60-commutateurs-optiques-cliquables-mode-de-declenchement-rapide-eclairage-chroma-rgb-touches-pbt-memoire-integree-pression-instantanee-noir-classique\/?lang=fr","title":{"rendered":"Clavier de jeu Razer Huntsman Mini 60 %\u00a0: commutateurs optiques cliquables, mode de d\u00e9clenchement rapide, \u00e9clairage Chroma RGB, touches PBT, m\u00e9moire int\u00e9gr\u00e9e, pression instantan\u00e9e, noir classique"},"content":{"rendered":"<p>PLUS RAPIDES QUE LES SWITCHES M\u00c9CANIQUES ANCIENNES \u2014 Les switchs optiques Razer utilisent un actionnement par lumi\u00e8re, enregistrant les pressions de touches \u00e0 la vitesse de la lumi\u00e8re (distance d&#8217;actionnement 30 % plus courte que celle des autres switchs \u00e0 clic, soit 1,5 mm) avec un retour sonore et pr\u00e9cis.<\/p>\n<p>PERSONNALISATION ET IMMERSION GAMING ULTIMES AVEC L&#8217;\u00c9CLAIRAGE RAZER CHROMA RVB \u2014 Synchronisation parfaite avec les jeux populaires, le mat\u00e9riel Razer, Philips Hue et les \u00e9quipements de plus de 30 partenaires\u00a0; prise en charge de 16,8 millions de couleurs sur des touches r\u00e9tro\u00e9clair\u00e9es individuellement, issues du plus grand \u00e9cosyst\u00e8me d&#8217;\u00e9clairage au monde pour appareils de jeu.<\/p>\n<p>CONSTRUCTION EN ALUMINIUM DE QUALIT\u00c9 \u2014 Recouvert d&#8217;un cadre sup\u00e9rieur en aluminium mat pour une meilleure int\u00e9grit\u00e9 structurelle.<\/p>\n<p>TOUCHES PBT DOUBLESHOT R\u00c9SISTANTES \u00c0 L&#8217;HUILE \u2014 Fabriqu\u00e9es en PBT textur\u00e9 de haute qualit\u00e9 pour une finition plus durable et textur\u00e9e, moins sujette \u00e0 l&#8217;accumulation de salet\u00e9 \u00e0 long terme.<br \/>\nMACROS ENTI\u00c8REMENT PROGRAMMABLES \u2014 Razer Hypershift permet de remapper toutes les touches et combinaisons de touches pour ex\u00e9cuter des commandes complexes.<\/p>\n","protected":false},"excerpt":{"rendered":"<p>PLUS RAPIDES QUE LES SWITCHES M\u00c9CANIQUES ANCIENNES \u2014 Les switchs optiques Razer utilisent un actionnement par lumi\u00e8re, enregistrant les pressions de touches \u00e0 la vitesse de la lumi\u00e8re (distance d&#8217;actionnement 30 % plus courte que celle des autres switchs \u00e0 clic, soit 1,5 mm) avec un retour sonore et pr\u00e9cis.<\/p>\n<p>PERSONNALISATION ET IMMERSION GAMING ULTIMES AVEC L&#8217;\u00c9CLAIRAGE RAZER CHROMA RVB \u2014 Synchronisation parfaite avec les jeux populaires, le mat\u00e9riel Razer, Philips Hue et les \u00e9quipements de plus de 30 partenaires\u00a0; prise en charge de 16,8 millions de couleurs sur des touches r\u00e9tro\u00e9clair\u00e9es individuellement, issues du plus grand \u00e9cosyst\u00e8me d&#8217;\u00e9clairage au monde pour appareils de jeu.<\/p>\n<p>CONSTRUCTION EN ALUMINIUM DE QUALIT\u00c9 \u2014 Recouvert d&#8217;un cadre sup\u00e9rieur en aluminium mat pour une meilleure int\u00e9grit\u00e9 structurelle.<\/p>\n<p>TOUCHES PBT DOUBLESHOT R\u00c9SISTANTES \u00c0 L&#8217;HUILE \u2014 Fabriqu\u00e9es en PBT textur\u00e9 de haute qualit\u00e9 pour une finition plus durable et textur\u00e9e, moins sujette \u00e0 l&#8217;accumulation de salet\u00e9 \u00e0 long terme.<br \/>\nMACROS ENTI\u00c8REMENT PROGRAMMABLES \u2014 Razer Hypershift permet de remapper toutes les touches et combinaisons de touches pour ex\u00e9cuter des commandes complexes.<\/p>\n","protected":false},"featured_media":34771,"comment_status":"open","ping_status":"closed","template":"","meta":{"iawp_total_views":14},"product_brand":[],"product_cat":[40],"product_tag":[],"class_list":{"0":"post-34954","1":"product","2":"type-product","3":"status-publish","4":"has-post-thumbnail","6":"product_cat-pc-gamepads-standard-controllers-fr","8":"first","9":"instock","10":"sale","11":"taxable","12":"shipping-taxable","13":"purchasable","14":"product-type-simple"},"jetpack_sharing_enabled":true,"_links":{"self":[{"href":"https:\/\/www.momengames.com\/index.php\/wp-json\/wp\/v2\/product\/34954","targetHints":{"allow":["GET"]}}],"collection":[{"href":"https:\/\/www.momengames.com\/index.php\/wp-json\/wp\/v2\/product"}],"about":[{"href":"https:\/\/www.momengames.com\/index.php\/wp-json\/wp\/v2\/types\/product"}],"replies":[{"embeddable":true,"href":"https:\/\/www.momengames.com\/index.php\/wp-json\/wp\/v2\/comments?post=34954"}],"wp:featuredmedia":[{"embeddable":true,"href":"https:\/\/www.momengames.com\/index.php\/wp-json\/wp\/v2\/media\/34771"}],"wp:attachment":[{"href":"https:\/\/www.momengames.com\/index.php\/wp-json\/wp\/v2\/media?parent=34954"}],"wp:term":[{"taxonomy":"product_brand","embeddable":true,"href":"https:\/\/www.momengames.com\/index.php\/wp-json\/wp\/v2\/product_brand?post=34954"},{"taxonomy":"product_cat","embeddable":true,"href":"https:\/\/www.momengames.com\/index.php\/wp-json\/wp\/v2\/product_cat?post=34954"},{"taxonomy":"product_tag","embeddable":true,"href":"https:\/\/www.momengames.com\/index.php\/wp-json\/wp\/v2\/product_tag?post=34954"}],"curies":[{"name":"wp","href":"https:\/\/api.w.org\/{rel}","templated":true}]}}