{"id":34953,"date":"2025-09-17T15:48:10","date_gmt":"2025-09-17T15:48:10","guid":{"rendered":"https:\/\/www.momengames.com\/index.php\/product\/souris-de-jeu-mmo-sans-fil-razer-naga-v2-pro-19-1-boutons-programmables-avec-plaques-laterales-interchangeables-molette-hyperscroll-pro-capteur-optique-focus-pro\/"},"modified":"2025-09-17T15:48:10","modified_gmt":"2025-09-17T15:48:10","slug":"souris-de-jeu-mmo-sans-fil-razer-naga-v2-pro-19-1-boutons-programmables-avec-plaques-laterales-interchangeables-molette-hyperscroll-pro-capteur-optique-focus-pro","status":"publish","type":"product","link":"https:\/\/www.momengames.com\/index.php\/product\/souris-de-jeu-mmo-sans-fil-razer-naga-v2-pro-19-1-boutons-programmables-avec-plaques-laterales-interchangeables-molette-hyperscroll-pro-capteur-optique-focus-pro\/?lang=fr","title":{"rendered":"Souris de jeu MMO sans fil Razer Naga V2 Pro\u00a0: 19\u00a0+\u00a01\u00a0boutons programmables avec plaques lat\u00e9rales interchangeables\u00a0&#8211; Molette HyperScroll Pro\u00a0&#8211; Capteur optique Focus Pro 30\u00a0K\u00a0&#8211; Commutateurs optiques Gen\u00a03\u00a0&#8211; Batterie de 300\u00a0heures"},"content":{"rendered":"<p>ADAPTABILIT\u00c9 ET CONTR\u00d4LE ABSOLUS \u2014 Cette souris est livr\u00e9e avec un jeu de plaques lat\u00e9rales magn\u00e9tiques \u00e0 12, 6 et 2 boutons, permettant de s&#8217;adapter \u00e0 tous les genres de jeu avec un contr\u00f4le allant jusqu&#8217;\u00e0 19 boutons plus 1 bouton r\u00e9tro\u00e9clair\u00e9 programmable.<br \/>\nRAZER HYPERSCROLL PRO WHEEL \u2014 Gr\u00e2ce \u00e0 sa tactilit\u00e9, sa r\u00e9sistance et ses paliers r\u00e9glables, cr\u00e9ez des d\u00e9filements plus fermes et pr\u00e9cis pour un changement d&#8217;arme pr\u00e9cis, ou des d\u00e9filements plus doux et fluides avec plusieurs paliers pour des actions plus complexes comme le saut.<br \/>\nRAZER HYPERSPEED WIRELESS \u2014 Avec une connexion 25 % plus rapide que toute autre technologie sans fil disponible, profitez de jeux comp\u00e9titifs hautes performances et \u00e0 faible latence, qui restent fluides et stables m\u00eame dans des environnements sans fil bruyants.<br \/>\nCAPTEUR OPTIQUE FOCUS PRO 30K \u2014 Le tout nouveau capteur Razer offre des performances de suivi irr\u00e9prochables sur une grande vari\u00e9t\u00e9 de surfaces, y compris le verre, gr\u00e2ce \u00e0 des fonctions intelligentes pour une vis\u00e9e et un contr\u00f4le am\u00e9lior\u00e9s.<br \/>\nCOMMUTATEURS DE SOURIS OPTIQUES GEN-3 \u2014 D&#8217;une dur\u00e9e de vie am\u00e9lior\u00e9e de 90 millions de clics sans double-clic, \u00e0 un actionnement fulgurant de 0,2 ms sans d\u00e9lai anti-rebond, profitez d&#8217;une fiabilit\u00e9 et d&#8217;une vitesse in\u00e9gal\u00e9es.<br \/>\nCONNECTIVIT\u00c9 ET PUISSANCE POLYVALENTES \u2014 Jusqu&#8217;\u00e0 150 heures d&#8217;autonomie en HyperSpeed \u200b\u200bou 300 heures en Bluetooth. Rechargeable via le port Type-C, le Razer Mouse Dock Pro, ou compatible avec la recharge sans fil gr\u00e2ce au Razer Wireless Charging Puck (station et palet vendus s\u00e9par\u00e9ment).<br \/>\nMARQUE DE P\u00c9RIPH\u00c9RIQUES DE JEU PC AUX \u00c9TATS-UNIS \u2014 Source \u2014 Circana, Retail Tracking Service, ventes en dollars aux \u00c9tats-Unis, souris, claviers et casques PC con\u00e7us pour le jeu, janvier 2019-d\u00e9cembre 2023 combin\u00e9s.<br \/>\nOPTIMISEZ LA PR\u00c9CISION DE LA SOURIS \u2014 Am\u00e9liorez la pr\u00e9cision en d\u00e9sactivant l&#8217;option \u00ab Am\u00e9liorer la pr\u00e9cision du pointeur \u00bb dans les param\u00e8tres de la souris Windows et optimisez davantage les performances \u00e0 l&#8217;aide de l&#8217;application Razer Synapse.<\/p>\n","protected":false},"excerpt":{"rendered":"<p>ADAPTABILIT\u00c9 ET CONTR\u00d4LE ABSOLUS \u2014 Cette souris est livr\u00e9e avec un jeu de plaques lat\u00e9rales magn\u00e9tiques \u00e0 12, 6 et 2 boutons, permettant de s&#8217;adapter \u00e0 tous les genres de jeu avec un contr\u00f4le allant jusqu&#8217;\u00e0 19 boutons plus 1 bouton r\u00e9tro\u00e9clair\u00e9 programmable.<br \/>\nRAZER HYPERSCROLL PRO WHEEL \u2014 Gr\u00e2ce \u00e0 sa tactilit\u00e9, sa r\u00e9sistance et ses paliers r\u00e9glables, cr\u00e9ez des d\u00e9filements plus fermes et pr\u00e9cis pour un changement d&#8217;arme pr\u00e9cis, ou des d\u00e9filements plus doux et fluides avec plusieurs paliers pour des actions plus complexes comme le saut.<br \/>\nRAZER HYPERSPEED WIRELESS \u2014 Avec une connexion 25 % plus rapide que toute autre technologie sans fil disponible, profitez de jeux comp\u00e9titifs hautes performances et \u00e0 faible latence, qui restent fluides et stables m\u00eame dans des environnements sans fil bruyants.<br \/>\nCAPTEUR OPTIQUE FOCUS PRO 30K \u2014 Le tout nouveau capteur Razer offre des performances de suivi irr\u00e9prochables sur une grande vari\u00e9t\u00e9 de surfaces, y compris le verre, gr\u00e2ce \u00e0 des fonctions intelligentes pour une vis\u00e9e et un contr\u00f4le am\u00e9lior\u00e9s.<br \/>\nCOMMUTATEURS DE SOURIS OPTIQUES GEN-3 \u2014 D&#8217;une dur\u00e9e de vie am\u00e9lior\u00e9e de 90 millions de clics sans double-clic, \u00e0 un actionnement fulgurant de 0,2 ms sans d\u00e9lai anti-rebond, profitez d&#8217;une fiabilit\u00e9 et d&#8217;une vitesse in\u00e9gal\u00e9es.<br \/>\nCONNECTIVIT\u00c9 ET PUISSANCE POLYVALENTES \u2014 Jusqu&#8217;\u00e0 150 heures d&#8217;autonomie en HyperSpeed \u200b\u200bou 300 heures en Bluetooth. Rechargeable via le port Type-C, le Razer Mouse Dock Pro, ou compatible avec la recharge sans fil gr\u00e2ce au Razer Wireless Charging Puck (station et palet vendus s\u00e9par\u00e9ment).<br \/>\nMARQUE DE P\u00c9RIPH\u00c9RIQUES DE JEU PC AUX \u00c9TATS-UNIS \u2014 Source \u2014 Circana, Retail Tracking Service, ventes en dollars aux \u00c9tats-Unis, souris, claviers et casques PC con\u00e7us pour le jeu, janvier 2019-d\u00e9cembre 2023 combin\u00e9s.<br \/>\nOPTIMISEZ LA PR\u00c9CISION DE LA SOURIS \u2014 Am\u00e9liorez la pr\u00e9cision en d\u00e9sactivant l&#8217;option \u00ab Am\u00e9liorer la pr\u00e9cision du pointeur \u00bb dans les param\u00e8tres de la souris Windows et optimisez davantage les performances \u00e0 l&#8217;aide de l&#8217;application Razer Synapse.<\/p>\n","protected":false},"featured_media":34762,"comment_status":"open","ping_status":"closed","template":"","meta":{"iawp_total_views":5},"product_brand":[],"product_cat":[40],"product_tag":[],"class_list":{"0":"post-34953","1":"product","2":"type-product","3":"status-publish","4":"has-post-thumbnail","6":"product_cat-pc-gamepads-standard-controllers-fr","8":"first","9":"instock","10":"sale","11":"taxable","12":"shipping-taxable","13":"purchasable","14":"product-type-simple"},"jetpack_sharing_enabled":true,"_links":{"self":[{"href":"https:\/\/www.momengames.com\/index.php\/wp-json\/wp\/v2\/product\/34953","targetHints":{"allow":["GET"]}}],"collection":[{"href":"https:\/\/www.momengames.com\/index.php\/wp-json\/wp\/v2\/product"}],"about":[{"href":"https:\/\/www.momengames.com\/index.php\/wp-json\/wp\/v2\/types\/product"}],"replies":[{"embeddable":true,"href":"https:\/\/www.momengames.com\/index.php\/wp-json\/wp\/v2\/comments?post=34953"}],"wp:featuredmedia":[{"embeddable":true,"href":"https:\/\/www.momengames.com\/index.php\/wp-json\/wp\/v2\/media\/34762"}],"wp:attachment":[{"href":"https:\/\/www.momengames.com\/index.php\/wp-json\/wp\/v2\/media?parent=34953"}],"wp:term":[{"taxonomy":"product_brand","embeddable":true,"href":"https:\/\/www.momengames.com\/index.php\/wp-json\/wp\/v2\/product_brand?post=34953"},{"taxonomy":"product_cat","embeddable":true,"href":"https:\/\/www.momengames.com\/index.php\/wp-json\/wp\/v2\/product_cat?post=34953"},{"taxonomy":"product_tag","embeddable":true,"href":"https:\/\/www.momengames.com\/index.php\/wp-json\/wp\/v2\/product_tag?post=34953"}],"curies":[{"name":"wp","href":"https:\/\/api.w.org\/{rel}","templated":true}]}}