{"id":34951,"date":"2025-09-17T15:41:14","date_gmt":"2025-09-17T15:41:14","guid":{"rendered":"https:\/\/www.momengames.com\/index.php\/product\/casque-de-jeu-filaire-usb-razer-x-pokemon-pikachu-kraken-v3-edition-limitee\/"},"modified":"2025-09-17T15:41:14","modified_gmt":"2025-09-17T15:41:14","slug":"casque-de-jeu-filaire-usb-razer-x-pokemon-pikachu-kraken-v3-edition-limitee","status":"publish","type":"product","link":"https:\/\/www.momengames.com\/index.php\/product\/casque-de-jeu-filaire-usb-razer-x-pokemon-pikachu-kraken-v3-edition-limitee\/?lang=fr","title":{"rendered":"Casque de jeu filaire USB Razer x Pok\u00e9mon Pikachu Kraken V3 \u00c9dition limit\u00e9e"},"content":{"rendered":"<p>Coussinets d&#8217;oreille en tissu hybride et mousse \u00e0 m\u00e9moire de forme\u00a0: Envelopp\u00e9s d&#8217;un m\u00e9lange de tissu respirant et de similicuir moelleux, ils offrent un ajustement parfait et un confort constant pour des sessions de jeu prolong\u00e9es.<\/p>\n<p>Son surround 7.1\u00a0: Offre un son positionnel pr\u00e9cis qui vous permet d&#8217;identifier intuitivement la provenance de chaque son. *Uniquement disponible sur Windows 10 64\u00a0bits. Optimis\u00e9 par Razer Chroma RGB\u00a0: \u00c9clairage des \u00e9couteurs personnalisable et immersion accrue dans le jeu, avec un acc\u00e8s \u00e0 16,8\u00a0millions de couleurs et une suite d&#8217;effets lumineux. Appliquez vos param\u00e8tres pr\u00e9f\u00e9r\u00e9s et profitez d&#8217;une exp\u00e9rience optimale avec plus de 150\u00a0jeux et 500\u00a0appareils chez plus de 50\u00a0partenaires.<\/p>\n<p>Conception l\u00e9g\u00e8re de 345\u00a0g\u00a0: Profitez d&#8217;un son et d&#8217;une exp\u00e9rience de jeu de qualit\u00e9 sup\u00e9rieure pendant des heures sans \u00eatre alourdi par le casque.<\/p>\n<p>Casque Gengar pour exprimer votre style.<\/p>\n<p>Microphone cardio\u00efde HyperClear\u00a0: Une directivit\u00e9 am\u00e9lior\u00e9e garantit une meilleure restitution de la voix et moins de bruit, la zone d&#8217;\u00e9coute id\u00e9ale \u00e9tant facilement positionn\u00e9e au niveau de votre bouche gr\u00e2ce \u00e0 la conception flexible du micro.<br \/>\nPilotes TriForce 40 mm : la conception exclusive de pointe divise le pilote en 3 parties pour le r\u00e9glage individuel des aigus, des m\u00e9diums et des graves, produisant un son plus clair et plus lumineux avec des aigus plus riches et des graves plus puissants.<\/p>\n","protected":false},"excerpt":{"rendered":"<p>Coussinets d&#8217;oreille en tissu hybride et mousse \u00e0 m\u00e9moire de forme\u00a0: Envelopp\u00e9s d&#8217;un m\u00e9lange de tissu respirant et de similicuir moelleux, ils offrent un ajustement parfait et un confort constant pour des sessions de jeu prolong\u00e9es.<\/p>\n<p>Son surround 7.1\u00a0: Offre un son positionnel pr\u00e9cis qui vous permet d&#8217;identifier intuitivement la provenance de chaque son. *Uniquement disponible sur Windows 10 64\u00a0bits. Optimis\u00e9 par Razer Chroma RGB\u00a0: \u00c9clairage des \u00e9couteurs personnalisable et immersion accrue dans le jeu, avec un acc\u00e8s \u00e0 16,8\u00a0millions de couleurs et une suite d&#8217;effets lumineux. Appliquez vos param\u00e8tres pr\u00e9f\u00e9r\u00e9s et profitez d&#8217;une exp\u00e9rience optimale avec plus de 150\u00a0jeux et 500\u00a0appareils chez plus de 50\u00a0partenaires.<\/p>\n<p>Conception l\u00e9g\u00e8re de 345\u00a0g\u00a0: Profitez d&#8217;un son et d&#8217;une exp\u00e9rience de jeu de qualit\u00e9 sup\u00e9rieure pendant des heures sans \u00eatre alourdi par le casque.<\/p>\n<p>Casque Gengar pour exprimer votre style.<\/p>\n<p>Microphone cardio\u00efde HyperClear\u00a0: Une directivit\u00e9 am\u00e9lior\u00e9e garantit une meilleure restitution de la voix et moins de bruit, la zone d&#8217;\u00e9coute id\u00e9ale \u00e9tant facilement positionn\u00e9e au niveau de votre bouche gr\u00e2ce \u00e0 la conception flexible du micro.<br \/>\nPilotes TriForce 40 mm : la conception exclusive de pointe divise le pilote en 3 parties pour le r\u00e9glage individuel des aigus, des m\u00e9diums et des graves, produisant un son plus clair et plus lumineux avec des aigus plus riches et des graves plus puissants.<\/p>\n","protected":false},"featured_media":34756,"comment_status":"open","ping_status":"closed","template":"","meta":{"iawp_total_views":5},"product_brand":[],"product_cat":[39],"product_tag":[],"class_list":{"0":"post-34951","1":"product","2":"type-product","3":"status-publish","4":"has-post-thumbnail","6":"product_cat-electronics-accessories-fr","8":"first","9":"instock","10":"sale","11":"taxable","12":"shipping-taxable","13":"purchasable","14":"product-type-simple"},"jetpack_sharing_enabled":true,"_links":{"self":[{"href":"https:\/\/www.momengames.com\/index.php\/wp-json\/wp\/v2\/product\/34951","targetHints":{"allow":["GET"]}}],"collection":[{"href":"https:\/\/www.momengames.com\/index.php\/wp-json\/wp\/v2\/product"}],"about":[{"href":"https:\/\/www.momengames.com\/index.php\/wp-json\/wp\/v2\/types\/product"}],"replies":[{"embeddable":true,"href":"https:\/\/www.momengames.com\/index.php\/wp-json\/wp\/v2\/comments?post=34951"}],"wp:featuredmedia":[{"embeddable":true,"href":"https:\/\/www.momengames.com\/index.php\/wp-json\/wp\/v2\/media\/34756"}],"wp:attachment":[{"href":"https:\/\/www.momengames.com\/index.php\/wp-json\/wp\/v2\/media?parent=34951"}],"wp:term":[{"taxonomy":"product_brand","embeddable":true,"href":"https:\/\/www.momengames.com\/index.php\/wp-json\/wp\/v2\/product_brand?post=34951"},{"taxonomy":"product_cat","embeddable":true,"href":"https:\/\/www.momengames.com\/index.php\/wp-json\/wp\/v2\/product_cat?post=34951"},{"taxonomy":"product_tag","embeddable":true,"href":"https:\/\/www.momengames.com\/index.php\/wp-json\/wp\/v2\/product_tag?post=34951"}],"curies":[{"name":"wp","href":"https:\/\/api.w.org\/{rel}","templated":true}]}}