{"id":34949,"date":"2025-07-27T15:13:15","date_gmt":"2025-07-27T15:13:15","guid":{"rendered":"https:\/\/www.momengames.com\/index.php\/product\/apple-ipad-2018-6e-generation-97-pouces-wi-fi-128-go-doccasion-gris-sideral\/"},"modified":"2025-07-27T15:13:15","modified_gmt":"2025-07-27T15:13:15","slug":"apple-ipad-2018-6e-generation-97-pouces-wi-fi-128-go-doccasion-gris-sideral","status":"publish","type":"product","link":"https:\/\/www.momengames.com\/index.php\/product\/apple-ipad-2018-6e-generation-97-pouces-wi-fi-128-go-doccasion-gris-sideral\/?lang=fr","title":{"rendered":"Apple iPad 2018 6e g\u00e9n\u00e9ration 9,7 pouces Wi-Fi 128 Go d&#8217;occasion Gris sid\u00e9ral"},"content":{"rendered":"<p>\u00c9cran Retina Multi-Touch de 9,7 pouces, r\u00e9solution 2048 x 1536 (264 ppp).<br \/>\nSoC Apple A10 Fusion et coprocesseur M10, 4G LTE | Wi-Fi 802.11ac | Bluetooth 4.11.<br \/>\nCam\u00e9ra frontale FaceTime HD de 1,2 Mpx, cam\u00e9ra arri\u00e8re de 8 Mpx.<br \/>\nCompatibilit\u00e9 avec l&#8217;Apple Pencil Night Shift | Capteur Touch ID.<\/p>\n","protected":false},"excerpt":{"rendered":"<p>\u00c9cran Retina Multi-Touch de 9,7 pouces, r\u00e9solution 2048 x 1536 (264 ppp).<br \/>\nSoC Apple A10 Fusion et coprocesseur M10, 4G LTE | Wi-Fi 802.11ac | Bluetooth 4.11.<br \/>\nCam\u00e9ra frontale FaceTime HD de 1,2 Mpx, cam\u00e9ra arri\u00e8re de 8 Mpx.<br \/>\nCompatibilit\u00e9 avec l&#8217;Apple Pencil Night Shift | Capteur Touch ID.<\/p>\n","protected":false},"featured_media":34135,"comment_status":"open","ping_status":"closed","template":"","meta":{"iawp_total_views":140},"product_brand":[],"product_cat":[46],"product_tag":[],"class_list":{"0":"post-34949","1":"product","2":"type-product","3":"status-publish","4":"has-post-thumbnail","6":"product_cat-renewed-fr","8":"first","9":"instock","10":"sale","11":"taxable","12":"shipping-taxable","13":"purchasable","14":"product-type-simple"},"jetpack_sharing_enabled":true,"_links":{"self":[{"href":"https:\/\/www.momengames.com\/index.php\/wp-json\/wp\/v2\/product\/34949","targetHints":{"allow":["GET"]}}],"collection":[{"href":"https:\/\/www.momengames.com\/index.php\/wp-json\/wp\/v2\/product"}],"about":[{"href":"https:\/\/www.momengames.com\/index.php\/wp-json\/wp\/v2\/types\/product"}],"replies":[{"embeddable":true,"href":"https:\/\/www.momengames.com\/index.php\/wp-json\/wp\/v2\/comments?post=34949"}],"wp:featuredmedia":[{"embeddable":true,"href":"https:\/\/www.momengames.com\/index.php\/wp-json\/wp\/v2\/media\/34135"}],"wp:attachment":[{"href":"https:\/\/www.momengames.com\/index.php\/wp-json\/wp\/v2\/media?parent=34949"}],"wp:term":[{"taxonomy":"product_brand","embeddable":true,"href":"https:\/\/www.momengames.com\/index.php\/wp-json\/wp\/v2\/product_brand?post=34949"},{"taxonomy":"product_cat","embeddable":true,"href":"https:\/\/www.momengames.com\/index.php\/wp-json\/wp\/v2\/product_cat?post=34949"},{"taxonomy":"product_tag","embeddable":true,"href":"https:\/\/www.momengames.com\/index.php\/wp-json\/wp\/v2\/product_tag?post=34949"}],"curies":[{"name":"wp","href":"https:\/\/api.w.org\/{rel}","templated":true}]}}