{"id":34948,"date":"2025-07-27T14:57:50","date_gmt":"2025-07-27T14:57:50","guid":{"rendered":"https:\/\/www.momengames.com\/index.php\/product\/apple-ipad-102-pouces-wi-fi-32-go-gris-sideral-reconditionne\/"},"modified":"2025-07-27T14:57:50","modified_gmt":"2025-07-27T14:57:50","slug":"apple-ipad-102-pouces-wi-fi-32-go-gris-sideral-reconditionne","status":"publish","type":"product","link":"https:\/\/www.momengames.com\/index.php\/product\/apple-ipad-102-pouces-wi-fi-32-go-gris-sideral-reconditionne\/?lang=fr","title":{"rendered":"Apple iPad, 10,2 pouces, Wi-Fi, 32 Go, gris sid\u00e9ral (reconditionn\u00e9)"},"content":{"rendered":"<p>L&#8217;iPad de septi\u00e8me g\u00e9n\u00e9ration (\u00e9galement appel\u00e9 iPad 10,2 pouces[3]) est une tablette d\u00e9velopp\u00e9e et commercialis\u00e9e par Apple. Dot\u00e9 d&#8217;un \u00e9cran Retina de 10,2 pouces (26 cm) et \u00e9quip\u00e9 du processeur Apple A10 Fusion, il succ\u00e8de \u00e0 l&#8217;iPad de sixi\u00e8me g\u00e9n\u00e9ration de 9,7 pouces (25 cm). D\u00e9voil\u00e9 le 10 septembre 2019, il est commercialis\u00e9 le 25 septembre 2019.<\/p>\n<p>Contrairement aux mod\u00e8les d&#8217;iPad pr\u00e9c\u00e9dents, dot\u00e9s d&#8217;un \u00e9cran de 9,7 pouces (25 cm), cet appareil est le premier de la gamme iPad d&#8217;entr\u00e9e de gamme \u00e0 proposer un \u00e9cran plus grand de 10,2 pouces (26 cm).[6] Compatible avec l&#8217;Apple Pencil de premi\u00e8re g\u00e9n\u00e9ration et un connecteur pour clavier intelligent, il est destin\u00e9 aux march\u00e9s de l&#8217;\u00e9ducation et des petits budgets.<\/p>\n<p>Son successeur, l&#8217;iPad de huiti\u00e8me g\u00e9n\u00e9ration, a \u00e9t\u00e9 d\u00e9voil\u00e9 le 15 septembre 2020. L&#8217;iPad de septi\u00e8me g\u00e9n\u00e9ration est le dernier iPad \u00e0 prendre en charge iPadOS 18.<\/p>\n<p>\u00c9tant donn\u00e9 que le processeur A10 Fusion ne poss\u00e9dait aucun c\u0153ur de moteur neuronal, il s&#8217;agissait du dernier iPad actuellement compatible sans moteur neuronal.<\/p>\n","protected":false},"excerpt":{"rendered":"<p>L&#8217;iPad de septi\u00e8me g\u00e9n\u00e9ration (\u00e9galement appel\u00e9 iPad 10,2 pouces[3]) est une tablette d\u00e9velopp\u00e9e et commercialis\u00e9e par Apple. Dot\u00e9 d&#8217;un \u00e9cran Retina de 10,2 pouces (26 cm) et \u00e9quip\u00e9 du processeur Apple A10 Fusion, il succ\u00e8de \u00e0 l&#8217;iPad de sixi\u00e8me g\u00e9n\u00e9ration de 9,7 pouces (25 cm). D\u00e9voil\u00e9 le 10 septembre 2019, il est commercialis\u00e9 le 25 septembre 2019.<\/p>\n<p>Contrairement aux mod\u00e8les d&#8217;iPad pr\u00e9c\u00e9dents, dot\u00e9s d&#8217;un \u00e9cran de 9,7 pouces (25 cm), cet appareil est le premier de la gamme iPad d&#8217;entr\u00e9e de gamme \u00e0 proposer un \u00e9cran plus grand de 10,2 pouces (26 cm).[6] Compatible avec l&#8217;Apple Pencil de premi\u00e8re g\u00e9n\u00e9ration et un connecteur pour clavier intelligent, il est destin\u00e9 aux march\u00e9s de l&#8217;\u00e9ducation et des petits budgets.<\/p>\n<p>Son successeur, l&#8217;iPad de huiti\u00e8me g\u00e9n\u00e9ration, a \u00e9t\u00e9 d\u00e9voil\u00e9 le 15 septembre 2020. L&#8217;iPad de septi\u00e8me g\u00e9n\u00e9ration est le dernier iPad \u00e0 prendre en charge iPadOS 18.<\/p>\n<p>\u00c9tant donn\u00e9 que le processeur A10 Fusion ne poss\u00e9dait aucun c\u0153ur de moteur neuronal, il s&#8217;agissait du dernier iPad actuellement compatible sans moteur neuronal.<\/p>\n","protected":false},"featured_media":34131,"comment_status":"open","ping_status":"closed","template":"","meta":{"iawp_total_views":129},"product_brand":[],"product_cat":[46],"product_tag":[],"class_list":{"0":"post-34948","1":"product","2":"type-product","3":"status-publish","4":"has-post-thumbnail","6":"product_cat-renewed-fr","8":"first","9":"instock","10":"sale","11":"taxable","12":"shipping-taxable","13":"purchasable","14":"product-type-simple"},"jetpack_sharing_enabled":true,"_links":{"self":[{"href":"https:\/\/www.momengames.com\/index.php\/wp-json\/wp\/v2\/product\/34948","targetHints":{"allow":["GET"]}}],"collection":[{"href":"https:\/\/www.momengames.com\/index.php\/wp-json\/wp\/v2\/product"}],"about":[{"href":"https:\/\/www.momengames.com\/index.php\/wp-json\/wp\/v2\/types\/product"}],"replies":[{"embeddable":true,"href":"https:\/\/www.momengames.com\/index.php\/wp-json\/wp\/v2\/comments?post=34948"}],"wp:featuredmedia":[{"embeddable":true,"href":"https:\/\/www.momengames.com\/index.php\/wp-json\/wp\/v2\/media\/34131"}],"wp:attachment":[{"href":"https:\/\/www.momengames.com\/index.php\/wp-json\/wp\/v2\/media?parent=34948"}],"wp:term":[{"taxonomy":"product_brand","embeddable":true,"href":"https:\/\/www.momengames.com\/index.php\/wp-json\/wp\/v2\/product_brand?post=34948"},{"taxonomy":"product_cat","embeddable":true,"href":"https:\/\/www.momengames.com\/index.php\/wp-json\/wp\/v2\/product_cat?post=34948"},{"taxonomy":"product_tag","embeddable":true,"href":"https:\/\/www.momengames.com\/index.php\/wp-json\/wp\/v2\/product_tag?post=34948"}],"curies":[{"name":"wp","href":"https:\/\/api.w.org\/{rel}","templated":true}]}}