{"id":34947,"date":"2025-07-26T14:41:09","date_gmt":"2025-07-26T14:41:09","guid":{"rendered":"https:\/\/www.momengames.com\/index.php\/product\/manette-de-jeu-sans-fil-xbox-elite-series-2-core-avec-sac-daccessoires-bleue-pour-series-xs-one-pc-windows-android-et-ios\/"},"modified":"2025-07-26T14:41:09","modified_gmt":"2025-07-26T14:41:09","slug":"manette-de-jeu-sans-fil-xbox-elite-series-2-core-avec-sac-daccessoires-bleue-pour-series-xs-one-pc-windows-android-et-ios","status":"publish","type":"product","link":"https:\/\/www.momengames.com\/index.php\/product\/manette-de-jeu-sans-fil-xbox-elite-series-2-core-avec-sac-daccessoires-bleue-pour-series-xs-one-pc-windows-android-et-ios\/?lang=fr","title":{"rendered":"Manette de jeu sans fil Xbox Elite Series 2 Core avec sac d&#8217;accessoires &#8211; Bleue pour s\u00e9ries X|S, One, PC Windows, Android et iOS"},"content":{"rendered":"<p>Compatibilit\u00e9 \u00e9tendue\u00a0: Compatible avec Xbox One, Series S\/X et PC. Jouez sur plusieurs appareils via Bluetooth ou le c\u00e2ble USB-C fourni.<br \/>\nPersonnalisation personnalis\u00e9e\u00a0: Changez les extr\u00e9mit\u00e9s des joysticks, les croix directionnelles et les palettes. Enregistrez 3 profils personnalis\u00e9s et 1 profil par d\u00e9faut et passez de l&#8217;un \u00e0 l&#8217;autre d&#8217;un simple bouton.<br \/>\nBatterie longue dur\u00e9e\u00a0: Jusqu&#8217;\u00e0 40\u00a0heures d&#8217;autonomie rechargeable. Composants durables et raffin\u00e9s. Chargez la manette \u00e0 l&#8217;int\u00e9rieur ou \u00e0 l&#8217;ext\u00e9rieur de l&#8217;\u00e9tui de transport.<br \/>\nFonctionnalit\u00e9s am\u00e9lior\u00e9es par l&#8217;application\u00a0: Utilisez l&#8217;application Accessoires pour des fonctions telles que le r\u00e9glage de la zone morte et l&#8217;affectation des boutons aux commandes vocales.<br \/>\nBo\u00eete \u00e0 outils de personnalisation ultime\u00a0: Personnalisez chaque d\u00e9tail avec 6 extr\u00e9mit\u00e9s de joysticks interchangeables (standard, haut, large d\u00f4me), 4 palettes ergonomiques et 2 croix directionnelles magn\u00e9tiques. Ajustez la tension des joysticks avec l&#8217;outil inclus pour une vis\u00e9e et des mouvements pr\u00e9cis.<\/p>\n","protected":false},"excerpt":{"rendered":"<p>Compatibilit\u00e9 \u00e9tendue\u00a0: Compatible avec Xbox One, Series S\/X et PC. Jouez sur plusieurs appareils via Bluetooth ou le c\u00e2ble USB-C fourni.<br \/>\nPersonnalisation personnalis\u00e9e\u00a0: Changez les extr\u00e9mit\u00e9s des joysticks, les croix directionnelles et les palettes. Enregistrez 3 profils personnalis\u00e9s et 1 profil par d\u00e9faut et passez de l&#8217;un \u00e0 l&#8217;autre d&#8217;un simple bouton.<br \/>\nBatterie longue dur\u00e9e\u00a0: Jusqu&#8217;\u00e0 40\u00a0heures d&#8217;autonomie rechargeable. Composants durables et raffin\u00e9s. Chargez la manette \u00e0 l&#8217;int\u00e9rieur ou \u00e0 l&#8217;ext\u00e9rieur de l&#8217;\u00e9tui de transport.<br \/>\nFonctionnalit\u00e9s am\u00e9lior\u00e9es par l&#8217;application\u00a0: Utilisez l&#8217;application Accessoires pour des fonctions telles que le r\u00e9glage de la zone morte et l&#8217;affectation des boutons aux commandes vocales.<br \/>\nBo\u00eete \u00e0 outils de personnalisation ultime\u00a0: Personnalisez chaque d\u00e9tail avec 6 extr\u00e9mit\u00e9s de joysticks interchangeables (standard, haut, large d\u00f4me), 4 palettes ergonomiques et 2 croix directionnelles magn\u00e9tiques. Ajustez la tension des joysticks avec l&#8217;outil inclus pour une vis\u00e9e et des mouvements pr\u00e9cis.<\/p>\n","protected":false},"featured_media":34112,"comment_status":"open","ping_status":"closed","template":"","meta":{"iawp_total_views":184},"product_brand":[],"product_cat":[40],"product_tag":[],"class_list":{"0":"post-34947","1":"product","2":"type-product","3":"status-publish","4":"has-post-thumbnail","6":"product_cat-pc-gamepads-standard-controllers-fr","8":"first","9":"instock","10":"sale","11":"taxable","12":"shipping-taxable","13":"purchasable","14":"product-type-simple"},"jetpack_sharing_enabled":true,"_links":{"self":[{"href":"https:\/\/www.momengames.com\/index.php\/wp-json\/wp\/v2\/product\/34947","targetHints":{"allow":["GET"]}}],"collection":[{"href":"https:\/\/www.momengames.com\/index.php\/wp-json\/wp\/v2\/product"}],"about":[{"href":"https:\/\/www.momengames.com\/index.php\/wp-json\/wp\/v2\/types\/product"}],"replies":[{"embeddable":true,"href":"https:\/\/www.momengames.com\/index.php\/wp-json\/wp\/v2\/comments?post=34947"}],"wp:featuredmedia":[{"embeddable":true,"href":"https:\/\/www.momengames.com\/index.php\/wp-json\/wp\/v2\/media\/34112"}],"wp:attachment":[{"href":"https:\/\/www.momengames.com\/index.php\/wp-json\/wp\/v2\/media?parent=34947"}],"wp:term":[{"taxonomy":"product_brand","embeddable":true,"href":"https:\/\/www.momengames.com\/index.php\/wp-json\/wp\/v2\/product_brand?post=34947"},{"taxonomy":"product_cat","embeddable":true,"href":"https:\/\/www.momengames.com\/index.php\/wp-json\/wp\/v2\/product_cat?post=34947"},{"taxonomy":"product_tag","embeddable":true,"href":"https:\/\/www.momengames.com\/index.php\/wp-json\/wp\/v2\/product_tag?post=34947"}],"curies":[{"name":"wp","href":"https:\/\/api.w.org\/{rel}","templated":true}]}}