{"id":34946,"date":"2025-07-26T14:26:51","date_gmt":"2025-07-26T14:26:51","guid":{"rendered":"https:\/\/www.momengames.com\/index.php\/product\/manette-filaire-gamesir-g7-se-pour-xbox-series-xs-xbox-one-et-windows-10-11-manette-de-jeu-plug-and-play-avec-joysticks-a-effet-hall-et-gachette-hall-prise-audio-35-mm\/"},"modified":"2025-07-26T14:26:51","modified_gmt":"2025-07-26T14:26:51","slug":"manette-filaire-gamesir-g7-se-pour-xbox-series-xs-xbox-one-et-windows-10-11-manette-de-jeu-plug-and-play-avec-joysticks-a-effet-hall-et-gachette-hall-prise-audio-35-mm","status":"publish","type":"product","link":"https:\/\/www.momengames.com\/index.php\/product\/manette-filaire-gamesir-g7-se-pour-xbox-series-xs-xbox-one-et-windows-10-11-manette-de-jeu-plug-and-play-avec-joysticks-a-effet-hall-et-gachette-hall-prise-audio-35-mm\/?lang=fr","title":{"rendered":"Manette filaire GameSir G7 SE pour Xbox Series X|S, Xbox One et Windows 10\/11, manette de jeu Plug and Play avec joysticks \u00e0 effet Hall et g\u00e2chette Hall, prise audio 3,5 mm"},"content":{"rendered":"<p>Compatibilit\u00e9 polyvalente\u00a0: compatible avec les consoles Xbox Series X\/S, Xbox One X\/S et PC Windows 10 et versions ult\u00e9rieures (y compris la plateforme de jeu Steam).<br \/>\nContr\u00f4le pr\u00e9cis\u00a0: joysticks et g\u00e2chettes Hall pour un confort optimal, une longue dur\u00e9e de vie et une pr\u00e9cision de jeu am\u00e9lior\u00e9e.<br \/>\n\u3010Plug and Play pratique\u3011Connexion USB filaire (amovible) pour une installation facile et une utilisation instantan\u00e9e sans pilote suppl\u00e9mentaire.<br \/>\nExp\u00e9rience personnalisable\u00a0: inclut deux boutons arri\u00e8re personnalis\u00e9s permettant d&#8217;\u00e9liminer les faux d\u00e9clenchements et d&#8217;am\u00e9liorer l&#8217;exp\u00e9rience de jeu.<br \/>\nGameplay impressionnant\u00a0: offre une g\u00e2chette vibrante puls\u00e9e et un moteur de poign\u00e9e \u00e0 vibrations asym\u00e9triques pour un retour tactile intense.<br \/>\nAudio et confort am\u00e9lior\u00e9s\u00a0: \u00e9quip\u00e9 d&#8217;une interface audio 3,5\u00a0mm pour une connexion fluide avec les casques de jeu et d&#8217;une poign\u00e9e ergonomique \u00e0 texture ultra-fine grav\u00e9e au laser pour des sessions de jeu confortables et antid\u00e9rapantes.<\/p>\n","protected":false},"excerpt":{"rendered":"<p>Compatibilit\u00e9 polyvalente\u00a0: compatible avec les consoles Xbox Series X\/S, Xbox One X\/S et PC Windows 10 et versions ult\u00e9rieures (y compris la plateforme de jeu Steam).<br \/>\nContr\u00f4le pr\u00e9cis\u00a0: joysticks et g\u00e2chettes Hall pour un confort optimal, une longue dur\u00e9e de vie et une pr\u00e9cision de jeu am\u00e9lior\u00e9e.<br \/>\n\u3010Plug and Play pratique\u3011Connexion USB filaire (amovible) pour une installation facile et une utilisation instantan\u00e9e sans pilote suppl\u00e9mentaire.<br \/>\nExp\u00e9rience personnalisable\u00a0: inclut deux boutons arri\u00e8re personnalis\u00e9s permettant d&#8217;\u00e9liminer les faux d\u00e9clenchements et d&#8217;am\u00e9liorer l&#8217;exp\u00e9rience de jeu.<br \/>\nGameplay impressionnant\u00a0: offre une g\u00e2chette vibrante puls\u00e9e et un moteur de poign\u00e9e \u00e0 vibrations asym\u00e9triques pour un retour tactile intense.<br \/>\nAudio et confort am\u00e9lior\u00e9s\u00a0: \u00e9quip\u00e9 d&#8217;une interface audio 3,5\u00a0mm pour une connexion fluide avec les casques de jeu et d&#8217;une poign\u00e9e ergonomique \u00e0 texture ultra-fine grav\u00e9e au laser pour des sessions de jeu confortables et antid\u00e9rapantes.<\/p>\n","protected":false},"featured_media":34101,"comment_status":"open","ping_status":"closed","template":"","meta":{"iawp_total_views":42},"product_brand":[],"product_cat":[40],"product_tag":[],"class_list":{"0":"post-34946","1":"product","2":"type-product","3":"status-publish","4":"has-post-thumbnail","6":"product_cat-pc-gamepads-standard-controllers-fr","8":"first","9":"instock","10":"sale","11":"taxable","12":"shipping-taxable","13":"purchasable","14":"product-type-simple"},"jetpack_sharing_enabled":true,"_links":{"self":[{"href":"https:\/\/www.momengames.com\/index.php\/wp-json\/wp\/v2\/product\/34946","targetHints":{"allow":["GET"]}}],"collection":[{"href":"https:\/\/www.momengames.com\/index.php\/wp-json\/wp\/v2\/product"}],"about":[{"href":"https:\/\/www.momengames.com\/index.php\/wp-json\/wp\/v2\/types\/product"}],"replies":[{"embeddable":true,"href":"https:\/\/www.momengames.com\/index.php\/wp-json\/wp\/v2\/comments?post=34946"}],"wp:featuredmedia":[{"embeddable":true,"href":"https:\/\/www.momengames.com\/index.php\/wp-json\/wp\/v2\/media\/34101"}],"wp:attachment":[{"href":"https:\/\/www.momengames.com\/index.php\/wp-json\/wp\/v2\/media?parent=34946"}],"wp:term":[{"taxonomy":"product_brand","embeddable":true,"href":"https:\/\/www.momengames.com\/index.php\/wp-json\/wp\/v2\/product_brand?post=34946"},{"taxonomy":"product_cat","embeddable":true,"href":"https:\/\/www.momengames.com\/index.php\/wp-json\/wp\/v2\/product_cat?post=34946"},{"taxonomy":"product_tag","embeddable":true,"href":"https:\/\/www.momengames.com\/index.php\/wp-json\/wp\/v2\/product_tag?post=34946"}],"curies":[{"name":"wp","href":"https:\/\/api.w.org\/{rel}","templated":true}]}}