{"id":34945,"date":"2025-07-26T14:21:12","date_gmt":"2025-07-26T14:21:12","guid":{"rendered":"https:\/\/www.momengames.com\/index.php\/product\/manette-bluetooth-8bitdo-pro-2-pour-switch-pc-android-steam-deck-manette-de-jeu-pour-iphone-ipad-macos-et-apple-tv-edition-grise\/"},"modified":"2025-07-26T14:21:12","modified_gmt":"2025-07-26T14:21:12","slug":"manette-bluetooth-8bitdo-pro-2-pour-switch-pc-android-steam-deck-manette-de-jeu-pour-iphone-ipad-macos-et-apple-tv-edition-grise","status":"publish","type":"product","link":"https:\/\/www.momengames.com\/index.php\/product\/manette-bluetooth-8bitdo-pro-2-pour-switch-pc-android-steam-deck-manette-de-jeu-pour-iphone-ipad-macos-et-apple-tv-edition-grise\/?lang=fr","title":{"rendered":"Manette Bluetooth 8BitDo Pro 2 pour Switch, PC, Android, Steam Deck, manette de jeu pour iPhone, iPad, macOS et Apple TV (\u00c9dition Grise)"},"content":{"rendered":"<div class=\"celwidget aplus-module 3p-module-b aplus-standard\" data-csa-c-id=\"knr1vt-8lhwha-frmpt5-sllpj1\" data-cel-widget=\"aplus-3p-module-b\">\n<div class=\"aplus-module-wrapper aplus-3p-fixed-width\"><img decoding=\"async\" class=\"a-spacing-base\" src=\"https:\/\/m.media-amazon.com\/images\/S\/aplus-media-library-service-media\/9b82448f-a4c7-478e-b01b-5a13518e48d0.__CR0,0,970,600_PT0_SX970_V1___.jpg\" alt=\"controller for iphone controller for ios controller for apple\" data-src=\"https:\/\/m.media-amazon.com\/images\/S\/aplus-media-library-service-media\/9b82448f-a4c7-478e-b01b-5a13518e48d0.__CR0,0,970,600_PT0_SX970_V1___.jpg\" \/><\/div>\n<\/div>\n<div class=\"celwidget aplus-module 3p-module-b aplus-standard\" data-csa-c-id=\"b821aq-8h8u3g-k9hk3l-7qu4br\" data-cel-widget=\"aplus-3p-module-b\">\n<div class=\"aplus-module-wrapper aplus-3p-fixed-width\"><img decoding=\"async\" class=\"a-spacing-base\" src=\"https:\/\/m.media-amazon.com\/images\/S\/aplus-media\/vc\/985ccb23-9ef6-44b2-b701-e5496c068dae.__CR0,0,970,600_PT0_SX970_V1___.jpg\" alt=\"mario maker 2, Zelda Breath of the Wild, Borderlands 3, Doom, PUBG\" data-src=\"https:\/\/m.media-amazon.com\/images\/S\/aplus-media\/vc\/985ccb23-9ef6-44b2-b701-e5496c068dae.__CR0,0,970,600_PT0_SX970_V1___.jpg\" \/><\/div>\n<\/div>\n<div class=\"celwidget aplus-module 3p-module-b aplus-standard\" data-csa-c-id=\"ghk7qk-g0bwok-v4ts0p-ewfcw9\" data-cel-widget=\"aplus-3p-module-b\">\n<div class=\"aplus-module-wrapper aplus-3p-fixed-width\"><img decoding=\"async\" class=\"a-spacing-base\" src=\"https:\/\/m.media-amazon.com\/images\/S\/aplus-media\/vc\/1fdeab22-3fbb-4f6e-b786-f2b038d0f7d0.__CR0,0,970,600_PT0_SX970_V1___.jpg\" alt=\"bluetooth controller for Switch wireless bluetooth controller\" data-src=\"https:\/\/m.media-amazon.com\/images\/S\/aplus-media\/vc\/1fdeab22-3fbb-4f6e-b786-f2b038d0f7d0.__CR0,0,970,600_PT0_SX970_V1___.jpg\" \/><\/div>\n<\/div>\n<div class=\"celwidget aplus-module 3p-module-b aplus-standard\" data-csa-c-id=\"v0qx0s-w5pmqa-9m64qs-xz53ft\" data-cel-widget=\"aplus-3p-module-b\">\n<div class=\"aplus-module-wrapper aplus-3p-fixed-width\"><img decoding=\"async\" class=\"a-spacing-base\" src=\"https:\/\/m.media-amazon.com\/images\/S\/aplus-media-library-service-media\/c6af3eef-f9d3-4a16-97db-35387c90f388.__CR0,0,970,600_PT0_SX970_V1___.jpg\" alt=\"controller for iphone controller for ios controller for apple\" data-src=\"https:\/\/m.media-amazon.com\/images\/S\/aplus-media-library-service-media\/c6af3eef-f9d3-4a16-97db-35387c90f388.__CR0,0,970,600_PT0_SX970_V1___.jpg\" \/><\/div>\n<\/div>\n","protected":false},"excerpt":{"rendered":"<p>Compatible avec iPhone, iPad, macOS et Apple TV. (Prise en charge officielle).<br \/>\nCompatible avec Apple, Switch, PC, Android, Steam Deck et Raspberry Pi.<br \/>\n2 boutons arri\u00e8re de qualit\u00e9 professionnelle.<br \/>\nLogiciel ultime d\u00e9sormais disponible sur PC, Android et iOS.<br \/>\nChangement de profil personnalis\u00e9, prise en main am\u00e9lior\u00e9e et bouton de changement de mode quadridirectionnel.<br \/>\nBluetooth sans fil, vibration, commandes par mouvements, USB-C, batterie rechargeable de 20 heures.<\/p>\n","protected":false},"featured_media":34097,"comment_status":"open","ping_status":"closed","template":"","meta":{"iawp_total_views":0},"product_brand":[],"product_cat":[40],"product_tag":[],"class_list":{"0":"post-34945","1":"product","2":"type-product","3":"status-publish","4":"has-post-thumbnail","6":"product_cat-pc-gamepads-standard-controllers-fr","8":"first","9":"instock","10":"sale","11":"taxable","12":"shipping-taxable","13":"purchasable","14":"product-type-simple"},"jetpack_sharing_enabled":true,"_links":{"self":[{"href":"https:\/\/www.momengames.com\/index.php\/wp-json\/wp\/v2\/product\/34945","targetHints":{"allow":["GET"]}}],"collection":[{"href":"https:\/\/www.momengames.com\/index.php\/wp-json\/wp\/v2\/product"}],"about":[{"href":"https:\/\/www.momengames.com\/index.php\/wp-json\/wp\/v2\/types\/product"}],"replies":[{"embeddable":true,"href":"https:\/\/www.momengames.com\/index.php\/wp-json\/wp\/v2\/comments?post=34945"}],"wp:featuredmedia":[{"embeddable":true,"href":"https:\/\/www.momengames.com\/index.php\/wp-json\/wp\/v2\/media\/34097"}],"wp:attachment":[{"href":"https:\/\/www.momengames.com\/index.php\/wp-json\/wp\/v2\/media?parent=34945"}],"wp:term":[{"taxonomy":"product_brand","embeddable":true,"href":"https:\/\/www.momengames.com\/index.php\/wp-json\/wp\/v2\/product_brand?post=34945"},{"taxonomy":"product_cat","embeddable":true,"href":"https:\/\/www.momengames.com\/index.php\/wp-json\/wp\/v2\/product_cat?post=34945"},{"taxonomy":"product_tag","embeddable":true,"href":"https:\/\/www.momengames.com\/index.php\/wp-json\/wp\/v2\/product_tag?post=34945"}],"curies":[{"name":"wp","href":"https:\/\/api.w.org\/{rel}","templated":true}]}}