{"id":34943,"date":"2025-07-25T15:25:07","date_gmt":"2025-07-25T15:25:07","guid":{"rendered":"https:\/\/www.momengames.com\/index.php\/product\/console-de-jeu-portable-retro-rg40xx-h-console-de-jeu-retro-rg40xxh-avec-ecran-ips-4-pouces-systeme-linux-eclairage-rvb-carte-tf-64-go-et-batterie-3200-mah-compatible-wi-fi-5g-bluetooth-4-2-noir\/"},"modified":"2025-07-25T15:25:07","modified_gmt":"2025-07-25T15:25:07","slug":"console-de-jeu-portable-retro-rg40xx-h-console-de-jeu-retro-rg40xxh-avec-ecran-ips-4-pouces-systeme-linux-eclairage-rvb-carte-tf-64-go-et-batterie-3200-mah-compatible-wi-fi-5g-bluetooth-4-2-noir","status":"publish","type":"product","link":"https:\/\/www.momengames.com\/index.php\/product\/console-de-jeu-portable-retro-rg40xx-h-console-de-jeu-retro-rg40xxh-avec-ecran-ips-4-pouces-systeme-linux-eclairage-rvb-carte-tf-64-go-et-batterie-3200-mah-compatible-wi-fi-5g-bluetooth-4-2-noir\/?lang=fr","title":{"rendered":"Console de jeu portable r\u00e9tro RG40XX H Console de jeu r\u00e9tro RG40XXH avec \u00e9cran IPS 4 pouces Syst\u00e8me Linux \u00c9clairage RVB Carte TF 64 Go et batterie 3200 mAh Compatible Wi-Fi 5G Bluetooth 4.2 Noir"},"content":{"rendered":"<p>Syst\u00e8me Linux int\u00e9gr\u00e9. La console de jeu portable r\u00e9tro RG40XXH utilise un processeur ARM Cortex-A53 quadric\u0153ur H700 et un processeur graphique Mali-G31 MP2 double c\u0153ur, offrant des performances de jeu ultra-rapides \u00e0 1,5 GHz. Elle est \u00e9quip\u00e9e d&#8217;un syst\u00e8me Linux 64 bits pour une exp\u00e9rience de jeu plus stable.<\/p>\n<p>Console de jeu portable r\u00e9tro RG40XX H avec batterie lithium 3200 mAh et 64 Go de stockage. Batterie lithium haute capacit\u00e9 int\u00e9gr\u00e9e de 3200 mAh, autonomie en veille prolong\u00e9e. Jusqu&#8217;\u00e0 6 heures d&#8217;autonomie et charge rapide via un c\u00e2ble USB Type-C. La console de jeu portable r\u00e9tro RG40XX H est compatible avec une carte TF 64 Go. Elle prend en charge diff\u00e9rents formats de jeu. Elle prend en charge deux emplacements pour cartes et l&#8217;extension de carte TF, avec une capacit\u00e9 maximale de 512 Go pour r\u00e9pondre \u00e0 vos besoins de jeu vari\u00e9s. Compatible avec le logiciel tiers RixeIHK. La console de jeu portable RG40xxh est compatible avec le logiciel tiers RixelHK, vous permettant ainsi de ne plus chercher une aiguille dans une botte de foin ! RixelHK vous permet de t\u00e9l\u00e9charger vos jeux pr\u00e9f\u00e9r\u00e9s en un clic, avec une recherche pr\u00e9cise et un t\u00e9l\u00e9chargement en un clic. Tout est disponible, s\u00fbr et fiable, \u00e9cologique et non toxique. T\u00e9l\u00e9chargez-les ind\u00e9pendamment sans avoir \u00e0 t\u00e9l\u00e9charger un package int\u00e9gr\u00e9 volumineux. Vous pouvez t\u00e9l\u00e9charger librement les jeux de votre choix depuis le logiciel sans avoir \u00e0 rechercher de ressources de t\u00e9l\u00e9chargement suppl\u00e9mentaires.<br \/>\nEffet d&#8217;\u00e9clairage RVB : La console de jeu portable RG40xxh est \u00e9quip\u00e9e d&#8217;un \u00e9clairage RVB avec un anneau lumineux magique de 16 millions de couleurs, avec luminosit\u00e9 constante, respiration et arc-en-ciel. Modes boucle, poursuite lumineuse et autres.<br \/>\n\u00c9cran IPS 4 pouces. \u00c9cran IPS 4 pouces \u00e0 angle de vision complet, OCA z\u00e9ro distance, r\u00e9solution 640 x 480, image plus nette et couleurs plus satur\u00e9es. Plusieurs m\u00e9thodes de connexion et service apr\u00e8s-vente. L&#8217;\u00e9mulateur portable Anbernic RG40XX H prend en charge les manettes sans fil 2,4 GHz, les manettes filaires et les manettes Bluetooth, offrant ainsi de multiples options pour enrichir votre exp\u00e9rience de jeu. Si votre appareil ne s&#8217;allume pas ou pr\u00e9sente un dysfonctionnement, veuillez contacter le service client.<\/p>\n","protected":false},"excerpt":{"rendered":"<p>Syst\u00e8me Linux int\u00e9gr\u00e9. La console de jeu portable r\u00e9tro RG40XXH utilise un processeur ARM Cortex-A53 quadric\u0153ur H700 et un processeur graphique Mali-G31 MP2 double c\u0153ur, offrant des performances de jeu ultra-rapides \u00e0 1,5 GHz. Elle est \u00e9quip\u00e9e d&#8217;un syst\u00e8me Linux 64 bits pour une exp\u00e9rience de jeu plus stable.<\/p>\n<p>Console de jeu portable r\u00e9tro RG40XX H avec batterie lithium 3200 mAh et 64 Go de stockage. Batterie lithium haute capacit\u00e9 int\u00e9gr\u00e9e de 3200 mAh, autonomie en veille prolong\u00e9e. Jusqu&#8217;\u00e0 6 heures d&#8217;autonomie et charge rapide via un c\u00e2ble USB Type-C. La console de jeu portable r\u00e9tro RG40XX H est compatible avec une carte TF 64 Go. Elle prend en charge diff\u00e9rents formats de jeu. Elle prend en charge deux emplacements pour cartes et l&#8217;extension de carte TF, avec une capacit\u00e9 maximale de 512 Go pour r\u00e9pondre \u00e0 vos besoins de jeu vari\u00e9s. Compatible avec le logiciel tiers RixeIHK. La console de jeu portable RG40xxh est compatible avec le logiciel tiers RixelHK, vous permettant ainsi de ne plus chercher une aiguille dans une botte de foin ! RixelHK vous permet de t\u00e9l\u00e9charger vos jeux pr\u00e9f\u00e9r\u00e9s en un clic, avec une recherche pr\u00e9cise et un t\u00e9l\u00e9chargement en un clic. Tout est disponible, s\u00fbr et fiable, \u00e9cologique et non toxique. T\u00e9l\u00e9chargez-les ind\u00e9pendamment sans avoir \u00e0 t\u00e9l\u00e9charger un package int\u00e9gr\u00e9 volumineux. Vous pouvez t\u00e9l\u00e9charger librement les jeux de votre choix depuis le logiciel sans avoir \u00e0 rechercher de ressources de t\u00e9l\u00e9chargement suppl\u00e9mentaires.<br \/>\nEffet d&#8217;\u00e9clairage RVB : La console de jeu portable RG40xxh est \u00e9quip\u00e9e d&#8217;un \u00e9clairage RVB avec un anneau lumineux magique de 16 millions de couleurs, avec luminosit\u00e9 constante, respiration et arc-en-ciel. Modes boucle, poursuite lumineuse et autres.<br \/>\n\u00c9cran IPS 4 pouces. \u00c9cran IPS 4 pouces \u00e0 angle de vision complet, OCA z\u00e9ro distance, r\u00e9solution 640 x 480, image plus nette et couleurs plus satur\u00e9es. Plusieurs m\u00e9thodes de connexion et service apr\u00e8s-vente. L&#8217;\u00e9mulateur portable Anbernic RG40XX H prend en charge les manettes sans fil 2,4 GHz, les manettes filaires et les manettes Bluetooth, offrant ainsi de multiples options pour enrichir votre exp\u00e9rience de jeu. Si votre appareil ne s&#8217;allume pas ou pr\u00e9sente un dysfonctionnement, veuillez contacter le service client.<\/p>\n","protected":false},"featured_media":34078,"comment_status":"open","ping_status":"closed","template":"","meta":{"iawp_total_views":32},"product_brand":[],"product_cat":[40],"product_tag":[],"class_list":{"0":"post-34943","1":"product","2":"type-product","3":"status-publish","4":"has-post-thumbnail","6":"product_cat-pc-gamepads-standard-controllers-fr","8":"first","9":"instock","10":"sale","11":"taxable","12":"shipping-taxable","13":"purchasable","14":"product-type-simple"},"jetpack_sharing_enabled":true,"_links":{"self":[{"href":"https:\/\/www.momengames.com\/index.php\/wp-json\/wp\/v2\/product\/34943","targetHints":{"allow":["GET"]}}],"collection":[{"href":"https:\/\/www.momengames.com\/index.php\/wp-json\/wp\/v2\/product"}],"about":[{"href":"https:\/\/www.momengames.com\/index.php\/wp-json\/wp\/v2\/types\/product"}],"replies":[{"embeddable":true,"href":"https:\/\/www.momengames.com\/index.php\/wp-json\/wp\/v2\/comments?post=34943"}],"wp:featuredmedia":[{"embeddable":true,"href":"https:\/\/www.momengames.com\/index.php\/wp-json\/wp\/v2\/media\/34078"}],"wp:attachment":[{"href":"https:\/\/www.momengames.com\/index.php\/wp-json\/wp\/v2\/media?parent=34943"}],"wp:term":[{"taxonomy":"product_brand","embeddable":true,"href":"https:\/\/www.momengames.com\/index.php\/wp-json\/wp\/v2\/product_brand?post=34943"},{"taxonomy":"product_cat","embeddable":true,"href":"https:\/\/www.momengames.com\/index.php\/wp-json\/wp\/v2\/product_cat?post=34943"},{"taxonomy":"product_tag","embeddable":true,"href":"https:\/\/www.momengames.com\/index.php\/wp-json\/wp\/v2\/product_tag?post=34943"}],"curies":[{"name":"wp","href":"https:\/\/api.w.org\/{rel}","templated":true}]}}