{"id":34942,"date":"2025-07-25T15:23:51","date_gmt":"2025-07-25T15:23:51","guid":{"rendered":"https:\/\/www.momengames.com\/index.php\/product\/console-de-jeu-portable-retro-rg34xx-linux-ecran-ips-34-pouces-720-x-480-carte-64-go-plus-de-5-000-jeux-classiques-rg34xx-h700-64-bits-batterie-3-500-mah-compatible-bluetooth-et-wi-fi\/"},"modified":"2025-07-25T15:23:51","modified_gmt":"2025-07-25T15:23:51","slug":"console-de-jeu-portable-retro-rg34xx-linux-ecran-ips-34-pouces-720-x-480-carte-64-go-plus-de-5-000-jeux-classiques-rg34xx-h700-64-bits-batterie-3-500-mah-compatible-bluetooth-et-wi-fi","status":"publish","type":"product","link":"https:\/\/www.momengames.com\/index.php\/product\/console-de-jeu-portable-retro-rg34xx-linux-ecran-ips-34-pouces-720-x-480-carte-64-go-plus-de-5-000-jeux-classiques-rg34xx-h700-64-bits-batterie-3-500-mah-compatible-bluetooth-et-wi-fi\/?lang=fr","title":{"rendered":"Console de jeu portable r\u00e9tro RG34XX Linux, \u00e9cran IPS 3,4 pouces 720 x 480, carte 64 Go, plus de 5\u00a0000 jeux classiques, RG34XX H700 64 bits, batterie 3\u00a0500 mAh, compatible Bluetooth et Wi-Fi"},"content":{"rendered":"<p>Console de jeu portable r\u00e9tro RG34XX : La RG34XX est \u00e9quip\u00e9e d&#8217;un \u00e9cran IPS de 3,4 pouces \u00e0 angle de vue complet, avec lamination OCA pour une r\u00e9solution de 720 x 480. Cette console offre des images nettes et des couleurs \u00e9clatantes. Elle propose une vari\u00e9t\u00e9 de couleurs, dont l&#8217;indigo, le noir, le rouge transparent et le vert transparent, pour s&#8217;adapter \u00e0 tous les styles.<br \/>\nPlus de 5000 jeux r\u00e9tro pr\u00e9install\u00e9s sur la RG34XX : Compatible avec une large gamme de formats de jeux, notamment PSP, PS1, ARCADE, etc., la RG34XX permet aux utilisateurs de t\u00e9l\u00e9charger et de jouer \u00e0 leurs jeux pr\u00e9f\u00e9r\u00e9s. Elle prend en charge le Wi-Fi bi-bande 2,4\/5G 802.11a\/b\/g\/n\/ac et le Bluetooth 4.2 pour des connexions rapides et stables, am\u00e9liorant ainsi l&#8217;exp\u00e9rience de jeu. \u3010Capacit\u00e9s multim\u00e9dias RG34XX\u3011La console de jeu portable RG34XX est une v\u00e9ritable machine multim\u00e9dia. Elle dispose d&#8217;un lecteur vid\u00e9o compatible avec les formats wmv, avi, rmvb, flv, mp4, et d&#8217;un lecteur de musique flac, mp3, wav, etc. Elle inclut \u00e9galement un gestionnaire de fichiers, un lecteur de livres num\u00e9riques (format txt) et la lecture en ligne WiliWili. La RG34XX est disponible en plusieurs langues, dont le chinois, l&#8217;anglais, le japonais, le cor\u00e9en, le russe, le fran\u00e7ais, l&#8217;allemand, le portugais et l&#8217;espagnol.<br \/>\n\u3010Batterie RG34XX 3500 mAh, 7 heures d&#8217;autonomie\u3011Profitez jusqu&#8217;\u00e0 7 heures de jeu avec la batterie lithium polym\u00e8re 3500 mAh de la RG34XX. Elle prend en charge la charge 5 V\/1,5 A et est compatible avec les chargeurs C2C. La console prend en charge les connexions sans fil 2,4 GHz, filaires et Bluetooth, la connexion TV HD, le moteur vibrant, le multijoueur en ligne Wi-Fi et le streaming.<br \/>\nDivertissement familial, double plaisir : la sortie TV HD rend l&#8217;\u00e9cran de jeu plus vivant sur grand \u00e9cran, permettant \u00e0 toute la famille de s&#8217;immerger dans une exp\u00e9rience visuelle palpitante. Qu&#8217;il s&#8217;agisse d&#8217;interactions chaleureuses entre parents et enfants ou de r\u00e9unions conviviales entre amis, le RG34XX apporte joie et intimit\u00e9, rendant les moments en famille plus conviviaux et agr\u00e9ables.<\/p>\n","protected":false},"excerpt":{"rendered":"<p>Console de jeu portable r\u00e9tro RG34XX : La RG34XX est \u00e9quip\u00e9e d&#8217;un \u00e9cran IPS de 3,4 pouces \u00e0 angle de vue complet, avec lamination OCA pour une r\u00e9solution de 720 x 480. Cette console offre des images nettes et des couleurs \u00e9clatantes. Elle propose une vari\u00e9t\u00e9 de couleurs, dont l&#8217;indigo, le noir, le rouge transparent et le vert transparent, pour s&#8217;adapter \u00e0 tous les styles.<br \/>\nPlus de 5000 jeux r\u00e9tro pr\u00e9install\u00e9s sur la RG34XX : Compatible avec une large gamme de formats de jeux, notamment PSP, PS1, ARCADE, etc., la RG34XX permet aux utilisateurs de t\u00e9l\u00e9charger et de jouer \u00e0 leurs jeux pr\u00e9f\u00e9r\u00e9s. Elle prend en charge le Wi-Fi bi-bande 2,4\/5G 802.11a\/b\/g\/n\/ac et le Bluetooth 4.2 pour des connexions rapides et stables, am\u00e9liorant ainsi l&#8217;exp\u00e9rience de jeu. \u3010Capacit\u00e9s multim\u00e9dias RG34XX\u3011La console de jeu portable RG34XX est une v\u00e9ritable machine multim\u00e9dia. Elle dispose d&#8217;un lecteur vid\u00e9o compatible avec les formats wmv, avi, rmvb, flv, mp4, et d&#8217;un lecteur de musique flac, mp3, wav, etc. Elle inclut \u00e9galement un gestionnaire de fichiers, un lecteur de livres num\u00e9riques (format txt) et la lecture en ligne WiliWili. La RG34XX est disponible en plusieurs langues, dont le chinois, l&#8217;anglais, le japonais, le cor\u00e9en, le russe, le fran\u00e7ais, l&#8217;allemand, le portugais et l&#8217;espagnol.<br \/>\n\u3010Batterie RG34XX 3500 mAh, 7 heures d&#8217;autonomie\u3011Profitez jusqu&#8217;\u00e0 7 heures de jeu avec la batterie lithium polym\u00e8re 3500 mAh de la RG34XX. Elle prend en charge la charge 5 V\/1,5 A et est compatible avec les chargeurs C2C. La console prend en charge les connexions sans fil 2,4 GHz, filaires et Bluetooth, la connexion TV HD, le moteur vibrant, le multijoueur en ligne Wi-Fi et le streaming.<br \/>\nDivertissement familial, double plaisir : la sortie TV HD rend l&#8217;\u00e9cran de jeu plus vivant sur grand \u00e9cran, permettant \u00e0 toute la famille de s&#8217;immerger dans une exp\u00e9rience visuelle palpitante. Qu&#8217;il s&#8217;agisse d&#8217;interactions chaleureuses entre parents et enfants ou de r\u00e9unions conviviales entre amis, le RG34XX apporte joie et intimit\u00e9, rendant les moments en famille plus conviviaux et agr\u00e9ables.<\/p>\n","protected":false},"featured_media":34075,"comment_status":"open","ping_status":"closed","template":"","meta":{"iawp_total_views":4},"product_brand":[],"product_cat":[40],"product_tag":[],"class_list":{"0":"post-34942","1":"product","2":"type-product","3":"status-publish","4":"has-post-thumbnail","6":"product_cat-pc-gamepads-standard-controllers-fr","8":"first","9":"instock","10":"sale","11":"taxable","12":"shipping-taxable","13":"purchasable","14":"product-type-simple"},"jetpack_sharing_enabled":true,"_links":{"self":[{"href":"https:\/\/www.momengames.com\/index.php\/wp-json\/wp\/v2\/product\/34942","targetHints":{"allow":["GET"]}}],"collection":[{"href":"https:\/\/www.momengames.com\/index.php\/wp-json\/wp\/v2\/product"}],"about":[{"href":"https:\/\/www.momengames.com\/index.php\/wp-json\/wp\/v2\/types\/product"}],"replies":[{"embeddable":true,"href":"https:\/\/www.momengames.com\/index.php\/wp-json\/wp\/v2\/comments?post=34942"}],"wp:featuredmedia":[{"embeddable":true,"href":"https:\/\/www.momengames.com\/index.php\/wp-json\/wp\/v2\/media\/34075"}],"wp:attachment":[{"href":"https:\/\/www.momengames.com\/index.php\/wp-json\/wp\/v2\/media?parent=34942"}],"wp:term":[{"taxonomy":"product_brand","embeddable":true,"href":"https:\/\/www.momengames.com\/index.php\/wp-json\/wp\/v2\/product_brand?post=34942"},{"taxonomy":"product_cat","embeddable":true,"href":"https:\/\/www.momengames.com\/index.php\/wp-json\/wp\/v2\/product_cat?post=34942"},{"taxonomy":"product_tag","embeddable":true,"href":"https:\/\/www.momengames.com\/index.php\/wp-json\/wp\/v2\/product_tag?post=34942"}],"curies":[{"name":"wp","href":"https:\/\/api.w.org\/{rel}","templated":true}]}}