{"id":34941,"date":"2025-07-25T12:53:45","date_gmt":"2025-07-25T12:53:45","guid":{"rendered":"https:\/\/www.momengames.com\/index.php\/product\/souris-apple-magic-mouse-avec-surface-multi-touch-usb-c-sans-fil-defilement-tactile-bluetooth-rechargeable\/"},"modified":"2025-07-25T12:53:45","modified_gmt":"2025-07-25T12:53:45","slug":"souris-apple-magic-mouse-avec-surface-multi-touch-usb-c-sans-fil-defilement-tactile-bluetooth-rechargeable","status":"publish","type":"product","link":"https:\/\/www.momengames.com\/index.php\/product\/souris-apple-magic-mouse-avec-surface-multi-touch-usb-c-sans-fil-defilement-tactile-bluetooth-rechargeable\/?lang=fr","title":{"rendered":"Souris Apple Magic Mouse avec surface multi-touch, USB-C, sans fil, d\u00e9filement tactile, Bluetooth, rechargeable"},"content":{"rendered":"<p>La Magic Mouse est sans fil et rechargeable, avec un design \u00e9l\u00e9gant pour une glisse fluide.<br \/>\nLe design optimis\u00e9 du pied permet des d\u00e9placements fluides sur votre bureau pour une utilisation fluide.<br \/>\nLa surface Multi-Touch permet des gestes simples comme le glissement entre les pages web et le d\u00e9filement.<br \/>\nLa batterie rechargeable offre une autonomie d&#8217;environ un mois ou plus avec une seule charge, pour plus de commodit\u00e9.<br \/>\nPr\u00eat \u00e0 l&#8217;emploi d\u00e8s sa sortie de l&#8217;emballage, il se connecte automatiquement \u00e0 votre Mac instantan\u00e9ment.<br \/>\nComprend un port USB-C et un c\u00e2ble de charge USB-C tiss\u00e9 pour un appairage et une charge faciles.<br \/>\nRechargez tous vos appareils pr\u00e9f\u00e9r\u00e9s avec un seul c\u00e2ble connect\u00e9 \u00e0 votre Mac.<\/p>\n","protected":false},"excerpt":{"rendered":"<p>La Magic Mouse est sans fil et rechargeable, avec un design \u00e9l\u00e9gant pour une glisse fluide.<br \/>\nLe design optimis\u00e9 du pied permet des d\u00e9placements fluides sur votre bureau pour une utilisation fluide.<br \/>\nLa surface Multi-Touch permet des gestes simples comme le glissement entre les pages web et le d\u00e9filement.<br \/>\nLa batterie rechargeable offre une autonomie d&#8217;environ un mois ou plus avec une seule charge, pour plus de commodit\u00e9.<br \/>\nPr\u00eat \u00e0 l&#8217;emploi d\u00e8s sa sortie de l&#8217;emballage, il se connecte automatiquement \u00e0 votre Mac instantan\u00e9ment.<br \/>\nComprend un port USB-C et un c\u00e2ble de charge USB-C tiss\u00e9 pour un appairage et une charge faciles.<br \/>\nRechargez tous vos appareils pr\u00e9f\u00e9r\u00e9s avec un seul c\u00e2ble connect\u00e9 \u00e0 votre Mac.<\/p>\n","protected":false},"featured_media":34071,"comment_status":"open","ping_status":"closed","template":"","meta":{"iawp_total_views":1},"product_brand":[],"product_cat":[39],"product_tag":[],"class_list":{"0":"post-34941","1":"product","2":"type-product","3":"status-publish","4":"has-post-thumbnail","6":"product_cat-electronics-accessories-fr","8":"first","9":"instock","10":"sale","11":"taxable","12":"shipping-taxable","13":"purchasable","14":"product-type-simple"},"jetpack_sharing_enabled":true,"_links":{"self":[{"href":"https:\/\/www.momengames.com\/index.php\/wp-json\/wp\/v2\/product\/34941","targetHints":{"allow":["GET"]}}],"collection":[{"href":"https:\/\/www.momengames.com\/index.php\/wp-json\/wp\/v2\/product"}],"about":[{"href":"https:\/\/www.momengames.com\/index.php\/wp-json\/wp\/v2\/types\/product"}],"replies":[{"embeddable":true,"href":"https:\/\/www.momengames.com\/index.php\/wp-json\/wp\/v2\/comments?post=34941"}],"wp:featuredmedia":[{"embeddable":true,"href":"https:\/\/www.momengames.com\/index.php\/wp-json\/wp\/v2\/media\/34071"}],"wp:attachment":[{"href":"https:\/\/www.momengames.com\/index.php\/wp-json\/wp\/v2\/media?parent=34941"}],"wp:term":[{"taxonomy":"product_brand","embeddable":true,"href":"https:\/\/www.momengames.com\/index.php\/wp-json\/wp\/v2\/product_brand?post=34941"},{"taxonomy":"product_cat","embeddable":true,"href":"https:\/\/www.momengames.com\/index.php\/wp-json\/wp\/v2\/product_cat?post=34941"},{"taxonomy":"product_tag","embeddable":true,"href":"https:\/\/www.momengames.com\/index.php\/wp-json\/wp\/v2\/product_tag?post=34941"}],"curies":[{"name":"wp","href":"https:\/\/api.w.org\/{rel}","templated":true}]}}