{"id":34940,"date":"2025-07-25T12:43:27","date_gmt":"2025-07-25T12:43:27","guid":{"rendered":"https:\/\/www.momengames.com\/index.php\/product\/clavier-apple-sans-fil-magic-keyboard-2-mla22ll-a-et-souris-apple-magic-bluetooth-mouse-2-mla02ll-a-reconditionne\/"},"modified":"2025-07-25T12:43:27","modified_gmt":"2025-07-25T12:43:27","slug":"clavier-apple-sans-fil-magic-keyboard-2-mla22ll-a-et-souris-apple-magic-bluetooth-mouse-2-mla02ll-a-reconditionne","status":"publish","type":"product","link":"https:\/\/www.momengames.com\/index.php\/product\/clavier-apple-sans-fil-magic-keyboard-2-mla22ll-a-et-souris-apple-magic-bluetooth-mouse-2-mla02ll-a-reconditionne\/?lang=fr","title":{"rendered":"Clavier Apple sans fil Magic Keyboard 2 (MLA22LL\/A) et souris Apple Magic Bluetooth Mouse 2 (MLA02LL\/A) (reconditionn\u00e9)"},"content":{"rendered":"<p>La Magic Mouse 2 est pr\u00eate \u00e0 l&#8217;emploi et se connecte automatiquement \u00e0 votre Mac. Elle se charge rapidement\u00a0: 2\u00a0minutes de charge suffisent pour une journ\u00e9e d&#8217;utilisation typique de 9\u00a0heures. La surface Multi-Touch vous permet d&#8217;effectuer des gestes simples, comme naviguer entre les pages web et faire d\u00e9filer des documents.<br \/>\nAvec un m\u00e9canisme \u00e0 ciseaux am\u00e9lior\u00e9 sous chaque touche pour une stabilit\u00e9 accrue, une course de touche optimis\u00e9e et un profil plus fin, le Magic Keyboard offre une exp\u00e9rience de frappe remarquablement confortable et pr\u00e9cise.<br \/>\nLe Magic Keyboard se connecte automatiquement \u00e0 votre Mac, pour que vous puissiez travailler imm\u00e9diatement. N\u00e9cessite Mac OS X v10.11 ou version ult\u00e9rieure.<br \/>\nInclus dans la bo\u00eete\u00a0: un clavier Apple Magic 2, une souris Apple Magic Mouse 2 et un c\u00e2ble de charge Lightning.<\/p>\n","protected":false},"excerpt":{"rendered":"<p>La Magic Mouse 2 est pr\u00eate \u00e0 l&#8217;emploi et se connecte automatiquement \u00e0 votre Mac. Elle se charge rapidement\u00a0: 2\u00a0minutes de charge suffisent pour une journ\u00e9e d&#8217;utilisation typique de 9\u00a0heures. La surface Multi-Touch vous permet d&#8217;effectuer des gestes simples, comme naviguer entre les pages web et faire d\u00e9filer des documents.<br \/>\nAvec un m\u00e9canisme \u00e0 ciseaux am\u00e9lior\u00e9 sous chaque touche pour une stabilit\u00e9 accrue, une course de touche optimis\u00e9e et un profil plus fin, le Magic Keyboard offre une exp\u00e9rience de frappe remarquablement confortable et pr\u00e9cise.<br \/>\nLe Magic Keyboard se connecte automatiquement \u00e0 votre Mac, pour que vous puissiez travailler imm\u00e9diatement. N\u00e9cessite Mac OS X v10.11 ou version ult\u00e9rieure.<br \/>\nInclus dans la bo\u00eete\u00a0: un clavier Apple Magic 2, une souris Apple Magic Mouse 2 et un c\u00e2ble de charge Lightning.<\/p>\n","protected":false},"featured_media":34067,"comment_status":"open","ping_status":"closed","template":"","meta":{"iawp_total_views":1085},"product_brand":[],"product_cat":[46],"product_tag":[],"class_list":{"0":"post-34940","1":"product","2":"type-product","3":"status-publish","4":"has-post-thumbnail","6":"product_cat-renewed-fr","8":"first","9":"instock","10":"sale","11":"taxable","12":"shipping-taxable","13":"purchasable","14":"product-type-simple"},"jetpack_sharing_enabled":true,"_links":{"self":[{"href":"https:\/\/www.momengames.com\/index.php\/wp-json\/wp\/v2\/product\/34940","targetHints":{"allow":["GET"]}}],"collection":[{"href":"https:\/\/www.momengames.com\/index.php\/wp-json\/wp\/v2\/product"}],"about":[{"href":"https:\/\/www.momengames.com\/index.php\/wp-json\/wp\/v2\/types\/product"}],"replies":[{"embeddable":true,"href":"https:\/\/www.momengames.com\/index.php\/wp-json\/wp\/v2\/comments?post=34940"}],"wp:featuredmedia":[{"embeddable":true,"href":"https:\/\/www.momengames.com\/index.php\/wp-json\/wp\/v2\/media\/34067"}],"wp:attachment":[{"href":"https:\/\/www.momengames.com\/index.php\/wp-json\/wp\/v2\/media?parent=34940"}],"wp:term":[{"taxonomy":"product_brand","embeddable":true,"href":"https:\/\/www.momengames.com\/index.php\/wp-json\/wp\/v2\/product_brand?post=34940"},{"taxonomy":"product_cat","embeddable":true,"href":"https:\/\/www.momengames.com\/index.php\/wp-json\/wp\/v2\/product_cat?post=34940"},{"taxonomy":"product_tag","embeddable":true,"href":"https:\/\/www.momengames.com\/index.php\/wp-json\/wp\/v2\/product_tag?post=34940"}],"curies":[{"name":"wp","href":"https:\/\/api.w.org\/{rel}","templated":true}]}}