{"id":34939,"date":"2025-07-25T12:34:48","date_gmt":"2025-07-25T12:34:48","guid":{"rendered":"https:\/\/www.momengames.com\/index.php\/product\/souris-sans-fil-compacte-logitech-mx-anywhere-3s-renouvelee-defilement-rapide-resolution-8-000-ppp-suivi-toutes-surfaces-clics-silencieux-boutons-programmables-usb-c-bluetooth-windows-pc\/"},"modified":"2025-07-25T12:34:48","modified_gmt":"2025-07-25T12:34:48","slug":"souris-sans-fil-compacte-logitech-mx-anywhere-3s-renouvelee-defilement-rapide-resolution-8-000-ppp-suivi-toutes-surfaces-clics-silencieux-boutons-programmables-usb-c-bluetooth-windows-pc","status":"publish","type":"product","link":"https:\/\/www.momengames.com\/index.php\/product\/souris-sans-fil-compacte-logitech-mx-anywhere-3s-renouvelee-defilement-rapide-resolution-8-000-ppp-suivi-toutes-surfaces-clics-silencieux-boutons-programmables-usb-c-bluetooth-windows-pc\/?lang=fr","title":{"rendered":"Souris sans fil compacte Logitech MX Anywhere 3S renouvel\u00e9e, d\u00e9filement rapide, r\u00e9solution 8\u00a0000 ppp, suivi toutes surfaces, clics silencieux, boutons programmables, USB-C, Bluetooth, Windows PC, Linux, Chrome, Mac &#8211; Graphite"},"content":{"rendered":"<p>Suivez partout, emportez-la partout\u00a0: Travaillez sur toutes les surfaces, m\u00eame le verre, avec la souris Bluetooth MX Anywhere 3S. D\u00e9sormais dot\u00e9e d&#8217;un capteur 8\u00a0000\u00a0DPI, elle vous permet de parcourir plus de terrain avec des mouvements subtils.<br \/>\nFluidit\u00e9 accrue et clics silencieux\u00a0: La souris sans fil MX Anywhere 3S offre des clics silencieux\u00a0: la m\u00eame sensation agr\u00e9able, mais avec un bruit de clic r\u00e9duit (que la MX Anywhere 3), pour moins de distraction et une meilleure concentration.<br \/>\nD\u00e9filement \u00e0 1\u00a0000\u00a0lignes par seconde\u00a0: Avec MagSpeed, la molette de d\u00e9filement la plus rapide et la plus pr\u00e9cise de Logitech.<br \/>\nMulti-appareils, multi-syst\u00e8mes d&#8217;exploitation\u00a0: Connectez jusqu&#8217;\u00e0 3\u00a0appareils via Bluetooth sous Windows, macOS, Chrome OS ou Linux. Compatible uniquement avec le r\u00e9cepteur USB Logi Bolt (r\u00e9cepteur non inclus).<br \/>\nConnectivit\u00e9 fluide\u00a0: La souris portable MX Anywhere 3S est con\u00e7ue pour Intel Evo, ce qui garantit sa conformit\u00e9 aux sp\u00e9cifications techniques pour une connexion Bluetooth optimale\u00a0: sans dongles, sans fil, sans souci.<br \/>\nOptimisez votre flux de travail : travaillez sur plusieurs appareils, d\u00e9finissez la vitesse de suivi, personnalisez les boutons et utilisez des personnalisations sp\u00e9cifiques \u00e0 l&#8217;application avec Logi Options+ Souris USB C \u00e0 chargement rapide et longue dur\u00e9e : reste aliment\u00e9e jusqu&#8217;\u00e0 70 jours avec une charge compl\u00e8te et dure jusqu&#8217;\u00e0 3 heures avec une charge d&#8217;une minute ;<\/p>\n","protected":false},"excerpt":{"rendered":"<p>Suivez partout, emportez-la partout\u00a0: Travaillez sur toutes les surfaces, m\u00eame le verre, avec la souris Bluetooth MX Anywhere 3S. D\u00e9sormais dot\u00e9e d&#8217;un capteur 8\u00a0000\u00a0DPI, elle vous permet de parcourir plus de terrain avec des mouvements subtils.<br \/>\nFluidit\u00e9 accrue et clics silencieux\u00a0: La souris sans fil MX Anywhere 3S offre des clics silencieux\u00a0: la m\u00eame sensation agr\u00e9able, mais avec un bruit de clic r\u00e9duit (que la MX Anywhere 3), pour moins de distraction et une meilleure concentration.<br \/>\nD\u00e9filement \u00e0 1\u00a0000\u00a0lignes par seconde\u00a0: Avec MagSpeed, la molette de d\u00e9filement la plus rapide et la plus pr\u00e9cise de Logitech.<br \/>\nMulti-appareils, multi-syst\u00e8mes d&#8217;exploitation\u00a0: Connectez jusqu&#8217;\u00e0 3\u00a0appareils via Bluetooth sous Windows, macOS, Chrome OS ou Linux. Compatible uniquement avec le r\u00e9cepteur USB Logi Bolt (r\u00e9cepteur non inclus).<br \/>\nConnectivit\u00e9 fluide\u00a0: La souris portable MX Anywhere 3S est con\u00e7ue pour Intel Evo, ce qui garantit sa conformit\u00e9 aux sp\u00e9cifications techniques pour une connexion Bluetooth optimale\u00a0: sans dongles, sans fil, sans souci.<br \/>\nOptimisez votre flux de travail : travaillez sur plusieurs appareils, d\u00e9finissez la vitesse de suivi, personnalisez les boutons et utilisez des personnalisations sp\u00e9cifiques \u00e0 l&#8217;application avec Logi Options+ Souris USB C \u00e0 chargement rapide et longue dur\u00e9e : reste aliment\u00e9e jusqu&#8217;\u00e0 70 jours avec une charge compl\u00e8te et dure jusqu&#8217;\u00e0 3 heures avec une charge d&#8217;une minute ;<\/p>\n","protected":false},"featured_media":34063,"comment_status":"open","ping_status":"closed","template":"","meta":{"iawp_total_views":14},"product_brand":[],"product_cat":[46],"product_tag":[],"class_list":{"0":"post-34939","1":"product","2":"type-product","3":"status-publish","4":"has-post-thumbnail","6":"product_cat-renewed-fr","8":"first","9":"instock","10":"sale","11":"taxable","12":"shipping-taxable","13":"purchasable","14":"product-type-simple"},"jetpack_sharing_enabled":true,"_links":{"self":[{"href":"https:\/\/www.momengames.com\/index.php\/wp-json\/wp\/v2\/product\/34939","targetHints":{"allow":["GET"]}}],"collection":[{"href":"https:\/\/www.momengames.com\/index.php\/wp-json\/wp\/v2\/product"}],"about":[{"href":"https:\/\/www.momengames.com\/index.php\/wp-json\/wp\/v2\/types\/product"}],"replies":[{"embeddable":true,"href":"https:\/\/www.momengames.com\/index.php\/wp-json\/wp\/v2\/comments?post=34939"}],"wp:featuredmedia":[{"embeddable":true,"href":"https:\/\/www.momengames.com\/index.php\/wp-json\/wp\/v2\/media\/34063"}],"wp:attachment":[{"href":"https:\/\/www.momengames.com\/index.php\/wp-json\/wp\/v2\/media?parent=34939"}],"wp:term":[{"taxonomy":"product_brand","embeddable":true,"href":"https:\/\/www.momengames.com\/index.php\/wp-json\/wp\/v2\/product_brand?post=34939"},{"taxonomy":"product_cat","embeddable":true,"href":"https:\/\/www.momengames.com\/index.php\/wp-json\/wp\/v2\/product_cat?post=34939"},{"taxonomy":"product_tag","embeddable":true,"href":"https:\/\/www.momengames.com\/index.php\/wp-json\/wp\/v2\/product_tag?post=34939"}],"curies":[{"name":"wp","href":"https:\/\/api.w.org\/{rel}","templated":true}]}}