{"id":34938,"date":"2025-07-25T12:28:34","date_gmt":"2025-07-25T12:28:34","guid":{"rendered":"https:\/\/www.momengames.com\/index.php\/product\/apple-magic-trackpad-2-mj2r2ll-a-renouvele\/"},"modified":"2025-07-25T12:28:34","modified_gmt":"2025-07-25T12:28:34","slug":"apple-magic-trackpad-2-mj2r2ll-a-renouvele","status":"publish","type":"product","link":"https:\/\/www.momengames.com\/index.php\/product\/apple-magic-trackpad-2-mj2r2ll-a-renouvele\/?lang=fr","title":{"rendered":"Apple Magic Trackpad 2 (MJ2R2LL\/A) &#8211; (Renouvel\u00e9)"},"content":{"rendered":"<p>Enti\u00e8rement repens\u00e9, le nouveau Magic Trackpad 2 est dot\u00e9 d&#8217;une batterie int\u00e9gr\u00e9e, de la technologie Force Touch, d&#8217;une surface beaucoup plus grande et se connecte automatiquement \u00e0 votre Mac. Batterie rechargeable int\u00e9gr\u00e9e.<br \/>\nEspace de travail g\u00e9n\u00e9reux\u00a0: la surface vitr\u00e9e du Magic Trackpad 2 est presque 30\u00a0% plus grande que celle du pr\u00e9c\u00e9dent Magic Trackpad. Connecteur\u00a0: Lightning.<br \/>\nAutonomie longue dur\u00e9e\u00a0: votre Magic Trackpad 2 reste charg\u00e9 pendant environ un mois apr\u00e8s chaque charge. La configuration syst\u00e8me requise est un ordinateur Mac compatible Bluetooth 4.0 avec OS X v10.11 ou version ult\u00e9rieure.<\/p>\n","protected":false},"excerpt":{"rendered":"<p>Enti\u00e8rement repens\u00e9, le nouveau Magic Trackpad 2 est dot\u00e9 d&#8217;une batterie int\u00e9gr\u00e9e, de la technologie Force Touch, d&#8217;une surface beaucoup plus grande et se connecte automatiquement \u00e0 votre Mac. Batterie rechargeable int\u00e9gr\u00e9e.<br \/>\nEspace de travail g\u00e9n\u00e9reux\u00a0: la surface vitr\u00e9e du Magic Trackpad 2 est presque 30\u00a0% plus grande que celle du pr\u00e9c\u00e9dent Magic Trackpad. Connecteur\u00a0: Lightning.<br \/>\nAutonomie longue dur\u00e9e\u00a0: votre Magic Trackpad 2 reste charg\u00e9 pendant environ un mois apr\u00e8s chaque charge. La configuration syst\u00e8me requise est un ordinateur Mac compatible Bluetooth 4.0 avec OS X v10.11 ou version ult\u00e9rieure.<\/p>\n","protected":false},"featured_media":34059,"comment_status":"open","ping_status":"closed","template":"","meta":{"iawp_total_views":19},"product_brand":[],"product_cat":[46],"product_tag":[],"class_list":{"0":"post-34938","1":"product","2":"type-product","3":"status-publish","4":"has-post-thumbnail","6":"product_cat-renewed-fr","8":"first","9":"instock","10":"sale","11":"taxable","12":"shipping-taxable","13":"purchasable","14":"product-type-simple"},"jetpack_sharing_enabled":true,"_links":{"self":[{"href":"https:\/\/www.momengames.com\/index.php\/wp-json\/wp\/v2\/product\/34938","targetHints":{"allow":["GET"]}}],"collection":[{"href":"https:\/\/www.momengames.com\/index.php\/wp-json\/wp\/v2\/product"}],"about":[{"href":"https:\/\/www.momengames.com\/index.php\/wp-json\/wp\/v2\/types\/product"}],"replies":[{"embeddable":true,"href":"https:\/\/www.momengames.com\/index.php\/wp-json\/wp\/v2\/comments?post=34938"}],"wp:featuredmedia":[{"embeddable":true,"href":"https:\/\/www.momengames.com\/index.php\/wp-json\/wp\/v2\/media\/34059"}],"wp:attachment":[{"href":"https:\/\/www.momengames.com\/index.php\/wp-json\/wp\/v2\/media?parent=34938"}],"wp:term":[{"taxonomy":"product_brand","embeddable":true,"href":"https:\/\/www.momengames.com\/index.php\/wp-json\/wp\/v2\/product_brand?post=34938"},{"taxonomy":"product_cat","embeddable":true,"href":"https:\/\/www.momengames.com\/index.php\/wp-json\/wp\/v2\/product_cat?post=34938"},{"taxonomy":"product_tag","embeddable":true,"href":"https:\/\/www.momengames.com\/index.php\/wp-json\/wp\/v2\/product_tag?post=34938"}],"curies":[{"name":"wp","href":"https:\/\/api.w.org\/{rel}","templated":true}]}}