{"id":34937,"date":"2025-07-25T11:43:58","date_gmt":"2025-07-25T11:43:58","guid":{"rendered":"https:\/\/www.momengames.com\/index.php\/product\/souris-logitech-mx-master-3s-pour-mac-reconditionnee-souris-bluetooth-sans-fil-avec-defilement-ultra-rapide-ergo-8-000-dpi-clics-silencieux-suivi-sur-verre-personnalisation-usb-c-apple\/"},"modified":"2025-07-25T11:43:58","modified_gmt":"2025-07-25T11:43:58","slug":"souris-logitech-mx-master-3s-pour-mac-reconditionnee-souris-bluetooth-sans-fil-avec-defilement-ultra-rapide-ergo-8-000-dpi-clics-silencieux-suivi-sur-verre-personnalisation-usb-c-apple","status":"publish","type":"product","link":"https:\/\/www.momengames.com\/index.php\/product\/souris-logitech-mx-master-3s-pour-mac-reconditionnee-souris-bluetooth-sans-fil-avec-defilement-ultra-rapide-ergo-8-000-dpi-clics-silencieux-suivi-sur-verre-personnalisation-usb-c-apple\/?lang=fr","title":{"rendered":"Souris Logitech MX Master 3S pour Mac (reconditionn\u00e9e) &#8211; Souris Bluetooth sans fil avec d\u00e9filement ultra-rapide, Ergo, 8\u00a0000 DPI, clics silencieux, suivi sur verre, personnalisation, USB-C, Apple, iPad &#8211; Gris sid\u00e9ral"},"content":{"rendered":"<p>Remasteris\u00e9e pour Mac\u00a0: la souris MX Master 3S pour Mac est optimis\u00e9e pour macOS et compatible avec iPadOS.<\/p>\n<p>Ressentez la performance\u00a0: la souris Bluetooth MX Master 3S pour Mac est dot\u00e9e d&#8217;un capteur 8\u00a0000\u00a0DPI Track-on-Glass et de clics silencieux, offrant 90\u00a0% de bruit de clic en moins.<\/p>\n<p>D\u00e9filement MagSpeed\u00a0: une souris d&#8217;ordinateur remarquablement rapide, pr\u00e9cise et quasi silencieuse. Le d\u00e9filement MagSpeed \u200b\u200best 90\u00a0% plus rapide, 87\u00a0% plus pr\u00e9cis et ultra silencieux.<\/p>\n<p>Conception ergonomique\u00a0: travaillez confortablement avec une souris de pr\u00e9cision dont la silhouette \u00e9pouse la forme du poignet et les commandes au pouce sont id\u00e9alement plac\u00e9es.<\/p>\n<p>Personnalisations sp\u00e9cifiques aux applications\u00a0: acc\u00e9l\u00e9rez et personnalisez votre flux de travail gr\u00e2ce aux profils pr\u00e9d\u00e9finis pour macOS et les applications dans les options Logi plus am\u00e9lior\u00e9es.<\/p>\n<p>Flux de travail multi-Mac\u00a0: associez cette souris sans fil \u00e0 jusqu&#8217;\u00e0 3\u00a0ordinateurs Mac ou portables et transf\u00e9rez facilement du texte, des images et des fichiers entre eux.<br \/>\nRechargeable USB-C vers USB-C\u00a0: 70\u00a0jours d&#8217;autonomie avec une charge compl\u00e8te et 3\u00a0heures d&#8217;utilisation gr\u00e2ce \u00e0 une charge rapide d&#8217;une minute.<\/p>\n<p>Les pi\u00e8ces en plastique de la souris MX Master 3S pour Mac sont fabriqu\u00e9es \u00e0 partir de plastique recycl\u00e9 post-consommation certifi\u00e9 (gris sid\u00e9ral\u00a0: 27\u00a0%, gris p\u00e2le\u00a0: 22\u00a0%).<\/p>\n","protected":false},"excerpt":{"rendered":"<p>Remasteris\u00e9e pour Mac\u00a0: la souris MX Master 3S pour Mac est optimis\u00e9e pour macOS et compatible avec iPadOS.<\/p>\n<p>Ressentez la performance\u00a0: la souris Bluetooth MX Master 3S pour Mac est dot\u00e9e d&#8217;un capteur 8\u00a0000\u00a0DPI Track-on-Glass et de clics silencieux, offrant 90\u00a0% de bruit de clic en moins.<\/p>\n<p>D\u00e9filement MagSpeed\u00a0: une souris d&#8217;ordinateur remarquablement rapide, pr\u00e9cise et quasi silencieuse. Le d\u00e9filement MagSpeed \u200b\u200best 90\u00a0% plus rapide, 87\u00a0% plus pr\u00e9cis et ultra silencieux.<\/p>\n<p>Conception ergonomique\u00a0: travaillez confortablement avec une souris de pr\u00e9cision dont la silhouette \u00e9pouse la forme du poignet et les commandes au pouce sont id\u00e9alement plac\u00e9es.<\/p>\n<p>Personnalisations sp\u00e9cifiques aux applications\u00a0: acc\u00e9l\u00e9rez et personnalisez votre flux de travail gr\u00e2ce aux profils pr\u00e9d\u00e9finis pour macOS et les applications dans les options Logi plus am\u00e9lior\u00e9es.<\/p>\n<p>Flux de travail multi-Mac\u00a0: associez cette souris sans fil \u00e0 jusqu&#8217;\u00e0 3\u00a0ordinateurs Mac ou portables et transf\u00e9rez facilement du texte, des images et des fichiers entre eux.<br \/>\nRechargeable USB-C vers USB-C\u00a0: 70\u00a0jours d&#8217;autonomie avec une charge compl\u00e8te et 3\u00a0heures d&#8217;utilisation gr\u00e2ce \u00e0 une charge rapide d&#8217;une minute.<\/p>\n<p>Les pi\u00e8ces en plastique de la souris MX Master 3S pour Mac sont fabriqu\u00e9es \u00e0 partir de plastique recycl\u00e9 post-consommation certifi\u00e9 (gris sid\u00e9ral\u00a0: 27\u00a0%, gris p\u00e2le\u00a0: 22\u00a0%).<\/p>\n","protected":false},"featured_media":34055,"comment_status":"open","ping_status":"closed","template":"","meta":{"iawp_total_views":8},"product_brand":[],"product_cat":[46],"product_tag":[],"class_list":{"0":"post-34937","1":"product","2":"type-product","3":"status-publish","4":"has-post-thumbnail","6":"product_cat-renewed-fr","8":"first","9":"instock","10":"sale","11":"taxable","12":"shipping-taxable","13":"purchasable","14":"product-type-simple"},"jetpack_sharing_enabled":true,"_links":{"self":[{"href":"https:\/\/www.momengames.com\/index.php\/wp-json\/wp\/v2\/product\/34937","targetHints":{"allow":["GET"]}}],"collection":[{"href":"https:\/\/www.momengames.com\/index.php\/wp-json\/wp\/v2\/product"}],"about":[{"href":"https:\/\/www.momengames.com\/index.php\/wp-json\/wp\/v2\/types\/product"}],"replies":[{"embeddable":true,"href":"https:\/\/www.momengames.com\/index.php\/wp-json\/wp\/v2\/comments?post=34937"}],"wp:featuredmedia":[{"embeddable":true,"href":"https:\/\/www.momengames.com\/index.php\/wp-json\/wp\/v2\/media\/34055"}],"wp:attachment":[{"href":"https:\/\/www.momengames.com\/index.php\/wp-json\/wp\/v2\/media?parent=34937"}],"wp:term":[{"taxonomy":"product_brand","embeddable":true,"href":"https:\/\/www.momengames.com\/index.php\/wp-json\/wp\/v2\/product_brand?post=34937"},{"taxonomy":"product_cat","embeddable":true,"href":"https:\/\/www.momengames.com\/index.php\/wp-json\/wp\/v2\/product_cat?post=34937"},{"taxonomy":"product_tag","embeddable":true,"href":"https:\/\/www.momengames.com\/index.php\/wp-json\/wp\/v2\/product_tag?post=34937"}],"curies":[{"name":"wp","href":"https:\/\/api.w.org\/{rel}","templated":true}]}}