{"id":34935,"date":"2025-07-25T11:31:45","date_gmt":"2025-07-25T11:31:45","guid":{"rendered":"https:\/\/www.momengames.com\/index.php\/product\/console-de-jeu-portable-open-source-r36s-64-go-plus-de-15-000-jeux-emulateurs-portables-ecran-ips-35-pouces-noir\/"},"modified":"2025-07-25T11:31:45","modified_gmt":"2025-07-25T11:31:45","slug":"console-de-jeu-portable-open-source-r36s-64-go-plus-de-15-000-jeux-emulateurs-portables-ecran-ips-35-pouces-noir","status":"publish","type":"product","link":"https:\/\/www.momengames.com\/index.php\/product\/console-de-jeu-portable-open-source-r36s-64-go-plus-de-15-000-jeux-emulateurs-portables-ecran-ips-35-pouces-noir\/?lang=fr","title":{"rendered":"Console de jeu portable open source R36s, 64 Go, plus de 15\u00a0000 jeux, \u00e9mulateurs portables, \u00e9cran IPS 3,5 pouces (noir)"},"content":{"rendered":"<p>Console de jeu portable R36S\u00a0: syst\u00e8me Linux open source, \u00e9cran IPS OCA Full HD MIPI de 3,5\u00a0pouces, r\u00e9solution\u00a0: 640\u00a0x\u00a0480, processeur gaming professionnel\u00a0: RK3326, 1,5\u00a0Hz, syst\u00e8me gaming 64\u00a0bits, compatible avec les jeux 2D et certains jeux 3D. Afin de minimiser les dommages, veuillez \u00e9teindre la console R36S en appuyant sur la touche Marche\/Arr\u00eat. Un appui direct sur le bouton d&#8217;alimentation peut entra\u00eener des dysfonctionnements.<br \/>\nConsole de jeu portable double syst\u00e8me\u00a0: syst\u00e8me open source, \u00e9mulateur compatible avec des dizaines d&#8217;\u00e9mulateurs. 4\u00a0touches gauche\/droite \u00e0 l&#8217;arri\u00e8re du ressort, combin\u00e9es \u00e0 une conception ergonomique pour une meilleure prise en main. Batterie haute capacit\u00e9 de 3200 mAh : la console de jeu r\u00e9tro portable est \u00e9quip\u00e9e d&#8217;une batterie haute capacit\u00e9 de 3200 mAh avec un mode de charge\/d\u00e9charge bidirectionnel s\u00e9curis\u00e9, offrant jusqu&#8217;\u00e0 4 heures de jeu fluide gr\u00e2ce \u00e0 sa charge compl\u00e8te.<br \/>\nPort OTG pliable am\u00e9lior\u00e9 : la console de jeu r\u00e9tro R36S permet un affichage grand \u00e9cran gr\u00e2ce \u00e0 son port pliable et permet \u00e9galement de jouer \u00e0 deux joueurs gr\u00e2ce au c\u00e2ble adaptateur connect\u00e9 \u00e0 la poign\u00e9e.<br \/>\nDouble joystick 3D : la console de jeu vid\u00e9o est \u00e9quip\u00e9e d&#8217;un joystick \u00e0 touches crois\u00e9es. Vous pouvez choisir la combinaison de touches la plus adapt\u00e9e \u00e0 chaque jeu, am\u00e9liorant ainsi votre exp\u00e9rience de jeu. En cas de probl\u00e8me, n&#8217;h\u00e9sitez pas \u00e0 nous contacter \u00e0 tout moment\u00a0; nous le r\u00e9soudrons au plus vite.<\/p>\n","protected":false},"excerpt":{"rendered":"<p>Console de jeu portable R36S\u00a0: syst\u00e8me Linux open source, \u00e9cran IPS OCA Full HD MIPI de 3,5\u00a0pouces, r\u00e9solution\u00a0: 640\u00a0x\u00a0480, processeur gaming professionnel\u00a0: RK3326, 1,5\u00a0Hz, syst\u00e8me gaming 64\u00a0bits, compatible avec les jeux 2D et certains jeux 3D. Afin de minimiser les dommages, veuillez \u00e9teindre la console R36S en appuyant sur la touche Marche\/Arr\u00eat. Un appui direct sur le bouton d&#8217;alimentation peut entra\u00eener des dysfonctionnements.<br \/>\nConsole de jeu portable double syst\u00e8me\u00a0: syst\u00e8me open source, \u00e9mulateur compatible avec des dizaines d&#8217;\u00e9mulateurs. 4\u00a0touches gauche\/droite \u00e0 l&#8217;arri\u00e8re du ressort, combin\u00e9es \u00e0 une conception ergonomique pour une meilleure prise en main. Batterie haute capacit\u00e9 de 3200 mAh : la console de jeu r\u00e9tro portable est \u00e9quip\u00e9e d&#8217;une batterie haute capacit\u00e9 de 3200 mAh avec un mode de charge\/d\u00e9charge bidirectionnel s\u00e9curis\u00e9, offrant jusqu&#8217;\u00e0 4 heures de jeu fluide gr\u00e2ce \u00e0 sa charge compl\u00e8te.<br \/>\nPort OTG pliable am\u00e9lior\u00e9 : la console de jeu r\u00e9tro R36S permet un affichage grand \u00e9cran gr\u00e2ce \u00e0 son port pliable et permet \u00e9galement de jouer \u00e0 deux joueurs gr\u00e2ce au c\u00e2ble adaptateur connect\u00e9 \u00e0 la poign\u00e9e.<br \/>\nDouble joystick 3D : la console de jeu vid\u00e9o est \u00e9quip\u00e9e d&#8217;un joystick \u00e0 touches crois\u00e9es. Vous pouvez choisir la combinaison de touches la plus adapt\u00e9e \u00e0 chaque jeu, am\u00e9liorant ainsi votre exp\u00e9rience de jeu. En cas de probl\u00e8me, n&#8217;h\u00e9sitez pas \u00e0 nous contacter \u00e0 tout moment\u00a0; nous le r\u00e9soudrons au plus vite.<\/p>\n","protected":false},"featured_media":34047,"comment_status":"open","ping_status":"closed","template":"","meta":{"iawp_total_views":4},"product_brand":[],"product_cat":[40],"product_tag":[],"class_list":{"0":"post-34935","1":"product","2":"type-product","3":"status-publish","4":"has-post-thumbnail","6":"product_cat-pc-gamepads-standard-controllers-fr","8":"first","9":"instock","10":"sale","11":"taxable","12":"shipping-taxable","13":"purchasable","14":"product-type-simple"},"jetpack_sharing_enabled":true,"_links":{"self":[{"href":"https:\/\/www.momengames.com\/index.php\/wp-json\/wp\/v2\/product\/34935","targetHints":{"allow":["GET"]}}],"collection":[{"href":"https:\/\/www.momengames.com\/index.php\/wp-json\/wp\/v2\/product"}],"about":[{"href":"https:\/\/www.momengames.com\/index.php\/wp-json\/wp\/v2\/types\/product"}],"replies":[{"embeddable":true,"href":"https:\/\/www.momengames.com\/index.php\/wp-json\/wp\/v2\/comments?post=34935"}],"wp:featuredmedia":[{"embeddable":true,"href":"https:\/\/www.momengames.com\/index.php\/wp-json\/wp\/v2\/media\/34047"}],"wp:attachment":[{"href":"https:\/\/www.momengames.com\/index.php\/wp-json\/wp\/v2\/media?parent=34935"}],"wp:term":[{"taxonomy":"product_brand","embeddable":true,"href":"https:\/\/www.momengames.com\/index.php\/wp-json\/wp\/v2\/product_brand?post=34935"},{"taxonomy":"product_cat","embeddable":true,"href":"https:\/\/www.momengames.com\/index.php\/wp-json\/wp\/v2\/product_cat?post=34935"},{"taxonomy":"product_tag","embeddable":true,"href":"https:\/\/www.momengames.com\/index.php\/wp-json\/wp\/v2\/product_tag?post=34935"}],"curies":[{"name":"wp","href":"https:\/\/api.w.org\/{rel}","templated":true}]}}