{"id":34934,"date":"2025-06-09T14:48:48","date_gmt":"2025-06-09T14:48:48","guid":{"rendered":"https:\/\/www.momengames.com\/index.php\/product\/manette-sans-fil-dualsense-playstation-5-renouvelee-edition-limitee-monster-hunter-wilds\/"},"modified":"2025-06-09T14:48:48","modified_gmt":"2025-06-09T14:48:48","slug":"manette-sans-fil-dualsense-playstation-5-renouvelee-edition-limitee-monster-hunter-wilds","status":"publish","type":"product","link":"https:\/\/www.momengames.com\/index.php\/product\/manette-sans-fil-dualsense-playstation-5-renouvelee-edition-limitee-monster-hunter-wilds\/?lang=fr","title":{"rendered":"Manette sans fil DualSense PlayStation 5 renouvel\u00e9e &#8211; \u00c9dition limit\u00e9e Monster Hunter Wilds"},"content":{"rendered":"<p>Pr\u00e9parez-vous \u00e0 affronter des b\u00eates f\u00e9roces avec la manette sans fil DualSense exclusive Monster Hunter Wilds Edition pour PlayStation 5. Dot\u00e9e d&#8217;un design saisissant inspir\u00e9 de la nature, avec des illustrations et des d\u00e9tails audacieux, cette manette capture parfaitement l&#8217;univers impitoyable de la c\u00e9l\u00e8bre s\u00e9rie de jeux de chasse. Que vous exploriez de vastes \u00e9tendues ou affrontiez des cr\u00e9atures titanesques, cette manette offre une immersion de jeu in\u00e9gal\u00e9e. Gr\u00e2ce au retour haptique dynamique et aux g\u00e2chettes adaptatives, vous ressentirez chaque action avec une pr\u00e9cision \u00e9poustouflante\u00a0: les cordes d&#8217;arc se tendent, les armes s&#8217;entrechoquent, et bien plus encore. Le microphone int\u00e9gr\u00e9, les commandes par mouvements et le chargement USB Type-C optimisent votre exp\u00e9rience, tandis que la disposition bicolore et les joysticks am\u00e9lior\u00e9s offrent une pr\u00e9cision ergonomique optimale \u00e0 chaque chasse. Saisissez l&#8217;occasion de vous \u00e9quiper d&#8217;une manette rare, digne du plus f\u00e9roce des chasseurs de monstres\u00a0!<\/p>\n","protected":false},"excerpt":{"rendered":"<p>Pr\u00e9parez-vous \u00e0 affronter des b\u00eates f\u00e9roces avec la manette sans fil DualSense exclusive Monster Hunter Wilds Edition pour PlayStation 5. Dot\u00e9e d&#8217;un design saisissant inspir\u00e9 de la nature, avec des illustrations et des d\u00e9tails audacieux, cette manette capture parfaitement l&#8217;univers impitoyable de la c\u00e9l\u00e8bre s\u00e9rie de jeux de chasse. Que vous exploriez de vastes \u00e9tendues ou affrontiez des cr\u00e9atures titanesques, cette manette offre une immersion de jeu in\u00e9gal\u00e9e. Gr\u00e2ce au retour haptique dynamique et aux g\u00e2chettes adaptatives, vous ressentirez chaque action avec une pr\u00e9cision \u00e9poustouflante\u00a0: les cordes d&#8217;arc se tendent, les armes s&#8217;entrechoquent, et bien plus encore. Le microphone int\u00e9gr\u00e9, les commandes par mouvements et le chargement USB Type-C optimisent votre exp\u00e9rience, tandis que la disposition bicolore et les joysticks am\u00e9lior\u00e9s offrent une pr\u00e9cision ergonomique optimale \u00e0 chaque chasse. Saisissez l&#8217;occasion de vous \u00e9quiper d&#8217;une manette rare, digne du plus f\u00e9roce des chasseurs de monstres\u00a0!<\/p>\n","protected":false},"featured_media":33422,"comment_status":"open","ping_status":"closed","template":"","meta":{"iawp_total_views":191},"product_brand":[],"product_cat":[46],"product_tag":[],"class_list":{"0":"post-34934","1":"product","2":"type-product","3":"status-publish","4":"has-post-thumbnail","6":"product_cat-renewed-fr","8":"first","9":"instock","10":"sale","11":"taxable","12":"shipping-taxable","13":"purchasable","14":"product-type-simple"},"jetpack_sharing_enabled":true,"_links":{"self":[{"href":"https:\/\/www.momengames.com\/index.php\/wp-json\/wp\/v2\/product\/34934","targetHints":{"allow":["GET"]}}],"collection":[{"href":"https:\/\/www.momengames.com\/index.php\/wp-json\/wp\/v2\/product"}],"about":[{"href":"https:\/\/www.momengames.com\/index.php\/wp-json\/wp\/v2\/types\/product"}],"replies":[{"embeddable":true,"href":"https:\/\/www.momengames.com\/index.php\/wp-json\/wp\/v2\/comments?post=34934"}],"wp:featuredmedia":[{"embeddable":true,"href":"https:\/\/www.momengames.com\/index.php\/wp-json\/wp\/v2\/media\/33422"}],"wp:attachment":[{"href":"https:\/\/www.momengames.com\/index.php\/wp-json\/wp\/v2\/media?parent=34934"}],"wp:term":[{"taxonomy":"product_brand","embeddable":true,"href":"https:\/\/www.momengames.com\/index.php\/wp-json\/wp\/v2\/product_brand?post=34934"},{"taxonomy":"product_cat","embeddable":true,"href":"https:\/\/www.momengames.com\/index.php\/wp-json\/wp\/v2\/product_cat?post=34934"},{"taxonomy":"product_tag","embeddable":true,"href":"https:\/\/www.momengames.com\/index.php\/wp-json\/wp\/v2\/product_tag?post=34934"}],"curies":[{"name":"wp","href":"https:\/\/api.w.org\/{rel}","templated":true}]}}