{"id":34933,"date":"2025-05-23T12:14:07","date_gmt":"2025-05-23T12:14:07","guid":{"rendered":"https:\/\/www.momengames.com\/index.php\/product\/manette-sans-fil-playstation-dualsense-noir-minuit\/"},"modified":"2025-05-23T12:14:07","modified_gmt":"2025-05-23T12:14:07","slug":"manette-sans-fil-playstation-dualsense-noir-minuit","status":"publish","type":"product","link":"https:\/\/www.momengames.com\/index.php\/product\/manette-sans-fil-playstation-dualsense-noir-minuit\/?lang=fr","title":{"rendered":"Manette sans fil PlayStation DualSense\u00ae &#8211; Noir minuit"},"content":{"rendered":"<p>Du fabricant<br \/>\nD\u00e9couvrez une exp\u00e9rience de jeu plus profonde et immersive qui donne vie \u00e0 l&#8217;action au creux de vos mains. La manette sans fil DualSense offre un retour haptique immersif, des g\u00e2chettes adaptatives dynamiques et un microphone int\u00e9gr\u00e9, le tout dans un design embl\u00e9matique et confortable. Compar\u00e9 \u00e0 la manette sans fil DUALSHOCK 4. Disponible lorsque la fonctionnalit\u00e9 est prise en charge par le jeu.<\/p>\n<p>\u00c9veillez vos sens. Contr\u00f4le pr\u00e9cis, confort exclusif et immersion innovante.<\/p>\n<p>Donnez vie \u00e0 vos univers de jeu et ressentez un retour r\u00e9actif \u00e0 vos actions.<\/p>\n<p>Une ic\u00f4ne du jeu entre vos mains, un confort exclusif, un contr\u00f4le intuitif et une recharge facile.<\/p>\n<p>Une famille assise sur le canap\u00e9, jouant \u00e0 des jeux avec des manettes sans fil DualSense.<\/p>\n<p>Jouez ensemble avec style, personnalisez votre configuration et ajoutez des joueurs.<\/p>\n<p>Am\u00e9liorez votre jeu sur PC, MAC et appareils mobiles.<\/p>\n","protected":false},"excerpt":{"rendered":"<p>Du fabricant<br \/>\nD\u00e9couvrez une exp\u00e9rience de jeu plus profonde et immersive qui donne vie \u00e0 l&#8217;action au creux de vos mains. La manette sans fil DualSense offre un retour haptique immersif, des g\u00e2chettes adaptatives dynamiques et un microphone int\u00e9gr\u00e9, le tout dans un design embl\u00e9matique et confortable. Compar\u00e9 \u00e0 la manette sans fil DUALSHOCK 4. Disponible lorsque la fonctionnalit\u00e9 est prise en charge par le jeu.<\/p>\n<p>\u00c9veillez vos sens. Contr\u00f4le pr\u00e9cis, confort exclusif et immersion innovante.<\/p>\n<p>Donnez vie \u00e0 vos univers de jeu et ressentez un retour r\u00e9actif \u00e0 vos actions.<\/p>\n<p>Une ic\u00f4ne du jeu entre vos mains, un confort exclusif, un contr\u00f4le intuitif et une recharge facile.<\/p>\n<p>Une famille assise sur le canap\u00e9, jouant \u00e0 des jeux avec des manettes sans fil DualSense.<\/p>\n<p>Jouez ensemble avec style, personnalisez votre configuration et ajoutez des joueurs.<\/p>\n<p>Am\u00e9liorez votre jeu sur PC, MAC et appareils mobiles.<\/p>\n","protected":false},"featured_media":33063,"comment_status":"open","ping_status":"closed","template":"","meta":{"iawp_total_views":1819},"product_brand":[],"product_cat":[40],"product_tag":[],"class_list":{"0":"post-34933","1":"product","2":"type-product","3":"status-publish","4":"has-post-thumbnail","6":"product_cat-pc-gamepads-standard-controllers-fr","8":"first","9":"instock","10":"sale","11":"taxable","12":"shipping-taxable","13":"purchasable","14":"product-type-simple"},"jetpack_sharing_enabled":true,"_links":{"self":[{"href":"https:\/\/www.momengames.com\/index.php\/wp-json\/wp\/v2\/product\/34933","targetHints":{"allow":["GET"]}}],"collection":[{"href":"https:\/\/www.momengames.com\/index.php\/wp-json\/wp\/v2\/product"}],"about":[{"href":"https:\/\/www.momengames.com\/index.php\/wp-json\/wp\/v2\/types\/product"}],"replies":[{"embeddable":true,"href":"https:\/\/www.momengames.com\/index.php\/wp-json\/wp\/v2\/comments?post=34933"}],"wp:featuredmedia":[{"embeddable":true,"href":"https:\/\/www.momengames.com\/index.php\/wp-json\/wp\/v2\/media\/33063"}],"wp:attachment":[{"href":"https:\/\/www.momengames.com\/index.php\/wp-json\/wp\/v2\/media?parent=34933"}],"wp:term":[{"taxonomy":"product_brand","embeddable":true,"href":"https:\/\/www.momengames.com\/index.php\/wp-json\/wp\/v2\/product_brand?post=34933"},{"taxonomy":"product_cat","embeddable":true,"href":"https:\/\/www.momengames.com\/index.php\/wp-json\/wp\/v2\/product_cat?post=34933"},{"taxonomy":"product_tag","embeddable":true,"href":"https:\/\/www.momengames.com\/index.php\/wp-json\/wp\/v2\/product_tag?post=34933"}],"curies":[{"name":"wp","href":"https:\/\/api.w.org\/{rel}","templated":true}]}}