{"id":34930,"date":"2025-05-21T13:48:14","date_gmt":"2025-05-21T13:48:14","guid":{"rendered":"https:\/\/www.momengames.com\/index.php\/product\/apple-ipad-10e-generation-remis-a-neuf-puce-a14-bionic-ecran-liquid-retina-109-pouces-64-go-wi-fi-6-appareil-photo-avant-12-mp-arriere-12-mp-touch-id-autonomie-dun\/"},"modified":"2025-05-21T13:48:14","modified_gmt":"2025-05-21T13:48:14","slug":"apple-ipad-10e-generation-remis-a-neuf-puce-a14-bionic-ecran-liquid-retina-109-pouces-64-go-wi-fi-6-appareil-photo-avant-12-mp-arriere-12-mp-touch-id-autonomie-dun","status":"publish","type":"product","link":"https:\/\/www.momengames.com\/index.php\/product\/apple-ipad-10e-generation-remis-a-neuf-puce-a14-bionic-ecran-liquid-retina-109-pouces-64-go-wi-fi-6-appareil-photo-avant-12-mp-arriere-12-mp-touch-id-autonomie-dun\/?lang=fr","title":{"rendered":"Apple iPad (10e g\u00e9n\u00e9ration) remis \u00e0 neuf\u00a0: puce A14 Bionic, \u00e9cran Liquid Retina 10,9 pouces, 64\u00a0Go, Wi-Fi\u00a06, appareil photo avant 12\u00a0MP\/arri\u00e8re 12\u00a0MP, Touch ID, autonomie d&#8217;une journ\u00e9e"},"content":{"rendered":"<div id=\"btfContent12_feature_div\" class=\"celwidget flavor-1752\" data-feature-name=\"btfContent12\" data-csa-c-type=\"widget\" data-csa-c-content-id=\"btfContent12\" data-csa-c-slot-id=\"btfContent12_feature_div\" data-csa-c-asin=\"\" data-csa-c-is-in-initial-active-row=\"false\" data-csa-c-id=\"3ljtz0-b2r34i-6fh6yi-ncjrnt\" data-cel-widget=\"btfContent12_feature_div\">\n<div id=\"\" class=\"content-grid-wrapper mako-v2\">\n<div id=\"apple-river-image-container-0\" class=\"content-grid-row-wrapper \" data-lazy-loading-background-image=\"\">\n<div class=\"a-row\">\n<div class=\"content-grid-col-wrapper override-column-spacing\">\n<div class=\"a-column a-span12 block-content block-type-image textalign-center\">\n<div class=\"content-grid-block\"><img decoding=\"async\" class=\"\" src=\"https:\/\/m.media-amazon.com\/images\/G\/01\/apple\/iPad_10th_generation_Product_Page_L_5G__en-US_01_updated._CB573774790_.jpg\" alt=\"Apple iPad 10th Gen\" data-a-hires=\"https:\/\/m.media-amazon.com\/images\/G\/01\/apple\/iPad_10th_generation_Product_Page_L_5G__en-US_01_updated._CB573774790_.jpg\" \/><\/div>\n<\/div>\n<\/div>\n<\/div>\n<\/div>\n<div id=\"apple-river-image-container-1\" class=\"content-grid-row-wrapper \" data-lazy-loading-background-image=\"\">\n<div class=\"a-row\">\n<div class=\"content-grid-col-wrapper override-column-spacing\">\n<div class=\"a-column a-span12 block-content block-type-image textalign-center\">\n<div class=\"content-grid-block\"><img decoding=\"async\" class=\"\" src=\"https:\/\/m.media-amazon.com\/images\/G\/01\/apple\/iPad_10th_generation_Product_Page_L_5G__en-US_02_updated._CB573774790_.jpg\" alt=\"Apple iPad 10th Gen\" data-a-hires=\"https:\/\/m.media-amazon.com\/images\/G\/01\/apple\/iPad_10th_generation_Product_Page_L_5G__en-US_02_updated._CB573774790_.jpg\" \/><\/div>\n<\/div>\n<\/div>\n<\/div>\n<\/div>\n<div id=\"apple-river-image-container-2\" class=\"content-grid-row-wrapper \" data-lazy-loading-background-image=\"\">\n<div class=\"a-row\">\n<div class=\"content-grid-col-wrapper override-column-spacing\">\n<div class=\"a-column a-span12 block-content block-type-image textalign-center\">\n<div class=\"content-grid-block\"><img decoding=\"async\" class=\"\" src=\"https:\/\/m.media-amazon.com\/images\/G\/01\/apple\/iPad_10th_generation_Product_Page_L_5G__en-US_03_updated._CB573774790_.jpg\" alt=\"Apple iPad 10th Gen\" data-a-hires=\"https:\/\/m.media-amazon.com\/images\/G\/01\/apple\/iPad_10th_generation_Product_Page_L_5G__en-US_03_updated._CB573774790_.jpg\" \/><\/div>\n<\/div>\n<\/div>\n<\/div>\n<\/div>\n<div id=\"apple-river-image-container-3\" class=\"content-grid-row-wrapper \" data-lazy-loading-background-image=\"\">\n<div class=\"a-row\">\n<div class=\"content-grid-col-wrapper override-column-spacing\">\n<div class=\"a-column a-span12 block-content block-type-image textalign-center\">\n<div class=\"content-grid-block\"><img decoding=\"async\" class=\"\" src=\"https:\/\/m.media-amazon.com\/images\/G\/01\/apple\/iPad_10th_generation_Product_Page_L_5G__en-US_04_updated._CB573774790_.jpg\" alt=\"Apple iPad 10th Gen\" data-a-hires=\"https:\/\/m.media-amazon.com\/images\/G\/01\/apple\/iPad_10th_generation_Product_Page_L_5G__en-US_04_updated._CB573774790_.jpg\" \/><\/div>\n<\/div>\n<\/div>\n<\/div>\n<\/div>\n<div id=\"apple-river-image-container-4\" class=\"content-grid-row-wrapper \" data-lazy-loading-background-image=\"\">\n<div class=\"a-row\">\n<div class=\"content-grid-col-wrapper override-column-spacing\">\n<div class=\"a-column a-span12 block-content block-type-image textalign-center\">\n<div class=\"content-grid-block\"><img decoding=\"async\" class=\"\" src=\"https:\/\/m.media-amazon.com\/images\/G\/01\/apple\/iPad_10th_generation_Product_Page_L_5G__en-US_05_updated._CB573774790_.jpg\" alt=\"Apple iPad 10th Gen\" data-a-hires=\"https:\/\/m.media-amazon.com\/images\/G\/01\/apple\/iPad_10th_generation_Product_Page_L_5G__en-US_05_updated._CB573774790_.jpg\" \/><\/div>\n<\/div>\n<\/div>\n<\/div>\n<\/div>\n<div id=\"apple-river-image-container-5\" class=\"content-grid-row-wrapper \" data-lazy-loading-background-image=\"\">\n<div class=\"a-row\">\n<div class=\"content-grid-col-wrapper override-column-spacing\">\n<div class=\"a-column a-span12 block-content block-type-image textalign-center\">\n<div class=\"content-grid-block\"><img decoding=\"async\" class=\"\" src=\"https:\/\/m.media-amazon.com\/images\/G\/01\/apple\/iPad_10th_generation_Product_Page_L_5G__en-US_06_updated._CB573774790_.jpg\" alt=\"Apple iPad 10th Gen\" data-a-hires=\"https:\/\/m.media-amazon.com\/images\/G\/01\/apple\/iPad_10th_generation_Product_Page_L_5G__en-US_06_updated._CB573774790_.jpg\" \/><\/div>\n<\/div>\n<\/div>\n<\/div>\n<\/div>\n<div id=\"apple-river-image-container-6\" class=\"content-grid-row-wrapper \" data-lazy-loading-background-image=\"\">\n<div class=\"a-row\">\n<div class=\"content-grid-col-wrapper override-column-spacing\">\n<div class=\"a-column a-span12 block-content block-type-image textalign-center\">\n<div class=\"content-grid-block\"><img decoding=\"async\" class=\"\" src=\"https:\/\/m.media-amazon.com\/images\/G\/01\/apple\/iPad_10th_generation_Product_Page_L_5G__en-US_07_updated._CB573774790_.jpg\" alt=\"Apple iPad 10th Gen\" data-a-hires=\"https:\/\/m.media-amazon.com\/images\/G\/01\/apple\/iPad_10th_generation_Product_Page_L_5G__en-US_07_updated._CB573774790_.jpg\" \/><\/div>\n<\/div>\n<\/div>\n<\/div>\n<\/div>\n<div id=\"apple-river-image-container-7\" class=\"content-grid-row-wrapper \" data-lazy-loading-background-image=\"\">\n<div class=\"a-row\">\n<div class=\"content-grid-col-wrapper override-column-spacing\">\n<div class=\"a-column a-span12 block-content block-type-image textalign-center\">\n<div class=\"content-grid-block\"><img decoding=\"async\" class=\"\" src=\"https:\/\/m.media-amazon.com\/images\/G\/01\/apple\/iPad_10th_generation_Product_Page_L_5G__en-US_08_updated._CB573774790_.jpg\" alt=\"Apple iPad 10th Gen\" data-a-hires=\"https:\/\/m.media-amazon.com\/images\/G\/01\/apple\/iPad_10th_generation_Product_Page_L_5G__en-US_08_updated._CB573774790_.jpg\" \/><\/div>\n<\/div>\n<\/div>\n<\/div>\n<\/div>\n<div id=\"apple-river-image-container-8\" class=\"content-grid-row-wrapper \" data-lazy-loading-background-image=\"\">\n<div class=\"a-row\">\n<div class=\"content-grid-col-wrapper override-column-spacing\">\n<div class=\"a-column a-span12 block-content block-type-image textalign-center\">\n<div class=\"content-grid-block\"><img decoding=\"async\" class=\"\" src=\"https:\/\/m.media-amazon.com\/images\/G\/01\/apple\/iPad_10th_generation_Product_Page_L_5G__en-US_09_updated._CB573774790_.jpg\" alt=\"Apple iPad 10th Gen\" data-a-hires=\"https:\/\/m.media-amazon.com\/images\/G\/01\/apple\/iPad_10th_generation_Product_Page_L_5G__en-US_09_updated._CB573774790_.jpg\" \/><\/div>\n<\/div>\n<\/div>\n<\/div>\n<\/div>\n<div id=\"apple-river-image-container-9\" class=\"content-grid-row-wrapper \" data-lazy-loading-background-image=\"\">\n<div class=\"a-row\">\n<div class=\"content-grid-col-wrapper override-column-spacing\">\n<div class=\"a-column a-span12 block-content block-type-image textalign-center\">\n<div class=\"content-grid-block\"><img decoding=\"async\" class=\"\" src=\"https:\/\/m.media-amazon.com\/images\/G\/01\/img15\/brawner\/1500x40whitespace._CB463250746_.jpg\" alt=\"image 1\" data-a-hires=\"https:\/\/m.media-amazon.com\/images\/G\/01\/img15\/brawner\/1500x40whitespace._CB463250746_.jpg\" \/><\/div>\n<\/div>\n<\/div>\n<\/div>\n<\/div>\n<\/div>\n<\/div>\n<div id=\"btfSubNavDesktopCopy\" class=\"celwidget\" data-feature-name=\"btfSubNavDesktop\" data-csa-c-type=\"widget\" data-csa-c-content-id=\"btfSubNavDesktop\" data-csa-c-slot-id=\"btfSubNavDesktop_feature_div\" data-csa-c-asin=\"\" data-csa-c-is-in-initial-active-row=\"false\" data-csa-c-id=\"tyyx6e-k5rzs1-8uuoi3-5gxw8o\" data-cel-widget=\"btfSubNavDesktop_feature_div\">\n<div class=\"a-row a-size-base btf-sub-nav-desktop-wrapper\" role=\"navigation\">\n<nav class=\"btf-sub-nav-desktop-tabs\" aria-label=\"Navigate within the product detail page\">\n<div class=\"top-tab-content\">\n<div><\/div>\n<\/div>\n<\/nav>\n<\/div>\n<\/div>\n<div id=\"btfContent29_feature_div\" class=\"celwidget flavor-3227\" data-feature-name=\"btfContent29\" data-csa-c-type=\"widget\" data-csa-c-content-id=\"btfContent29\" data-csa-c-slot-id=\"btfContent29_feature_div\" data-csa-c-asin=\"\" data-csa-c-is-in-initial-active-row=\"false\" data-csa-c-id=\"jqibw8-misgbz-jkgv32-ggp5ev\" data-cel-widget=\"btfContent29_feature_div\"><\/div>\n<div id=\"btfContent30_feature_div\" class=\"celwidget flavor-379\" data-feature-name=\"btfContent30\" data-csa-c-type=\"widget\" data-csa-c-content-id=\"btfContent30\" data-csa-c-slot-id=\"btfContent30_feature_div\" data-csa-c-asin=\"\" data-csa-c-is-in-initial-active-row=\"false\" data-csa-c-id=\"94gax1-il9172-f1a10t-m7bmid\" data-cel-widget=\"btfContent30_feature_div\">\n<div id=\"compare\" class=\"ucc-v2-widget\">\n<div class=\"ucc-v2-widget__title\"><\/div>\n<\/div>\n<\/div>\n","protected":false},"excerpt":{"rendered":"<p>POURQUOI IPAD \u2014 Color\u00e9 et plus polyvalent que jamais, l&#8217;iPad est id\u00e9al pour vos activit\u00e9s quotidiennes. Avec son design tout \u00e9cran, son \u00e9cran Liquid Retina de 10,9 pouces, sa puissante puce A14 Bionic, son Wi-Fi ultra-rapide et ses quatre magnifiques couleurs, l&#8217;iPad vous offre un moyen puissant de cr\u00e9er, de rester connect\u00e9 et d&#8217;accomplir vos t\u00e2ches.<br \/>\nIPADOS + APPLICATIONS \u2014 iPadOS rend l&#8217;iPad plus productif, intuitif et polyvalent. Avec iPadOS, ex\u00e9cutez plusieurs applications simultan\u00e9ment, utilisez l&#8217;Apple Pencil pour \u00e9crire dans n&#8217;importe quel champ de texte avec Scribble, et retouchez et partagez des photos. L&#8217;iPad est livr\u00e9 avec des applications essentielles comme Safari, Messages et Keynote, et plus d&#8217;un million d&#8217;autres sont disponibles sur l&#8217;App Store.<br \/>\nCONNECTIVIT\u00c9 WI-FI RAPIDE \u2014 Le Wi-Fi 6 vous offre un acc\u00e8s rapide \u00e0 vos fichiers, t\u00e9l\u00e9versements et t\u00e9l\u00e9chargements, et vous permet de diffuser vos \u00e9missions pr\u00e9f\u00e9r\u00e9es en toute fluidit\u00e9.<br \/>\nPERFORMANCES ET STOCKAGE \u2014 La puce A14 Bionic offre puissance et performances pour toutes vos activit\u00e9s. Avec une autonomie d&#8217;une journ\u00e9e, l&#8217;iPad est id\u00e9al pour jouer \u00e0 des jeux immersifs et retoucher des photos et des vid\u00e9os. Choisissez entre 64 Go ou 256 Go de stockage.<br \/>\nAPPLE PENCIL ET MAGIC KEYBOARD FOLIO \u2014 Avec l&#8217;Apple Pencil (1re g\u00e9n\u00e9ration), l&#8217;iPad se transforme en une toile de dessin immersive et en le meilleur appareil de prise de notes au monde. Le Magic Keyboard Folio pr\u00e9sente un design polyvalent en deux parties, avec un clavier d\u00e9tachable et une coque arri\u00e8re protectrice qui se fixent magn\u00e9tiquement \u00e0 l&#8217;iPad. Accessoires vendus s\u00e9par\u00e9ment.<br \/>\n\u00c9CRAN LIQUID RETINA 10,9 POUCES \u2014 Le magnifique \u00e9cran Liquid Retina est id\u00e9al pour regarder des films ou dessiner votre prochain chef-d&#8217;\u0153uvre. True Tone ajuste la temp\u00e9rature de couleur de l&#8217;\u00e9cran \u00e0 la pi\u00e8ce pour un confort de visionnage optimal, quelle que soit la luminosit\u00e9.<br \/>\nD\u00c9VERROUILLEZ ET PAYEZ AVEC TOUCH ID \u2014 Touch ID est int\u00e9gr\u00e9 au bouton sup\u00e9rieur, ce qui vous permet d&#8217;utiliser votre empreinte digitale pour d\u00e9verrouiller votre iPad, vous connecter \u00e0 des apps et effectuer des paiements en toute s\u00e9curit\u00e9 avec Apple Pay.<\/p>\n","protected":false},"featured_media":33025,"comment_status":"open","ping_status":"closed","template":"","meta":{"iawp_total_views":4356},"product_brand":[],"product_cat":[46],"product_tag":[],"class_list":{"0":"post-34930","1":"product","2":"type-product","3":"status-publish","4":"has-post-thumbnail","6":"product_cat-renewed-fr","8":"first","9":"instock","10":"sale","11":"taxable","12":"shipping-taxable","13":"purchasable","14":"product-type-simple"},"jetpack_sharing_enabled":true,"_links":{"self":[{"href":"https:\/\/www.momengames.com\/index.php\/wp-json\/wp\/v2\/product\/34930","targetHints":{"allow":["GET"]}}],"collection":[{"href":"https:\/\/www.momengames.com\/index.php\/wp-json\/wp\/v2\/product"}],"about":[{"href":"https:\/\/www.momengames.com\/index.php\/wp-json\/wp\/v2\/types\/product"}],"replies":[{"embeddable":true,"href":"https:\/\/www.momengames.com\/index.php\/wp-json\/wp\/v2\/comments?post=34930"}],"wp:featuredmedia":[{"embeddable":true,"href":"https:\/\/www.momengames.com\/index.php\/wp-json\/wp\/v2\/media\/33025"}],"wp:attachment":[{"href":"https:\/\/www.momengames.com\/index.php\/wp-json\/wp\/v2\/media?parent=34930"}],"wp:term":[{"taxonomy":"product_brand","embeddable":true,"href":"https:\/\/www.momengames.com\/index.php\/wp-json\/wp\/v2\/product_brand?post=34930"},{"taxonomy":"product_cat","embeddable":true,"href":"https:\/\/www.momengames.com\/index.php\/wp-json\/wp\/v2\/product_cat?post=34930"},{"taxonomy":"product_tag","embeddable":true,"href":"https:\/\/www.momengames.com\/index.php\/wp-json\/wp\/v2\/product_tag?post=34930"}],"curies":[{"name":"wp","href":"https:\/\/api.w.org\/{rel}","templated":true}]}}