{"id":34927,"date":"2022-07-09T15:21:51","date_gmt":"2022-07-09T15:21:51","guid":{"rendered":"https:\/\/www.momengames.com\/index.php\/product\/10x42-allzweckfernglas\/"},"modified":"2022-07-09T15:21:51","modified_gmt":"2022-07-09T15:21:51","slug":"10x42-allzweckfernglas","status":"publish","type":"product","link":"https:\/\/www.momengames.com\/index.php\/product\/10x42-allzweckfernglas\/?lang=de","title":{"rendered":"10&#215;42 Allzweckfernglas"},"content":{"rendered":"<p>Das Allzweckfernglas wurde speziell f\u00fcr J\u00e4ger und Sch\u00fctzen entwickelt, die Wert auf Einfachheit, Stabilit\u00e4t und Ergebnisse legen. Dieses Allzweckfernglas verf\u00fcgt \u00fcber mehrfach beschichtete Linsen und BaK-4-Prismen f\u00fcr eine helle, klare Sicht. Dank des ergonomischen Designs und des zentralen Fokussierrads k\u00f6nnen Sie das Ziel im Handumdrehen anvisieren und fein fokussieren. Die hochdrehbaren Okulare eignen sich f\u00fcr Brillentr\u00e4ger. Stickstoffgef\u00fcllt, um Beschlagen zu verhindern und f\u00fcr hervorragende Klarheit zu sorgen.<\/p>\n","protected":false},"excerpt":{"rendered":"<p>Das Allzweckfernglas wurde speziell f\u00fcr J\u00e4ger und Sch\u00fctzen entwickelt, die Wert auf Einfachheit, Stabilit\u00e4t und Ergebnisse legen. Dieses Allzweckfernglas verf\u00fcgt \u00fcber mehrfach beschichtete Linsen und BaK-4-Prismen f\u00fcr eine helle, klare Sicht. Dank des ergonomischen Designs und des zentralen Fokussierrads k\u00f6nnen Sie das Ziel im Handumdrehen anvisieren und fein fokussieren. Die hochdrehbaren Okulare eignen sich f\u00fcr Brillentr\u00e4ger. Stickstoffgef\u00fcllt, um Beschlagen zu verhindern und f\u00fcr hervorragende Klarheit zu sorgen.<\/p>\n","protected":false},"featured_media":3745,"comment_status":"open","ping_status":"closed","template":"","meta":{"iawp_total_views":0},"product_brand":[],"product_cat":[24],"product_tag":[],"class_list":{"0":"post-34927","1":"product","2":"type-product","3":"status-publish","4":"has-post-thumbnail","6":"product_cat-electronics-accessories-de","8":"first","9":"instock","10":"taxable","11":"shipping-taxable","12":"purchasable","13":"product-type-simple"},"jetpack_sharing_enabled":true,"_links":{"self":[{"href":"https:\/\/www.momengames.com\/index.php\/wp-json\/wp\/v2\/product\/34927","targetHints":{"allow":["GET"]}}],"collection":[{"href":"https:\/\/www.momengames.com\/index.php\/wp-json\/wp\/v2\/product"}],"about":[{"href":"https:\/\/www.momengames.com\/index.php\/wp-json\/wp\/v2\/types\/product"}],"replies":[{"embeddable":true,"href":"https:\/\/www.momengames.com\/index.php\/wp-json\/wp\/v2\/comments?post=34927"}],"wp:featuredmedia":[{"embeddable":true,"href":"https:\/\/www.momengames.com\/index.php\/wp-json\/wp\/v2\/media\/3745"}],"wp:attachment":[{"href":"https:\/\/www.momengames.com\/index.php\/wp-json\/wp\/v2\/media?parent=34927"}],"wp:term":[{"taxonomy":"product_brand","embeddable":true,"href":"https:\/\/www.momengames.com\/index.php\/wp-json\/wp\/v2\/product_brand?post=34927"},{"taxonomy":"product_cat","embeddable":true,"href":"https:\/\/www.momengames.com\/index.php\/wp-json\/wp\/v2\/product_cat?post=34927"},{"taxonomy":"product_tag","embeddable":true,"href":"https:\/\/www.momengames.com\/index.php\/wp-json\/wp\/v2\/product_tag?post=34927"}],"curies":[{"name":"wp","href":"https:\/\/api.w.org\/{rel}","templated":true}]}}