{"id":34926,"date":"2022-04-26T15:46:57","date_gmt":"2022-04-26T15:46:57","guid":{"rendered":"https:\/\/www.momengames.com\/index.php\/product\/gebraucht-sony-playstation-3-ps3-move-motion-controller-wireless\/"},"modified":"2022-04-26T15:46:57","modified_gmt":"2022-04-26T15:46:57","slug":"gebraucht-sony-playstation-3-ps3-move-motion-controller-wireless","status":"publish","type":"product","link":"https:\/\/www.momengames.com\/index.php\/product\/gebraucht-sony-playstation-3-ps3-move-motion-controller-wireless\/?lang=de","title":{"rendered":"GEBRAUCHT Sony Playstation 3 (PS3) Move Motion Controller Wireless"},"content":{"rendered":"<p>Tauche mit dem PlayStation Move Motion Controller in die innovativsten Spiele aller Zeiten ein. Der PlayStation Move Motion Controller, der Grundstein der PlayStation Move, er\u00f6ffnet dir ein unvergleichliches Spielerlebnis. Dank fortschrittlicher Bewegungssensoren, einer dynamischen Farbwechselkugel, Vibrationsfeedback und einer benutzerfreundlichen Tastenoberfl\u00e4che bietet der Motion Controller das immersivste Spielerlebnis auf dem Markt. Bewege dich durch Blu-ray-basierte HD-Welten und erlebe innovative Erlebnisse, die nur PlayStation Move bieten kann. Passt sich dem Spieler an: Die fortschrittlichen Bewegungssensoren des Motion Controllers und die PlayStation Eye USB-Kamera registrieren jede deiner Bewegungen. Werde zum Star eines PlayStation Move-Spiels und nutze den Motion Controller als Klinge, um deine Gegner zu besiegen, als Schl\u00e4ger, um den entscheidenden Homerun zu schlagen, oder als B\u00fcrste, um dein flauschiges Haustier zu pflegen. Sp\u00fcrbare Action: Die Farbwechselkugel des Motion Controllers und das integrierte Vibrationsfeedback reagieren auf deine Aktionen und Bewegungen und sorgen f\u00fcr fesselnde Erlebnisse, die nicht nur auf dem Bildschirm, sondern auch direkt in deiner Handfl\u00e4che dargestellt werden. Beobachte, wie deine Kugel aufleuchtet, wenn du den richtigen Zauberspruch wirkst oder die perfekte Farbe anmischst. Sp\u00fcren Sie, wie der Timer abl\u00e4uft oder wie der R\u00fccksto\u00df Ihrer rauchenden Waffe ausschl\u00e4gt.<\/p>\n","protected":false},"excerpt":{"rendered":"<p>Tauche mit dem PlayStation Move Motion Controller in die innovativsten Spiele aller Zeiten ein. Der PlayStation Move Motion Controller, der Grundstein der PlayStation Move, er\u00f6ffnet dir ein unvergleichliches Spielerlebnis. Dank fortschrittlicher Bewegungssensoren, einer dynamischen Farbwechselkugel, Vibrationsfeedback und einer benutzerfreundlichen Tastenoberfl\u00e4che bietet der Motion Controller das immersivste Spielerlebnis auf dem Markt. Bewege dich durch Blu-ray-basierte HD-Welten und erlebe innovative Erlebnisse, die nur PlayStation Move bieten kann. Passt sich dem Spieler an: Die fortschrittlichen Bewegungssensoren des Motion Controllers und die PlayStation Eye USB-Kamera registrieren jede deiner Bewegungen. Werde zum Star eines PlayStation Move-Spiels und nutze den Motion Controller als Klinge, um deine Gegner zu besiegen, als Schl\u00e4ger, um den entscheidenden Homerun zu schlagen, oder als B\u00fcrste, um dein flauschiges Haustier zu pflegen. Sp\u00fcrbare Action: Die Farbwechselkugel des Motion Controllers und das integrierte Vibrationsfeedback reagieren auf deine Aktionen und Bewegungen und sorgen f\u00fcr fesselnde Erlebnisse, die nicht nur auf dem Bildschirm, sondern auch direkt in deiner Handfl\u00e4che dargestellt werden. Beobachte, wie deine Kugel aufleuchtet, wenn du den richtigen Zauberspruch wirkst oder die perfekte Farbe anmischst. Sp\u00fcren Sie, wie der Timer abl\u00e4uft oder wie der R\u00fccksto\u00df Ihrer rauchenden Waffe ausschl\u00e4gt.<\/p>\n","protected":false},"featured_media":22917,"comment_status":"open","ping_status":"closed","template":"","meta":{"iawp_total_views":5},"product_brand":[],"product_cat":[25],"product_tag":[],"class_list":{"0":"post-34926","1":"product","2":"type-product","3":"status-publish","4":"has-post-thumbnail","6":"product_cat-pc-gamepads-standard-controllers-de","8":"first","9":"instock","10":"taxable","11":"shipping-taxable","12":"purchasable","13":"product-type-simple"},"jetpack_sharing_enabled":true,"_links":{"self":[{"href":"https:\/\/www.momengames.com\/index.php\/wp-json\/wp\/v2\/product\/34926","targetHints":{"allow":["GET"]}}],"collection":[{"href":"https:\/\/www.momengames.com\/index.php\/wp-json\/wp\/v2\/product"}],"about":[{"href":"https:\/\/www.momengames.com\/index.php\/wp-json\/wp\/v2\/types\/product"}],"replies":[{"embeddable":true,"href":"https:\/\/www.momengames.com\/index.php\/wp-json\/wp\/v2\/comments?post=34926"}],"wp:featuredmedia":[{"embeddable":true,"href":"https:\/\/www.momengames.com\/index.php\/wp-json\/wp\/v2\/media\/22917"}],"wp:attachment":[{"href":"https:\/\/www.momengames.com\/index.php\/wp-json\/wp\/v2\/media?parent=34926"}],"wp:term":[{"taxonomy":"product_brand","embeddable":true,"href":"https:\/\/www.momengames.com\/index.php\/wp-json\/wp\/v2\/product_brand?post=34926"},{"taxonomy":"product_cat","embeddable":true,"href":"https:\/\/www.momengames.com\/index.php\/wp-json\/wp\/v2\/product_cat?post=34926"},{"taxonomy":"product_tag","embeddable":true,"href":"https:\/\/www.momengames.com\/index.php\/wp-json\/wp\/v2\/product_tag?post=34926"}],"curies":[{"name":"wp","href":"https:\/\/api.w.org\/{rel}","templated":true}]}}