{"id":34925,"date":"2022-04-26T14:20:46","date_gmt":"2022-04-26T14:20:46","guid":{"rendered":"https:\/\/www.momengames.com\/index.php\/product\/kabelgebundener-xbox-core-series-xs-controller-usb-c-kabel-weiss\/"},"modified":"2022-04-26T14:20:46","modified_gmt":"2022-04-26T14:20:46","slug":"kabelgebundener-xbox-core-series-xs-controller-usb-c-kabel-weiss","status":"publish","type":"product","link":"https:\/\/www.momengames.com\/index.php\/product\/kabelgebundener-xbox-core-series-xs-controller-usb-c-kabel-weiss\/?lang=de","title":{"rendered":"Kabelgebundener Xbox Core Series X|S-Controller + USB-C-Kabel \u2013 Wei\u00df"},"content":{"rendered":"<p>Erleben Sie das modernisierte Design des Xbox Wired Controllers mit geformten Oberfl\u00e4chen und verfeinerter Geometrie f\u00fcr mehr Komfort beim Spielen.<br \/>\nVerwenden Sie das mitgelieferte 9-Zoll-USB-C-Kabel f\u00fcr ein kabelgebundenes Spielerlebnis.<br \/>\nBleiben Sie mit dem Hybrid-Steuerkreuz und der strukturierten Grifffl\u00e4che an Triggern, Bumpern und der R\u00fcckseite stets im Ziel. Schlie\u00dfen Sie jedes unterst\u00fctzte Headset \u00fcber die 3,5-mm-Audiobuchse an.<br \/>\nNehmen Sie Inhalte nahtlos auf und teilen Sie sie mit der Share-Taste.<br \/>\nVerwenden Sie Xbox Wired, Bluetooth oder das mitgelieferte USB-C-Kabel, um auf Xbox Series X|S-, Xbox One- und Windows 10\/11-Ger\u00e4ten zu spielen.<br \/>\nKompatibel mit Xbox Series X|S-, Xbox One- und Windows 10\/11-Ger\u00e4ten.<\/p>\n","protected":false},"excerpt":{"rendered":"<p>Erleben Sie das modernisierte Design des Xbox Wired Controllers mit geformten Oberfl\u00e4chen und verfeinerter Geometrie f\u00fcr mehr Komfort beim Spielen.<br \/>\nVerwenden Sie das mitgelieferte 9-Zoll-USB-C-Kabel f\u00fcr ein kabelgebundenes Spielerlebnis.<br \/>\nBleiben Sie mit dem Hybrid-Steuerkreuz und der strukturierten Grifffl\u00e4che an Triggern, Bumpern und der R\u00fcckseite stets im Ziel. Schlie\u00dfen Sie jedes unterst\u00fctzte Headset \u00fcber die 3,5-mm-Audiobuchse an.<br \/>\nNehmen Sie Inhalte nahtlos auf und teilen Sie sie mit der Share-Taste.<br \/>\nVerwenden Sie Xbox Wired, Bluetooth oder das mitgelieferte USB-C-Kabel, um auf Xbox Series X|S-, Xbox One- und Windows 10\/11-Ger\u00e4ten zu spielen.<br \/>\nKompatibel mit Xbox Series X|S-, Xbox One- und Windows 10\/11-Ger\u00e4ten.<\/p>\n","protected":false},"featured_media":2908,"comment_status":"open","ping_status":"closed","template":"","meta":{"iawp_total_views":0},"product_brand":[],"product_cat":[25],"product_tag":[],"class_list":{"0":"post-34925","1":"product","2":"type-product","3":"status-publish","4":"has-post-thumbnail","6":"product_cat-pc-gamepads-standard-controllers-de","8":"first","9":"instock","10":"taxable","11":"shipping-taxable","12":"purchasable","13":"product-type-simple"},"jetpack_sharing_enabled":true,"_links":{"self":[{"href":"https:\/\/www.momengames.com\/index.php\/wp-json\/wp\/v2\/product\/34925","targetHints":{"allow":["GET"]}}],"collection":[{"href":"https:\/\/www.momengames.com\/index.php\/wp-json\/wp\/v2\/product"}],"about":[{"href":"https:\/\/www.momengames.com\/index.php\/wp-json\/wp\/v2\/types\/product"}],"replies":[{"embeddable":true,"href":"https:\/\/www.momengames.com\/index.php\/wp-json\/wp\/v2\/comments?post=34925"}],"wp:featuredmedia":[{"embeddable":true,"href":"https:\/\/www.momengames.com\/index.php\/wp-json\/wp\/v2\/media\/2908"}],"wp:attachment":[{"href":"https:\/\/www.momengames.com\/index.php\/wp-json\/wp\/v2\/media?parent=34925"}],"wp:term":[{"taxonomy":"product_brand","embeddable":true,"href":"https:\/\/www.momengames.com\/index.php\/wp-json\/wp\/v2\/product_brand?post=34925"},{"taxonomy":"product_cat","embeddable":true,"href":"https:\/\/www.momengames.com\/index.php\/wp-json\/wp\/v2\/product_cat?post=34925"},{"taxonomy":"product_tag","embeddable":true,"href":"https:\/\/www.momengames.com\/index.php\/wp-json\/wp\/v2\/product_tag?post=34925"}],"curies":[{"name":"wp","href":"https:\/\/api.w.org\/{rel}","templated":true}]}}