{"id":34923,"date":"2022-07-10T05:23:13","date_gmt":"2022-07-10T05:23:13","guid":{"rendered":"https:\/\/www.momengames.com\/index.php\/product\/laser-entfernungsmesser-fuer-golf-mit-slope-und-jolt-technologie-740-meter-entfernung-schnellfokussystem-mit-scan-pin-und-geschwindigkeitsmodi-6-fache-vergroesserung\/"},"modified":"2022-07-10T05:23:13","modified_gmt":"2022-07-10T05:23:13","slug":"laser-entfernungsmesser-fuer-golf-mit-slope-und-jolt-technologie-740-meter-entfernung-schnellfokussystem-mit-scan-pin-und-geschwindigkeitsmodi-6-fache-vergroesserung","status":"publish","type":"product","link":"https:\/\/www.momengames.com\/index.php\/product\/laser-entfernungsmesser-fuer-golf-mit-slope-und-jolt-technologie-740-meter-entfernung-schnellfokussystem-mit-scan-pin-und-geschwindigkeitsmodi-6-fache-vergroesserung\/?lang=de","title":{"rendered":"Laser-Entfernungsmesser f\u00fcr Golf mit Slope- und Jolt-Technologie \u2013 740 Meter Entfernung \u2013 Schnellfokussystem mit Scan-, PIN- und Geschwindigkeitsmodi \u2013 6-fache Vergr\u00f6\u00dferung und Mehrschichtoptik"},"content":{"rendered":"<p>\u3010Wiederaufladbarer Akku\u3011 Golf-Entfernungsmesser. Eingebauter wiederaufladbarer 500-mA-Lithium-Akku. Er kann per USB-Kabel aufgeladen werden. Er ist bequem zu tragen, kein Batteriewechsel erforderlich. Nach vollst\u00e4ndiger Aufladung kann er \u00fcber 20.000 Mal messen.<br \/>\n\u3010Professioneller Entfernungsmesser\u3011 Der Golf-Entfernungsmesser verf\u00fcgt \u00fcber mehrere Funktionen, darunter Entfernungs- und Geschwindigkeitsmessung, Fahnenmast-Arretierung, kontinuierliche Scan-Messung, Winkelmessung, H\u00f6henmessung, horizontale Entfernungsmessung und Golfbahnkorrektur. Geschwindigkeitsmessbereich: 20\u2013300 km\/h. Er ist der perfekte Entfernungsmesser f\u00fcr Golf, Jagd, technische Vermessung und Outdoor-Aktivit\u00e4ten.<br \/>\n\u30106-fache Vergr\u00f6\u00dferung &amp; 600 m\u3011 Der Laser-Entfernungsmesser hat eine Messreichweite von 600 m und verf\u00fcgt \u00fcber eine 6-fache Vergr\u00f6\u00dferungsfunktion, mit der Entfernung, Geschwindigkeit, H\u00f6he und Winkel pr\u00e4zise gemessen werden k\u00f6nnen. Erf\u00fcllen Sie Ihre Jagd-, Golf- und Outdoor-Sportbed\u00fcrfnisse. Es hat etwa die Gr\u00f6\u00dfe eines kleinen Schokoriegels und passt problemlos in Ihre Handfl\u00e4che und Tasche. Laserprodukt der Klasse I, maximale durchschnittliche Strahlungsleistung: 70,1 \u03bcW, nicht gesundheitssch\u00e4dlich.<\/p>\n","protected":false},"excerpt":{"rendered":"<p>\u3010Wiederaufladbarer Akku\u3011 Golf-Entfernungsmesser. Eingebauter wiederaufladbarer 500-mA-Lithium-Akku. Er kann per USB-Kabel aufgeladen werden. Er ist bequem zu tragen, kein Batteriewechsel erforderlich. Nach vollst\u00e4ndiger Aufladung kann er \u00fcber 20.000 Mal messen.<br \/>\n\u3010Professioneller Entfernungsmesser\u3011 Der Golf-Entfernungsmesser verf\u00fcgt \u00fcber mehrere Funktionen, darunter Entfernungs- und Geschwindigkeitsmessung, Fahnenmast-Arretierung, kontinuierliche Scan-Messung, Winkelmessung, H\u00f6henmessung, horizontale Entfernungsmessung und Golfbahnkorrektur. Geschwindigkeitsmessbereich: 20\u2013300 km\/h. Er ist der perfekte Entfernungsmesser f\u00fcr Golf, Jagd, technische Vermessung und Outdoor-Aktivit\u00e4ten.<br \/>\n\u30106-fache Vergr\u00f6\u00dferung &amp; 600 m\u3011 Der Laser-Entfernungsmesser hat eine Messreichweite von 600 m und verf\u00fcgt \u00fcber eine 6-fache Vergr\u00f6\u00dferungsfunktion, mit der Entfernung, Geschwindigkeit, H\u00f6he und Winkel pr\u00e4zise gemessen werden k\u00f6nnen. Erf\u00fcllen Sie Ihre Jagd-, Golf- und Outdoor-Sportbed\u00fcrfnisse. Es hat etwa die Gr\u00f6\u00dfe eines kleinen Schokoriegels und passt problemlos in Ihre Handfl\u00e4che und Tasche. Laserprodukt der Klasse I, maximale durchschnittliche Strahlungsleistung: 70,1 \u03bcW, nicht gesundheitssch\u00e4dlich.<\/p>\n","protected":false},"featured_media":3758,"comment_status":"open","ping_status":"closed","template":"","meta":{"iawp_total_views":2},"product_brand":[],"product_cat":[24],"product_tag":[],"class_list":{"0":"post-34923","1":"product","2":"type-product","3":"status-publish","4":"has-post-thumbnail","6":"product_cat-electronics-accessories-de","8":"first","9":"instock","10":"taxable","11":"shipping-taxable","12":"purchasable","13":"product-type-simple"},"jetpack_sharing_enabled":true,"_links":{"self":[{"href":"https:\/\/www.momengames.com\/index.php\/wp-json\/wp\/v2\/product\/34923","targetHints":{"allow":["GET"]}}],"collection":[{"href":"https:\/\/www.momengames.com\/index.php\/wp-json\/wp\/v2\/product"}],"about":[{"href":"https:\/\/www.momengames.com\/index.php\/wp-json\/wp\/v2\/types\/product"}],"replies":[{"embeddable":true,"href":"https:\/\/www.momengames.com\/index.php\/wp-json\/wp\/v2\/comments?post=34923"}],"wp:featuredmedia":[{"embeddable":true,"href":"https:\/\/www.momengames.com\/index.php\/wp-json\/wp\/v2\/media\/3758"}],"wp:attachment":[{"href":"https:\/\/www.momengames.com\/index.php\/wp-json\/wp\/v2\/media?parent=34923"}],"wp:term":[{"taxonomy":"product_brand","embeddable":true,"href":"https:\/\/www.momengames.com\/index.php\/wp-json\/wp\/v2\/product_brand?post=34923"},{"taxonomy":"product_cat","embeddable":true,"href":"https:\/\/www.momengames.com\/index.php\/wp-json\/wp\/v2\/product_cat?post=34923"},{"taxonomy":"product_tag","embeddable":true,"href":"https:\/\/www.momengames.com\/index.php\/wp-json\/wp\/v2\/product_tag?post=34923"}],"curies":[{"name":"wp","href":"https:\/\/api.w.org\/{rel}","templated":true}]}}