{"id":34922,"date":"2022-07-10T05:36:19","date_gmt":"2022-07-10T05:36:19","guid":{"rendered":"https:\/\/www.momengames.com\/index.php\/product\/f36050-teleskope-fuer-astronomie-anfaenger-erwachsene-und-kinder-professionelles-nacht-sternenbeobachtungsteleskop-mit-stativ\/"},"modified":"2022-07-10T05:36:19","modified_gmt":"2022-07-10T05:36:19","slug":"f36050-teleskope-fuer-astronomie-anfaenger-erwachsene-und-kinder-professionelles-nacht-sternenbeobachtungsteleskop-mit-stativ","status":"publish","type":"product","link":"https:\/\/www.momengames.com\/index.php\/product\/f36050-teleskope-fuer-astronomie-anfaenger-erwachsene-und-kinder-professionelles-nacht-sternenbeobachtungsteleskop-mit-stativ\/?lang=de","title":{"rendered":"F36050 Teleskope f\u00fcr Astronomie-Anf\u00e4nger, Erwachsene und Kinder, professionelles Nacht-Sternenbeobachtungsteleskop mit Stativ"},"content":{"rendered":"<p>\u2605\u3010Dieses Produkt\u3011F36050 Einsteiger-Monokular-Teleskop mit hoher Aufl\u00f6sung \u2013 Geschenk f\u00fcr Kinder<br \/>\n\u2605\u3010Vergr\u00f6\u00dferung\u3011Das F36050 ist ein kleines, platzsparendes Linsenteleskop mit gro\u00dfem Durchmesser (50 mm). Es eignet sich f\u00fcr Astronomie-Anf\u00e4nger. Es verf\u00fcgt \u00fcber zwei Okulare mit unterschiedlicher Vergr\u00f6\u00dferung und einen 1,5-fach vergr\u00f6\u00dfernden Positivspiegel.<br \/>\n\u2605\u3010Stabilere Optik\u3011Perfektes Teleskop, kinderfreundlich mit Stativ, leicht zu bewegen und zu bedienen. Das Astronomie-Anf\u00e4nger-Teleskop mit Stativ sorgt f\u00fcr stabilere Beobachtungen und bietet eine gute Umgebung zum Kennenlernen der Natur und des Universums.<br \/>\n\u2605\u3010Alle Details sehen\u3011Mit H20-mm-Okularen und Mondlinsen k\u00f6nnen Sie alle Details des Mondkraters erkennen, und mit H6-mm-Okularen k\u00f6nnen Sie Bodenobjekte an Land betrachten.<br \/>\n\u2605\u3010Geeignet\u3011Geeignet f\u00fcr Kinder \u00fcber 8 Jahre.<\/p>\n","protected":false},"excerpt":{"rendered":"<p>\u2605\u3010Dieses Produkt\u3011F36050 Einsteiger-Monokular-Teleskop mit hoher Aufl\u00f6sung \u2013 Geschenk f\u00fcr Kinder<br \/>\n\u2605\u3010Vergr\u00f6\u00dferung\u3011Das F36050 ist ein kleines, platzsparendes Linsenteleskop mit gro\u00dfem Durchmesser (50 mm). Es eignet sich f\u00fcr Astronomie-Anf\u00e4nger. Es verf\u00fcgt \u00fcber zwei Okulare mit unterschiedlicher Vergr\u00f6\u00dferung und einen 1,5-fach vergr\u00f6\u00dfernden Positivspiegel.<br \/>\n\u2605\u3010Stabilere Optik\u3011Perfektes Teleskop, kinderfreundlich mit Stativ, leicht zu bewegen und zu bedienen. Das Astronomie-Anf\u00e4nger-Teleskop mit Stativ sorgt f\u00fcr stabilere Beobachtungen und bietet eine gute Umgebung zum Kennenlernen der Natur und des Universums.<br \/>\n\u2605\u3010Alle Details sehen\u3011Mit H20-mm-Okularen und Mondlinsen k\u00f6nnen Sie alle Details des Mondkraters erkennen, und mit H6-mm-Okularen k\u00f6nnen Sie Bodenobjekte an Land betrachten.<br \/>\n\u2605\u3010Geeignet\u3011Geeignet f\u00fcr Kinder \u00fcber 8 Jahre.<\/p>\n","protected":false},"featured_media":3761,"comment_status":"open","ping_status":"closed","template":"","meta":{"iawp_total_views":2},"product_brand":[],"product_cat":[24],"product_tag":[],"class_list":{"0":"post-34922","1":"product","2":"type-product","3":"status-publish","4":"has-post-thumbnail","6":"product_cat-electronics-accessories-de","8":"first","9":"instock","10":"taxable","11":"shipping-taxable","12":"purchasable","13":"product-type-simple"},"jetpack_sharing_enabled":true,"_links":{"self":[{"href":"https:\/\/www.momengames.com\/index.php\/wp-json\/wp\/v2\/product\/34922","targetHints":{"allow":["GET"]}}],"collection":[{"href":"https:\/\/www.momengames.com\/index.php\/wp-json\/wp\/v2\/product"}],"about":[{"href":"https:\/\/www.momengames.com\/index.php\/wp-json\/wp\/v2\/types\/product"}],"replies":[{"embeddable":true,"href":"https:\/\/www.momengames.com\/index.php\/wp-json\/wp\/v2\/comments?post=34922"}],"wp:featuredmedia":[{"embeddable":true,"href":"https:\/\/www.momengames.com\/index.php\/wp-json\/wp\/v2\/media\/3761"}],"wp:attachment":[{"href":"https:\/\/www.momengames.com\/index.php\/wp-json\/wp\/v2\/media?parent=34922"}],"wp:term":[{"taxonomy":"product_brand","embeddable":true,"href":"https:\/\/www.momengames.com\/index.php\/wp-json\/wp\/v2\/product_brand?post=34922"},{"taxonomy":"product_cat","embeddable":true,"href":"https:\/\/www.momengames.com\/index.php\/wp-json\/wp\/v2\/product_cat?post=34922"},{"taxonomy":"product_tag","embeddable":true,"href":"https:\/\/www.momengames.com\/index.php\/wp-json\/wp\/v2\/product_tag?post=34922"}],"curies":[{"name":"wp","href":"https:\/\/api.w.org\/{rel}","templated":true}]}}