{"id":34921,"date":"2024-01-24T13:39:43","date_gmt":"2024-01-24T13:39:43","guid":{"rendered":"https:\/\/www.momengames.com\/index.php\/product\/massgefertigter-playstation-dualsense-wireless-controller-marvels-spider-man-2-limited-edition\/"},"modified":"2025-09-25T06:33:28","modified_gmt":"2025-09-25T06:33:28","slug":"massgefertigter-playstation-dualsense-wireless-controller-marvels-spider-man-2-limited-edition","status":"publish","type":"product","link":"https:\/\/www.momengames.com\/index.php\/product\/massgefertigter-playstation-dualsense-wireless-controller-marvels-spider-man-2-limited-edition\/?lang=de","title":{"rendered":"Ma\u00dfgefertigter PlayStation DualSense Wireless Controller \u2013 Marvel\u2019s Spider-Man 2 Limited Edition"},"content":{"rendered":"<p>PRODUKT\u00dcBERSICHT:<\/p>\n<p>Entdecke ein intensiveres, immersives Gaming-Erlebnis1, das die Action in deinen H\u00e4nden zum Leben erweckt. Der DualSense Wireless-Controller bietet immersives haptisches Feedback2, dynamische adaptive Trigger2 und ein integriertes Mikrofon \u2013 alles integriert in ein kultiges, komfortables Design.<\/p>\n<p>HAUPTMERKMALE:<\/p>\n<p>Erwecke Gaming-Welten zum Leben \u2013 Sp\u00fcre deine Aktionen und die Umgebung im Spiel durch haptisches Feedback*. Erlebe unterschiedliche Kraft und Spannung mit adaptiven Triggern*. Finde deine Stimme, teile deine Leidenschaft \u2013 Chatte online mit dem integrierten Mikrofon. Schlie\u00dfe ein Headset direkt \u00fcber die 3,5-mm-Buchse an. Nimm deine epischen Gaming-Momente mit der Create-Taste auf und \u00fcbertrage sie. Eine Gaming-Ikone in deinen H\u00e4nden \u2013 Genie\u00dfe ein komfortables, weiterentwickeltes Design mit kultigem Layout und verbesserten Sticks. H\u00f6re in unterst\u00fctzten Spielen Soundeffekte mit h\u00f6herer Wiedergabetreue** \u00fcber den integrierten Lautsprecher. Der DualSense-Controller ist PS5- und PC-kompatibel. Nicht PS4-kompatibel.<\/p>\n<p>Diese Controller basieren auf den klassischen wei\u00dfen originalen PS5-Controllern.<\/p>\n","protected":false},"excerpt":{"rendered":"<p>PRODUKT\u00dcBERSICHT:<\/p>\n<p>Entdecke ein intensiveres, immersives Gaming-Erlebnis1, das die Action in deinen H\u00e4nden zum Leben erweckt. Der DualSense Wireless-Controller bietet immersives haptisches Feedback2, dynamische adaptive Trigger2 und ein integriertes Mikrofon \u2013 alles integriert in ein kultiges, komfortables Design.<\/p>\n<p>HAUPTMERKMALE:<\/p>\n<p>Erwecke Gaming-Welten zum Leben \u2013 Sp\u00fcre deine Aktionen und die Umgebung im Spiel durch haptisches Feedback*. Erlebe unterschiedliche Kraft und Spannung mit adaptiven Triggern*. Finde deine Stimme, teile deine Leidenschaft \u2013 Chatte online mit dem integrierten Mikrofon. Schlie\u00dfe ein Headset direkt \u00fcber die 3,5-mm-Buchse an. Nimm deine epischen Gaming-Momente mit der Create-Taste auf und \u00fcbertrage sie. Eine Gaming-Ikone in deinen H\u00e4nden \u2013 Genie\u00dfe ein komfortables, weiterentwickeltes Design mit kultigem Layout und verbesserten Sticks. H\u00f6re in unterst\u00fctzten Spielen Soundeffekte mit h\u00f6herer Wiedergabetreue** \u00fcber den integrierten Lautsprecher. Der DualSense-Controller ist PS5- und PC-kompatibel. Nicht PS4-kompatibel.<\/p>\n<p>Diese Controller basieren auf den klassischen wei\u00dfen originalen PS5-Controllern.<\/p>\n","protected":false},"featured_media":19472,"comment_status":"open","ping_status":"closed","template":"","meta":{"iawp_total_views":1519},"product_brand":[],"product_cat":[25],"product_tag":[],"class_list":{"0":"post-34921","1":"product","2":"type-product","3":"status-publish","4":"has-post-thumbnail","6":"product_cat-pc-gamepads-standard-controllers-de","8":"first","9":"instock","10":"sale","11":"taxable","12":"shipping-taxable","13":"purchasable","14":"product-type-simple"},"jetpack_sharing_enabled":true,"_links":{"self":[{"href":"https:\/\/www.momengames.com\/index.php\/wp-json\/wp\/v2\/product\/34921","targetHints":{"allow":["GET"]}}],"collection":[{"href":"https:\/\/www.momengames.com\/index.php\/wp-json\/wp\/v2\/product"}],"about":[{"href":"https:\/\/www.momengames.com\/index.php\/wp-json\/wp\/v2\/types\/product"}],"replies":[{"embeddable":true,"href":"https:\/\/www.momengames.com\/index.php\/wp-json\/wp\/v2\/comments?post=34921"}],"wp:featuredmedia":[{"embeddable":true,"href":"https:\/\/www.momengames.com\/index.php\/wp-json\/wp\/v2\/media\/19472"}],"wp:attachment":[{"href":"https:\/\/www.momengames.com\/index.php\/wp-json\/wp\/v2\/media?parent=34921"}],"wp:term":[{"taxonomy":"product_brand","embeddable":true,"href":"https:\/\/www.momengames.com\/index.php\/wp-json\/wp\/v2\/product_brand?post=34921"},{"taxonomy":"product_cat","embeddable":true,"href":"https:\/\/www.momengames.com\/index.php\/wp-json\/wp\/v2\/product_cat?post=34921"},{"taxonomy":"product_tag","embeddable":true,"href":"https:\/\/www.momengames.com\/index.php\/wp-json\/wp\/v2\/product_tag?post=34921"}],"curies":[{"name":"wp","href":"https:\/\/api.w.org\/{rel}","templated":true}]}}