{"id":34914,"date":"2025-02-09T14:04:19","date_gmt":"2025-02-09T14:04:19","guid":{"rendered":"https:\/\/www.momengames.com\/index.php\/product\/sony-playstation-dualshock-4-wireless-controller-urban-camo\/"},"modified":"2025-09-25T06:48:00","modified_gmt":"2025-09-25T06:48:00","slug":"sony-playstation-dualshock-4-wireless-controller-urban-camo","status":"publish","type":"product","link":"https:\/\/www.momengames.com\/index.php\/product\/sony-playstation-dualshock-4-wireless-controller-urban-camo\/?lang=de","title":{"rendered":"Sony PlayStation DualShock 4 Wireless Controller \u2013 Urban Camo"},"content":{"rendered":"<p>Revolution\u00e4r, intuitiv, pr\u00e4zise. Der DualShock 4 Wireless Controller f\u00fcr PlayStation 4 definiert diese Generation des Spielens und kombiniert revolution\u00e4re Funktionen und Komfort mit intuitiver, pr\u00e4ziser Steuerung. Pr\u00e4zise Steuerung: Haptik, Form und Empfindlichkeit der Analogsticks und Trigger-Tasten des DualShock 4 bieten Spielern absoluten Komfort und Kontrolle f\u00fcr alle Spiele auf der PlayStation 4. Teilen auf Knopfdruck: Mit der Share-Taste teilen Sie Ihre sch\u00f6nsten Gaming-Momente ganz einfach per Knopfdruck. Laden Sie Gameplay-Videos und Screenshots direkt von Ihrem System hoch oder streamen Sie Ihr Gameplay live, ohne das laufende Spiel zu st\u00f6ren. Innovative Funktionen: Revolution\u00e4re Funktionen wie das Touchpad, die integrierte Lichtleiste und der eingebaute Lautsprecher bieten aufregende M\u00f6glichkeiten, Ihre Spiele zu erleben und mit ihnen zu interagieren. Die 3,5-mm-Audiobuchse bietet eine praktische pers\u00f6nliche Audiol\u00f6sung f\u00fcr Gamer, die ihre Spiele ungest\u00f6rt h\u00f6ren m\u00f6chten. Effizientes Laden: Der DualShock 4 Wireless Controller kann einfach aufgeladen werden, indem Sie ihn an Ihr PlayStation 4-System anschlie\u00dfen \u2013 auch im Standby-Modus \u2013 oder mit einem Standard-Ladeger\u00e4t mit Micro-USB-Anschluss.<\/p>\n","protected":false},"excerpt":{"rendered":"<p>Revolution\u00e4r, intuitiv, pr\u00e4zise. Der DualShock 4 Wireless Controller f\u00fcr PlayStation 4 definiert diese Generation des Spielens und kombiniert revolution\u00e4re Funktionen und Komfort mit intuitiver, pr\u00e4ziser Steuerung. Pr\u00e4zise Steuerung: Haptik, Form und Empfindlichkeit der Analogsticks und Trigger-Tasten des DualShock 4 bieten Spielern absoluten Komfort und Kontrolle f\u00fcr alle Spiele auf der PlayStation 4. Teilen auf Knopfdruck: Mit der Share-Taste teilen Sie Ihre sch\u00f6nsten Gaming-Momente ganz einfach per Knopfdruck. Laden Sie Gameplay-Videos und Screenshots direkt von Ihrem System hoch oder streamen Sie Ihr Gameplay live, ohne das laufende Spiel zu st\u00f6ren. Innovative Funktionen: Revolution\u00e4re Funktionen wie das Touchpad, die integrierte Lichtleiste und der eingebaute Lautsprecher bieten aufregende M\u00f6glichkeiten, Ihre Spiele zu erleben und mit ihnen zu interagieren. Die 3,5-mm-Audiobuchse bietet eine praktische pers\u00f6nliche Audiol\u00f6sung f\u00fcr Gamer, die ihre Spiele ungest\u00f6rt h\u00f6ren m\u00f6chten. Effizientes Laden: Der DualShock 4 Wireless Controller kann einfach aufgeladen werden, indem Sie ihn an Ihr PlayStation 4-System anschlie\u00dfen \u2013 auch im Standby-Modus \u2013 oder mit einem Standard-Ladeger\u00e4t mit Micro-USB-Anschluss.<\/p>\n","protected":false},"featured_media":30784,"comment_status":"open","ping_status":"closed","template":"","meta":{"iawp_total_views":77},"product_brand":[],"product_cat":[52],"product_tag":[],"class_list":{"0":"post-34914","1":"product","2":"type-product","3":"status-publish","4":"has-post-thumbnail","6":"product_cat-ps4-gamecontroller","8":"first","9":"instock","10":"taxable","11":"shipping-taxable","12":"purchasable","13":"product-type-simple"},"jetpack_sharing_enabled":true,"_links":{"self":[{"href":"https:\/\/www.momengames.com\/index.php\/wp-json\/wp\/v2\/product\/34914","targetHints":{"allow":["GET"]}}],"collection":[{"href":"https:\/\/www.momengames.com\/index.php\/wp-json\/wp\/v2\/product"}],"about":[{"href":"https:\/\/www.momengames.com\/index.php\/wp-json\/wp\/v2\/types\/product"}],"replies":[{"embeddable":true,"href":"https:\/\/www.momengames.com\/index.php\/wp-json\/wp\/v2\/comments?post=34914"}],"wp:featuredmedia":[{"embeddable":true,"href":"https:\/\/www.momengames.com\/index.php\/wp-json\/wp\/v2\/media\/30784"}],"wp:attachment":[{"href":"https:\/\/www.momengames.com\/index.php\/wp-json\/wp\/v2\/media?parent=34914"}],"wp:term":[{"taxonomy":"product_brand","embeddable":true,"href":"https:\/\/www.momengames.com\/index.php\/wp-json\/wp\/v2\/product_brand?post=34914"},{"taxonomy":"product_cat","embeddable":true,"href":"https:\/\/www.momengames.com\/index.php\/wp-json\/wp\/v2\/product_cat?post=34914"},{"taxonomy":"product_tag","embeddable":true,"href":"https:\/\/www.momengames.com\/index.php\/wp-json\/wp\/v2\/product_tag?post=34914"}],"curies":[{"name":"wp","href":"https:\/\/api.w.org\/{rel}","templated":true}]}}