{"id":34910,"date":"2025-05-21T13:38:35","date_gmt":"2025-05-21T13:38:35","guid":{"rendered":"https:\/\/www.momengames.com\/index.php\/product\/ueberarbeitete-apple-watch-series-10-gps-42-mm-smartwatch-mit-tiefschwarzem-aluminiumgehaeuse-und-schwarzem-sportarmband-s-m-fitness-tracker-ekg-app-always-on-retina-display-wasserdicht\/"},"modified":"2025-05-21T13:38:35","modified_gmt":"2025-05-21T13:38:35","slug":"ueberarbeitete-apple-watch-series-10-gps-42-mm-smartwatch-mit-tiefschwarzem-aluminiumgehaeuse-und-schwarzem-sportarmband-s-m-fitness-tracker-ekg-app-always-on-retina-display-wasserdicht","status":"publish","type":"product","link":"https:\/\/www.momengames.com\/index.php\/product\/ueberarbeitete-apple-watch-series-10-gps-42-mm-smartwatch-mit-tiefschwarzem-aluminiumgehaeuse-und-schwarzem-sportarmband-s-m-fitness-tracker-ekg-app-always-on-retina-display-wasserdicht\/?lang=de","title":{"rendered":"\u00dcberarbeitete Apple Watch Series 10 GPS 42 mm Smartwatch mit tiefschwarzem Aluminiumgeh\u00e4use und schwarzem Sportarmband \u2013 S\/M. Fitness-Tracker, EKG-App, Always-On Retina-Display, wasserdicht"},"content":{"rendered":"<div id=\"btfContent1_feature_div\" class=\"celwidget\" data-feature-name=\"btfContent1\" data-csa-c-type=\"widget\" data-csa-c-content-id=\"btfContent1\" data-csa-c-slot-id=\"btfContent1_feature_div\" data-csa-c-asin=\"\" data-csa-c-is-in-initial-active-row=\"false\" data-csa-c-id=\"gjhi15-upq77-eqpjac-p8bi6x\" data-cel-widget=\"btfContent1_feature_div\">\n<div id=\"\" class=\"content-grid-wrapper mako-v2\">\n<div id=\"5Q38P0NJ\" class=\"content-grid-row-wrapper \" data-lazy-loading-background-image=\"\">\n<div class=\"a-row\">\n<div class=\"content-grid-col-wrapper override-column-spacing\">\n<div class=\"a-column a-span12 block-content block-type-image textalign-center\">\n<div class=\"content-grid-block\"><img decoding=\"async\" class=\"\" src=\"https:\/\/m.media-amazon.com\/images\/G\/02\/Apple\/APlus\/GBEN_Apple_Watch_S10_cellular_Q424_Web_Marketing_Page_PSD_Bronze_L_01._CB563332980_.jpg\" alt=\"image 1\" data-a-hires=\"https:\/\/m.media-amazon.com\/images\/G\/02\/Apple\/APlus\/GBEN_Apple_Watch_S10_cellular_Q424_Web_Marketing_Page_PSD_Bronze_L_01._CB563332980_.jpg\" \/><\/div>\n<\/div>\n<\/div>\n<\/div>\n<\/div>\n<\/div>\n<\/div>\n<div id=\"btfContent2_feature_div\" class=\"celwidget\" data-feature-name=\"btfContent2\" data-csa-c-type=\"widget\" data-csa-c-content-id=\"btfContent2\" data-csa-c-slot-id=\"btfContent2_feature_div\" data-csa-c-asin=\"\" data-csa-c-is-in-initial-active-row=\"false\" data-csa-c-id=\"cw8epx-mlvy5x-bav3cf-2pkvfl\" data-cel-widget=\"btfContent2_feature_div\">\n<div id=\"\" class=\"content-grid-wrapper mako-v2\">\n<div id=\"5Q38P0NJ\" class=\"content-grid-row-wrapper \" data-lazy-loading-background-image=\"\">\n<div class=\"a-row\">\n<div class=\"content-grid-col-wrapper override-column-spacing\">\n<div class=\"a-column a-span12 block-content block-type-image textalign-center\">\n<div class=\"content-grid-block\"><img decoding=\"async\" class=\"\" src=\"https:\/\/m.media-amazon.com\/images\/G\/02\/Apple\/APlus\/GBEN_Apple_Watch_S10_cellular_Q424_Web_Marketing_Page_PSD_Bronze_L_02._CB563332980_.jpg\" alt=\"image 1\" data-a-hires=\"https:\/\/m.media-amazon.com\/images\/G\/02\/Apple\/APlus\/GBEN_Apple_Watch_S10_cellular_Q424_Web_Marketing_Page_PSD_Bronze_L_02._CB563332980_.jpg\" \/><\/div>\n<\/div>\n<\/div>\n<\/div>\n<\/div>\n<\/div>\n<\/div>\n<div id=\"btfContent3_feature_div\" class=\"celwidget\" data-feature-name=\"btfContent3\" data-csa-c-type=\"widget\" data-csa-c-content-id=\"btfContent3\" data-csa-c-slot-id=\"btfContent3_feature_div\" data-csa-c-asin=\"\" data-csa-c-is-in-initial-active-row=\"false\" data-csa-c-id=\"p084y2-s5oa5q-v8bfdt-5057nz\" data-cel-widget=\"btfContent3_feature_div\">\n<div id=\"\" class=\"content-grid-wrapper mako-v2\">\n<div id=\"5Q38P0NJ\" class=\"content-grid-row-wrapper \" data-lazy-loading-background-image=\"\">\n<div class=\"a-row\">\n<div class=\"content-grid-col-wrapper override-column-spacing\">\n<div class=\"a-column a-span12 block-content block-type-image textalign-center\">\n<div class=\"content-grid-block\"><img decoding=\"async\" class=\"\" src=\"https:\/\/m.media-amazon.com\/images\/G\/02\/Apple\/APlus\/GBEN_Apple_Watch_S10_cellular_Q424_Web_Marketing_Page_PSD_Bronze_L_03._CB563332980_.jpg\" alt=\"image 1\" data-a-hires=\"https:\/\/m.media-amazon.com\/images\/G\/02\/Apple\/APlus\/GBEN_Apple_Watch_S10_cellular_Q424_Web_Marketing_Page_PSD_Bronze_L_03._CB563332980_.jpg\" \/><\/div>\n<\/div>\n<\/div>\n<\/div>\n<\/div>\n<\/div>\n<\/div>\n<div id=\"btfContent4_feature_div\" class=\"celwidget\" data-feature-name=\"btfContent4\" data-csa-c-type=\"widget\" data-csa-c-content-id=\"btfContent4\" data-csa-c-slot-id=\"btfContent4_feature_div\" data-csa-c-asin=\"\" data-csa-c-is-in-initial-active-row=\"false\" data-csa-c-id=\"7wgdmr-mn7nsv-q35exj-r3zzdp\" data-cel-widget=\"btfContent4_feature_div\">\n<div id=\"\" class=\"content-grid-wrapper mako-v2\">\n<div id=\"5Q38P0NJ\" class=\"content-grid-row-wrapper \" data-lazy-loading-background-image=\"\">\n<div class=\"a-row\">\n<div class=\"content-grid-col-wrapper override-column-spacing\">\n<div class=\"a-column a-span12 block-content block-type-image textalign-center\">\n<div class=\"content-grid-block\"><img decoding=\"async\" class=\"\" src=\"https:\/\/m.media-amazon.com\/images\/G\/02\/Apple\/APlus\/GBEN_Apple_Watch_S10_cellular_Q424_Web_Marketing_Page_PSD_Bronze_L_04._CB563332980_.jpg\" alt=\"image 1\" data-a-hires=\"https:\/\/m.media-amazon.com\/images\/G\/02\/Apple\/APlus\/GBEN_Apple_Watch_S10_cellular_Q424_Web_Marketing_Page_PSD_Bronze_L_04._CB563332980_.jpg\" \/><\/div>\n<\/div>\n<\/div>\n<\/div>\n<\/div>\n<\/div>\n<\/div>\n<div id=\"btfContent5_feature_div\" class=\"celwidget\" data-feature-name=\"btfContent5\" data-csa-c-type=\"widget\" data-csa-c-content-id=\"btfContent5\" data-csa-c-slot-id=\"btfContent5_feature_div\" data-csa-c-asin=\"\" data-csa-c-is-in-initial-active-row=\"false\" data-csa-c-id=\"w228h3-3zoh55-p8ixf5-akg2ze\" data-cel-widget=\"btfContent5_feature_div\">\n<div id=\"\" class=\"content-grid-wrapper mako-v2\">\n<div id=\"5Q38P0NJ\" class=\"content-grid-row-wrapper \" data-lazy-loading-background-image=\"\">\n<div class=\"a-row\">\n<div class=\"content-grid-col-wrapper override-column-spacing\">\n<div class=\"a-column a-span12 block-content block-type-image textalign-center\">\n<div class=\"content-grid-block\"><img decoding=\"async\" class=\"\" src=\"https:\/\/m.media-amazon.com\/images\/G\/02\/Apple\/APlus\/GBEN_Apple_Watch_S10_cellular_Q424_Web_Marketing_Page_PSD_Bronze_L_05._CB563332980_.jpg\" alt=\"image 1\" data-a-hires=\"https:\/\/m.media-amazon.com\/images\/G\/02\/Apple\/APlus\/GBEN_Apple_Watch_S10_cellular_Q424_Web_Marketing_Page_PSD_Bronze_L_05._CB563332980_.jpg\" \/><\/div>\n<\/div>\n<\/div>\n<\/div>\n<\/div>\n<\/div>\n<\/div>\n<div id=\"btfContent6_feature_div\" class=\"celwidget\" data-feature-name=\"btfContent6\" data-csa-c-type=\"widget\" data-csa-c-content-id=\"btfContent6\" data-csa-c-slot-id=\"btfContent6_feature_div\" data-csa-c-asin=\"\" data-csa-c-is-in-initial-active-row=\"false\" data-csa-c-id=\"61o6ok-avebbr-r41pd2-f3drtp\" data-cel-widget=\"btfContent6_feature_div\">\n<div id=\"\" class=\"content-grid-wrapper mako-v2\">\n<div id=\"5Q38P0NJ\" class=\"content-grid-row-wrapper \" data-lazy-loading-background-image=\"\">\n<div class=\"a-row\">\n<div class=\"content-grid-col-wrapper override-column-spacing\">\n<div class=\"a-column a-span12 block-content block-type-image textalign-center\">\n<div class=\"content-grid-block\"><img decoding=\"async\" class=\"\" src=\"https:\/\/m.media-amazon.com\/images\/G\/02\/Apple\/APlus\/GBEN_Apple_Watch_S10_cellular_Q424_Web_Marketing_Page_PSD_Bronze_L_06._CB563332980_.jpg\" alt=\"image 1\" data-a-hires=\"https:\/\/m.media-amazon.com\/images\/G\/02\/Apple\/APlus\/GBEN_Apple_Watch_S10_cellular_Q424_Web_Marketing_Page_PSD_Bronze_L_06._CB563332980_.jpg\" \/><\/div>\n<\/div>\n<\/div>\n<\/div>\n<\/div>\n<\/div>\n<\/div>\n<div id=\"btfContent7_feature_div\" class=\"celwidget\" data-feature-name=\"btfContent7\" data-csa-c-type=\"widget\" data-csa-c-content-id=\"btfContent7\" data-csa-c-slot-id=\"btfContent7_feature_div\" data-csa-c-asin=\"\" data-csa-c-is-in-initial-active-row=\"false\" data-csa-c-id=\"2dsji8-utvrrx-u9t3x0-tsbdws\" data-cel-widget=\"btfContent7_feature_div\">\n<div id=\"\" class=\"content-grid-wrapper mako-v2\">\n<div id=\"5Q38P0NJ\" class=\"content-grid-row-wrapper \" data-lazy-loading-background-image=\"\">\n<div class=\"a-row\">\n<div class=\"content-grid-col-wrapper override-column-spacing\">\n<div class=\"a-column a-span12 block-content block-type-image textalign-center\">\n<div class=\"content-grid-block\"><img decoding=\"async\" class=\"\" src=\"https:\/\/m.media-amazon.com\/images\/G\/02\/Apple\/APlus\/GBEN_Apple_Watch_S10_cellular_Q424_Web_Marketing_Page_PSD_Bronze_L_07._CB563332980_.jpg\" alt=\"image 1\" data-a-hires=\"https:\/\/m.media-amazon.com\/images\/G\/02\/Apple\/APlus\/GBEN_Apple_Watch_S10_cellular_Q424_Web_Marketing_Page_PSD_Bronze_L_07._CB563332980_.jpg\" \/><\/div>\n<\/div>\n<\/div>\n<\/div>\n<\/div>\n<\/div>\n<\/div>\n<div id=\"btfContent8_feature_div\" class=\"celwidget\" data-feature-name=\"btfContent8\" data-csa-c-type=\"widget\" data-csa-c-content-id=\"btfContent8\" data-csa-c-slot-id=\"btfContent8_feature_div\" data-csa-c-asin=\"\" data-csa-c-is-in-initial-active-row=\"false\" data-csa-c-id=\"pf1bqz-xcfb81-iykus1-yg0r5q\" data-cel-widget=\"btfContent8_feature_div\">\n<div id=\"\" class=\"content-grid-wrapper mako-v2\">\n<div id=\"5Q38P0NJ\" class=\"content-grid-row-wrapper \" data-lazy-loading-background-image=\"\">\n<div class=\"a-row\">\n<div class=\"content-grid-col-wrapper override-column-spacing\">\n<div class=\"a-column a-span12 block-content block-type-image textalign-center\">\n<div class=\"content-grid-block\"><img decoding=\"async\" class=\"\" src=\"https:\/\/m.media-amazon.com\/images\/G\/02\/Apple\/APlus\/GBEN_Apple_Watch_S10_cellular_Q424_Web_Marketing_Page_PSD_Bronze_L_08._CB563332980_.jpg\" alt=\"image 1\" data-a-hires=\"https:\/\/m.media-amazon.com\/images\/G\/02\/Apple\/APlus\/GBEN_Apple_Watch_S10_cellular_Q424_Web_Marketing_Page_PSD_Bronze_L_08._CB563332980_.jpg\" \/><\/div>\n<\/div>\n<\/div>\n<\/div>\n<\/div>\n<\/div>\n<\/div>\n<div id=\"btfContent9_feature_div\" class=\"celwidget\" data-feature-name=\"btfContent9\" data-csa-c-type=\"widget\" data-csa-c-content-id=\"btfContent9\" data-csa-c-slot-id=\"btfContent9_feature_div\" data-csa-c-asin=\"\" data-csa-c-is-in-initial-active-row=\"false\" data-csa-c-id=\"5ghvy-nfts29-mk1laj-8jlt89\" data-cel-widget=\"btfContent9_feature_div\">\n<div id=\"\" class=\"content-grid-wrapper mako-v2\">\n<div id=\"5Q38P0NJ\" class=\"content-grid-row-wrapper \" data-lazy-loading-background-image=\"\">\n<div class=\"a-row\">\n<div class=\"content-grid-col-wrapper override-column-spacing\">\n<div class=\"a-column a-span12 block-content block-type-image textalign-center\">\n<div class=\"content-grid-block\"><img decoding=\"async\" class=\"\" src=\"https:\/\/m.media-amazon.com\/images\/G\/02\/Apple\/APlus\/GBEN_Apple_Watch_S10_cellular_Q424_Web_Marketing_Page_PSD_Bronze_L_09._CB563332980_.jpg\" alt=\"image 1\" data-a-hires=\"https:\/\/m.media-amazon.com\/images\/G\/02\/Apple\/APlus\/GBEN_Apple_Watch_S10_cellular_Q424_Web_Marketing_Page_PSD_Bronze_L_09._CB563332980_.jpg\" \/><\/div>\n<\/div>\n<\/div>\n<\/div>\n<\/div>\n<\/div>\n<\/div>\n<div id=\"btfContent10_feature_div\" class=\"celwidget\" data-feature-name=\"btfContent10\" data-csa-c-type=\"widget\" data-csa-c-content-id=\"btfContent10\" data-csa-c-slot-id=\"btfContent10_feature_div\" data-csa-c-asin=\"\" data-csa-c-is-in-initial-active-row=\"false\" data-csa-c-id=\"gkgx09-8hogvr-qaamyv-tkgpv8\" data-cel-widget=\"btfContent10_feature_div\"><\/div>\n<div id=\"btfContent11_feature_div\" class=\"celwidget\" data-feature-name=\"btfContent11\" data-csa-c-type=\"widget\" data-csa-c-content-id=\"btfContent11\" data-csa-c-slot-id=\"btfContent11_feature_div\" data-csa-c-asin=\"\" data-csa-c-is-in-initial-active-row=\"false\" data-csa-c-id=\"1hjkwt-6ty6mp-734z62-9u0ekb\" data-cel-widget=\"btfContent11_feature_div\"><\/div>\n<div id=\"btfContent12_feature_div\" class=\"celwidget\" data-feature-name=\"btfContent12\" data-csa-c-type=\"widget\" data-csa-c-content-id=\"btfContent12\" data-csa-c-slot-id=\"btfContent12_feature_div\" data-csa-c-asin=\"\" data-csa-c-is-in-initial-active-row=\"false\" data-csa-c-id=\"543tf2-e5a3m-rqj57h-bgc3my\" data-cel-widget=\"btfContent12_feature_div\"><\/div>\n<div id=\"btfContent13_feature_div\" class=\"celwidget\" data-feature-name=\"btfContent13\" data-csa-c-type=\"widget\" data-csa-c-content-id=\"btfContent13\" data-csa-c-slot-id=\"btfContent13_feature_div\" data-csa-c-asin=\"\" data-csa-c-is-in-initial-active-row=\"false\" data-csa-c-id=\"e2eej5-6bsw0s-1w9utj-jojs1b\" data-cel-widget=\"btfContent13_feature_div\"><\/div>\n<div id=\"btfContent14_feature_div\" class=\"celwidget\" data-feature-name=\"btfContent14\" data-csa-c-type=\"widget\" data-csa-c-content-id=\"btfContent14\" data-csa-c-slot-id=\"btfContent14_feature_div\" data-csa-c-asin=\"\" data-csa-c-is-in-initial-active-row=\"false\" data-csa-c-id=\"6ydub8-wl1zro-neoa6p-2o0yb4\" data-cel-widget=\"btfContent14_feature_div\"><\/div>\n<div id=\"btfContent15_feature_div\" class=\"celwidget\" data-feature-name=\"btfContent15\" data-csa-c-type=\"widget\" data-csa-c-content-id=\"btfContent15\" data-csa-c-slot-id=\"btfContent15_feature_div\" data-csa-c-asin=\"\" data-csa-c-is-in-initial-active-row=\"false\" data-csa-c-id=\"lzg3s5-kcu1nl-18znjw-ogfo6j\" data-cel-widget=\"btfContent15_feature_div\"><\/div>\n<div id=\"btfContent16_feature_div\" class=\"celwidget\" data-feature-name=\"btfContent16\" data-csa-c-type=\"widget\" data-csa-c-content-id=\"btfContent16\" data-csa-c-slot-id=\"btfContent16_feature_div\" data-csa-c-asin=\"\" data-csa-c-is-in-initial-active-row=\"false\" data-csa-c-id=\"mp5plw-g6dn53-i0gbx4-o3lxuw\" data-cel-widget=\"btfContent16_feature_div\"><\/div>\n<div id=\"btfContent17_feature_div\" class=\"celwidget\" data-feature-name=\"btfContent17\" data-csa-c-type=\"widget\" data-csa-c-content-id=\"btfContent17\" data-csa-c-slot-id=\"btfContent17_feature_div\" data-csa-c-asin=\"\" data-csa-c-is-in-initial-active-row=\"false\" data-csa-c-id=\"tmdurf-ulbiqu-6ld6w-j3sqel\" data-cel-widget=\"btfContent17_feature_div\"><\/div>\n<div id=\"btfContent18_feature_div\" class=\"celwidget\" data-feature-name=\"btfContent18\" data-csa-c-type=\"widget\" data-csa-c-content-id=\"btfContent18\" data-csa-c-slot-id=\"btfContent18_feature_div\" data-csa-c-asin=\"\" data-csa-c-is-in-initial-active-row=\"false\" data-csa-c-id=\"6l0pqy-y9is7l-wtvtx2-fx6356\" data-cel-widget=\"btfContent18_feature_div\"><\/div>\n<div id=\"btfContent19_feature_div\" class=\"celwidget\" data-feature-name=\"btfContent19\" data-csa-c-type=\"widget\" data-csa-c-content-id=\"btfContent19\" data-csa-c-slot-id=\"btfContent19_feature_div\" data-csa-c-asin=\"\" data-csa-c-is-in-initial-active-row=\"false\" data-csa-c-id=\"dyq3ne-yy493l-h52z1g-hrreo2\" data-cel-widget=\"btfContent19_feature_div\"><\/div>\n<div id=\"btfContent20_feature_div\" class=\"celwidget\" data-feature-name=\"btfContent20\" data-csa-c-type=\"widget\" data-csa-c-content-id=\"btfContent20\" data-csa-c-slot-id=\"btfContent20_feature_div\" data-csa-c-asin=\"\" data-csa-c-is-in-initial-active-row=\"false\" data-csa-c-id=\"sxszn-r8ifr5-2uyl2k-ga00nw\" data-cel-widget=\"btfContent20_feature_div\"><\/div>\n<div id=\"btfContent21_feature_div\" class=\"celwidget\" data-feature-name=\"btfContent21\" data-csa-c-type=\"widget\" data-csa-c-content-id=\"btfContent21\" data-csa-c-slot-id=\"btfContent21_feature_div\" data-csa-c-asin=\"\" data-csa-c-is-in-initial-active-row=\"false\" data-csa-c-id=\"tns5o3-an1zx1-dq9gk-xnb8zp\" data-cel-widget=\"btfContent21_feature_div\"><\/div>\n<div id=\"btfContent22_feature_div\" class=\"celwidget\" data-feature-name=\"btfContent22\" data-csa-c-type=\"widget\" data-csa-c-content-id=\"btfContent22\" data-csa-c-slot-id=\"btfContent22_feature_div\" data-csa-c-asin=\"\" data-csa-c-is-in-initial-active-row=\"false\" data-csa-c-id=\"exmlwk-nk2j80-iav5xa-kkc8ch\" data-cel-widget=\"btfContent22_feature_div\"><\/div>\n<div id=\"btfContent23_feature_div\" class=\"celwidget\" data-feature-name=\"btfContent23\" data-csa-c-type=\"widget\" data-csa-c-content-id=\"btfContent23\" data-csa-c-slot-id=\"btfContent23_feature_div\" data-csa-c-asin=\"\" data-csa-c-is-in-initial-active-row=\"false\" data-csa-c-id=\"fgyr94-8rrbno-fpnbq9-749kzj\" data-cel-widget=\"btfContent23_feature_div\"><\/div>\n<div id=\"btfContent24_feature_div\" class=\"celwidget\" data-feature-name=\"btfContent24\" data-csa-c-type=\"widget\" data-csa-c-content-id=\"btfContent24\" data-csa-c-slot-id=\"btfContent24_feature_div\" data-csa-c-asin=\"\" data-csa-c-is-in-initial-active-row=\"false\" data-csa-c-id=\"w8907r-vetrg8-l4a1rh-533skg\" data-cel-widget=\"btfContent24_feature_div\"><\/div>\n<div id=\"btfContent25_feature_div\" class=\"celwidget\" data-feature-name=\"btfContent25\" data-csa-c-type=\"widget\" data-csa-c-content-id=\"btfContent25\" data-csa-c-slot-id=\"btfContent25_feature_div\" data-csa-c-asin=\"\" data-csa-c-is-in-initial-active-row=\"false\" data-csa-c-id=\"2d99w2-nx9m5j-m7irc4-il02a3\" data-cel-widget=\"btfContent25_feature_div\">\n<div id=\"compare\" class=\"ucc-widget-wrapper ucc-widget\">\n<div class=\"ucc-title\"><\/div>\n<\/div>\n<\/div>\n","protected":false},"excerpt":{"rendered":"<p>WARUM APPLE WATCH SERIES 10 \u2014 Gr\u00f6\u00dferes Display mit bis zu 30 % mehr Bildschirmfl\u00e4che.* D\u00fcnneres, leichteres und komfortableres Design.* Erweiterte Gesundheits- und Fitnessfunktionen liefern wertvolle Einblicke.* Sicherheitsfunktionen helfen Ihnen, wenn Sie sie brauchen.* Schnelleres Laden: 80 % Akkuladung in ca. 30 Minuten.*<br \/>\nERWEITERTE GESUNDHEITSDATEN \u2014 Machen Sie jederzeit ein EKG.* Erhalten Sie Benachrichtigungen bei hohem oder niedrigem Puls oder unregelm\u00e4\u00dfigem Herzrhythmus.* Verstehen Sie Ihren Menstruationszyklus und erhalten Sie retrospektive Eisprungsch\u00e4tzungen.* Sehen Sie mit der Vitals App n\u00e4chtliche Gesundheitswerte wie Herzfrequenz, Atemfrequenz und mehr.* Tracken Sie Ihren Schlaf und erhalten Sie Benachrichtigungen, wenn die Apple Watch Anzeichen von Schlafapnoe erkennt.*<br \/>\nEIN LEISTUNGSSTARKER FITNESSPARTNER \u2014 Messen Sie Ihre Bewegungen mit den Aktivit\u00e4tsringen, die Sie an Ihren Lebensstil anpassen k\u00f6nnen. Erhalten Sie mit der Workout App erweiterte Messwerte f\u00fcr verschiedene Workouts. Verfolgen Sie die Intensit\u00e4t Ihrer Workouts mit der Trainingsbelastung. Nutze Tiefen- und Wassertemperatursensoren f\u00fcr deine Wasserabenteuer. Die Apple Watch gibt es inklusive drei Monaten Apple Fitness+ gratis dazu.*<br \/>\nBLEIBE IN VERBINDUNG \u2013 Sende SMS, nimm Anrufe entgegen, h\u00f6re Musik und Podcasts, nutze Siri und erhalte Benachrichtigungen \u2013 ganz bequem unterwegs. Die Apple Watch Series 10 (GPS) funktioniert mit deinem iPhone oder WLAN, damit du immer in Verbindung bleibst.<br \/>\nINNOVATIVE SICHERHEITSFUNKTIONEN \u2013 Sturz- und Unfallerkennung verbinden dich bei einem schweren Sturz oder Autounfall mit dem Notdienst. Mit Notruf SOS kannst du per Knopfdruck Hilfe rufen.* Check In benachrichtigt automatisch einen Angeh\u00f6rigen, wenn du an deinem Ziel angekommen bist.<br \/>\nUNGLAUBLICHE ROBUSTHEIT \u2013 Bruchfest und IP6X-zertifiziert staubdicht. Wasserdicht bis 50 m.*<br \/>\nKlimaneutral \u2013 Die Apple Watch Series 10 ist in Kombination mit ausgew\u00e4hlten Armb\u00e4ndern klimaneutral. Erfahre mehr \u00fcber Apples Umweltengagement unter apple.com\/uk\/2030.<br \/>\nEINFACH KOMPATIBEL \u2013 Funktioniert nahtlos mit Ihren Apple-Ger\u00e4ten und -Diensten.* Entsperren Sie Ihren Mac automatisch. Erhalten Sie mit Precision Finding auf unterst\u00fctzten iPhone-Modellen die ungef\u00e4hre Entfernung und Wegbeschreibung zu Ihrem iPhone.* Bezahlen und senden Sie Geld mit Apple Pay.<br \/>\nEINFACH ANPASSBAR \u2013 Mit Uhrenarmb\u00e4ndern in verschiedenen Stilen, Materialien und Farben und vollst\u00e4ndig anpassbaren Zifferbl\u00e4ttern k\u00f6nnen Sie Ihre Uhr Ihrer Stimmung oder dem Moment anpassen.<\/p>\n","protected":false},"featured_media":33014,"comment_status":"open","ping_status":"closed","template":"","meta":{"iawp_total_views":140},"product_brand":[],"product_cat":[47],"product_tag":[],"class_list":{"0":"post-34910","1":"product","2":"type-product","3":"status-publish","4":"has-post-thumbnail","6":"product_cat-renewed-de","8":"first","9":"instock","10":"taxable","11":"shipping-taxable","12":"purchasable","13":"product-type-simple"},"jetpack_sharing_enabled":true,"_links":{"self":[{"href":"https:\/\/www.momengames.com\/index.php\/wp-json\/wp\/v2\/product\/34910","targetHints":{"allow":["GET"]}}],"collection":[{"href":"https:\/\/www.momengames.com\/index.php\/wp-json\/wp\/v2\/product"}],"about":[{"href":"https:\/\/www.momengames.com\/index.php\/wp-json\/wp\/v2\/types\/product"}],"replies":[{"embeddable":true,"href":"https:\/\/www.momengames.com\/index.php\/wp-json\/wp\/v2\/comments?post=34910"}],"wp:featuredmedia":[{"embeddable":true,"href":"https:\/\/www.momengames.com\/index.php\/wp-json\/wp\/v2\/media\/33014"}],"wp:attachment":[{"href":"https:\/\/www.momengames.com\/index.php\/wp-json\/wp\/v2\/media?parent=34910"}],"wp:term":[{"taxonomy":"product_brand","embeddable":true,"href":"https:\/\/www.momengames.com\/index.php\/wp-json\/wp\/v2\/product_brand?post=34910"},{"taxonomy":"product_cat","embeddable":true,"href":"https:\/\/www.momengames.com\/index.php\/wp-json\/wp\/v2\/product_cat?post=34910"},{"taxonomy":"product_tag","embeddable":true,"href":"https:\/\/www.momengames.com\/index.php\/wp-json\/wp\/v2\/product_tag?post=34910"}],"curies":[{"name":"wp","href":"https:\/\/api.w.org\/{rel}","templated":true}]}}