{"id":34909,"date":"2025-05-21T13:44:24","date_gmt":"2025-05-21T13:44:24","guid":{"rendered":"https:\/\/www.momengames.com\/index.php\/product\/erneuerte-kabellose-apple-airpods-pro-2-ohrhoerer-aktive-geraeuschunterdrueckung-hoergeraetefunktion-bluetooth-kopfhoerer-transparenz-personalisiertes-raeumliches-audio-hi-fi-sound-h2-chip-usb\/"},"modified":"2025-05-21T13:44:24","modified_gmt":"2025-05-21T13:44:24","slug":"erneuerte-kabellose-apple-airpods-pro-2-ohrhoerer-aktive-geraeuschunterdrueckung-hoergeraetefunktion-bluetooth-kopfhoerer-transparenz-personalisiertes-raeumliches-audio-hi-fi-sound-h2-chip-usb","status":"publish","type":"product","link":"https:\/\/www.momengames.com\/index.php\/product\/erneuerte-kabellose-apple-airpods-pro-2-ohrhoerer-aktive-geraeuschunterdrueckung-hoergeraetefunktion-bluetooth-kopfhoerer-transparenz-personalisiertes-raeumliches-audio-hi-fi-sound-h2-chip-usb\/?lang=de","title":{"rendered":"Erneuerte kabellose Apple AirPods Pro 2-Ohrh\u00f6rer, aktive Ger\u00e4uschunterdr\u00fcckung, H\u00f6rger\u00e4tefunktion, Bluetooth-Kopfh\u00f6rer, Transparenz, personalisiertes r\u00e4umliches Audio, Hi-Fi-Sound, H2-Chip, USB-C-Aufladung"},"content":{"rendered":"<div id=\"btfContent12_feature_div\" class=\"celwidget\" data-feature-name=\"btfContent12\" data-csa-c-type=\"widget\" data-csa-c-content-id=\"btfContent12\" data-csa-c-slot-id=\"btfContent12_feature_div\" data-csa-c-asin=\"\" data-csa-c-is-in-initial-active-row=\"false\" data-csa-c-id=\"4d5e3m-kjthiu-6s5npi-i6rjmv\" data-cel-widget=\"btfContent12_feature_div\">\n<div id=\"\" class=\"content-grid-wrapper mako-v2\">\n<div id=\"5Q38P0NJ\" class=\"content-grid-row-wrapper \" data-lazy-loading-background-image=\"\">\n<div class=\"a-row\">\n<div class=\"content-grid-col-wrapper override-column-spacing\">\n<div class=\"a-column a-span12 block-content block-type-image textalign-center\">\n<div class=\"content-grid-block\"><img decoding=\"async\" class=\"\" src=\"https:\/\/m.media-amazon.com\/images\/G\/01\/appcore\/beats\/AirPods_Pro_2_Product_Page_L__en-US_01._CB565046087_.jpg\" alt=\"Beats Studio3 Headphones\" data-a-hires=\"https:\/\/m.media-amazon.com\/images\/G\/01\/appcore\/beats\/AirPods_Pro_2_Product_Page_L__en-US_01._CB565046087_.jpg\" \/><\/div>\n<\/div>\n<\/div>\n<\/div>\n<\/div>\n<div id=\"5Q38P0NJ\" class=\"content-grid-row-wrapper \" data-lazy-loading-background-image=\"\">\n<div class=\"a-row\">\n<div class=\"content-grid-col-wrapper override-column-spacing\">\n<div class=\"a-column a-span12 block-content block-type-image textalign-center\">\n<div class=\"content-grid-block\"><img decoding=\"async\" class=\"\" src=\"https:\/\/m.media-amazon.com\/images\/G\/01\/appcore\/beats\/AirPods_Pro_2_Product_Page_L__en-US_02._CB565046087_.jpg\" alt=\"Beats Studio3 Headphones\" data-a-hires=\"https:\/\/m.media-amazon.com\/images\/G\/01\/appcore\/beats\/AirPods_Pro_2_Product_Page_L__en-US_02._CB565046087_.jpg\" \/><\/div>\n<\/div>\n<\/div>\n<\/div>\n<\/div>\n<div id=\"5Q38P0NJ\" class=\"content-grid-row-wrapper \" data-lazy-loading-background-image=\"\">\n<div class=\"a-row\">\n<div class=\"content-grid-col-wrapper override-column-spacing\">\n<div class=\"a-column a-span12 block-content block-type-image textalign-center\">\n<div class=\"content-grid-block\"><img decoding=\"async\" class=\"\" src=\"https:\/\/m.media-amazon.com\/images\/G\/01\/appcore\/beats\/AirPods_Pro_2_Product_Page_L__en-US_03._CB565046087_.jpg\" alt=\"Beats Studio3 Headphones\" data-a-hires=\"https:\/\/m.media-amazon.com\/images\/G\/01\/appcore\/beats\/AirPods_Pro_2_Product_Page_L__en-US_03._CB565046087_.jpg\" \/><\/div>\n<\/div>\n<\/div>\n<\/div>\n<\/div>\n<div id=\"5Q38P0NJ\" class=\"content-grid-row-wrapper \" data-lazy-loading-background-image=\"\">\n<div class=\"a-row\">\n<div class=\"content-grid-col-wrapper override-column-spacing\">\n<div class=\"a-column a-span12 block-content block-type-image textalign-center\">\n<div class=\"content-grid-block\"><img decoding=\"async\" class=\"\" src=\"https:\/\/m.media-amazon.com\/images\/G\/01\/appcore\/beats\/AirPods_Pro_2_Product_Page_L__en-US_04._CB565046087_.jpg\" alt=\"Beats Studio3 Headphones\" data-a-hires=\"https:\/\/m.media-amazon.com\/images\/G\/01\/appcore\/beats\/AirPods_Pro_2_Product_Page_L__en-US_04._CB565046087_.jpg\" \/><\/div>\n<\/div>\n<\/div>\n<\/div>\n<\/div>\n<div id=\"5Q38P0NJ\" class=\"content-grid-row-wrapper \" data-lazy-loading-background-image=\"\">\n<div class=\"a-row\">\n<div class=\"content-grid-col-wrapper override-column-spacing\">\n<div class=\"a-column a-span12 block-content block-type-image textalign-center\">\n<div class=\"content-grid-block\"><img decoding=\"async\" class=\"\" src=\"https:\/\/m.media-amazon.com\/images\/G\/01\/appcore\/beats\/AirPods_Pro_2_Product_Page_L__en-US_05._CB565046087_.jpg\" alt=\"Beats Studio3 Headphones\" data-a-hires=\"https:\/\/m.media-amazon.com\/images\/G\/01\/appcore\/beats\/AirPods_Pro_2_Product_Page_L__en-US_05._CB565046087_.jpg\" \/><\/div>\n<\/div>\n<\/div>\n<\/div>\n<\/div>\n<div id=\"5Q38P0NJ\" class=\"content-grid-row-wrapper \" data-lazy-loading-background-image=\"\">\n<div class=\"a-row\">\n<div class=\"content-grid-col-wrapper override-column-spacing\">\n<div class=\"a-column a-span12 block-content block-type-image textalign-center\">\n<div class=\"content-grid-block\"><img decoding=\"async\" class=\"\" src=\"https:\/\/m.media-amazon.com\/images\/G\/01\/appcore\/beats\/AirPods_Pro_2_Product_Page_L__en-US_06._CB565046087_.jpg\" alt=\"Beats Studio3 Headphones\" data-a-hires=\"https:\/\/m.media-amazon.com\/images\/G\/01\/appcore\/beats\/AirPods_Pro_2_Product_Page_L__en-US_06._CB565046087_.jpg\" \/><\/div>\n<\/div>\n<\/div>\n<\/div>\n<\/div>\n<div id=\"5Q38P0NJ\" class=\"content-grid-row-wrapper \" data-lazy-loading-background-image=\"\">\n<div class=\"a-row\">\n<div class=\"content-grid-col-wrapper override-column-spacing\">\n<div class=\"a-column a-span12 block-content block-type-image textalign-center\">\n<div class=\"content-grid-block\"><img decoding=\"async\" class=\"\" src=\"https:\/\/m.media-amazon.com\/images\/G\/01\/appcore\/beats\/AirPods_Pro_2_Product_Page_L__en-US_07._CB565046087_.jpg\" alt=\"Beats Studio3 Headphones\" data-a-hires=\"https:\/\/m.media-amazon.com\/images\/G\/01\/appcore\/beats\/AirPods_Pro_2_Product_Page_L__en-US_07._CB565046087_.jpg\" \/><\/div>\n<\/div>\n<\/div>\n<\/div>\n<\/div>\n<div id=\"5Q38P0NJ\" class=\"content-grid-row-wrapper \" data-lazy-loading-background-image=\"\">\n<div class=\"a-row\">\n<div class=\"content-grid-col-wrapper override-column-spacing\">\n<div class=\"a-column a-span12 block-content block-type-image textalign-center\">\n<div class=\"content-grid-block\"><img decoding=\"async\" class=\"\" src=\"https:\/\/m.media-amazon.com\/images\/G\/01\/appcore\/beats\/AirPods_Pro_2_Product_Page_L__en-US_08._CB565046087_.jpg\" alt=\"Beats Studio3 Headphones\" data-a-hires=\"https:\/\/m.media-amazon.com\/images\/G\/01\/appcore\/beats\/AirPods_Pro_2_Product_Page_L__en-US_08._CB565046087_.jpg\" \/><\/div>\n<\/div>\n<\/div>\n<\/div>\n<\/div>\n<div id=\"5Q38P0NJ\" class=\"content-grid-row-wrapper \" data-lazy-loading-background-image=\"\">\n<div class=\"a-row\">\n<div class=\"content-grid-col-wrapper override-column-spacing\">\n<div class=\"a-column a-span12 block-content block-type-image textalign-center\">\n<div class=\"content-grid-block\"><img decoding=\"async\" class=\"\" src=\"https:\/\/m.media-amazon.com\/images\/G\/01\/appcore\/beats\/AirPods_Pro_2_Product_Page_L__en-US_09._CB565046087_.jpg\" alt=\"Beats Studio3 Headphones\" data-a-hires=\"https:\/\/m.media-amazon.com\/images\/G\/01\/appcore\/beats\/AirPods_Pro_2_Product_Page_L__en-US_09._CB565046087_.jpg\" \/><\/div>\n<\/div>\n<\/div>\n<\/div>\n<\/div>\n<div id=\"5Q38P0NJ\" class=\"content-grid-row-wrapper \" data-lazy-loading-background-image=\"\">\n<div class=\"a-row\">\n<div class=\"content-grid-col-wrapper override-column-spacing\">\n<div class=\"a-column a-span12 block-content block-type-image textalign-center\">\n<div class=\"content-grid-block\"><img decoding=\"async\" class=\"\" src=\"https:\/\/m.media-amazon.com\/images\/G\/01\/img15\/brawner\/1500x40whitespace._CB463250746_.jpg\" alt=\"Beats Studio3 Headphones\" data-a-hires=\"https:\/\/m.media-amazon.com\/images\/G\/01\/img15\/brawner\/1500x40whitespace._CB463250746_.jpg\" \/><\/div>\n<\/div>\n<\/div>\n<\/div>\n<\/div>\n<\/div>\n<\/div>\n<div id=\"btfSubNavDesktopCopy\" class=\"celwidget\" data-feature-name=\"btfSubNavDesktop\" data-csa-c-type=\"widget\" data-csa-c-content-id=\"btfSubNavDesktop\" data-csa-c-slot-id=\"btfSubNavDesktop_feature_div\" data-csa-c-asin=\"\" data-csa-c-is-in-initial-active-row=\"false\" data-csa-c-id=\"rs12yu-eodh09-ez7gzv-4mcqn\" data-cel-widget=\"btfSubNavDesktopCopy\">\n<div class=\"a-row a-size-base btf-sub-nav-desktop-wrapper\" role=\"navigation\">\n<nav class=\"btf-sub-nav-desktop-tabs\" aria-label=\"Navigate within the product detail page\">\n<div class=\"top-tab-content\">\n<div><\/div>\n<\/div>\n<div class=\"tab-content\"><\/div>\n<\/nav>\n<\/div>\n<\/div>\n<div id=\"btfContent13_feature_div\" class=\"celwidget\" data-feature-name=\"btfContent13\" data-csa-c-type=\"widget\" data-csa-c-content-id=\"btfContent13\" data-csa-c-slot-id=\"btfContent13_feature_div\" data-csa-c-asin=\"\" data-csa-c-is-in-initial-active-row=\"false\" data-csa-c-id=\"p53wu2-hzo7k8-b0bd6u-wzh9zw\" data-cel-widget=\"btfContent13_feature_div\"><\/div>\n<div id=\"btfContent14_feature_div\" class=\"celwidget\" data-feature-name=\"btfContent14\" data-csa-c-type=\"widget\" data-csa-c-content-id=\"btfContent14\" data-csa-c-slot-id=\"btfContent14_feature_div\" data-csa-c-asin=\"\" data-csa-c-is-in-initial-active-row=\"false\" data-csa-c-id=\"3i1sna-16hp1h-vuc2r9-tav2v1\" data-cel-widget=\"btfContent14_feature_div\"><\/div>\n<div id=\"btfContent15_feature_div\" class=\"celwidget\" data-feature-name=\"btfContent15\" data-csa-c-type=\"widget\" data-csa-c-content-id=\"btfContent15\" data-csa-c-slot-id=\"btfContent15_feature_div\" data-csa-c-asin=\"\" data-csa-c-is-in-initial-active-row=\"false\" data-csa-c-id=\"3sw4b8-ai5mkd-beae4k-wkwl4k\" data-cel-widget=\"btfContent15_feature_div\">\n<div id=\"compare\" class=\"ucc-v2-widget\">\n<div class=\"ucc-v2-widget__title\"><\/div>\n<\/div>\n<\/div>\n","protected":false},"excerpt":{"rendered":"<p>BAHNBRECHENDES H\u00d6REN \u2013 Die AirPods Pro 2 erm\u00f6glichen das weltweit erste Kompletterlebnis f\u00fcr gesundes H\u00f6ren: einen wissenschaftlich validierten H\u00f6rtest*, klinischen Geh\u00f6rschutz und aktiven Geh\u00f6rschutz.*<br \/>\nINTELLIGENTE GER\u00c4USCHKONTROLLE \u2013 Aktive Ger\u00e4uschunterdr\u00fcckung entfernt bis zu doppelt so viele Hintergrundger\u00e4usche.* Der Transparenzmodus l\u00e4sst Sie die Welt um sich herum h\u00f6ren, und Adaptives Audio kombiniert Aktive Ger\u00e4uschunterdr\u00fcckung und Transparenzmodus nahtlos f\u00fcr ein optimales H\u00f6rerlebnis in jeder Umgebung.* Und wenn Sie mit jemandem in der N\u00e4he sprechen, reduziert Conversation Awareness automatisch die Lautst\u00e4rke der Wiedergabe.*<br \/>\nVERBESSERTE KLANG- UND GESPR\u00c4CHSQUALIT\u00c4T \u2013 Der von Apple entwickelte H2 Chip sorgt f\u00fcr einen intensiven Klang. Der verzerrungsarme, speziell entwickelte Treiber liefert klare, kristallklare H\u00f6hen und satte, satte B\u00e4sse in atemberaubender Aufl\u00f6sung. Die Sprachisolierung verbessert die Qualit\u00e4t von Telefongespr\u00e4chen in lauten Umgebungen.*<br \/>\nINDIVIDUALISIERBARE PASSFORM \u2013 Im Lieferumfang sind vier Paar Silikonaufs\u00e4tze (XS, S, M, L) enthalten, die sich an viele verschiedene Ohrformen anpassen und ganzt\u00e4gigen Tragekomfort bieten. Die Ohrst\u00f6psel bilden eine akustische Abdichtung, die Ger\u00e4usche abh\u00e4lt und die AirPods Pro 2 sicher an ihrem Platz h\u00e4lt.<br \/>\nSTAUB-, SCHWEISS- UND WASSERBEST\u00c4NDIG \u2013 Sowohl die AirPods Pro als auch das MagSafe Ladecase sind gem\u00e4\u00df IP54 staub-, schwei\u00df- und wasserbest\u00e4ndig, sodass Sie unter unterschiedlichsten Bedingungen bequem h\u00f6ren k\u00f6nnen.*<br \/>\nPERSONALISIERTER RAUMKLANG \u2013 Mit Klang, der sich Ihrer individuellen Ohrform anpasst, und dynamischer Kopfverfolgung bieten die AirPods Pro 2 ein immersives H\u00f6rerlebnis, das Sie mit Sound rundum umgibt.* Sie k\u00f6nnen ausgew\u00e4hlte Songs, Sendungen und Filme auch in Dolby Atmos h\u00f6ren.<br \/>\nH\u00d6HERE KONTROLLE \u2013 Wischen, dr\u00fccken und halten Sie einfach den Stiel, um die Wiedergabefunktionen per Touch-Steuerung zu steuern. Und mit Siri Interactions nicken Sie einfach mit dem Kopf oder sch\u00fctteln Sie ihn mit dem Kopf, wenn Siri fragt, ob Sie eine Nachricht h\u00f6ren, einen Anruf annehmen oder eine Benachrichtigung verwalten m\u00f6chten.*<\/p>\n","protected":false},"featured_media":33019,"comment_status":"open","ping_status":"closed","template":"","meta":{"iawp_total_views":15},"product_brand":[],"product_cat":[47],"product_tag":[],"class_list":{"0":"post-34909","1":"product","2":"type-product","3":"status-publish","4":"has-post-thumbnail","6":"product_cat-renewed-de","8":"first","9":"instock","10":"sale","11":"taxable","12":"shipping-taxable","13":"purchasable","14":"product-type-simple"},"jetpack_sharing_enabled":true,"_links":{"self":[{"href":"https:\/\/www.momengames.com\/index.php\/wp-json\/wp\/v2\/product\/34909","targetHints":{"allow":["GET"]}}],"collection":[{"href":"https:\/\/www.momengames.com\/index.php\/wp-json\/wp\/v2\/product"}],"about":[{"href":"https:\/\/www.momengames.com\/index.php\/wp-json\/wp\/v2\/types\/product"}],"replies":[{"embeddable":true,"href":"https:\/\/www.momengames.com\/index.php\/wp-json\/wp\/v2\/comments?post=34909"}],"wp:featuredmedia":[{"embeddable":true,"href":"https:\/\/www.momengames.com\/index.php\/wp-json\/wp\/v2\/media\/33019"}],"wp:attachment":[{"href":"https:\/\/www.momengames.com\/index.php\/wp-json\/wp\/v2\/media?parent=34909"}],"wp:term":[{"taxonomy":"product_brand","embeddable":true,"href":"https:\/\/www.momengames.com\/index.php\/wp-json\/wp\/v2\/product_brand?post=34909"},{"taxonomy":"product_cat","embeddable":true,"href":"https:\/\/www.momengames.com\/index.php\/wp-json\/wp\/v2\/product_cat?post=34909"},{"taxonomy":"product_tag","embeddable":true,"href":"https:\/\/www.momengames.com\/index.php\/wp-json\/wp\/v2\/product_tag?post=34909"}],"curies":[{"name":"wp","href":"https:\/\/api.w.org\/{rel}","templated":true}]}}