{"id":34908,"date":"2025-05-21T13:48:14","date_gmt":"2025-05-21T13:48:14","guid":{"rendered":"https:\/\/www.momengames.com\/index.php\/product\/ueberarbeitetes-apple-ipad-10-generation-mit-a14-bionic-chip-109-zoll-liquid-retina-display-64-gb-wi-fi-6-12-mp-front-12-mp-rueckkamera-touch-id-ganztaegige-akkulaufzeit\/"},"modified":"2025-05-21T13:48:14","modified_gmt":"2025-05-21T13:48:14","slug":"ueberarbeitetes-apple-ipad-10-generation-mit-a14-bionic-chip-109-zoll-liquid-retina-display-64-gb-wi-fi-6-12-mp-front-12-mp-rueckkamera-touch-id-ganztaegige-akkulaufzeit","status":"publish","type":"product","link":"https:\/\/www.momengames.com\/index.php\/product\/ueberarbeitetes-apple-ipad-10-generation-mit-a14-bionic-chip-109-zoll-liquid-retina-display-64-gb-wi-fi-6-12-mp-front-12-mp-rueckkamera-touch-id-ganztaegige-akkulaufzeit\/?lang=de","title":{"rendered":"\u00dcberarbeitetes Apple iPad (10. Generation): mit A14 Bionic Chip, 10,9-Zoll Liquid Retina Display, 64 GB, Wi-Fi 6, 12 MP Front-\/12 MP R\u00fcckkamera, Touch ID, ganzt\u00e4gige Akkulaufzeit"},"content":{"rendered":"<div id=\"btfContent12_feature_div\" class=\"celwidget flavor-1752\" data-feature-name=\"btfContent12\" data-csa-c-type=\"widget\" data-csa-c-content-id=\"btfContent12\" data-csa-c-slot-id=\"btfContent12_feature_div\" data-csa-c-asin=\"\" data-csa-c-is-in-initial-active-row=\"false\" data-csa-c-id=\"3ljtz0-b2r34i-6fh6yi-ncjrnt\" data-cel-widget=\"btfContent12_feature_div\">\n<div id=\"\" class=\"content-grid-wrapper mako-v2\">\n<div id=\"apple-river-image-container-0\" class=\"content-grid-row-wrapper \" data-lazy-loading-background-image=\"\">\n<div class=\"a-row\">\n<div class=\"content-grid-col-wrapper override-column-spacing\">\n<div class=\"a-column a-span12 block-content block-type-image textalign-center\">\n<div class=\"content-grid-block\"><img decoding=\"async\" class=\"\" src=\"https:\/\/m.media-amazon.com\/images\/G\/01\/apple\/iPad_10th_generation_Product_Page_L_5G__en-US_01_updated._CB573774790_.jpg\" alt=\"Apple iPad 10th Gen\" data-a-hires=\"https:\/\/m.media-amazon.com\/images\/G\/01\/apple\/iPad_10th_generation_Product_Page_L_5G__en-US_01_updated._CB573774790_.jpg\" \/><\/div>\n<\/div>\n<\/div>\n<\/div>\n<\/div>\n<div id=\"apple-river-image-container-1\" class=\"content-grid-row-wrapper \" data-lazy-loading-background-image=\"\">\n<div class=\"a-row\">\n<div class=\"content-grid-col-wrapper override-column-spacing\">\n<div class=\"a-column a-span12 block-content block-type-image textalign-center\">\n<div class=\"content-grid-block\"><img decoding=\"async\" class=\"\" src=\"https:\/\/m.media-amazon.com\/images\/G\/01\/apple\/iPad_10th_generation_Product_Page_L_5G__en-US_02_updated._CB573774790_.jpg\" alt=\"Apple iPad 10th Gen\" data-a-hires=\"https:\/\/m.media-amazon.com\/images\/G\/01\/apple\/iPad_10th_generation_Product_Page_L_5G__en-US_02_updated._CB573774790_.jpg\" \/><\/div>\n<\/div>\n<\/div>\n<\/div>\n<\/div>\n<div id=\"apple-river-image-container-2\" class=\"content-grid-row-wrapper \" data-lazy-loading-background-image=\"\">\n<div class=\"a-row\">\n<div class=\"content-grid-col-wrapper override-column-spacing\">\n<div class=\"a-column a-span12 block-content block-type-image textalign-center\">\n<div class=\"content-grid-block\"><img decoding=\"async\" class=\"\" src=\"https:\/\/m.media-amazon.com\/images\/G\/01\/apple\/iPad_10th_generation_Product_Page_L_5G__en-US_03_updated._CB573774790_.jpg\" alt=\"Apple iPad 10th Gen\" data-a-hires=\"https:\/\/m.media-amazon.com\/images\/G\/01\/apple\/iPad_10th_generation_Product_Page_L_5G__en-US_03_updated._CB573774790_.jpg\" \/><\/div>\n<\/div>\n<\/div>\n<\/div>\n<\/div>\n<div id=\"apple-river-image-container-3\" class=\"content-grid-row-wrapper \" data-lazy-loading-background-image=\"\">\n<div class=\"a-row\">\n<div class=\"content-grid-col-wrapper override-column-spacing\">\n<div class=\"a-column a-span12 block-content block-type-image textalign-center\">\n<div class=\"content-grid-block\"><img decoding=\"async\" class=\"\" src=\"https:\/\/m.media-amazon.com\/images\/G\/01\/apple\/iPad_10th_generation_Product_Page_L_5G__en-US_04_updated._CB573774790_.jpg\" alt=\"Apple iPad 10th Gen\" data-a-hires=\"https:\/\/m.media-amazon.com\/images\/G\/01\/apple\/iPad_10th_generation_Product_Page_L_5G__en-US_04_updated._CB573774790_.jpg\" \/><\/div>\n<\/div>\n<\/div>\n<\/div>\n<\/div>\n<div id=\"apple-river-image-container-4\" class=\"content-grid-row-wrapper \" data-lazy-loading-background-image=\"\">\n<div class=\"a-row\">\n<div class=\"content-grid-col-wrapper override-column-spacing\">\n<div class=\"a-column a-span12 block-content block-type-image textalign-center\">\n<div class=\"content-grid-block\"><img decoding=\"async\" class=\"\" src=\"https:\/\/m.media-amazon.com\/images\/G\/01\/apple\/iPad_10th_generation_Product_Page_L_5G__en-US_05_updated._CB573774790_.jpg\" alt=\"Apple iPad 10th Gen\" data-a-hires=\"https:\/\/m.media-amazon.com\/images\/G\/01\/apple\/iPad_10th_generation_Product_Page_L_5G__en-US_05_updated._CB573774790_.jpg\" \/><\/div>\n<\/div>\n<\/div>\n<\/div>\n<\/div>\n<div id=\"apple-river-image-container-5\" class=\"content-grid-row-wrapper \" data-lazy-loading-background-image=\"\">\n<div class=\"a-row\">\n<div class=\"content-grid-col-wrapper override-column-spacing\">\n<div class=\"a-column a-span12 block-content block-type-image textalign-center\">\n<div class=\"content-grid-block\"><img decoding=\"async\" class=\"\" src=\"https:\/\/m.media-amazon.com\/images\/G\/01\/apple\/iPad_10th_generation_Product_Page_L_5G__en-US_06_updated._CB573774790_.jpg\" alt=\"Apple iPad 10th Gen\" data-a-hires=\"https:\/\/m.media-amazon.com\/images\/G\/01\/apple\/iPad_10th_generation_Product_Page_L_5G__en-US_06_updated._CB573774790_.jpg\" \/><\/div>\n<\/div>\n<\/div>\n<\/div>\n<\/div>\n<div id=\"apple-river-image-container-6\" class=\"content-grid-row-wrapper \" data-lazy-loading-background-image=\"\">\n<div class=\"a-row\">\n<div class=\"content-grid-col-wrapper override-column-spacing\">\n<div class=\"a-column a-span12 block-content block-type-image textalign-center\">\n<div class=\"content-grid-block\"><img decoding=\"async\" class=\"\" src=\"https:\/\/m.media-amazon.com\/images\/G\/01\/apple\/iPad_10th_generation_Product_Page_L_5G__en-US_07_updated._CB573774790_.jpg\" alt=\"Apple iPad 10th Gen\" data-a-hires=\"https:\/\/m.media-amazon.com\/images\/G\/01\/apple\/iPad_10th_generation_Product_Page_L_5G__en-US_07_updated._CB573774790_.jpg\" \/><\/div>\n<\/div>\n<\/div>\n<\/div>\n<\/div>\n<div id=\"apple-river-image-container-7\" class=\"content-grid-row-wrapper \" data-lazy-loading-background-image=\"\">\n<div class=\"a-row\">\n<div class=\"content-grid-col-wrapper override-column-spacing\">\n<div class=\"a-column a-span12 block-content block-type-image textalign-center\">\n<div class=\"content-grid-block\"><img decoding=\"async\" class=\"\" src=\"https:\/\/m.media-amazon.com\/images\/G\/01\/apple\/iPad_10th_generation_Product_Page_L_5G__en-US_08_updated._CB573774790_.jpg\" alt=\"Apple iPad 10th Gen\" data-a-hires=\"https:\/\/m.media-amazon.com\/images\/G\/01\/apple\/iPad_10th_generation_Product_Page_L_5G__en-US_08_updated._CB573774790_.jpg\" \/><\/div>\n<\/div>\n<\/div>\n<\/div>\n<\/div>\n<div id=\"apple-river-image-container-8\" class=\"content-grid-row-wrapper \" data-lazy-loading-background-image=\"\">\n<div class=\"a-row\">\n<div class=\"content-grid-col-wrapper override-column-spacing\">\n<div class=\"a-column a-span12 block-content block-type-image textalign-center\">\n<div class=\"content-grid-block\"><img decoding=\"async\" class=\"\" src=\"https:\/\/m.media-amazon.com\/images\/G\/01\/apple\/iPad_10th_generation_Product_Page_L_5G__en-US_09_updated._CB573774790_.jpg\" alt=\"Apple iPad 10th Gen\" data-a-hires=\"https:\/\/m.media-amazon.com\/images\/G\/01\/apple\/iPad_10th_generation_Product_Page_L_5G__en-US_09_updated._CB573774790_.jpg\" \/><\/div>\n<\/div>\n<\/div>\n<\/div>\n<\/div>\n<div id=\"apple-river-image-container-9\" class=\"content-grid-row-wrapper \" data-lazy-loading-background-image=\"\">\n<div class=\"a-row\">\n<div class=\"content-grid-col-wrapper override-column-spacing\">\n<div class=\"a-column a-span12 block-content block-type-image textalign-center\">\n<div class=\"content-grid-block\"><img decoding=\"async\" class=\"\" src=\"https:\/\/m.media-amazon.com\/images\/G\/01\/img15\/brawner\/1500x40whitespace._CB463250746_.jpg\" alt=\"image 1\" data-a-hires=\"https:\/\/m.media-amazon.com\/images\/G\/01\/img15\/brawner\/1500x40whitespace._CB463250746_.jpg\" \/><\/div>\n<\/div>\n<\/div>\n<\/div>\n<\/div>\n<\/div>\n<\/div>\n<div id=\"btfSubNavDesktopCopy\" class=\"celwidget\" data-feature-name=\"btfSubNavDesktop\" data-csa-c-type=\"widget\" data-csa-c-content-id=\"btfSubNavDesktop\" data-csa-c-slot-id=\"btfSubNavDesktop_feature_div\" data-csa-c-asin=\"\" data-csa-c-is-in-initial-active-row=\"false\" data-csa-c-id=\"tyyx6e-k5rzs1-8uuoi3-5gxw8o\" data-cel-widget=\"btfSubNavDesktop_feature_div\">\n<div class=\"a-row a-size-base btf-sub-nav-desktop-wrapper\" role=\"navigation\">\n<nav class=\"btf-sub-nav-desktop-tabs\" aria-label=\"Navigate within the product detail page\">\n<div class=\"top-tab-content\">\n<div><\/div>\n<\/div>\n<\/nav>\n<\/div>\n<\/div>\n<div id=\"btfContent29_feature_div\" class=\"celwidget flavor-3227\" data-feature-name=\"btfContent29\" data-csa-c-type=\"widget\" data-csa-c-content-id=\"btfContent29\" data-csa-c-slot-id=\"btfContent29_feature_div\" data-csa-c-asin=\"\" data-csa-c-is-in-initial-active-row=\"false\" data-csa-c-id=\"jqibw8-misgbz-jkgv32-ggp5ev\" data-cel-widget=\"btfContent29_feature_div\"><\/div>\n<div id=\"btfContent30_feature_div\" class=\"celwidget flavor-379\" data-feature-name=\"btfContent30\" data-csa-c-type=\"widget\" data-csa-c-content-id=\"btfContent30\" data-csa-c-slot-id=\"btfContent30_feature_div\" data-csa-c-asin=\"\" data-csa-c-is-in-initial-active-row=\"false\" data-csa-c-id=\"94gax1-il9172-f1a10t-m7bmid\" data-cel-widget=\"btfContent30_feature_div\">\n<div id=\"compare\" class=\"ucc-v2-widget\">\n<div class=\"ucc-v2-widget__title\"><\/div>\n<\/div>\n<\/div>\n","protected":false},"excerpt":{"rendered":"<p>WARUM IPAD? \u2013 Das iPad wurde farbenfroh neu gestaltet und ist vielseitiger denn je. Es eignet sich perfekt f\u00fcr all deine allt\u00e4glichen Aufgaben. Mit seinem All-Screen-Design, dem 10,9&#8243; Liquid Retina Display, dem leistungsstarken A14 Bionic Chip, superschnellem WLAN und vier wundersch\u00f6nen Farben bietet das iPad die perfekte M\u00f6glichkeit, kreativ zu sein, in Verbindung zu bleiben und Dinge zu erledigen.<\/p>\n<p>IPADOS + APPS \u2013 iPadOS macht das iPad produktiver, intuitiver und vielseitiger. Mit iPadOS kannst du mehrere Apps gleichzeitig ausf\u00fchren, mit dem Apple Pencil in Textfeldern schreiben und Fotos bearbeiten und teilen. Das iPad verf\u00fcgt \u00fcber wichtige Apps wie Safari, Nachrichten und Keynote. \u00dcber eine Million weitere Apps sind im App Store verf\u00fcgbar.<\/p>\n<p>SCHNELLE WLAN-VERBINDUNG \u2013 Wi-Fi 6 erm\u00f6glicht dir schnellen Zugriff auf deine Dateien, Uploads und Downloads und erm\u00f6glicht dir nahtloses Streamen deiner Lieblingssendungen.<\/p>\n<p>LEISTUNG UND SPEICHER \u2013 Der A14 Bionic Chip liefert Power und Leistung f\u00fcr jede Aktivit\u00e4t. Dank der ganzt\u00e4gigen Batterielaufzeit eignet sich das iPad perfekt f\u00fcr fesselnde Spiele und die Bearbeitung von Fotos und Videos. W\u00e4hle zwischen 64 GB oder 256 GB Speicher.<br \/>\nAPPLE PENCIL UND MAGIC KEYBOARD FOLIO \u2013 Mit dem Apple Pencil (1. Generation) verwandelt sich das iPad in eine beeindruckende Zeichenfl\u00e4che und das beste Notizger\u00e4t der Welt. Das Magic Keyboard Folio besticht durch ein vielseitiges zweiteiliges Design mit abnehmbarer Tastatur und sch\u00fctzender R\u00fcckseite, die beide magnetisch am iPad befestigt werden. Zubeh\u00f6r separat erh\u00e4ltlich.<br \/>\n10,9-Zoll-Liquid-Retina-Display \u2013 Das beeindruckende Liquid-Retina-Display ist ideal, um Filme anzusehen oder dein n\u00e4chstes Meisterwerk zu zeichnen. True Tone passt das Display an die Farbtemperatur des Raumes an und sorgt so f\u00fcr ein angenehmes Seherlebnis bei jedem Licht.<br \/>\nENTSPERREN UND BEZAHLEN MIT TOUCH ID \u2013 Touch ID ist in die obere Taste integriert. Entsperre dein iPad mit deinem Fingerabdruck, melde dich bei Apps an und bezahle sicher mit Apple Pay.<\/p>\n","protected":false},"featured_media":33026,"comment_status":"open","ping_status":"closed","template":"","meta":{"iawp_total_views":213},"product_brand":[],"product_cat":[47],"product_tag":[],"class_list":{"0":"post-34908","1":"product","2":"type-product","3":"status-publish","4":"has-post-thumbnail","6":"product_cat-renewed-de","8":"first","9":"instock","10":"sale","11":"taxable","12":"shipping-taxable","13":"purchasable","14":"product-type-simple"},"jetpack_sharing_enabled":true,"_links":{"self":[{"href":"https:\/\/www.momengames.com\/index.php\/wp-json\/wp\/v2\/product\/34908","targetHints":{"allow":["GET"]}}],"collection":[{"href":"https:\/\/www.momengames.com\/index.php\/wp-json\/wp\/v2\/product"}],"about":[{"href":"https:\/\/www.momengames.com\/index.php\/wp-json\/wp\/v2\/types\/product"}],"replies":[{"embeddable":true,"href":"https:\/\/www.momengames.com\/index.php\/wp-json\/wp\/v2\/comments?post=34908"}],"wp:featuredmedia":[{"embeddable":true,"href":"https:\/\/www.momengames.com\/index.php\/wp-json\/wp\/v2\/media\/33026"}],"wp:attachment":[{"href":"https:\/\/www.momengames.com\/index.php\/wp-json\/wp\/v2\/media?parent=34908"}],"wp:term":[{"taxonomy":"product_brand","embeddable":true,"href":"https:\/\/www.momengames.com\/index.php\/wp-json\/wp\/v2\/product_brand?post=34908"},{"taxonomy":"product_cat","embeddable":true,"href":"https:\/\/www.momengames.com\/index.php\/wp-json\/wp\/v2\/product_cat?post=34908"},{"taxonomy":"product_tag","embeddable":true,"href":"https:\/\/www.momengames.com\/index.php\/wp-json\/wp\/v2\/product_tag?post=34908"}],"curies":[{"name":"wp","href":"https:\/\/api.w.org\/{rel}","templated":true}]}}