{"id":34907,"date":"2025-05-21T13:57:02","date_gmt":"2025-05-21T13:57:02","guid":{"rendered":"https:\/\/www.momengames.com\/index.php\/product\/erneuerte-apple-airpods-4-kabellose-ohrhoerer-bluetooth-kopfhoerer-personalisiertes-raeumliches-audio-schweiss-und-wasserabweisend-usb-c-ladecase-h2-chip-bis-zu-30-stunden-akkulaufzeit-muehelo\/"},"modified":"2025-05-21T13:57:02","modified_gmt":"2025-05-21T13:57:02","slug":"erneuerte-apple-airpods-4-kabellose-ohrhoerer-bluetooth-kopfhoerer-personalisiertes-raeumliches-audio-schweiss-und-wasserabweisend-usb-c-ladecase-h2-chip-bis-zu-30-stunden-akkulaufzeit-muehelo","status":"publish","type":"product","link":"https:\/\/www.momengames.com\/index.php\/product\/erneuerte-apple-airpods-4-kabellose-ohrhoerer-bluetooth-kopfhoerer-personalisiertes-raeumliches-audio-schweiss-und-wasserabweisend-usb-c-ladecase-h2-chip-bis-zu-30-stunden-akkulaufzeit-muehelo\/?lang=de","title":{"rendered":"Erneuerte Apple AirPods 4 Kabellose Ohrh\u00f6rer, Bluetooth-Kopfh\u00f6rer, personalisiertes r\u00e4umliches Audio, schwei\u00df- und wasserabweisend, USB-C-Ladecase, H2-Chip, bis zu 30 Stunden Akkulaufzeit, m\u00fchelose Einrichtung f\u00fcr das iPhone"},"content":{"rendered":"<div id=\"btfContent1_feature_div\" class=\"celwidget\" data-feature-name=\"btfContent1\" data-csa-c-type=\"widget\" data-csa-c-content-id=\"btfContent1\" data-csa-c-slot-id=\"btfContent1_feature_div\" data-csa-c-asin=\"\" data-csa-c-is-in-initial-active-row=\"false\" data-csa-c-id=\"hepxj4-ix7k4z-jkjj47-lfmmxt\" data-cel-widget=\"btfContent1_feature_div\">\n<div id=\"\" class=\"content-grid-wrapper mako-v2\">\n<div id=\"5Q38P0NJ\" class=\"content-grid-row-wrapper \" data-lazy-loading-background-image=\"\">\n<div class=\"a-row\">\n<div class=\"content-grid-col-wrapper override-column-spacing\">\n<div class=\"a-column a-span12 block-content block-type-image textalign-center\">\n<div class=\"content-grid-block\"><img decoding=\"async\" class=\"\" src=\"https:\/\/m.media-amazon.com\/images\/G\/01\/appcore\/beats\/AirPods_4_Product_Page_L__en-US_01._CB565045701_.jpg\" alt=\"Beats Studio3 Headphones\" data-a-hires=\"https:\/\/m.media-amazon.com\/images\/G\/01\/appcore\/beats\/AirPods_4_Product_Page_L__en-US_01._CB565045701_.jpg\" \/><\/div>\n<\/div>\n<\/div>\n<\/div>\n<\/div>\n<\/div>\n<\/div>\n<div id=\"btfContent2_feature_div\" class=\"celwidget\" data-feature-name=\"btfContent2\" data-csa-c-type=\"widget\" data-csa-c-content-id=\"btfContent2\" data-csa-c-slot-id=\"btfContent2_feature_div\" data-csa-c-asin=\"\" data-csa-c-is-in-initial-active-row=\"false\" data-csa-c-id=\"dgh30p-94oj7r-rub76h-lzznrr\" data-cel-widget=\"btfContent2_feature_div\">\n<div id=\"\" class=\"content-grid-wrapper mako-v2\">\n<div id=\"5Q38P0NJ\" class=\"content-grid-row-wrapper \" data-lazy-loading-background-image=\"\">\n<div class=\"a-row\">\n<div class=\"content-grid-col-wrapper override-column-spacing\">\n<div class=\"a-column a-span12 block-content block-type-image textalign-center\">\n<div class=\"content-grid-block\"><img decoding=\"async\" class=\"\" src=\"https:\/\/m.media-amazon.com\/images\/G\/01\/appcore\/beats\/AirPods_4_Product_Page_L__en-US_02._CB565045701_.jpg\" alt=\"Beats Studio3 Headphones\" data-a-hires=\"https:\/\/m.media-amazon.com\/images\/G\/01\/appcore\/beats\/AirPods_4_Product_Page_L__en-US_02._CB565045701_.jpg\" \/><\/div>\n<\/div>\n<\/div>\n<\/div>\n<\/div>\n<\/div>\n<\/div>\n<div id=\"btfContent3_feature_div\" class=\"celwidget\" data-feature-name=\"btfContent3\" data-csa-c-type=\"widget\" data-csa-c-content-id=\"btfContent3\" data-csa-c-slot-id=\"btfContent3_feature_div\" data-csa-c-asin=\"\" data-csa-c-is-in-initial-active-row=\"false\" data-csa-c-id=\"ootgyf-w0t3uz-31jbgf-xyf409\" data-cel-widget=\"btfContent3_feature_div\">\n<div id=\"\" class=\"content-grid-wrapper mako-v2\">\n<div id=\"5Q38P0NJ\" class=\"content-grid-row-wrapper \" data-lazy-loading-background-image=\"\">\n<div class=\"a-row\">\n<div class=\"content-grid-col-wrapper override-column-spacing\">\n<div class=\"a-column a-span12 block-content block-type-image textalign-center\">\n<div class=\"content-grid-block\"><img decoding=\"async\" class=\"\" src=\"https:\/\/m.media-amazon.com\/images\/G\/01\/appcore\/beats\/AirPods_4_Product_Page_L__en-US_03._CB565045701_.jpg\" alt=\"Beats Studio3 Headphones\" data-a-hires=\"https:\/\/m.media-amazon.com\/images\/G\/01\/appcore\/beats\/AirPods_4_Product_Page_L__en-US_03._CB565045701_.jpg\" \/><\/div>\n<\/div>\n<\/div>\n<\/div>\n<\/div>\n<\/div>\n<\/div>\n<div id=\"btfContent4_feature_div\" class=\"celwidget\" data-feature-name=\"btfContent4\" data-csa-c-type=\"widget\" data-csa-c-content-id=\"btfContent4\" data-csa-c-slot-id=\"btfContent4_feature_div\" data-csa-c-asin=\"\" data-csa-c-is-in-initial-active-row=\"false\" data-csa-c-id=\"3obhtp-pz0l7b-scwy24-9ny7ym\" data-cel-widget=\"btfContent4_feature_div\">\n<div id=\"\" class=\"content-grid-wrapper mako-v2\">\n<div id=\"5Q38P0NJ\" class=\"content-grid-row-wrapper \" data-lazy-loading-background-image=\"\">\n<div class=\"a-row\">\n<div class=\"content-grid-col-wrapper override-column-spacing\">\n<div class=\"a-column a-span12 block-content block-type-image textalign-center\">\n<div class=\"content-grid-block\"><img decoding=\"async\" class=\"\" src=\"https:\/\/m.media-amazon.com\/images\/G\/01\/appcore\/beats\/AirPods_4_Product_Page_L__en-US_04._CB565045701_.jpg\" alt=\"Beats Studio3 Headphones\" data-a-hires=\"https:\/\/m.media-amazon.com\/images\/G\/01\/appcore\/beats\/AirPods_4_Product_Page_L__en-US_04._CB565045701_.jpg\" \/><\/div>\n<\/div>\n<\/div>\n<\/div>\n<\/div>\n<\/div>\n<\/div>\n<div id=\"btfContent5_feature_div\" class=\"celwidget\" data-feature-name=\"btfContent5\" data-csa-c-type=\"widget\" data-csa-c-content-id=\"btfContent5\" data-csa-c-slot-id=\"btfContent5_feature_div\" data-csa-c-asin=\"\" data-csa-c-is-in-initial-active-row=\"false\" data-csa-c-id=\"wj2d25-peqivu-ihwb13-1thrr6\" data-cel-widget=\"btfContent5_feature_div\">\n<div id=\"\" class=\"content-grid-wrapper mako-v2\">\n<div id=\"5Q38P0NJ\" class=\"content-grid-row-wrapper \" data-lazy-loading-background-image=\"\">\n<div class=\"a-row\">\n<div class=\"content-grid-col-wrapper override-column-spacing\">\n<div class=\"a-column a-span12 block-content block-type-image textalign-center\">\n<div class=\"content-grid-block\"><img decoding=\"async\" class=\"\" src=\"https:\/\/m.media-amazon.com\/images\/G\/01\/appcore\/beats\/AirPods_4_Product_Page_L__en-US_05._CB565045701_.jpg\" alt=\"Beats Studio3 Headphones\" data-a-hires=\"https:\/\/m.media-amazon.com\/images\/G\/01\/appcore\/beats\/AirPods_4_Product_Page_L__en-US_05._CB565045701_.jpg\" \/><\/div>\n<\/div>\n<\/div>\n<\/div>\n<\/div>\n<\/div>\n<\/div>\n<div id=\"btfSubNavDesktopCopy\" class=\"celwidget\" data-feature-name=\"btfSubNavDesktop\" data-csa-c-type=\"widget\" data-csa-c-content-id=\"btfSubNavDesktop\" data-csa-c-slot-id=\"btfSubNavDesktop_feature_div\" data-csa-c-asin=\"\" data-csa-c-is-in-initial-active-row=\"false\" data-csa-c-id=\"dc8atk-h6zw4z-34d631-fhy41u\" data-cel-widget=\"btfSubNavDesktop_feature_div\">\n<div class=\"a-row a-size-base btf-sub-nav-desktop-wrapper\" role=\"navigation\">\n<nav class=\"btf-sub-nav-desktop-tabs\" aria-label=\"Navigate within the product detail page\">\n<div class=\"top-tab-content\">\n<div><\/div>\n<div><span class=\"a-size-base\">Top<\/span><\/div>\n<\/div>\n<div class=\"tab-content\">About this item<\/div>\n<div class=\"tab-content\">Product information<\/div>\n<div class=\"tab-content\">Questions<\/div>\n<div class=\"tab-content\">Reviews<\/div>\n<\/nav>\n<\/div>\n<\/div>\n<div id=\"btfContent6_feature_div\" class=\"celwidget\" data-feature-name=\"btfContent6\" data-csa-c-type=\"widget\" data-csa-c-content-id=\"btfContent6\" data-csa-c-slot-id=\"btfContent6_feature_div\" data-csa-c-asin=\"\" data-csa-c-is-in-initial-active-row=\"false\" data-csa-c-id=\"7uo2mn-13d5u7-p6k584-qeuad1\" data-cel-widget=\"btfContent6_feature_div\">\n<div id=\"\" class=\"content-grid-wrapper mako-v2\">\n<div id=\"5Q38P0NJ\" class=\"content-grid-row-wrapper \" data-lazy-loading-background-image=\"\">\n<div class=\"a-row\">\n<div class=\"content-grid-col-wrapper override-column-spacing\">\n<div class=\"a-column a-span12 block-content block-type-image textalign-center\">\n<div class=\"content-grid-block\"><img decoding=\"async\" class=\"\" src=\"https:\/\/m.media-amazon.com\/images\/G\/01\/appcore\/beats\/AirPods_4_Product_Page_L__en-US_06._CB565045701_.jpg\" alt=\"Beats Studio3 Headphones\" data-a-hires=\"https:\/\/m.media-amazon.com\/images\/G\/01\/appcore\/beats\/AirPods_4_Product_Page_L__en-US_06._CB565045701_.jpg\" \/><\/div>\n<\/div>\n<\/div>\n<\/div>\n<\/div>\n<\/div>\n<\/div>\n<div id=\"btfContent7_feature_div\" class=\"celwidget\" data-feature-name=\"btfContent7\" data-csa-c-type=\"widget\" data-csa-c-content-id=\"btfContent7\" data-csa-c-slot-id=\"btfContent7_feature_div\" data-csa-c-asin=\"\" data-csa-c-is-in-initial-active-row=\"false\" data-csa-c-id=\"wfs4yn-vo8rsj-xbuk8z-5cfyrw\" data-cel-widget=\"btfContent7_feature_div\">\n<div id=\"\" class=\"content-grid-wrapper mako-v2\">\n<div id=\"5Q38P0NJ\" class=\"content-grid-row-wrapper \" data-lazy-loading-background-image=\"\">\n<div class=\"a-row\">\n<div class=\"content-grid-col-wrapper override-column-spacing\">\n<div class=\"a-column a-span12 block-content block-type-image textalign-center\">\n<div class=\"content-grid-block\"><img decoding=\"async\" class=\"\" src=\"https:\/\/m.media-amazon.com\/images\/G\/01\/appcore\/beats\/AirPods_4_Product_Page_L__en-US_07._CB565045701_.jpg\" alt=\"Beats Studio3 Headphones\" data-a-hires=\"https:\/\/m.media-amazon.com\/images\/G\/01\/appcore\/beats\/AirPods_4_Product_Page_L__en-US_07._CB565045701_.jpg\" \/><\/div>\n<\/div>\n<\/div>\n<\/div>\n<\/div>\n<\/div>\n<\/div>\n<div id=\"btfContent8_feature_div\" class=\"celwidget\" data-feature-name=\"btfContent8\" data-csa-c-type=\"widget\" data-csa-c-content-id=\"btfContent8\" data-csa-c-slot-id=\"btfContent8_feature_div\" data-csa-c-asin=\"\" data-csa-c-is-in-initial-active-row=\"false\" data-csa-c-id=\"t6uuik-vpppf3-xfcawp-cat83y\" data-cel-widget=\"btfContent8_feature_div\">\n<div id=\"\" class=\"content-grid-wrapper mako-v2\">\n<div id=\"5Q38P0NJ\" class=\"content-grid-row-wrapper \" data-lazy-loading-background-image=\"\">\n<div class=\"a-row\">\n<div class=\"content-grid-col-wrapper override-column-spacing\">\n<div class=\"a-column a-span12 block-content block-type-image textalign-center\">\n<div class=\"content-grid-block\"><img decoding=\"async\" class=\"\" src=\"https:\/\/m.media-amazon.com\/images\/G\/01\/appcore\/beats\/AirPods_4_Product_Page_L__en-US_08._CB565045701_.jpg\" alt=\"Beats Studio3 Headphones\" data-a-hires=\"https:\/\/m.media-amazon.com\/images\/G\/01\/appcore\/beats\/AirPods_4_Product_Page_L__en-US_08._CB565045701_.jpg\" \/><\/div>\n<\/div>\n<\/div>\n<\/div>\n<\/div>\n<\/div>\n<\/div>\n<div id=\"btfContent9_feature_div\" class=\"celwidget\" data-feature-name=\"btfContent9\" data-csa-c-type=\"widget\" data-csa-c-content-id=\"btfContent9\" data-csa-c-slot-id=\"btfContent9_feature_div\" data-csa-c-asin=\"\" data-csa-c-is-in-initial-active-row=\"false\" data-csa-c-id=\"194wo0-rpg9sn-tne2ui-5p5mfb\" data-cel-widget=\"btfContent9_feature_div\">\n<div id=\"\" class=\"content-grid-wrapper mako-v2\">\n<div id=\"5Q38P0NJ\" class=\"content-grid-row-wrapper \" data-lazy-loading-background-image=\"\">\n<div class=\"a-row\">\n<div class=\"content-grid-col-wrapper override-column-spacing\">\n<div class=\"a-column a-span12 block-content block-type-image textalign-center\">\n<div class=\"content-grid-block\"><img decoding=\"async\" class=\"\" src=\"https:\/\/m.media-amazon.com\/images\/G\/01\/appcore\/beats\/AirPods_4_Product_Page_L__en-US_09._CB565045701_.jpg\" alt=\"Beats Studio3 Headphones\" data-a-hires=\"https:\/\/m.media-amazon.com\/images\/G\/01\/appcore\/beats\/AirPods_4_Product_Page_L__en-US_09._CB565045701_.jpg\" \/><\/div>\n<\/div>\n<\/div>\n<\/div>\n<\/div>\n<\/div>\n<\/div>\n<div id=\"btfContent10_feature_div\" class=\"celwidget\" data-feature-name=\"btfContent10\" data-csa-c-type=\"widget\" data-csa-c-content-id=\"btfContent10\" data-csa-c-slot-id=\"btfContent10_feature_div\" data-csa-c-asin=\"\" data-csa-c-is-in-initial-active-row=\"false\" data-csa-c-id=\"vh9xb7-op2mpl-klm24b-6mjksp\" data-cel-widget=\"btfContent10_feature_div\"><\/div>\n<div id=\"btfContent15_feature_div\" class=\"celwidget\" data-feature-name=\"btfContent15\" data-csa-c-type=\"widget\" data-csa-c-content-id=\"btfContent15\" data-csa-c-slot-id=\"btfContent15_feature_div\" data-csa-c-asin=\"\" data-csa-c-is-in-initial-active-row=\"false\" data-csa-c-id=\"14l9es-nri1l7-7bdok9-qih2am\" data-cel-widget=\"btfContent15_feature_div\">\n<div id=\"compare\" class=\"ucc-v2-widget\">\n<div class=\"ucc-v2-widget__title\"><\/div>\n<\/div>\n<\/div>\n","protected":false},"excerpt":{"rendered":"<p>NEU ENTWICKELT F\u00dcR MEHR KOMFORT \u2013 Die AirPods 4 wurden f\u00fcr au\u00dfergew\u00f6hnlichen Tragekomfort und mehr Stabilit\u00e4t rund um den Tag neu gestaltet. Mit verfeinerter Kontur, k\u00fcrzerem Stiel und Schnelltasten f\u00fcr Musik oder Anrufe.<br \/>\nPERSONALISIERTER RAUMKLANG \u2013 Personalisierter Raumklang mit dynamischer Kopfverfolgung umgibt Sie mit Klang und sorgt f\u00fcr ein kino\u00e4hnliches H\u00f6rerlebnis bei Musik, Fernsehsendungen, Filmen, Spielen und mehr.*<br \/>\nVERBESSERTE KLANG- UND ANRUFQUALIT\u00c4T \u2013 Die AirPods 4 sind mit dem von Apple entwickelten H2-Chip ausgestattet. Die Sprachisolierung verbessert die Qualit\u00e4t von Telefongespr\u00e4chen bei lauten Umgebungsger\u00e4uschen. Mithilfe fortschrittlicher rechnergest\u00fctzter Audiotechnologie werden Hintergrundger\u00e4usche reduziert und gleichzeitig der Klang Ihrer Stimme f\u00fcr Ihr Gegen\u00fcber isoliert und klarer wiedergegeben.*<br \/>\nMAGISCHES ERLEBNIS \u2013 Sagen Sie einfach \u201eSiri\u201c oder \u201eHey Siri\u201c, um einen Song abzuspielen, einen Anruf zu t\u00e4tigen oder Ihren Terminkalender zu checken.* Und mit Siri-Interaktionen k\u00f6nnen Sie Siri jetzt einfach durch Nicken oder Kopfsch\u00fctteln antworten.* Koppeln Sie die AirPods 4, indem Sie sie in die N\u00e4he Ihres Ger\u00e4ts halten und auf Ihrem Bildschirm auf \u201eVerbinden\u201c tippen.* Teilen Sie ganz einfach einen Song oder eine Sendung zwischen zwei AirPods-Sets.* Ein optischer In-Ear-Sensor erkennt die Audiowiedergabe nur, wenn Sie die AirPods tragen, und pausiert, wenn Sie sie abnehmen. Und Sie k\u00f6nnen Ihre AirPods und das Ladecase mit der \u201eWo ist?\u201c-App orten.*<br \/>\nLANGE AKKULAUFZEIT \u2013 Bis zu 5 Stunden H\u00f6rzeit mit einer einzigen Ladung. Und mit dem Case erhalten Sie bis zu 30 Stunden Gesamtwiedergabe.*<br \/>\nNEUES CASE \u2013 Das Ladecase verf\u00fcgt \u00fcber USB-C-Ladefunktionen und ist \u00fcber 10 Prozent kleiner als die Vorg\u00e4ngergeneration.*<br \/>\nSTAUB-, SCHWEISS- UND WASSERBEST\u00c4NDIG \u2013 AirPods 4 und das Ladecase sind nach IP54 staub-, schwei\u00df- und wasserbest\u00e4ndig und halten daher Regen und intensiven Trainingseinheiten stand.*<\/p>\n","protected":false},"featured_media":33033,"comment_status":"open","ping_status":"closed","template":"","meta":{"iawp_total_views":70},"product_brand":[],"product_cat":[47],"product_tag":[],"class_list":{"0":"post-34907","1":"product","2":"type-product","3":"status-publish","4":"has-post-thumbnail","6":"product_cat-renewed-de","8":"first","9":"instock","10":"sale","11":"taxable","12":"shipping-taxable","13":"purchasable","14":"product-type-simple"},"jetpack_sharing_enabled":true,"_links":{"self":[{"href":"https:\/\/www.momengames.com\/index.php\/wp-json\/wp\/v2\/product\/34907","targetHints":{"allow":["GET"]}}],"collection":[{"href":"https:\/\/www.momengames.com\/index.php\/wp-json\/wp\/v2\/product"}],"about":[{"href":"https:\/\/www.momengames.com\/index.php\/wp-json\/wp\/v2\/types\/product"}],"replies":[{"embeddable":true,"href":"https:\/\/www.momengames.com\/index.php\/wp-json\/wp\/v2\/comments?post=34907"}],"wp:featuredmedia":[{"embeddable":true,"href":"https:\/\/www.momengames.com\/index.php\/wp-json\/wp\/v2\/media\/33033"}],"wp:attachment":[{"href":"https:\/\/www.momengames.com\/index.php\/wp-json\/wp\/v2\/media?parent=34907"}],"wp:term":[{"taxonomy":"product_brand","embeddable":true,"href":"https:\/\/www.momengames.com\/index.php\/wp-json\/wp\/v2\/product_brand?post=34907"},{"taxonomy":"product_cat","embeddable":true,"href":"https:\/\/www.momengames.com\/index.php\/wp-json\/wp\/v2\/product_cat?post=34907"},{"taxonomy":"product_tag","embeddable":true,"href":"https:\/\/www.momengames.com\/index.php\/wp-json\/wp\/v2\/product_tag?post=34907"}],"curies":[{"name":"wp","href":"https:\/\/api.w.org\/{rel}","templated":true}]}}