{"id":34905,"date":"2025-05-23T12:14:07","date_gmt":"2025-05-23T12:14:07","guid":{"rendered":"https:\/\/www.momengames.com\/index.php\/product\/playstation-dualsense-wireless-controller-mitternachtsschwarz\/"},"modified":"2025-05-23T12:14:07","modified_gmt":"2025-05-23T12:14:07","slug":"playstation-dualsense-wireless-controller-mitternachtsschwarz","status":"publish","type":"product","link":"https:\/\/www.momengames.com\/index.php\/product\/playstation-dualsense-wireless-controller-mitternachtsschwarz\/?lang=de","title":{"rendered":"PlayStation DualSense\u00ae Wireless Controller \u2013 Mitternachtsschwarz"},"content":{"rendered":"<p>Vom Hersteller<br \/>\nEntdecke ein intensiveres, immersives Spielerlebnis, das die Action in deinen H\u00e4nden zum Leben erweckt. Der DualSense Wireless-Controller bietet immersives haptisches Feedback, dynamische adaptive Trigger und ein integriertes Mikrofon \u2013 alles integriert in ein ikonisches, komfortables Design. Im Vergleich zum DUALSHOCK 4 Wireless-Controller. Verf\u00fcgbar, sofern vom Spiel unterst\u00fctzt.<\/p>\n<p>Sch\u00e4rfe deine Sinne. Genie\u00dfe pr\u00e4zise Steuerung, einzigartigen Komfort und innovative Immersion.<\/p>\n<p>Erwecke Gaming-Welten zum Leben und sp\u00fcre haptisches Feedback zu deinen Aktionen im Spiel.<\/p>\n<p>Ein Gaming-Klassiker in deinen H\u00e4nden: einzigartiger Komfort, intuitive Steuerung und einfaches Laden.<\/p>\n<p>Familie auf der Couch mit DualSense Wireless-Controllern in der Hand.<\/p>\n<p>Spielt stilvoll zusammen, personalisiert euer Setup und f\u00fcgt weitere Spieler hinzu.<\/p>\n<p>Erreiche dein Spielerlebnis auf PC, MAC und Mobilger\u00e4ten.<\/p>\n","protected":false},"excerpt":{"rendered":"<p>Vom Hersteller<br \/>\nEntdecke ein intensiveres, immersives Spielerlebnis, das die Action in deinen H\u00e4nden zum Leben erweckt. Der DualSense Wireless-Controller bietet immersives haptisches Feedback, dynamische adaptive Trigger und ein integriertes Mikrofon \u2013 alles integriert in ein ikonisches, komfortables Design. Im Vergleich zum DUALSHOCK 4 Wireless-Controller. Verf\u00fcgbar, sofern vom Spiel unterst\u00fctzt.<\/p>\n<p>Sch\u00e4rfe deine Sinne. Genie\u00dfe pr\u00e4zise Steuerung, einzigartigen Komfort und innovative Immersion.<\/p>\n<p>Erwecke Gaming-Welten zum Leben und sp\u00fcre haptisches Feedback zu deinen Aktionen im Spiel.<\/p>\n<p>Ein Gaming-Klassiker in deinen H\u00e4nden: einzigartiger Komfort, intuitive Steuerung und einfaches Laden.<\/p>\n<p>Familie auf der Couch mit DualSense Wireless-Controllern in der Hand.<\/p>\n<p>Spielt stilvoll zusammen, personalisiert euer Setup und f\u00fcgt weitere Spieler hinzu.<\/p>\n<p>Erreiche dein Spielerlebnis auf PC, MAC und Mobilger\u00e4ten.<\/p>\n","protected":false},"featured_media":33064,"comment_status":"open","ping_status":"closed","template":"","meta":{"iawp_total_views":350},"product_brand":[],"product_cat":[25],"product_tag":[],"class_list":{"0":"post-34905","1":"product","2":"type-product","3":"status-publish","4":"has-post-thumbnail","6":"product_cat-pc-gamepads-standard-controllers-de","8":"first","9":"instock","10":"sale","11":"taxable","12":"shipping-taxable","13":"purchasable","14":"product-type-simple"},"jetpack_sharing_enabled":true,"_links":{"self":[{"href":"https:\/\/www.momengames.com\/index.php\/wp-json\/wp\/v2\/product\/34905","targetHints":{"allow":["GET"]}}],"collection":[{"href":"https:\/\/www.momengames.com\/index.php\/wp-json\/wp\/v2\/product"}],"about":[{"href":"https:\/\/www.momengames.com\/index.php\/wp-json\/wp\/v2\/types\/product"}],"replies":[{"embeddable":true,"href":"https:\/\/www.momengames.com\/index.php\/wp-json\/wp\/v2\/comments?post=34905"}],"wp:featuredmedia":[{"embeddable":true,"href":"https:\/\/www.momengames.com\/index.php\/wp-json\/wp\/v2\/media\/33064"}],"wp:attachment":[{"href":"https:\/\/www.momengames.com\/index.php\/wp-json\/wp\/v2\/media?parent=34905"}],"wp:term":[{"taxonomy":"product_brand","embeddable":true,"href":"https:\/\/www.momengames.com\/index.php\/wp-json\/wp\/v2\/product_brand?post=34905"},{"taxonomy":"product_cat","embeddable":true,"href":"https:\/\/www.momengames.com\/index.php\/wp-json\/wp\/v2\/product_cat?post=34905"},{"taxonomy":"product_tag","embeddable":true,"href":"https:\/\/www.momengames.com\/index.php\/wp-json\/wp\/v2\/product_tag?post=34905"}],"curies":[{"name":"wp","href":"https:\/\/api.w.org\/{rel}","templated":true}]}}