{"id":34904,"date":"2025-06-09T14:48:48","date_gmt":"2025-06-09T14:48:48","guid":{"rendered":"https:\/\/www.momengames.com\/index.php\/product\/erneuerter-playstation-5-dualsense-wireless-controller-monster-hunter-wilds-limited-edition\/"},"modified":"2025-06-09T14:48:48","modified_gmt":"2025-06-09T14:48:48","slug":"erneuerter-playstation-5-dualsense-wireless-controller-monster-hunter-wilds-limited-edition","status":"publish","type":"product","link":"https:\/\/www.momengames.com\/index.php\/product\/erneuerter-playstation-5-dualsense-wireless-controller-monster-hunter-wilds-limited-edition\/?lang=de","title":{"rendered":"Erneuerter PlayStation 5 DualSense Wireless Controller \u2013 Monster Hunter Wilds Limited Edition"},"content":{"rendered":"<p>Machen Sie sich bereit, es mit wilden Bestien aufzunehmen \u2013 mit dem exklusiven Monster Hunter Wilds Edition DualSense Wireless Controller f\u00fcr PlayStation 5. Mit seinem markanten, wild inspirierten Design mit ausdrucksstarken Grafiken und Details f\u00e4ngt dieser Controller die raue Welt der beliebten Jagdserie perfekt ein. Egal, ob Sie weitl\u00e4ufiges Gel\u00e4nde erkunden oder sich mit titanischen Kreaturen messen, dieser Controller bietet ein nie dagewesenes immersives Gameplay. Mit dynamischem haptischem Feedback und adaptiven Triggern sp\u00fcren Sie jede Aktion in atemberaubendem Detail \u2013 sich spannende Bogensehnen, aufeinanderprallende Waffen und mehr. Das eingebaute Mikrofon, die Bewegungssteuerung und das Aufladen \u00fcber USB Typ C verbessern Ihr Erlebnis, w\u00e4hrend das zweifarbige Layout und die verbesserten Sticks f\u00fcr ergonomische Pr\u00e4zision bei jeder Jagd sorgen. Das ist Ihre Chance, sich mit einem seltenen Controller auszustatten, der des wildesten Monsterj\u00e4gers w\u00fcrdig ist!<\/p>\n","protected":false},"excerpt":{"rendered":"<p>Machen Sie sich bereit, es mit wilden Bestien aufzunehmen \u2013 mit dem exklusiven Monster Hunter Wilds Edition DualSense Wireless Controller f\u00fcr PlayStation 5. Mit seinem markanten, wild inspirierten Design mit ausdrucksstarken Grafiken und Details f\u00e4ngt dieser Controller die raue Welt der beliebten Jagdserie perfekt ein. Egal, ob Sie weitl\u00e4ufiges Gel\u00e4nde erkunden oder sich mit titanischen Kreaturen messen, dieser Controller bietet ein nie dagewesenes immersives Gameplay. Mit dynamischem haptischem Feedback und adaptiven Triggern sp\u00fcren Sie jede Aktion in atemberaubendem Detail \u2013 sich spannende Bogensehnen, aufeinanderprallende Waffen und mehr. Das eingebaute Mikrofon, die Bewegungssteuerung und das Aufladen \u00fcber USB Typ C verbessern Ihr Erlebnis, w\u00e4hrend das zweifarbige Layout und die verbesserten Sticks f\u00fcr ergonomische Pr\u00e4zision bei jeder Jagd sorgen. Das ist Ihre Chance, sich mit einem seltenen Controller auszustatten, der des wildesten Monsterj\u00e4gers w\u00fcrdig ist!<\/p>\n","protected":false},"featured_media":33423,"comment_status":"open","ping_status":"closed","template":"","meta":{"iawp_total_views":31},"product_brand":[],"product_cat":[47],"product_tag":[],"class_list":{"0":"post-34904","1":"product","2":"type-product","3":"status-publish","4":"has-post-thumbnail","6":"product_cat-renewed-de","8":"first","9":"instock","10":"sale","11":"taxable","12":"shipping-taxable","13":"purchasable","14":"product-type-simple"},"jetpack_sharing_enabled":true,"_links":{"self":[{"href":"https:\/\/www.momengames.com\/index.php\/wp-json\/wp\/v2\/product\/34904","targetHints":{"allow":["GET"]}}],"collection":[{"href":"https:\/\/www.momengames.com\/index.php\/wp-json\/wp\/v2\/product"}],"about":[{"href":"https:\/\/www.momengames.com\/index.php\/wp-json\/wp\/v2\/types\/product"}],"replies":[{"embeddable":true,"href":"https:\/\/www.momengames.com\/index.php\/wp-json\/wp\/v2\/comments?post=34904"}],"wp:featuredmedia":[{"embeddable":true,"href":"https:\/\/www.momengames.com\/index.php\/wp-json\/wp\/v2\/media\/33423"}],"wp:attachment":[{"href":"https:\/\/www.momengames.com\/index.php\/wp-json\/wp\/v2\/media?parent=34904"}],"wp:term":[{"taxonomy":"product_brand","embeddable":true,"href":"https:\/\/www.momengames.com\/index.php\/wp-json\/wp\/v2\/product_brand?post=34904"},{"taxonomy":"product_cat","embeddable":true,"href":"https:\/\/www.momengames.com\/index.php\/wp-json\/wp\/v2\/product_cat?post=34904"},{"taxonomy":"product_tag","embeddable":true,"href":"https:\/\/www.momengames.com\/index.php\/wp-json\/wp\/v2\/product_tag?post=34904"}],"curies":[{"name":"wp","href":"https:\/\/api.w.org\/{rel}","templated":true}]}}