{"id":34902,"date":"2025-07-25T11:35:17","date_gmt":"2025-07-25T11:35:17","guid":{"rendered":"https:\/\/www.momengames.com\/index.php\/product\/ueberholte-apple-magic-mouse-2-kabellos-wiederaufladbar-space-grau\/"},"modified":"2025-07-25T11:35:17","modified_gmt":"2025-07-25T11:35:17","slug":"ueberholte-apple-magic-mouse-2-kabellos-wiederaufladbar-space-grau","status":"publish","type":"product","link":"https:\/\/www.momengames.com\/index.php\/product\/ueberholte-apple-magic-mouse-2-kabellos-wiederaufladbar-space-grau\/?lang=de","title":{"rendered":"\u00dcberholte Apple Magic Mouse 2, kabellos, wiederaufladbar \u2013 Space Grau"},"content":{"rendered":"<p>Die Magic Mouse 2 ist vollst\u00e4ndig wiederaufladbar, sodass Sie auf herk\u00f6mmliche Batterien verzichten k\u00f6nnen.<br \/>\nSie ist leichter, hat dank des integrierten Akkus und der durchgehenden Unterseite weniger bewegliche Teile und verf\u00fcgt \u00fcber ein optimiertes Fu\u00dfdesign \u2013 all das tr\u00e4gt dazu bei, dass die Magic Mouse 2 einfacher und mit weniger Widerstand \u00fcber Ihren Schreibtisch gleitet.<br \/>\nUnd die Multi-Touch-Oberfl\u00e4che erm\u00f6glicht Ihnen einfache Gesten wie das Wischen zwischen Webseiten und das Scrollen durch Dokumente.<br \/>\nLightning-Anschluss.<\/p>\n","protected":false},"excerpt":{"rendered":"<p>Die Magic Mouse 2 ist vollst\u00e4ndig wiederaufladbar, sodass Sie auf herk\u00f6mmliche Batterien verzichten k\u00f6nnen.<br \/>\nSie ist leichter, hat dank des integrierten Akkus und der durchgehenden Unterseite weniger bewegliche Teile und verf\u00fcgt \u00fcber ein optimiertes Fu\u00dfdesign \u2013 all das tr\u00e4gt dazu bei, dass die Magic Mouse 2 einfacher und mit weniger Widerstand \u00fcber Ihren Schreibtisch gleitet.<br \/>\nUnd die Multi-Touch-Oberfl\u00e4che erm\u00f6glicht Ihnen einfache Gesten wie das Wischen zwischen Webseiten und das Scrollen durch Dokumente.<br \/>\nLightning-Anschluss.<\/p>\n","protected":false},"featured_media":34052,"comment_status":"open","ping_status":"closed","template":"","meta":{"iawp_total_views":31},"product_brand":[],"product_cat":[47],"product_tag":[],"class_list":{"0":"post-34902","1":"product","2":"type-product","3":"status-publish","4":"has-post-thumbnail","6":"product_cat-renewed-de","8":"first","9":"instock","10":"sale","11":"taxable","12":"shipping-taxable","13":"purchasable","14":"product-type-simple"},"jetpack_sharing_enabled":true,"_links":{"self":[{"href":"https:\/\/www.momengames.com\/index.php\/wp-json\/wp\/v2\/product\/34902","targetHints":{"allow":["GET"]}}],"collection":[{"href":"https:\/\/www.momengames.com\/index.php\/wp-json\/wp\/v2\/product"}],"about":[{"href":"https:\/\/www.momengames.com\/index.php\/wp-json\/wp\/v2\/types\/product"}],"replies":[{"embeddable":true,"href":"https:\/\/www.momengames.com\/index.php\/wp-json\/wp\/v2\/comments?post=34902"}],"wp:featuredmedia":[{"embeddable":true,"href":"https:\/\/www.momengames.com\/index.php\/wp-json\/wp\/v2\/media\/34052"}],"wp:attachment":[{"href":"https:\/\/www.momengames.com\/index.php\/wp-json\/wp\/v2\/media?parent=34902"}],"wp:term":[{"taxonomy":"product_brand","embeddable":true,"href":"https:\/\/www.momengames.com\/index.php\/wp-json\/wp\/v2\/product_brand?post=34902"},{"taxonomy":"product_cat","embeddable":true,"href":"https:\/\/www.momengames.com\/index.php\/wp-json\/wp\/v2\/product_cat?post=34902"},{"taxonomy":"product_tag","embeddable":true,"href":"https:\/\/www.momengames.com\/index.php\/wp-json\/wp\/v2\/product_tag?post=34902"}],"curies":[{"name":"wp","href":"https:\/\/api.w.org\/{rel}","templated":true}]}}