{"id":34901,"date":"2025-07-25T11:43:58","date_gmt":"2025-07-25T11:43:58","guid":{"rendered":"https:\/\/www.momengames.com\/index.php\/product\/erneuerte-logitech-mx-master-3s-fuer-mac-kabellose-bluetooth-maus-mit-ultraschnellem-scrollen-ergo-8k-dpi-leisen-klicks-track-on-glass-anpassung-usb-c-apple-ipad-space-grau\/"},"modified":"2025-07-25T11:43:58","modified_gmt":"2025-07-25T11:43:58","slug":"erneuerte-logitech-mx-master-3s-fuer-mac-kabellose-bluetooth-maus-mit-ultraschnellem-scrollen-ergo-8k-dpi-leisen-klicks-track-on-glass-anpassung-usb-c-apple-ipad-space-grau","status":"publish","type":"product","link":"https:\/\/www.momengames.com\/index.php\/product\/erneuerte-logitech-mx-master-3s-fuer-mac-kabellose-bluetooth-maus-mit-ultraschnellem-scrollen-ergo-8k-dpi-leisen-klicks-track-on-glass-anpassung-usb-c-apple-ipad-space-grau\/?lang=de","title":{"rendered":"Erneuerte Logitech MX Master 3S f\u00fcr Mac \u2013 Kabellose Bluetooth-Maus mit ultraschnellem Scrollen, Ergo, 8K DPI, leisen Klicks, Track on Glass, Anpassung, USB-C, Apple, iPad \u2013 Space Grau"},"content":{"rendered":"<p>F\u00fcr Mac \u00fcberarbeitet: Die leistungsstarke MX Master 3S f\u00fcr Mac-Maus ist f\u00fcr macOS optimiert und mit iPadOS kompatibel.<br \/>\nErleben Sie die Leistung: Die Bluetooth-Maus MX Master 3S f\u00fcr Mac verf\u00fcgt \u00fcber einen 8K-DPI-Track-on-Glass-Sensor und Quiet Clicks \u2013 f\u00fcr 90 % weniger Klickger\u00e4usche.<br \/>\nMagSpeed-Scrolling: Eine Computermaus mit bemerkenswerter Geschwindigkeit, Pr\u00e4zision und nahezu ger\u00e4uschlosem Betrieb \u2013 MagSpeed-Scrolling ist 90 % schneller, 87 % pr\u00e4ziser und ultraleise.<br \/>\nErgonomisches Design: Arbeiten Sie bequem mit einer Pr\u00e4zisionsmaus mit einer Silhouette f\u00fcr eine nat\u00fcrlichere Handgelenkshaltung und optimal platzierten Daumensteuerungen.<br \/>\nApp-spezifische Anpassungen: Beschleunigen und personalisieren Sie Ihren Workflow mit vordefinierten macOS- und app-spezifischen Profilen in den verbesserten Logi Options plus.<br \/>\nMulti-Mac-Workflow: Koppeln Sie diese kabellose Maus mit bis zu 3 Mac-Computern oder Laptops und \u00fcbertragen Sie m\u00fchelos Text, Bilder und Dateien zwischen ihnen.<br \/>\nWiederaufladbar \u00fcber USB-C auf USB-C: Mit einer vollen Ladung haben Sie bis zu 70 Tage lang Strom und mit einer Schnellladung von nur 1 Minute k\u00f6nnen Sie diese kabellose Maus 3 Stunden lang verwenden.<br \/>\nDie Kunststoffteile der MX Master 3S f\u00fcr Mac bestehen aus zertifiziertem recyceltem Kunststoff (Space Gray: 27 %, Pale Gray: 22 %).<\/p>\n","protected":false},"excerpt":{"rendered":"<p>F\u00fcr Mac \u00fcberarbeitet: Die leistungsstarke MX Master 3S f\u00fcr Mac-Maus ist f\u00fcr macOS optimiert und mit iPadOS kompatibel.<br \/>\nErleben Sie die Leistung: Die Bluetooth-Maus MX Master 3S f\u00fcr Mac verf\u00fcgt \u00fcber einen 8K-DPI-Track-on-Glass-Sensor und Quiet Clicks \u2013 f\u00fcr 90 % weniger Klickger\u00e4usche.<br \/>\nMagSpeed-Scrolling: Eine Computermaus mit bemerkenswerter Geschwindigkeit, Pr\u00e4zision und nahezu ger\u00e4uschlosem Betrieb \u2013 MagSpeed-Scrolling ist 90 % schneller, 87 % pr\u00e4ziser und ultraleise.<br \/>\nErgonomisches Design: Arbeiten Sie bequem mit einer Pr\u00e4zisionsmaus mit einer Silhouette f\u00fcr eine nat\u00fcrlichere Handgelenkshaltung und optimal platzierten Daumensteuerungen.<br \/>\nApp-spezifische Anpassungen: Beschleunigen und personalisieren Sie Ihren Workflow mit vordefinierten macOS- und app-spezifischen Profilen in den verbesserten Logi Options plus.<br \/>\nMulti-Mac-Workflow: Koppeln Sie diese kabellose Maus mit bis zu 3 Mac-Computern oder Laptops und \u00fcbertragen Sie m\u00fchelos Text, Bilder und Dateien zwischen ihnen.<br \/>\nWiederaufladbar \u00fcber USB-C auf USB-C: Mit einer vollen Ladung haben Sie bis zu 70 Tage lang Strom und mit einer Schnellladung von nur 1 Minute k\u00f6nnen Sie diese kabellose Maus 3 Stunden lang verwenden.<br \/>\nDie Kunststoffteile der MX Master 3S f\u00fcr Mac bestehen aus zertifiziertem recyceltem Kunststoff (Space Gray: 27 %, Pale Gray: 22 %).<\/p>\n","protected":false},"featured_media":34056,"comment_status":"open","ping_status":"closed","template":"","meta":{"iawp_total_views":0},"product_brand":[],"product_cat":[47],"product_tag":[],"class_list":{"0":"post-34901","1":"product","2":"type-product","3":"status-publish","4":"has-post-thumbnail","6":"product_cat-renewed-de","8":"first","9":"instock","10":"sale","11":"taxable","12":"shipping-taxable","13":"purchasable","14":"product-type-simple"},"jetpack_sharing_enabled":true,"_links":{"self":[{"href":"https:\/\/www.momengames.com\/index.php\/wp-json\/wp\/v2\/product\/34901","targetHints":{"allow":["GET"]}}],"collection":[{"href":"https:\/\/www.momengames.com\/index.php\/wp-json\/wp\/v2\/product"}],"about":[{"href":"https:\/\/www.momengames.com\/index.php\/wp-json\/wp\/v2\/types\/product"}],"replies":[{"embeddable":true,"href":"https:\/\/www.momengames.com\/index.php\/wp-json\/wp\/v2\/comments?post=34901"}],"wp:featuredmedia":[{"embeddable":true,"href":"https:\/\/www.momengames.com\/index.php\/wp-json\/wp\/v2\/media\/34056"}],"wp:attachment":[{"href":"https:\/\/www.momengames.com\/index.php\/wp-json\/wp\/v2\/media?parent=34901"}],"wp:term":[{"taxonomy":"product_brand","embeddable":true,"href":"https:\/\/www.momengames.com\/index.php\/wp-json\/wp\/v2\/product_brand?post=34901"},{"taxonomy":"product_cat","embeddable":true,"href":"https:\/\/www.momengames.com\/index.php\/wp-json\/wp\/v2\/product_cat?post=34901"},{"taxonomy":"product_tag","embeddable":true,"href":"https:\/\/www.momengames.com\/index.php\/wp-json\/wp\/v2\/product_tag?post=34901"}],"curies":[{"name":"wp","href":"https:\/\/api.w.org\/{rel}","templated":true}]}}