{"id":34900,"date":"2025-07-25T12:28:34","date_gmt":"2025-07-25T12:28:34","guid":{"rendered":"https:\/\/www.momengames.com\/index.php\/product\/apple-magic-trackpad-2-mj2r2ll-a-erneuert\/"},"modified":"2025-07-25T12:28:34","modified_gmt":"2025-07-25T12:28:34","slug":"apple-magic-trackpad-2-mj2r2ll-a-erneuert","status":"publish","type":"product","link":"https:\/\/www.momengames.com\/index.php\/product\/apple-magic-trackpad-2-mj2r2ll-a-erneuert\/?lang=de","title":{"rendered":"Apple Magic Trackpad 2 (MJ2R2LL\/A) \u2013 (erneuert)"},"content":{"rendered":"<p>Das komplett neu gestaltete Magic Trackpad 2 verf\u00fcgt \u00fcber einen integrierten Akku, Force Touch, eine deutlich gr\u00f6\u00dfere Oberfl\u00e4che und koppelt sich automatisch mit Ihrem Mac. Integrierter Akku.<\/p>\n<p>Viel Arbeitsfl\u00e4che \u2013 die durchgehende Glasoberfl\u00e4che des Magic Trackpad 2 ist fast 30 Prozent gr\u00f6\u00dfer als beim vorherigen Magic Trackpad. Anschluss: Lightning.<\/p>\n<p>Lang anhaltende Leistung: Ihr Magic Trackpad 2 bleibt nach jedem Aufladen etwa einen Monat lang mit Strom versorgt. Als Systemvoraussetzung ist ein Bluetooth 4.0-f\u00e4higer Mac-Computer mit OS X v10.11 oder h\u00f6her erforderlich.<\/p>\n","protected":false},"excerpt":{"rendered":"<p>Das komplett neu gestaltete Magic Trackpad 2 verf\u00fcgt \u00fcber einen integrierten Akku, Force Touch, eine deutlich gr\u00f6\u00dfere Oberfl\u00e4che und koppelt sich automatisch mit Ihrem Mac. Integrierter Akku.<\/p>\n<p>Viel Arbeitsfl\u00e4che \u2013 die durchgehende Glasoberfl\u00e4che des Magic Trackpad 2 ist fast 30 Prozent gr\u00f6\u00dfer als beim vorherigen Magic Trackpad. Anschluss: Lightning.<\/p>\n<p>Lang anhaltende Leistung: Ihr Magic Trackpad 2 bleibt nach jedem Aufladen etwa einen Monat lang mit Strom versorgt. Als Systemvoraussetzung ist ein Bluetooth 4.0-f\u00e4higer Mac-Computer mit OS X v10.11 oder h\u00f6her erforderlich.<\/p>\n","protected":false},"featured_media":34060,"comment_status":"open","ping_status":"closed","template":"","meta":{"iawp_total_views":19},"product_brand":[],"product_cat":[47],"product_tag":[],"class_list":{"0":"post-34900","1":"product","2":"type-product","3":"status-publish","4":"has-post-thumbnail","6":"product_cat-renewed-de","8":"first","9":"instock","10":"sale","11":"taxable","12":"shipping-taxable","13":"purchasable","14":"product-type-simple"},"jetpack_sharing_enabled":true,"_links":{"self":[{"href":"https:\/\/www.momengames.com\/index.php\/wp-json\/wp\/v2\/product\/34900","targetHints":{"allow":["GET"]}}],"collection":[{"href":"https:\/\/www.momengames.com\/index.php\/wp-json\/wp\/v2\/product"}],"about":[{"href":"https:\/\/www.momengames.com\/index.php\/wp-json\/wp\/v2\/types\/product"}],"replies":[{"embeddable":true,"href":"https:\/\/www.momengames.com\/index.php\/wp-json\/wp\/v2\/comments?post=34900"}],"wp:featuredmedia":[{"embeddable":true,"href":"https:\/\/www.momengames.com\/index.php\/wp-json\/wp\/v2\/media\/34060"}],"wp:attachment":[{"href":"https:\/\/www.momengames.com\/index.php\/wp-json\/wp\/v2\/media?parent=34900"}],"wp:term":[{"taxonomy":"product_brand","embeddable":true,"href":"https:\/\/www.momengames.com\/index.php\/wp-json\/wp\/v2\/product_brand?post=34900"},{"taxonomy":"product_cat","embeddable":true,"href":"https:\/\/www.momengames.com\/index.php\/wp-json\/wp\/v2\/product_cat?post=34900"},{"taxonomy":"product_tag","embeddable":true,"href":"https:\/\/www.momengames.com\/index.php\/wp-json\/wp\/v2\/product_tag?post=34900"}],"curies":[{"name":"wp","href":"https:\/\/api.w.org\/{rel}","templated":true}]}}