{"id":34899,"date":"2025-07-25T12:34:48","date_gmt":"2025-07-25T12:34:48","guid":{"rendered":"https:\/\/www.momengames.com\/index.php\/product\/erneuerte-kompakte-kabellose-logitech-mx-anywhere-3s-maus-schnelles-scrollen-8k-dpi-tracking-auf-jeder-oberflaeche-leise-klicks-programmierbare-tasten-usb-c-bluetooth-windows-pc-linux-chrome\/"},"modified":"2025-07-25T12:34:48","modified_gmt":"2025-07-25T12:34:48","slug":"erneuerte-kompakte-kabellose-logitech-mx-anywhere-3s-maus-schnelles-scrollen-8k-dpi-tracking-auf-jeder-oberflaeche-leise-klicks-programmierbare-tasten-usb-c-bluetooth-windows-pc-linux-chrome","status":"publish","type":"product","link":"https:\/\/www.momengames.com\/index.php\/product\/erneuerte-kompakte-kabellose-logitech-mx-anywhere-3s-maus-schnelles-scrollen-8k-dpi-tracking-auf-jeder-oberflaeche-leise-klicks-programmierbare-tasten-usb-c-bluetooth-windows-pc-linux-chrome\/?lang=de","title":{"rendered":"Erneuerte kompakte kabellose Logitech MX Anywhere 3S-Maus, schnelles Scrollen, 8K DPI-Tracking auf jeder Oberfl\u00e4che, leise Klicks, programmierbare Tasten, USB C, Bluetooth, Windows-PC, Linux, Chrome, Mac \u2013 Graphit"},"content":{"rendered":"<p>Trackt \u00fcberall, ist \u00fcberall einsetzbar: Arbeiten Sie auf jeder Oberfl\u00e4che, sogar auf Glas, mit der MX Anywhere 3S Bluetooth-Maus \u2013 jetzt mit 8K-DPI-Sensor f\u00fcr mehr Reichweite mit subtilen Bewegungen.<br \/>\nTieferes Arbeiten mit leisen Klicks: Die kabellose MX Anywhere 3S Maus bietet jetzt leise Klicks \u2013 das gleiche angenehme Gef\u00fchl, aber mit weniger Klickger\u00e4uschen (als die MX Anywhere 3) f\u00fcr weniger Ablenkung und mehr Konzentration.<br \/>\nScrollen Sie mit 1000 Zeilen pro Sekunde: Mit MagSpeed, dem schnellsten und pr\u00e4zisesten Scrollrad von Logitech.<br \/>\nMulti-Ger\u00e4te, Multi-Betriebssysteme: Verbinden Sie sich per Bluetooth mit bis zu 3 Ger\u00e4ten unter Windows, macOS, Chrome OS oder Linux. Nur kompatibel mit dem Logi Bolt USB-Empf\u00e4nger (Empf\u00e4nger nicht im Lieferumfang enthalten).<br \/>\nNahtlose Konnektivit\u00e4t: Die tragbare Maus MX Anywhere 3S wurde f\u00fcr Intel Evo entwickelt und erf\u00fcllt somit die technischen Spezifikationen f\u00fcr eine optimale Bluetooth-Verbindung: keine Dongles, keine Kabel, kein Aufwand.<br \/>\nOptimieren Sie Ihren Workflow: Arbeiten Sie ger\u00e4te\u00fcbergreifend, legen Sie die Tracking-Geschwindigkeit fest, passen Sie Schaltfl\u00e4chen an und verwenden Sie vorgefertigte app-spezifische Anpassungen mit Logi Options+ Schnellladefunktion, langlebige USB-C-Maus: H\u00e4lt bei voller Ladung bis zu 70 Tage lang mit Strom und h\u00e4lt bei einer 1-min\u00fctigen Ladung bis zu 3 Stunden;<\/p>\n","protected":false},"excerpt":{"rendered":"<p>Trackt \u00fcberall, ist \u00fcberall einsetzbar: Arbeiten Sie auf jeder Oberfl\u00e4che, sogar auf Glas, mit der MX Anywhere 3S Bluetooth-Maus \u2013 jetzt mit 8K-DPI-Sensor f\u00fcr mehr Reichweite mit subtilen Bewegungen.<br \/>\nTieferes Arbeiten mit leisen Klicks: Die kabellose MX Anywhere 3S Maus bietet jetzt leise Klicks \u2013 das gleiche angenehme Gef\u00fchl, aber mit weniger Klickger\u00e4uschen (als die MX Anywhere 3) f\u00fcr weniger Ablenkung und mehr Konzentration.<br \/>\nScrollen Sie mit 1000 Zeilen pro Sekunde: Mit MagSpeed, dem schnellsten und pr\u00e4zisesten Scrollrad von Logitech.<br \/>\nMulti-Ger\u00e4te, Multi-Betriebssysteme: Verbinden Sie sich per Bluetooth mit bis zu 3 Ger\u00e4ten unter Windows, macOS, Chrome OS oder Linux. Nur kompatibel mit dem Logi Bolt USB-Empf\u00e4nger (Empf\u00e4nger nicht im Lieferumfang enthalten).<br \/>\nNahtlose Konnektivit\u00e4t: Die tragbare Maus MX Anywhere 3S wurde f\u00fcr Intel Evo entwickelt und erf\u00fcllt somit die technischen Spezifikationen f\u00fcr eine optimale Bluetooth-Verbindung: keine Dongles, keine Kabel, kein Aufwand.<br \/>\nOptimieren Sie Ihren Workflow: Arbeiten Sie ger\u00e4te\u00fcbergreifend, legen Sie die Tracking-Geschwindigkeit fest, passen Sie Schaltfl\u00e4chen an und verwenden Sie vorgefertigte app-spezifische Anpassungen mit Logi Options+ Schnellladefunktion, langlebige USB-C-Maus: H\u00e4lt bei voller Ladung bis zu 70 Tage lang mit Strom und h\u00e4lt bei einer 1-min\u00fctigen Ladung bis zu 3 Stunden;<\/p>\n","protected":false},"featured_media":34064,"comment_status":"open","ping_status":"closed","template":"","meta":{"iawp_total_views":1},"product_brand":[],"product_cat":[47],"product_tag":[],"class_list":{"0":"post-34899","1":"product","2":"type-product","3":"status-publish","4":"has-post-thumbnail","6":"product_cat-renewed-de","8":"first","9":"instock","10":"sale","11":"taxable","12":"shipping-taxable","13":"purchasable","14":"product-type-simple"},"jetpack_sharing_enabled":true,"_links":{"self":[{"href":"https:\/\/www.momengames.com\/index.php\/wp-json\/wp\/v2\/product\/34899","targetHints":{"allow":["GET"]}}],"collection":[{"href":"https:\/\/www.momengames.com\/index.php\/wp-json\/wp\/v2\/product"}],"about":[{"href":"https:\/\/www.momengames.com\/index.php\/wp-json\/wp\/v2\/types\/product"}],"replies":[{"embeddable":true,"href":"https:\/\/www.momengames.com\/index.php\/wp-json\/wp\/v2\/comments?post=34899"}],"wp:featuredmedia":[{"embeddable":true,"href":"https:\/\/www.momengames.com\/index.php\/wp-json\/wp\/v2\/media\/34064"}],"wp:attachment":[{"href":"https:\/\/www.momengames.com\/index.php\/wp-json\/wp\/v2\/media?parent=34899"}],"wp:term":[{"taxonomy":"product_brand","embeddable":true,"href":"https:\/\/www.momengames.com\/index.php\/wp-json\/wp\/v2\/product_brand?post=34899"},{"taxonomy":"product_cat","embeddable":true,"href":"https:\/\/www.momengames.com\/index.php\/wp-json\/wp\/v2\/product_cat?post=34899"},{"taxonomy":"product_tag","embeddable":true,"href":"https:\/\/www.momengames.com\/index.php\/wp-json\/wp\/v2\/product_tag?post=34899"}],"curies":[{"name":"wp","href":"https:\/\/api.w.org\/{rel}","templated":true}]}}