{"id":34898,"date":"2025-07-25T12:43:27","date_gmt":"2025-07-25T12:43:27","guid":{"rendered":"https:\/\/www.momengames.com\/index.php\/product\/apple-wireless-magic-keyboard-2-mla22ll-a-mit-apple-magic-bluetooth-mouse-2-mla02ll-a-erneuert\/"},"modified":"2025-07-25T12:43:27","modified_gmt":"2025-07-25T12:43:27","slug":"apple-wireless-magic-keyboard-2-mla22ll-a-mit-apple-magic-bluetooth-mouse-2-mla02ll-a-erneuert","status":"publish","type":"product","link":"https:\/\/www.momengames.com\/index.php\/product\/apple-wireless-magic-keyboard-2-mla22ll-a-mit-apple-magic-bluetooth-mouse-2-mla02ll-a-erneuert\/?lang=de","title":{"rendered":"Apple Wireless Magic Keyboard 2 -MLA22LL\/A mit Apple Magic Bluetooth Mouse 2 -MLA02LL\/A (erneuert)"},"content":{"rendered":"<p>Die Magic Mouse 2 ist sofort einsatzbereit und koppelt sich automatisch mit deinem Mac. L\u00e4dt schnell \u2013 nur 2 Minuten Ladezeit reichen f\u00fcr einen typischen 9-Stunden-Nutzungstag. Die Multi-Touch-Oberfl\u00e4che erm\u00f6glicht einfache Gesten wie das Wischen zwischen Webseiten und das Scrollen durch Dokumente.<br \/>\nMit einem verbesserten Scherenmechanismus unter jeder Taste f\u00fcr mehr Stabilit\u00e4t sowie einem optimierten Tastenhub und einem niedrigeren Profil bietet das Magic Keyboard ein bemerkenswert komfortables und pr\u00e4zises Tipperlebnis.<br \/>\nDas Magic Keyboard koppelt sich automatisch mit deinem Mac, sodass du sofort loslegen kannst. Erfordert Mac OS X 10.11 oder h\u00f6her.<br \/>\nIm Lieferumfang enthalten: ein Apple Magic Keyboard 2, eine Apple Magic Mouse 2 und ein Lightning-Ladekabel.<\/p>\n","protected":false},"excerpt":{"rendered":"<p>Die Magic Mouse 2 ist sofort einsatzbereit und koppelt sich automatisch mit deinem Mac. L\u00e4dt schnell \u2013 nur 2 Minuten Ladezeit reichen f\u00fcr einen typischen 9-Stunden-Nutzungstag. Die Multi-Touch-Oberfl\u00e4che erm\u00f6glicht einfache Gesten wie das Wischen zwischen Webseiten und das Scrollen durch Dokumente.<br \/>\nMit einem verbesserten Scherenmechanismus unter jeder Taste f\u00fcr mehr Stabilit\u00e4t sowie einem optimierten Tastenhub und einem niedrigeren Profil bietet das Magic Keyboard ein bemerkenswert komfortables und pr\u00e4zises Tipperlebnis.<br \/>\nDas Magic Keyboard koppelt sich automatisch mit deinem Mac, sodass du sofort loslegen kannst. Erfordert Mac OS X 10.11 oder h\u00f6her.<br \/>\nIm Lieferumfang enthalten: ein Apple Magic Keyboard 2, eine Apple Magic Mouse 2 und ein Lightning-Ladekabel.<\/p>\n","protected":false},"featured_media":34068,"comment_status":"open","ping_status":"closed","template":"","meta":{"iawp_total_views":291},"product_brand":[],"product_cat":[47],"product_tag":[],"class_list":{"0":"post-34898","1":"product","2":"type-product","3":"status-publish","4":"has-post-thumbnail","6":"product_cat-renewed-de","8":"first","9":"instock","10":"sale","11":"taxable","12":"shipping-taxable","13":"purchasable","14":"product-type-simple"},"jetpack_sharing_enabled":true,"_links":{"self":[{"href":"https:\/\/www.momengames.com\/index.php\/wp-json\/wp\/v2\/product\/34898","targetHints":{"allow":["GET"]}}],"collection":[{"href":"https:\/\/www.momengames.com\/index.php\/wp-json\/wp\/v2\/product"}],"about":[{"href":"https:\/\/www.momengames.com\/index.php\/wp-json\/wp\/v2\/types\/product"}],"replies":[{"embeddable":true,"href":"https:\/\/www.momengames.com\/index.php\/wp-json\/wp\/v2\/comments?post=34898"}],"wp:featuredmedia":[{"embeddable":true,"href":"https:\/\/www.momengames.com\/index.php\/wp-json\/wp\/v2\/media\/34068"}],"wp:attachment":[{"href":"https:\/\/www.momengames.com\/index.php\/wp-json\/wp\/v2\/media?parent=34898"}],"wp:term":[{"taxonomy":"product_brand","embeddable":true,"href":"https:\/\/www.momengames.com\/index.php\/wp-json\/wp\/v2\/product_brand?post=34898"},{"taxonomy":"product_cat","embeddable":true,"href":"https:\/\/www.momengames.com\/index.php\/wp-json\/wp\/v2\/product_cat?post=34898"},{"taxonomy":"product_tag","embeddable":true,"href":"https:\/\/www.momengames.com\/index.php\/wp-json\/wp\/v2\/product_tag?post=34898"}],"curies":[{"name":"wp","href":"https:\/\/api.w.org\/{rel}","templated":true}]}}