{"id":34897,"date":"2025-07-25T12:53:45","date_gmt":"2025-07-25T12:53:45","guid":{"rendered":"https:\/\/www.momengames.com\/index.php\/product\/apple-magic-mouse-mit-multi-touch-oberflaeche-usb-c-kabellos-touch-scroll-bluetooth-wiederaufladbar\/"},"modified":"2025-07-25T12:53:45","modified_gmt":"2025-07-25T12:53:45","slug":"apple-magic-mouse-mit-multi-touch-oberflaeche-usb-c-kabellos-touch-scroll-bluetooth-wiederaufladbar","status":"publish","type":"product","link":"https:\/\/www.momengames.com\/index.php\/product\/apple-magic-mouse-mit-multi-touch-oberflaeche-usb-c-kabellos-touch-scroll-bluetooth-wiederaufladbar\/?lang=de","title":{"rendered":"Apple Magic Mouse mit Multi-Touch-Oberfl\u00e4che, USB-C, Kabellos, Touch-Scroll, Bluetooth, Wiederaufladbar"},"content":{"rendered":"<p>Die Magic Mouse ist kabellos und wiederaufladbar und besticht durch ihr schlankes Design f\u00fcr sanftes Gleiten.<br \/>\nDas optimierte Fu\u00dfdesign erm\u00f6glicht m\u00fcheloses Bewegen auf Ihrem Schreibtisch und eine nahtlose Nutzung.<br \/>\nDie Multi-Touch-Oberfl\u00e4che erm\u00f6glicht einfache Gesten wie Wischen zwischen Webseiten und Scrollen.<br \/>\nDer wiederaufladbare Akku h\u00e4lt mit einer einzigen Ladung etwa einen Monat oder l\u00e4nger \u2013 ganz praktisch.<br \/>\nSofort einsatzbereit und automatisch mit Ihrem Mac gekoppelt.<br \/>\nInklusive USB-C-Anschluss und gewebtem USB-C-Ladekabel f\u00fcr einfaches Koppeln und Laden.<br \/>\nLaden Sie alle Ihre Lieblingsger\u00e4te mit nur einem Kabel an Ihren Mac.<\/p>\n","protected":false},"excerpt":{"rendered":"<p>Die Magic Mouse ist kabellos und wiederaufladbar und besticht durch ihr schlankes Design f\u00fcr sanftes Gleiten.<br \/>\nDas optimierte Fu\u00dfdesign erm\u00f6glicht m\u00fcheloses Bewegen auf Ihrem Schreibtisch und eine nahtlose Nutzung.<br \/>\nDie Multi-Touch-Oberfl\u00e4che erm\u00f6glicht einfache Gesten wie Wischen zwischen Webseiten und Scrollen.<br \/>\nDer wiederaufladbare Akku h\u00e4lt mit einer einzigen Ladung etwa einen Monat oder l\u00e4nger \u2013 ganz praktisch.<br \/>\nSofort einsatzbereit und automatisch mit Ihrem Mac gekoppelt.<br \/>\nInklusive USB-C-Anschluss und gewebtem USB-C-Ladekabel f\u00fcr einfaches Koppeln und Laden.<br \/>\nLaden Sie alle Ihre Lieblingsger\u00e4te mit nur einem Kabel an Ihren Mac.<\/p>\n","protected":false},"featured_media":34072,"comment_status":"open","ping_status":"closed","template":"","meta":{"iawp_total_views":1},"product_brand":[],"product_cat":[24],"product_tag":[],"class_list":{"0":"post-34897","1":"product","2":"type-product","3":"status-publish","4":"has-post-thumbnail","6":"product_cat-electronics-accessories-de","8":"first","9":"instock","10":"sale","11":"taxable","12":"shipping-taxable","13":"purchasable","14":"product-type-simple"},"jetpack_sharing_enabled":true,"_links":{"self":[{"href":"https:\/\/www.momengames.com\/index.php\/wp-json\/wp\/v2\/product\/34897","targetHints":{"allow":["GET"]}}],"collection":[{"href":"https:\/\/www.momengames.com\/index.php\/wp-json\/wp\/v2\/product"}],"about":[{"href":"https:\/\/www.momengames.com\/index.php\/wp-json\/wp\/v2\/types\/product"}],"replies":[{"embeddable":true,"href":"https:\/\/www.momengames.com\/index.php\/wp-json\/wp\/v2\/comments?post=34897"}],"wp:featuredmedia":[{"embeddable":true,"href":"https:\/\/www.momengames.com\/index.php\/wp-json\/wp\/v2\/media\/34072"}],"wp:attachment":[{"href":"https:\/\/www.momengames.com\/index.php\/wp-json\/wp\/v2\/media?parent=34897"}],"wp:term":[{"taxonomy":"product_brand","embeddable":true,"href":"https:\/\/www.momengames.com\/index.php\/wp-json\/wp\/v2\/product_brand?post=34897"},{"taxonomy":"product_cat","embeddable":true,"href":"https:\/\/www.momengames.com\/index.php\/wp-json\/wp\/v2\/product_cat?post=34897"},{"taxonomy":"product_tag","embeddable":true,"href":"https:\/\/www.momengames.com\/index.php\/wp-json\/wp\/v2\/product_tag?post=34897"}],"curies":[{"name":"wp","href":"https:\/\/api.w.org\/{rel}","templated":true}]}}