{"id":34896,"date":"2025-07-25T15:23:51","date_gmt":"2025-07-25T15:23:51","guid":{"rendered":"https:\/\/www.momengames.com\/index.php\/product\/rg34xx-retro-handheld-spielkonsole-linux-34-zoll-ips-720-x-480-bildschirm-64-gb-karte-ueber-5000-klassische-spiele-rg34xx-h700-64-bit-3500-mah-akku-spiele-player-kompatibel-mit-bluetooth-und\/"},"modified":"2025-07-25T15:23:51","modified_gmt":"2025-07-25T15:23:51","slug":"rg34xx-retro-handheld-spielkonsole-linux-34-zoll-ips-720-x-480-bildschirm-64-gb-karte-ueber-5000-klassische-spiele-rg34xx-h700-64-bit-3500-mah-akku-spiele-player-kompatibel-mit-bluetooth-und","status":"publish","type":"product","link":"https:\/\/www.momengames.com\/index.php\/product\/rg34xx-retro-handheld-spielkonsole-linux-34-zoll-ips-720-x-480-bildschirm-64-gb-karte-ueber-5000-klassische-spiele-rg34xx-h700-64-bit-3500-mah-akku-spiele-player-kompatibel-mit-bluetooth-und\/?lang=de","title":{"rendered":"RG34XX Retro-Handheld-Spielkonsole, Linux, 3,4 Zoll IPS 720 x 480 Bildschirm, 64 GB Karte, \u00fcber 5000 klassische Spiele, RG34XX H700 64-Bit, 3500 mAh Akku, Spiele-Player, kompatibel mit Bluetooth und WLAN"},"content":{"rendered":"<p>\u3010RG34XX Retro-Handheld-Spielkonsole\u3011 Die RG34XX verf\u00fcgt \u00fcber einen 3,4-Zoll-IPS-Bildschirm mit Vollwinkel und OCA-Volllaminierung f\u00fcr eine Aufl\u00f6sung von 720 x 480 Pixeln. Diese Konsole liefert scharfe Bilder und lebendige Farben. Die Handheld-Spielkonsole RG34XX ist in verschiedenen Farben erh\u00e4ltlich, darunter Indigo, Schwarz, Transparentrot und Transparentgr\u00fcn, und passt so zu jedem pers\u00f6nlichen Stil.<\/p>\n<p>\u3010RG34XX mit \u00fcber 5000 vorinstallierten Retro-Spielen\u3011 Die RG34XX ist mit einer Vielzahl von Spielformaten kompatibel, darunter PSP, PS1, ARCADE und mehr, sodass Benutzer ihre Lieblingsspiele herunterladen und spielen k\u00f6nnen. Sie unterst\u00fctzt 2,4\/5G Dualband-WLAN 802.11a\/b\/g\/n\/ac und Bluetooth 4.2 f\u00fcr schnelle und stabile Verbindungen und ein verbessertes Spielerlebnis. \u3010Multimedia-Funktionen der RG34XX\u3011 Die Handheld-Spielkonsole RG34XX ist ein wahres Medien-Kraftpaket mit einem Videoplayer, der Formate wie WMV, AVI, RMVB, FLV und MP4 unterst\u00fctzt, sowie einem Musikplayer f\u00fcr FLAC, MP3, WAV und mehr. Sie verf\u00fcgt au\u00dferdem \u00fcber einen Dateimanager, einen E-Book-Reader (TXT-Format) und die WiliWili-Online-Wiedergabefunktion. Die RG34XX ist in mehreren Sprachen verf\u00fcgbar, darunter Chinesisch, Englisch, Japanisch, Koreanisch, Russisch, Franz\u00f6sisch, Deutsch, Portugiesisch und Spanisch.<\/p>\n<p>\u3010RG34XX 3500-mAh-Akku, 7 Stunden Akkulaufzeit\u3011 Genie\u00dfen Sie bis zu 7 Stunden Gaming mit dem 3500-mAh-Polymer-Lithium-Akku der RG34XX. Er unterst\u00fctzt 5 V\/1,5 A Laden und ist C2C-Ladeger\u00e4t-kompatibel. Die Konsole unterst\u00fctzt 2,4-GHz-Wireless-, Kabel- und Bluetooth-Controller-Verbindungen, HD-TV-Verbindung, Vibrationsmotor, WLAN-Online-Multiplayer und Streaming.<br \/>\n\u3010Familienunterhaltung, doppelte Freude\u3011 Die HD-TV-Ausgabefunktion macht das Spiel auf dem gro\u00dfen Bildschirm lebendiger und erm\u00f6glicht es der ganzen Familie, gemeinsam in das aufregende visuelle Spielerlebnis einzutauchen. Ob herzliche Interaktionen zwischen Eltern und Kindern oder fr\u00f6hliche Zusammenk\u00fcnfte mit Freunden, der RG34XX kann ein volles Gef\u00fchl von Freude und Intimit\u00e4t vermitteln und die Familienzeit warmer und angenehmer machen.<\/p>\n","protected":false},"excerpt":{"rendered":"<p>\u3010RG34XX Retro-Handheld-Spielkonsole\u3011 Die RG34XX verf\u00fcgt \u00fcber einen 3,4-Zoll-IPS-Bildschirm mit Vollwinkel und OCA-Volllaminierung f\u00fcr eine Aufl\u00f6sung von 720 x 480 Pixeln. Diese Konsole liefert scharfe Bilder und lebendige Farben. Die Handheld-Spielkonsole RG34XX ist in verschiedenen Farben erh\u00e4ltlich, darunter Indigo, Schwarz, Transparentrot und Transparentgr\u00fcn, und passt so zu jedem pers\u00f6nlichen Stil.<\/p>\n<p>\u3010RG34XX mit \u00fcber 5000 vorinstallierten Retro-Spielen\u3011 Die RG34XX ist mit einer Vielzahl von Spielformaten kompatibel, darunter PSP, PS1, ARCADE und mehr, sodass Benutzer ihre Lieblingsspiele herunterladen und spielen k\u00f6nnen. Sie unterst\u00fctzt 2,4\/5G Dualband-WLAN 802.11a\/b\/g\/n\/ac und Bluetooth 4.2 f\u00fcr schnelle und stabile Verbindungen und ein verbessertes Spielerlebnis. \u3010Multimedia-Funktionen der RG34XX\u3011 Die Handheld-Spielkonsole RG34XX ist ein wahres Medien-Kraftpaket mit einem Videoplayer, der Formate wie WMV, AVI, RMVB, FLV und MP4 unterst\u00fctzt, sowie einem Musikplayer f\u00fcr FLAC, MP3, WAV und mehr. Sie verf\u00fcgt au\u00dferdem \u00fcber einen Dateimanager, einen E-Book-Reader (TXT-Format) und die WiliWili-Online-Wiedergabefunktion. Die RG34XX ist in mehreren Sprachen verf\u00fcgbar, darunter Chinesisch, Englisch, Japanisch, Koreanisch, Russisch, Franz\u00f6sisch, Deutsch, Portugiesisch und Spanisch.<\/p>\n<p>\u3010RG34XX 3500-mAh-Akku, 7 Stunden Akkulaufzeit\u3011 Genie\u00dfen Sie bis zu 7 Stunden Gaming mit dem 3500-mAh-Polymer-Lithium-Akku der RG34XX. Er unterst\u00fctzt 5 V\/1,5 A Laden und ist C2C-Ladeger\u00e4t-kompatibel. Die Konsole unterst\u00fctzt 2,4-GHz-Wireless-, Kabel- und Bluetooth-Controller-Verbindungen, HD-TV-Verbindung, Vibrationsmotor, WLAN-Online-Multiplayer und Streaming.<br \/>\n\u3010Familienunterhaltung, doppelte Freude\u3011 Die HD-TV-Ausgabefunktion macht das Spiel auf dem gro\u00dfen Bildschirm lebendiger und erm\u00f6glicht es der ganzen Familie, gemeinsam in das aufregende visuelle Spielerlebnis einzutauchen. Ob herzliche Interaktionen zwischen Eltern und Kindern oder fr\u00f6hliche Zusammenk\u00fcnfte mit Freunden, der RG34XX kann ein volles Gef\u00fchl von Freude und Intimit\u00e4t vermitteln und die Familienzeit warmer und angenehmer machen.<\/p>\n","protected":false},"featured_media":34076,"comment_status":"open","ping_status":"closed","template":"","meta":{"iawp_total_views":0},"product_brand":[],"product_cat":[25],"product_tag":[],"class_list":{"0":"post-34896","1":"product","2":"type-product","3":"status-publish","4":"has-post-thumbnail","6":"product_cat-pc-gamepads-standard-controllers-de","8":"first","9":"instock","10":"sale","11":"taxable","12":"shipping-taxable","13":"purchasable","14":"product-type-simple"},"jetpack_sharing_enabled":true,"_links":{"self":[{"href":"https:\/\/www.momengames.com\/index.php\/wp-json\/wp\/v2\/product\/34896","targetHints":{"allow":["GET"]}}],"collection":[{"href":"https:\/\/www.momengames.com\/index.php\/wp-json\/wp\/v2\/product"}],"about":[{"href":"https:\/\/www.momengames.com\/index.php\/wp-json\/wp\/v2\/types\/product"}],"replies":[{"embeddable":true,"href":"https:\/\/www.momengames.com\/index.php\/wp-json\/wp\/v2\/comments?post=34896"}],"wp:featuredmedia":[{"embeddable":true,"href":"https:\/\/www.momengames.com\/index.php\/wp-json\/wp\/v2\/media\/34076"}],"wp:attachment":[{"href":"https:\/\/www.momengames.com\/index.php\/wp-json\/wp\/v2\/media?parent=34896"}],"wp:term":[{"taxonomy":"product_brand","embeddable":true,"href":"https:\/\/www.momengames.com\/index.php\/wp-json\/wp\/v2\/product_brand?post=34896"},{"taxonomy":"product_cat","embeddable":true,"href":"https:\/\/www.momengames.com\/index.php\/wp-json\/wp\/v2\/product_cat?post=34896"},{"taxonomy":"product_tag","embeddable":true,"href":"https:\/\/www.momengames.com\/index.php\/wp-json\/wp\/v2\/product_tag?post=34896"}],"curies":[{"name":"wp","href":"https:\/\/api.w.org\/{rel}","templated":true}]}}