{"id":34894,"date":"2025-07-26T14:12:19","date_gmt":"2025-07-26T14:12:19","guid":{"rendered":"https:\/\/www.momengames.com\/index.php\/product\/erneuerter-amazon-fire-tv-gamecontroller-der-1-generation\/"},"modified":"2025-07-26T14:12:19","modified_gmt":"2025-07-26T14:12:19","slug":"erneuerter-amazon-fire-tv-gamecontroller-der-1-generation","status":"publish","type":"product","link":"https:\/\/www.momengames.com\/index.php\/product\/erneuerter-amazon-fire-tv-gamecontroller-der-1-generation\/?lang=de","title":{"rendered":"Erneuerter Amazon Fire TV-Gamecontroller der 1. Generation"},"content":{"rendered":"<p>Wie ein Xbox 360-Pad \u2013 und das ist gut so.<br \/>\nDie Form und Haptik des diesj\u00e4hrigen Controllers \u00e4hneln stark denen des Vorjahres \u2013 das hei\u00dft, er emuliert ein Xbox 360-Pad ziemlich deutlich. Tats\u00e4chlich tut der diesj\u00e4hrige Controller dies sogar noch st\u00e4rker, und Ihre H\u00e4nde werden es Ihnen danken.<\/p>\n<p>Die Handgriffe sind diesmal konischer, wodurch sie sowohl in gro\u00dfen als auch in kleinen H\u00e4nden deutlich besser liegen als im Vorjahr. Die Joysticks haben eine h\u00f6here Spannung erhalten; das Steuerkreuz sitzt auf einer leicht erh\u00f6hten Kante; die Bumper- und Trigger-Tasten sind gr\u00f6\u00dfer und breiter geworden und bieten ein angenehmeres Druckgef\u00fchl.<\/p>\n<p>Nachdem wir im aktiven Spiel zwischen dem Xbox 360-Pad und diesem neuen Amazon Fire TV Gamepad hin- und hergewechselt sind, konnten wir kaum einen Unterschied in Komfort und Steuerung feststellen \u2013 mit einer Ausnahme: Das erste Amazon Fire TV Gamepad, das wir erhalten haben, hatte ernsthafte Probleme mit der Steuerkreuz-Performance; Tippen in alle Richtungen ging gelegentlich verloren, wobei Tippen nach rechts aus irgendeinem Grund am st\u00e4rksten beeintr\u00e4chtigt war. Bei unserem Ersatzpad trat dieses Problem nicht auf, aber die Tastendr\u00fccke nach unten f\u00fchlten sich etwas klebrig an. Das D-Pad ist immer noch deutlich besser als die meisten Controller von Drittanbietern auf dem Markt. Wir w\u00fcrden sagen, es ist auf Augenh\u00f6he mit dem wackeligen D-Pad der 360, aber PlayStation-Controller und das Xbox One-Pad sind besser.<\/p>\n","protected":false},"excerpt":{"rendered":"<p>Wie ein Xbox 360-Pad \u2013 und das ist gut so.<br \/>\nDie Form und Haptik des diesj\u00e4hrigen Controllers \u00e4hneln stark denen des Vorjahres \u2013 das hei\u00dft, er emuliert ein Xbox 360-Pad ziemlich deutlich. Tats\u00e4chlich tut der diesj\u00e4hrige Controller dies sogar noch st\u00e4rker, und Ihre H\u00e4nde werden es Ihnen danken.<\/p>\n<p>Die Handgriffe sind diesmal konischer, wodurch sie sowohl in gro\u00dfen als auch in kleinen H\u00e4nden deutlich besser liegen als im Vorjahr. Die Joysticks haben eine h\u00f6here Spannung erhalten; das Steuerkreuz sitzt auf einer leicht erh\u00f6hten Kante; die Bumper- und Trigger-Tasten sind gr\u00f6\u00dfer und breiter geworden und bieten ein angenehmeres Druckgef\u00fchl.<\/p>\n<p>Nachdem wir im aktiven Spiel zwischen dem Xbox 360-Pad und diesem neuen Amazon Fire TV Gamepad hin- und hergewechselt sind, konnten wir kaum einen Unterschied in Komfort und Steuerung feststellen \u2013 mit einer Ausnahme: Das erste Amazon Fire TV Gamepad, das wir erhalten haben, hatte ernsthafte Probleme mit der Steuerkreuz-Performance; Tippen in alle Richtungen ging gelegentlich verloren, wobei Tippen nach rechts aus irgendeinem Grund am st\u00e4rksten beeintr\u00e4chtigt war. Bei unserem Ersatzpad trat dieses Problem nicht auf, aber die Tastendr\u00fccke nach unten f\u00fchlten sich etwas klebrig an. Das D-Pad ist immer noch deutlich besser als die meisten Controller von Drittanbietern auf dem Markt. Wir w\u00fcrden sagen, es ist auf Augenh\u00f6he mit dem wackeligen D-Pad der 360, aber PlayStation-Controller und das Xbox One-Pad sind besser.<\/p>\n","protected":false},"featured_media":34094,"comment_status":"open","ping_status":"closed","template":"","meta":{"iawp_total_views":36},"product_brand":[],"product_cat":[47],"product_tag":[],"class_list":{"0":"post-34894","1":"product","2":"type-product","3":"status-publish","4":"has-post-thumbnail","6":"product_cat-renewed-de","8":"first","9":"instock","10":"taxable","11":"shipping-taxable","12":"purchasable","13":"product-type-simple"},"jetpack_sharing_enabled":true,"_links":{"self":[{"href":"https:\/\/www.momengames.com\/index.php\/wp-json\/wp\/v2\/product\/34894","targetHints":{"allow":["GET"]}}],"collection":[{"href":"https:\/\/www.momengames.com\/index.php\/wp-json\/wp\/v2\/product"}],"about":[{"href":"https:\/\/www.momengames.com\/index.php\/wp-json\/wp\/v2\/types\/product"}],"replies":[{"embeddable":true,"href":"https:\/\/www.momengames.com\/index.php\/wp-json\/wp\/v2\/comments?post=34894"}],"wp:featuredmedia":[{"embeddable":true,"href":"https:\/\/www.momengames.com\/index.php\/wp-json\/wp\/v2\/media\/34094"}],"wp:attachment":[{"href":"https:\/\/www.momengames.com\/index.php\/wp-json\/wp\/v2\/media?parent=34894"}],"wp:term":[{"taxonomy":"product_brand","embeddable":true,"href":"https:\/\/www.momengames.com\/index.php\/wp-json\/wp\/v2\/product_brand?post=34894"},{"taxonomy":"product_cat","embeddable":true,"href":"https:\/\/www.momengames.com\/index.php\/wp-json\/wp\/v2\/product_cat?post=34894"},{"taxonomy":"product_tag","embeddable":true,"href":"https:\/\/www.momengames.com\/index.php\/wp-json\/wp\/v2\/product_tag?post=34894"}],"curies":[{"name":"wp","href":"https:\/\/api.w.org\/{rel}","templated":true}]}}