{"id":34892,"date":"2025-07-26T14:26:51","date_gmt":"2025-07-26T14:26:51","guid":{"rendered":"https:\/\/www.momengames.com\/index.php\/product\/gamesir-g7-se-kabel-controller-fuer-xbox-series-xs-xbox-one-und-windows-10-11-plug-and-play-gaming-gamepad-mit-hall-effekt-joysticks-hall-trigger-35-mm-audiobuchse\/"},"modified":"2025-07-26T14:26:51","modified_gmt":"2025-07-26T14:26:51","slug":"gamesir-g7-se-kabel-controller-fuer-xbox-series-xs-xbox-one-und-windows-10-11-plug-and-play-gaming-gamepad-mit-hall-effekt-joysticks-hall-trigger-35-mm-audiobuchse","status":"publish","type":"product","link":"https:\/\/www.momengames.com\/index.php\/product\/gamesir-g7-se-kabel-controller-fuer-xbox-series-xs-xbox-one-und-windows-10-11-plug-and-play-gaming-gamepad-mit-hall-effekt-joysticks-hall-trigger-35-mm-audiobuchse\/?lang=de","title":{"rendered":"GameSir G7 SE Kabel-Controller f\u00fcr Xbox Series X|S, Xbox One und Windows 10\/11, Plug-and-Play-Gaming-Gamepad mit Hall-Effekt-Joysticks\/Hall-Trigger, 3,5-mm-Audiobuchse"},"content":{"rendered":"<p>Vielseitige Kompatibilit\u00e4t: Unterst\u00fctzt Xbox Series X\/S, Xbox One X\/S und PCs ab Windows 10 (einschlie\u00dflich der Spieleplattform Steam).<br \/>\nPr\u00e4zise Steuerung: Mit Hall-Joysticks und Hall-Triggern f\u00fcr ein angenehmes Spielgef\u00fchl, lange Lebensdauer und verbesserte Spielgenauigkeit.<br \/>\n\u3010Plug-and-Play-Komfort\u3011 Kabelgebundener USB-Anschluss (abnehmbar) f\u00fcr einfache Einrichtung und sofortiges Spielen ohne zus\u00e4tzliche Treiber.<br \/>\nAnpassbares Erlebnis: Mit zwei benutzerdefinierten R\u00fccktasten k\u00f6nnen Nutzer Fehlausl\u00f6sungen vermeiden und ihr Spielerlebnis verbessern.<br \/>\nBeeindruckendes Gameplay: Ein pulsierender Vibrationsausl\u00f6ser und ein asymmetrischer Vibrationsgriffmotor sorgen f\u00fcr intensives taktiles Feedback.<br \/>\nVerbesserter Klang und Komfort: Ausgestattet mit einer 3,5-mm-Audioschnittstelle f\u00fcr die nahtlose Verbindung mit Gaming-Headsets und einem ergonomischen Griff mit ultrafeiner lasergravierter Textur f\u00fcr komfortables und rutschfestes Gaming.<\/p>\n","protected":false},"excerpt":{"rendered":"<p>Vielseitige Kompatibilit\u00e4t: Unterst\u00fctzt Xbox Series X\/S, Xbox One X\/S und PCs ab Windows 10 (einschlie\u00dflich der Spieleplattform Steam).<br \/>\nPr\u00e4zise Steuerung: Mit Hall-Joysticks und Hall-Triggern f\u00fcr ein angenehmes Spielgef\u00fchl, lange Lebensdauer und verbesserte Spielgenauigkeit.<br \/>\n\u3010Plug-and-Play-Komfort\u3011 Kabelgebundener USB-Anschluss (abnehmbar) f\u00fcr einfache Einrichtung und sofortiges Spielen ohne zus\u00e4tzliche Treiber.<br \/>\nAnpassbares Erlebnis: Mit zwei benutzerdefinierten R\u00fccktasten k\u00f6nnen Nutzer Fehlausl\u00f6sungen vermeiden und ihr Spielerlebnis verbessern.<br \/>\nBeeindruckendes Gameplay: Ein pulsierender Vibrationsausl\u00f6ser und ein asymmetrischer Vibrationsgriffmotor sorgen f\u00fcr intensives taktiles Feedback.<br \/>\nVerbesserter Klang und Komfort: Ausgestattet mit einer 3,5-mm-Audioschnittstelle f\u00fcr die nahtlose Verbindung mit Gaming-Headsets und einem ergonomischen Griff mit ultrafeiner lasergravierter Textur f\u00fcr komfortables und rutschfestes Gaming.<\/p>\n","protected":false},"featured_media":34102,"comment_status":"open","ping_status":"closed","template":"","meta":{"iawp_total_views":53},"product_brand":[],"product_cat":[25],"product_tag":[],"class_list":{"0":"post-34892","1":"product","2":"type-product","3":"status-publish","4":"has-post-thumbnail","6":"product_cat-pc-gamepads-standard-controllers-de","8":"first","9":"instock","10":"sale","11":"taxable","12":"shipping-taxable","13":"purchasable","14":"product-type-simple"},"jetpack_sharing_enabled":true,"_links":{"self":[{"href":"https:\/\/www.momengames.com\/index.php\/wp-json\/wp\/v2\/product\/34892","targetHints":{"allow":["GET"]}}],"collection":[{"href":"https:\/\/www.momengames.com\/index.php\/wp-json\/wp\/v2\/product"}],"about":[{"href":"https:\/\/www.momengames.com\/index.php\/wp-json\/wp\/v2\/types\/product"}],"replies":[{"embeddable":true,"href":"https:\/\/www.momengames.com\/index.php\/wp-json\/wp\/v2\/comments?post=34892"}],"wp:featuredmedia":[{"embeddable":true,"href":"https:\/\/www.momengames.com\/index.php\/wp-json\/wp\/v2\/media\/34102"}],"wp:attachment":[{"href":"https:\/\/www.momengames.com\/index.php\/wp-json\/wp\/v2\/media?parent=34892"}],"wp:term":[{"taxonomy":"product_brand","embeddable":true,"href":"https:\/\/www.momengames.com\/index.php\/wp-json\/wp\/v2\/product_brand?post=34892"},{"taxonomy":"product_cat","embeddable":true,"href":"https:\/\/www.momengames.com\/index.php\/wp-json\/wp\/v2\/product_cat?post=34892"},{"taxonomy":"product_tag","embeddable":true,"href":"https:\/\/www.momengames.com\/index.php\/wp-json\/wp\/v2\/product_tag?post=34892"}],"curies":[{"name":"wp","href":"https:\/\/api.w.org\/{rel}","templated":true}]}}