{"id":34890,"date":"2025-07-27T14:57:50","date_gmt":"2025-07-27T14:57:50","guid":{"rendered":"https:\/\/www.momengames.com\/index.php\/product\/apple-ipad-102-zoll-wlan-32-gb-space-grau-erneuert\/"},"modified":"2025-07-27T14:57:50","modified_gmt":"2025-07-27T14:57:50","slug":"apple-ipad-102-zoll-wlan-32-gb-space-grau-erneuert","status":"publish","type":"product","link":"https:\/\/www.momengames.com\/index.php\/product\/apple-ipad-102-zoll-wlan-32-gb-space-grau-erneuert\/?lang=de","title":{"rendered":"Apple iPad, 10,2 Zoll, WLAN, 32 GB, Space Grau (erneuert)"},"content":{"rendered":"<p>Das iPad der siebten Generation (auch als 10,2-Zoll-iPad bezeichnet[3]) ist ein von Apple entwickelter und vertriebener Tablet-Computer. Es verf\u00fcgt \u00fcber ein 10,2 Zoll (26 cm) gro\u00dfes Retina-Display und wird vom Apple A10 Fusion Prozessor angetrieben. Es war der Nachfolger des 9,7 Zoll (25 cm) gro\u00dfen iPad der sechsten Generation. Das Ger\u00e4t wurde am 10. September 2019 vorgestellt und am 25. September 2019 auf den Markt gebracht.<\/p>\n<p>Im Gegensatz zu fr\u00fcheren iPad-Modellen mit einem 9,7 Zoll (25 cm) gro\u00dfen Display war das Ger\u00e4t das erste in der iPad-Einstiegsklasse mit einem gr\u00f6\u00dferen 10,2 Zoll (26 cm) gro\u00dfen Display.[6] Das Ger\u00e4t unterst\u00fctzt den Apple Pencil der ersten Generation sowie einen Smart-Keyboard-Anschluss und war auf den Budget- und Bildungsmarkt ausgerichtet.<\/p>\n<p>Sein Nachfolger, das iPad der achten Generation, wurde am 15. September 2020 vorgestellt. Das iPad der siebten Generation ist das letzte iPad, das iPadOS 18 unterst\u00fctzt.<\/p>\n<p>Da der A10 Fusion-Prozessor keine Neural Engine-Kerne hatte, war dies das letzte derzeit unterst\u00fctzte iPad ohne Neural Engine.<\/p>\n","protected":false},"excerpt":{"rendered":"<p>Das iPad der siebten Generation (auch als 10,2-Zoll-iPad bezeichnet[3]) ist ein von Apple entwickelter und vertriebener Tablet-Computer. Es verf\u00fcgt \u00fcber ein 10,2 Zoll (26 cm) gro\u00dfes Retina-Display und wird vom Apple A10 Fusion Prozessor angetrieben. Es war der Nachfolger des 9,7 Zoll (25 cm) gro\u00dfen iPad der sechsten Generation. Das Ger\u00e4t wurde am 10. September 2019 vorgestellt und am 25. September 2019 auf den Markt gebracht.<\/p>\n<p>Im Gegensatz zu fr\u00fcheren iPad-Modellen mit einem 9,7 Zoll (25 cm) gro\u00dfen Display war das Ger\u00e4t das erste in der iPad-Einstiegsklasse mit einem gr\u00f6\u00dferen 10,2 Zoll (26 cm) gro\u00dfen Display.[6] Das Ger\u00e4t unterst\u00fctzt den Apple Pencil der ersten Generation sowie einen Smart-Keyboard-Anschluss und war auf den Budget- und Bildungsmarkt ausgerichtet.<\/p>\n<p>Sein Nachfolger, das iPad der achten Generation, wurde am 15. September 2020 vorgestellt. Das iPad der siebten Generation ist das letzte iPad, das iPadOS 18 unterst\u00fctzt.<\/p>\n<p>Da der A10 Fusion-Prozessor keine Neural Engine-Kerne hatte, war dies das letzte derzeit unterst\u00fctzte iPad ohne Neural Engine.<\/p>\n","protected":false},"featured_media":34132,"comment_status":"open","ping_status":"closed","template":"","meta":{"iawp_total_views":20},"product_brand":[],"product_cat":[47],"product_tag":[],"class_list":{"0":"post-34890","1":"product","2":"type-product","3":"status-publish","4":"has-post-thumbnail","6":"product_cat-renewed-de","8":"first","9":"instock","10":"sale","11":"taxable","12":"shipping-taxable","13":"purchasable","14":"product-type-simple"},"jetpack_sharing_enabled":true,"_links":{"self":[{"href":"https:\/\/www.momengames.com\/index.php\/wp-json\/wp\/v2\/product\/34890","targetHints":{"allow":["GET"]}}],"collection":[{"href":"https:\/\/www.momengames.com\/index.php\/wp-json\/wp\/v2\/product"}],"about":[{"href":"https:\/\/www.momengames.com\/index.php\/wp-json\/wp\/v2\/types\/product"}],"replies":[{"embeddable":true,"href":"https:\/\/www.momengames.com\/index.php\/wp-json\/wp\/v2\/comments?post=34890"}],"wp:featuredmedia":[{"embeddable":true,"href":"https:\/\/www.momengames.com\/index.php\/wp-json\/wp\/v2\/media\/34132"}],"wp:attachment":[{"href":"https:\/\/www.momengames.com\/index.php\/wp-json\/wp\/v2\/media?parent=34890"}],"wp:term":[{"taxonomy":"product_brand","embeddable":true,"href":"https:\/\/www.momengames.com\/index.php\/wp-json\/wp\/v2\/product_brand?post=34890"},{"taxonomy":"product_cat","embeddable":true,"href":"https:\/\/www.momengames.com\/index.php\/wp-json\/wp\/v2\/product_cat?post=34890"},{"taxonomy":"product_tag","embeddable":true,"href":"https:\/\/www.momengames.com\/index.php\/wp-json\/wp\/v2\/product_tag?post=34890"}],"curies":[{"name":"wp","href":"https:\/\/api.w.org\/{rel}","templated":true}]}}