{"id":34887,"date":"2025-09-17T15:41:14","date_gmt":"2025-09-17T15:41:14","guid":{"rendered":"https:\/\/www.momengames.com\/index.php\/product\/razer-x-pokemon-pikachu-kraken-v3-usb-gaming-headset-mit-kabel-limitierte-auflage\/"},"modified":"2025-09-17T15:41:14","modified_gmt":"2025-09-17T15:41:14","slug":"razer-x-pokemon-pikachu-kraken-v3-usb-gaming-headset-mit-kabel-limitierte-auflage","status":"publish","type":"product","link":"https:\/\/www.momengames.com\/index.php\/product\/razer-x-pokemon-pikachu-kraken-v3-usb-gaming-headset-mit-kabel-limitierte-auflage\/?lang=de","title":{"rendered":"Razer x Pok\u00e9mon Pikachu Kraken V3 USB-Gaming-Headset mit Kabel, limitierte Auflage"},"content":{"rendered":"<p>Ohrpolster aus Hybridgewebe und Memory Foam: Die Kombination aus atmungsaktivem Gewebe und weichem Kunstleder sorgt f\u00fcr einen festen Sitz und konstanten Komfort bei l\u00e4ngerem Spielen.<\/p>\n<p>7.1 Surround Sound: Bietet pr\u00e4zises Positionsaudio, mit dem Sie intuitiv lokalisieren k\u00f6nnen, woher jedes Ger\u00e4usch kommt. *Nur verf\u00fcgbar unter Windows 10 64-Bit. Unterst\u00fctzt von Razer Chroma RGB: Anpassbare Ohrmuschelbeleuchtung und tieferes Eintauchen ins Spielerlebnis mit Zugriff auf 16,8 Millionen Farben und eine Reihe von Lichteffekten. Wenden Sie Ihre bevorzugten Einstellungen an und erleben Sie die nahtlose Zusammenarbeit mit \u00fcber 150 Spielen und 500 Ger\u00e4ten von mehr als 50 Partnern.<\/p>\n<p>345 g leichte Bauweise: Erleben Sie stundenlang erstklassigen Sound und Gaming ohne das Gewicht des Headsets.<\/p>\n<p>Gengar-Kopfform f\u00fcr Ihren Stil.<br \/>\nHyperClear-Nierenmikrofon: Ein verbessertes Aufnahmemuster sorgt f\u00fcr mehr Stimme und weniger Rauschen, wobei der Sweet Spot dank des biegsamen Designs des Mikrofons leicht an Ihrem Mund platziert werden kann.<br \/>\nTriForce 40-mm-Treiber: Durch das hochmoderne, propriet\u00e4re Design wird der Treiber in drei Teile unterteilt, um H\u00f6hen, Mitten und Tiefen individuell abzustimmen. Dadurch entsteht ein hellerer, klarerer Klang mit satteren H\u00f6hen und kraftvolleren Tiefen.<\/p>\n","protected":false},"excerpt":{"rendered":"<p>Ohrpolster aus Hybridgewebe und Memory Foam: Die Kombination aus atmungsaktivem Gewebe und weichem Kunstleder sorgt f\u00fcr einen festen Sitz und konstanten Komfort bei l\u00e4ngerem Spielen.<\/p>\n<p>7.1 Surround Sound: Bietet pr\u00e4zises Positionsaudio, mit dem Sie intuitiv lokalisieren k\u00f6nnen, woher jedes Ger\u00e4usch kommt. *Nur verf\u00fcgbar unter Windows 10 64-Bit. Unterst\u00fctzt von Razer Chroma RGB: Anpassbare Ohrmuschelbeleuchtung und tieferes Eintauchen ins Spielerlebnis mit Zugriff auf 16,8 Millionen Farben und eine Reihe von Lichteffekten. Wenden Sie Ihre bevorzugten Einstellungen an und erleben Sie die nahtlose Zusammenarbeit mit \u00fcber 150 Spielen und 500 Ger\u00e4ten von mehr als 50 Partnern.<\/p>\n<p>345 g leichte Bauweise: Erleben Sie stundenlang erstklassigen Sound und Gaming ohne das Gewicht des Headsets.<\/p>\n<p>Gengar-Kopfform f\u00fcr Ihren Stil.<br \/>\nHyperClear-Nierenmikrofon: Ein verbessertes Aufnahmemuster sorgt f\u00fcr mehr Stimme und weniger Rauschen, wobei der Sweet Spot dank des biegsamen Designs des Mikrofons leicht an Ihrem Mund platziert werden kann.<br \/>\nTriForce 40-mm-Treiber: Durch das hochmoderne, propriet\u00e4re Design wird der Treiber in drei Teile unterteilt, um H\u00f6hen, Mitten und Tiefen individuell abzustimmen. Dadurch entsteht ein hellerer, klarerer Klang mit satteren H\u00f6hen und kraftvolleren Tiefen.<\/p>\n","protected":false},"featured_media":34757,"comment_status":"open","ping_status":"closed","template":"","meta":{"iawp_total_views":0},"product_brand":[],"product_cat":[24],"product_tag":[],"class_list":{"0":"post-34887","1":"product","2":"type-product","3":"status-publish","4":"has-post-thumbnail","6":"product_cat-electronics-accessories-de","8":"first","9":"instock","10":"sale","11":"taxable","12":"shipping-taxable","13":"purchasable","14":"product-type-simple"},"jetpack_sharing_enabled":true,"_links":{"self":[{"href":"https:\/\/www.momengames.com\/index.php\/wp-json\/wp\/v2\/product\/34887","targetHints":{"allow":["GET"]}}],"collection":[{"href":"https:\/\/www.momengames.com\/index.php\/wp-json\/wp\/v2\/product"}],"about":[{"href":"https:\/\/www.momengames.com\/index.php\/wp-json\/wp\/v2\/types\/product"}],"replies":[{"embeddable":true,"href":"https:\/\/www.momengames.com\/index.php\/wp-json\/wp\/v2\/comments?post=34887"}],"wp:featuredmedia":[{"embeddable":true,"href":"https:\/\/www.momengames.com\/index.php\/wp-json\/wp\/v2\/media\/34757"}],"wp:attachment":[{"href":"https:\/\/www.momengames.com\/index.php\/wp-json\/wp\/v2\/media?parent=34887"}],"wp:term":[{"taxonomy":"product_brand","embeddable":true,"href":"https:\/\/www.momengames.com\/index.php\/wp-json\/wp\/v2\/product_brand?post=34887"},{"taxonomy":"product_cat","embeddable":true,"href":"https:\/\/www.momengames.com\/index.php\/wp-json\/wp\/v2\/product_cat?post=34887"},{"taxonomy":"product_tag","embeddable":true,"href":"https:\/\/www.momengames.com\/index.php\/wp-json\/wp\/v2\/product_tag?post=34887"}],"curies":[{"name":"wp","href":"https:\/\/api.w.org\/{rel}","templated":true}]}}