{"id":34886,"date":"2025-09-17T15:47:46","date_gmt":"2025-09-17T15:47:46","guid":{"rendered":"https:\/\/www.momengames.com\/index.php\/product\/razer-naga-v2-hyperspeed-kabellose-mmo-gaming-maus-19-programmierbare-tasten-hyperscroll-technologie-optischer-focus-pro-30k-sensor-mechanische-maussch\/"},"modified":"2025-09-17T15:47:46","modified_gmt":"2025-09-17T15:47:46","slug":"razer-naga-v2-hyperspeed-kabellose-mmo-gaming-maus-19-programmierbare-tasten-hyperscroll-technologie-optischer-focus-pro-30k-sensor-mechanische-maussch","status":"publish","type":"product","link":"https:\/\/www.momengames.com\/index.php\/product\/razer-naga-v2-hyperspeed-kabellose-mmo-gaming-maus-19-programmierbare-tasten-hyperscroll-technologie-optischer-focus-pro-30k-sensor-mechanische-maussch\/?lang=de","title":{"rendered":"Razer Naga V2 HyperSpeed \u200b\u200bKabellose MMO-Gaming-Maus: 19 programmierbare Tasten \u2013 HyperScroll-Technologie \u2013 Optischer Focus Pro 30K-Sensor \u2013 Mechanische Mausschalter Gen-2 \u2013 Bis zu 400 Stunden Akkulaufzeit"},"content":{"rendered":"<p>19 programmierbare Tasten \u2013 Ergonomisch positionierte Tasten bieten eine Vielzahl von Befehlen f\u00fcr die wichtigsten Aufgaben oder erweiterte Makros.<\/p>\n<p>RAZER HYPERSPEED WIRELESS (2,4 GHz) UND BLUETOOTH \u2013 Erleben Sie nahtlose Leistung mit geringer Latenz, die 25 % schneller ist als andere kabellose Technologien, oder wechseln Sie zu Bluetooth f\u00fcr l\u00e4ngere Gaming-Stunden.<\/p>\n<p>Mit Razer HyperScroll-Technologie \u2013 F\u00fchren Sie wiederholte Befehle schnell aus, bl\u00e4ttern Sie im Freilaufmodus durch Inhalte oder aktivieren Sie den taktilen Modus f\u00fcr verbesserte Pr\u00e4zision und ein zufriedenstellendes Feedback.<\/p>\n<p>Lange Akkulaufzeit \u2013 Mit bis zu 400 Stunden Bluetooth und 250 Stunden nahtlosem Gaming mit geringer Latenz \u00fcber Razer HyperSpeed \u200b\u200bWireless (2,4 GHz) h\u00e4lt diese Maus auch in der Hitze des Gefechts l\u00e4nger durch, bevor der Akku ausgetauscht werden muss.<br \/>\nFOCUS PRO 30K OPTISCHER SENSOR \u2013 Razers brandneuer Sensor bietet makellose Tracking-Leistung auf einer gr\u00f6\u00dferen Vielfalt von Oberfl\u00e4chen, einschlie\u00dflich Glas \u2013 unterst\u00fctzt durch intelligente Funktionen f\u00fcr verbessertes Zielen und Kontrolle.<\/p>\n<p>MECHANISCHE MAUSSCHALTER DER 2. GEN. \u2013 Dank vergoldeter Kontaktpunkte sind die Schalter weniger anf\u00e4llig f\u00fcr Verschlei\u00df und haben eine l\u00e4ngere Lebensdauer von bis zu 60 Millionen Klicks.<\/p>\n<p>MARKEN F\u00dcR PC-GAMING-PERIPHERIEGER\u00c4TE IN DEN USA \u2013 Quelle: Circana, Retail Tracking Service, Umsatz in US-Dollar, Gaming-M\u00e4use, -Tastaturen und -Headsets, Januar 2019 bis Dezember 2023 kombiniert.<\/p>\n<p>MAUSGENAUIGKEIT OPTIMIEREN \u2013 Verbessern Sie die Genauigkeit, indem Sie die Option \u201eZeigerpr\u00e4zision verbessern\u201c in den Windows-Mauseinstellungen deaktivieren, und optimieren Sie die Leistung zus\u00e4tzlich mit der Razer Synapse App.<\/p>\n","protected":false},"excerpt":{"rendered":"<p>19 programmierbare Tasten \u2013 Ergonomisch positionierte Tasten bieten eine Vielzahl von Befehlen f\u00fcr die wichtigsten Aufgaben oder erweiterte Makros.<\/p>\n<p>RAZER HYPERSPEED WIRELESS (2,4 GHz) UND BLUETOOTH \u2013 Erleben Sie nahtlose Leistung mit geringer Latenz, die 25 % schneller ist als andere kabellose Technologien, oder wechseln Sie zu Bluetooth f\u00fcr l\u00e4ngere Gaming-Stunden.<\/p>\n<p>Mit Razer HyperScroll-Technologie \u2013 F\u00fchren Sie wiederholte Befehle schnell aus, bl\u00e4ttern Sie im Freilaufmodus durch Inhalte oder aktivieren Sie den taktilen Modus f\u00fcr verbesserte Pr\u00e4zision und ein zufriedenstellendes Feedback.<\/p>\n<p>Lange Akkulaufzeit \u2013 Mit bis zu 400 Stunden Bluetooth und 250 Stunden nahtlosem Gaming mit geringer Latenz \u00fcber Razer HyperSpeed \u200b\u200bWireless (2,4 GHz) h\u00e4lt diese Maus auch in der Hitze des Gefechts l\u00e4nger durch, bevor der Akku ausgetauscht werden muss.<br \/>\nFOCUS PRO 30K OPTISCHER SENSOR \u2013 Razers brandneuer Sensor bietet makellose Tracking-Leistung auf einer gr\u00f6\u00dferen Vielfalt von Oberfl\u00e4chen, einschlie\u00dflich Glas \u2013 unterst\u00fctzt durch intelligente Funktionen f\u00fcr verbessertes Zielen und Kontrolle.<\/p>\n<p>MECHANISCHE MAUSSCHALTER DER 2. GEN. \u2013 Dank vergoldeter Kontaktpunkte sind die Schalter weniger anf\u00e4llig f\u00fcr Verschlei\u00df und haben eine l\u00e4ngere Lebensdauer von bis zu 60 Millionen Klicks.<\/p>\n<p>MARKEN F\u00dcR PC-GAMING-PERIPHERIEGER\u00c4TE IN DEN USA \u2013 Quelle: Circana, Retail Tracking Service, Umsatz in US-Dollar, Gaming-M\u00e4use, -Tastaturen und -Headsets, Januar 2019 bis Dezember 2023 kombiniert.<\/p>\n<p>MAUSGENAUIGKEIT OPTIMIEREN \u2013 Verbessern Sie die Genauigkeit, indem Sie die Option \u201eZeigerpr\u00e4zision verbessern\u201c in den Windows-Mauseinstellungen deaktivieren, und optimieren Sie die Leistung zus\u00e4tzlich mit der Razer Synapse App.<\/p>\n","protected":false},"featured_media":34766,"comment_status":"open","ping_status":"closed","template":"","meta":{"iawp_total_views":131},"product_brand":[],"product_cat":[25],"product_tag":[],"class_list":{"0":"post-34886","1":"product","2":"type-product","3":"status-publish","4":"has-post-thumbnail","6":"product_cat-pc-gamepads-standard-controllers-de","8":"first","9":"instock","10":"sale","11":"taxable","12":"shipping-taxable","13":"purchasable","14":"product-type-simple"},"jetpack_sharing_enabled":true,"_links":{"self":[{"href":"https:\/\/www.momengames.com\/index.php\/wp-json\/wp\/v2\/product\/34886","targetHints":{"allow":["GET"]}}],"collection":[{"href":"https:\/\/www.momengames.com\/index.php\/wp-json\/wp\/v2\/product"}],"about":[{"href":"https:\/\/www.momengames.com\/index.php\/wp-json\/wp\/v2\/types\/product"}],"replies":[{"embeddable":true,"href":"https:\/\/www.momengames.com\/index.php\/wp-json\/wp\/v2\/comments?post=34886"}],"wp:featuredmedia":[{"embeddable":true,"href":"https:\/\/www.momengames.com\/index.php\/wp-json\/wp\/v2\/media\/34766"}],"wp:attachment":[{"href":"https:\/\/www.momengames.com\/index.php\/wp-json\/wp\/v2\/media?parent=34886"}],"wp:term":[{"taxonomy":"product_brand","embeddable":true,"href":"https:\/\/www.momengames.com\/index.php\/wp-json\/wp\/v2\/product_brand?post=34886"},{"taxonomy":"product_cat","embeddable":true,"href":"https:\/\/www.momengames.com\/index.php\/wp-json\/wp\/v2\/product_cat?post=34886"},{"taxonomy":"product_tag","embeddable":true,"href":"https:\/\/www.momengames.com\/index.php\/wp-json\/wp\/v2\/product_tag?post=34886"}],"curies":[{"name":"wp","href":"https:\/\/api.w.org\/{rel}","templated":true}]}}