{"id":34885,"date":"2025-09-17T15:48:10","date_gmt":"2025-09-17T15:48:10","guid":{"rendered":"https:\/\/www.momengames.com\/index.php\/product\/kabellose-mmo-gaming-maus-razer-naga-v2-pro-191-programmierbare-tasten-mit-austauschbaren-seitenplatten-hyperscroll-pro-rad-optischer-focus-pro-30k-sensor-optische-maus\/"},"modified":"2025-09-17T15:48:10","modified_gmt":"2025-09-17T15:48:10","slug":"kabellose-mmo-gaming-maus-razer-naga-v2-pro-191-programmierbare-tasten-mit-austauschbaren-seitenplatten-hyperscroll-pro-rad-optischer-focus-pro-30k-sensor-optische-maus","status":"publish","type":"product","link":"https:\/\/www.momengames.com\/index.php\/product\/kabellose-mmo-gaming-maus-razer-naga-v2-pro-191-programmierbare-tasten-mit-austauschbaren-seitenplatten-hyperscroll-pro-rad-optischer-focus-pro-30k-sensor-optische-maus\/?lang=de","title":{"rendered":"Kabellose MMO-Gaming-Maus Razer Naga V2 Pro: 19+1 programmierbare Tasten mit austauschbaren Seitenplatten \u2013 HyperScroll Pro-Rad \u2013 optischer Focus Pro 30K-Sensor \u2013 Optische Mausschalter Gen-3 \u2013 300-Stunden-Akku"},"content":{"rendered":"<p>ABSOLUTE ANPASSUNGSF\u00c4HIGKEIT UND KONTROLLE \u2013 Diese Maus verf\u00fcgt \u00fcber magnetische Seitenplatten mit 12, 6 und 2 Tasten und passt sich so jedem Spielgenre an. Bis zu 19 Tasten plus eine programmierbare, hintergrundbeleuchtete Taste lassen sich steuern.<br \/>\nRAZER HYPERSCROLL PRO WHEEL \u2013 Mit einstellbarer Taktilit\u00e4t, Widerstand und Schritten k\u00f6nnen Sie festere, deutlichere Scrollbewegungen f\u00fcr pr\u00e4zisen Waffenwechsel oder weichere, fl\u00fcssigere Scrollbewegungen mit mehreren Schritten f\u00fcr einfaches Spammen von Eingaben wie Springen erzielen.<br \/>\nRAZER HYPERSPEED WIRELESS \u2013 Mit einer 25 % schnelleren Verbindung als jede andere verf\u00fcgbare Wireless-Technologie genie\u00dfen Sie leistungsstarkes, kompetitives Gaming mit geringer Latenz, das selbst in lauten Wireless-Umgebungen fl\u00fcssig und stabil bleibt.<br \/>\nFOCUS PRO 30K OPTISCHER SENSOR \u2013 Der brandneue Sensor von Razer bietet eine einwandfreie Tracking-Leistung auf einer gr\u00f6\u00dferen Vielfalt von Oberfl\u00e4chen, einschlie\u00dflich Glas \u2013 unterst\u00fctzt durch intelligente Funktionen f\u00fcr verbessertes Zielen und bessere Kontrolle.<br \/>\nOPTISCHE MAUSSCHALTER DER 3. GEN. \u2013 Von einer verbesserten Lebensdauer von 90 Millionen Klicks ohne Doppelklickprobleme bis hin zu einer atemberaubenden Ausl\u00f6sung in 0,2 ms ohne Entprellverz\u00f6gerung \u2013 genie\u00dfen Sie Zuverl\u00e4ssigkeit und Geschwindigkeit, die alle anderen in den Schatten stellt.<\/p>\n<p>VIELSEITIGE KONNEKTIVIT\u00c4T UND LEISTUNG \u2013 H\u00e4lt bis zu 150 Stunden mit HyperSpeed \u200b\u200boder 300 Stunden mit Bluetooth. Aufladbar \u00fcber Typ C, das Razer Mouse Dock Pro oder kabellos ladekompatibel mit dem Razer Wireless Charging Puck (Dock und Puck sind separat erh\u00e4ltlich).<\/p>\n<p>MARKEN F\u00dcR PC-GAMING-PERIPHERIEGER\u00c4TE IN DEN USA \u2013 Quelle: Circana, Retail Tracking Service, Umsatz in US-Dollar, Gaming-M\u00e4use, -Tastaturen und -Headsets, Jan. 2019 bis Dez. 2023 zusammen.<br \/>\nOPTIMIEREN SIE DIE MAUSGENAUIGKEIT \u2013 Verbessern Sie die Genauigkeit, indem Sie die Option \u201eZeigerpr\u00e4zision verbessern\u201c in den Windows-Mauseinstellungen deaktivieren, und optimieren Sie die Leistung weiter mit der Razer Synapse-App.<\/p>\n","protected":false},"excerpt":{"rendered":"<p>ABSOLUTE ANPASSUNGSF\u00c4HIGKEIT UND KONTROLLE \u2013 Diese Maus verf\u00fcgt \u00fcber magnetische Seitenplatten mit 12, 6 und 2 Tasten und passt sich so jedem Spielgenre an. Bis zu 19 Tasten plus eine programmierbare, hintergrundbeleuchtete Taste lassen sich steuern.<br \/>\nRAZER HYPERSCROLL PRO WHEEL \u2013 Mit einstellbarer Taktilit\u00e4t, Widerstand und Schritten k\u00f6nnen Sie festere, deutlichere Scrollbewegungen f\u00fcr pr\u00e4zisen Waffenwechsel oder weichere, fl\u00fcssigere Scrollbewegungen mit mehreren Schritten f\u00fcr einfaches Spammen von Eingaben wie Springen erzielen.<br \/>\nRAZER HYPERSPEED WIRELESS \u2013 Mit einer 25 % schnelleren Verbindung als jede andere verf\u00fcgbare Wireless-Technologie genie\u00dfen Sie leistungsstarkes, kompetitives Gaming mit geringer Latenz, das selbst in lauten Wireless-Umgebungen fl\u00fcssig und stabil bleibt.<br \/>\nFOCUS PRO 30K OPTISCHER SENSOR \u2013 Der brandneue Sensor von Razer bietet eine einwandfreie Tracking-Leistung auf einer gr\u00f6\u00dferen Vielfalt von Oberfl\u00e4chen, einschlie\u00dflich Glas \u2013 unterst\u00fctzt durch intelligente Funktionen f\u00fcr verbessertes Zielen und bessere Kontrolle.<br \/>\nOPTISCHE MAUSSCHALTER DER 3. GEN. \u2013 Von einer verbesserten Lebensdauer von 90 Millionen Klicks ohne Doppelklickprobleme bis hin zu einer atemberaubenden Ausl\u00f6sung in 0,2 ms ohne Entprellverz\u00f6gerung \u2013 genie\u00dfen Sie Zuverl\u00e4ssigkeit und Geschwindigkeit, die alle anderen in den Schatten stellt.<\/p>\n<p>VIELSEITIGE KONNEKTIVIT\u00c4T UND LEISTUNG \u2013 H\u00e4lt bis zu 150 Stunden mit HyperSpeed \u200b\u200boder 300 Stunden mit Bluetooth. Aufladbar \u00fcber Typ C, das Razer Mouse Dock Pro oder kabellos ladekompatibel mit dem Razer Wireless Charging Puck (Dock und Puck sind separat erh\u00e4ltlich).<\/p>\n<p>MARKEN F\u00dcR PC-GAMING-PERIPHERIEGER\u00c4TE IN DEN USA \u2013 Quelle: Circana, Retail Tracking Service, Umsatz in US-Dollar, Gaming-M\u00e4use, -Tastaturen und -Headsets, Jan. 2019 bis Dez. 2023 zusammen.<br \/>\nOPTIMIEREN SIE DIE MAUSGENAUIGKEIT \u2013 Verbessern Sie die Genauigkeit, indem Sie die Option \u201eZeigerpr\u00e4zision verbessern\u201c in den Windows-Mauseinstellungen deaktivieren, und optimieren Sie die Leistung weiter mit der Razer Synapse-App.<\/p>\n","protected":false},"featured_media":34763,"comment_status":"open","ping_status":"closed","template":"","meta":{"iawp_total_views":20},"product_brand":[],"product_cat":[25],"product_tag":[],"class_list":{"0":"post-34885","1":"product","2":"type-product","3":"status-publish","4":"has-post-thumbnail","6":"product_cat-pc-gamepads-standard-controllers-de","8":"first","9":"instock","10":"sale","11":"taxable","12":"shipping-taxable","13":"purchasable","14":"product-type-simple"},"jetpack_sharing_enabled":true,"_links":{"self":[{"href":"https:\/\/www.momengames.com\/index.php\/wp-json\/wp\/v2\/product\/34885","targetHints":{"allow":["GET"]}}],"collection":[{"href":"https:\/\/www.momengames.com\/index.php\/wp-json\/wp\/v2\/product"}],"about":[{"href":"https:\/\/www.momengames.com\/index.php\/wp-json\/wp\/v2\/types\/product"}],"replies":[{"embeddable":true,"href":"https:\/\/www.momengames.com\/index.php\/wp-json\/wp\/v2\/comments?post=34885"}],"wp:featuredmedia":[{"embeddable":true,"href":"https:\/\/www.momengames.com\/index.php\/wp-json\/wp\/v2\/media\/34763"}],"wp:attachment":[{"href":"https:\/\/www.momengames.com\/index.php\/wp-json\/wp\/v2\/media?parent=34885"}],"wp:term":[{"taxonomy":"product_brand","embeddable":true,"href":"https:\/\/www.momengames.com\/index.php\/wp-json\/wp\/v2\/product_brand?post=34885"},{"taxonomy":"product_cat","embeddable":true,"href":"https:\/\/www.momengames.com\/index.php\/wp-json\/wp\/v2\/product_cat?post=34885"},{"taxonomy":"product_tag","embeddable":true,"href":"https:\/\/www.momengames.com\/index.php\/wp-json\/wp\/v2\/product_tag?post=34885"}],"curies":[{"name":"wp","href":"https:\/\/api.w.org\/{rel}","templated":true}]}}