{"id":34884,"date":"2025-09-17T16:05:17","date_gmt":"2025-09-17T16:05:17","guid":{"rendered":"https:\/\/www.momengames.com\/index.php\/product\/razer-huntsman-mini-60-gaming-tastatur-clicky-optical-switches-rapid-trigger-mode-chroma-rgb-beleuchtung-pbt-tastenkappen-onboard-speicher-snap-tap\/"},"modified":"2025-09-17T16:05:17","modified_gmt":"2025-09-17T16:05:17","slug":"razer-huntsman-mini-60-gaming-tastatur-clicky-optical-switches-rapid-trigger-mode-chroma-rgb-beleuchtung-pbt-tastenkappen-onboard-speicher-snap-tap","status":"publish","type":"product","link":"https:\/\/www.momengames.com\/index.php\/product\/razer-huntsman-mini-60-gaming-tastatur-clicky-optical-switches-rapid-trigger-mode-chroma-rgb-beleuchtung-pbt-tastenkappen-onboard-speicher-snap-tap\/?lang=de","title":{"rendered":"Razer Huntsman Mini 60 % Gaming-Tastatur: Clicky Optical Switches \u2013 Rapid Trigger Mode \u2013 Chroma RGB-Beleuchtung \u2013 PBT-Tastenkappen \u2013 Onboard-Speicher \u2013 Snap Tap \u2013 Klassisches Schwarz"},"content":{"rendered":"<p>SCHNELLER ALS HERK\u00d6MMLICHE MECHANISCHE SCHALTER \u2013 Optische Razer-Schalter nutzen Lichtausl\u00f6sung und registrieren Tastenanschl\u00e4ge mit Lichtgeschwindigkeit (30 % k\u00fcrzerer Bet\u00e4tigungsweg als andere Klickschalter mit 1,5 mm) mit einem zufriedenstellenden Klick-Feedback.<\/p>\n<p>ULTIMATIVE PERSONALISIERUNG UND GAMING-IMMERSION MIT RAZER CHROMA RGB-BELEUCHTUNG \u2013 Vollst\u00e4ndige Synchronisierung mit beliebten Spielen, Razer-Hardware, Philips Hue und Ger\u00e4ten von \u00fcber 30 Partnern; unterst\u00fctzt 16,8 Millionen Farben auf einzeln hintergrundbeleuchteten Tasten aus dem weltweit gr\u00f6\u00dften Beleuchtungs-\u00d6kosystem f\u00fcr Gaming-Ger\u00e4te.<\/p>\n<p>HOCHWERTIGE ALUMINIUMKONSTRUKTION \u2013 Ummantelt mit einem matten Aluminiumrahmen f\u00fcr erh\u00f6hte strukturelle Integrit\u00e4t.<\/p>\n<p>\u00d6LBEST\u00c4NDIGE DOUBLESHOT-PBT-TASTENKAPPEN \u2013 Hergestellt aus strukturiertem, hochwertigem PBT f\u00fcr eine haltbarere und strukturierte Oberfl\u00e4che, die langfristig weniger anf\u00e4llig f\u00fcr Schmutzablagerungen ist.<br \/>\nVOLLST\u00c4NDIG PROGRAMMIERBARE MAKROS \u2013 Razer Hypershift erm\u00f6glicht die Neuzuordnung aller Tasten und Tastenkombinationen zur Ausf\u00fchrung komplexer Befehle.<\/p>\n","protected":false},"excerpt":{"rendered":"<p>SCHNELLER ALS HERK\u00d6MMLICHE MECHANISCHE SCHALTER \u2013 Optische Razer-Schalter nutzen Lichtausl\u00f6sung und registrieren Tastenanschl\u00e4ge mit Lichtgeschwindigkeit (30 % k\u00fcrzerer Bet\u00e4tigungsweg als andere Klickschalter mit 1,5 mm) mit einem zufriedenstellenden Klick-Feedback.<\/p>\n<p>ULTIMATIVE PERSONALISIERUNG UND GAMING-IMMERSION MIT RAZER CHROMA RGB-BELEUCHTUNG \u2013 Vollst\u00e4ndige Synchronisierung mit beliebten Spielen, Razer-Hardware, Philips Hue und Ger\u00e4ten von \u00fcber 30 Partnern; unterst\u00fctzt 16,8 Millionen Farben auf einzeln hintergrundbeleuchteten Tasten aus dem weltweit gr\u00f6\u00dften Beleuchtungs-\u00d6kosystem f\u00fcr Gaming-Ger\u00e4te.<\/p>\n<p>HOCHWERTIGE ALUMINIUMKONSTRUKTION \u2013 Ummantelt mit einem matten Aluminiumrahmen f\u00fcr erh\u00f6hte strukturelle Integrit\u00e4t.<\/p>\n<p>\u00d6LBEST\u00c4NDIGE DOUBLESHOT-PBT-TASTENKAPPEN \u2013 Hergestellt aus strukturiertem, hochwertigem PBT f\u00fcr eine haltbarere und strukturierte Oberfl\u00e4che, die langfristig weniger anf\u00e4llig f\u00fcr Schmutzablagerungen ist.<br \/>\nVOLLST\u00c4NDIG PROGRAMMIERBARE MAKROS \u2013 Razer Hypershift erm\u00f6glicht die Neuzuordnung aller Tasten und Tastenkombinationen zur Ausf\u00fchrung komplexer Befehle.<\/p>\n","protected":false},"featured_media":34772,"comment_status":"open","ping_status":"closed","template":"","meta":{"iawp_total_views":28},"product_brand":[],"product_cat":[25],"product_tag":[],"class_list":{"0":"post-34884","1":"product","2":"type-product","3":"status-publish","4":"has-post-thumbnail","6":"product_cat-pc-gamepads-standard-controllers-de","8":"first","9":"instock","10":"sale","11":"taxable","12":"shipping-taxable","13":"purchasable","14":"product-type-simple"},"jetpack_sharing_enabled":true,"_links":{"self":[{"href":"https:\/\/www.momengames.com\/index.php\/wp-json\/wp\/v2\/product\/34884","targetHints":{"allow":["GET"]}}],"collection":[{"href":"https:\/\/www.momengames.com\/index.php\/wp-json\/wp\/v2\/product"}],"about":[{"href":"https:\/\/www.momengames.com\/index.php\/wp-json\/wp\/v2\/types\/product"}],"replies":[{"embeddable":true,"href":"https:\/\/www.momengames.com\/index.php\/wp-json\/wp\/v2\/comments?post=34884"}],"wp:featuredmedia":[{"embeddable":true,"href":"https:\/\/www.momengames.com\/index.php\/wp-json\/wp\/v2\/media\/34772"}],"wp:attachment":[{"href":"https:\/\/www.momengames.com\/index.php\/wp-json\/wp\/v2\/media?parent=34884"}],"wp:term":[{"taxonomy":"product_brand","embeddable":true,"href":"https:\/\/www.momengames.com\/index.php\/wp-json\/wp\/v2\/product_brand?post=34884"},{"taxonomy":"product_cat","embeddable":true,"href":"https:\/\/www.momengames.com\/index.php\/wp-json\/wp\/v2\/product_cat?post=34884"},{"taxonomy":"product_tag","embeddable":true,"href":"https:\/\/www.momengames.com\/index.php\/wp-json\/wp\/v2\/product_tag?post=34884"}],"curies":[{"name":"wp","href":"https:\/\/api.w.org\/{rel}","templated":true}]}}